{"id":10281,"date":"2024-12-04T21:15:45","date_gmt":"2024-12-04T21:15:45","guid":{"rendered":"https:\/\/alt-edic.eu\/?page_id=10281"},"modified":"2026-01-29T01:39:58","modified_gmt":"2026-01-29T00:39:58","slug":"llms4eu","status":"publish","type":"page","link":"https:\/\/www.alt-edic.eu\/da\/projects\/llms4eu\/","title":{"rendered":"<p>LLM'er4EU<\/p>"},"content":{"rendered":"<div data-elementor-type=\"wp-page\" data-elementor-id=\"10281\" class=\"elementor elementor-10281\" data-elementor-post-type=\"page\">\n\t\t\t\t\t\t<section class=\"elementor-section elementor-top-section elementor-element elementor-element-1577bd88 elementor-section-stretched elementor-section-boxed elementor-section-height-default elementor-section-height-default\" data-id=\"1577bd88\" data-element_type=\"section\" data-e-type=\"section\" data-settings='{\"stretch_section\":\"section-stretched\",\"background_background\":\"gradient\"}'>\n\t\t\t\t\t\t<div class=\"elementor-container elementor-column-gap-extended\">\n\t\t\t\t\t<div class=\"elementor-column elementor-col-50 elementor-top-column elementor-element elementor-element-70dc39ba\" data-id=\"70dc39ba\" data-element_type=\"column\" data-e-type=\"column\">\n\t\t\t<div class=\"elementor-widget-wrap elementor-element-populated\">\n\t\t\t\t\t\t<div class=\"elementor-element elementor-element-51cabebb elementor-widget elementor-widget-heading\" data-id=\"51cabebb\" data-element_type=\"widget\" data-e-type=\"widget\" data-widget_type=\"heading.default\">\n\t\t\t\t<div class=\"elementor-widget-container\">\n\t\t\t\t\t<h1 class=\"elementor-heading-title elementor-size-default\">LLM'er4EU<\/h1>\t\t\t\t<\/div>\n\t\t\t\t<\/div>\n\t\t\t\t<div class=\"elementor-element elementor-element-1f4ee8af elementor-widget elementor-widget-text-editor\" data-id=\"1f4ee8af\" data-element_type=\"widget\" data-e-type=\"widget\" data-widget_type=\"text-editor.default\">\n\t\t\t\t<div class=\"elementor-widget-container\">\n\t\t\t\t\t\t\t\t\t<p>Den <strong>LLMs4EU (Store sprogmodeller for Den Europ\u00e6iske Union)<\/strong> Projektet koordineres af ALT-EDIC og vil st\u00f8tte et stort antal partnere i det europ\u00e6iske LLM-\u00f8kosystem. Det vil s\u00e6tte dem i stand til at indsamle sprogdata i tilstr\u00e6kkelig kvalitet og kvantitet til at opbygge store sprogfundamentmodeller samt modeller, der er tilpasset specifikke sprog, dom\u00e6ner eller brancher, og til at yde dedikeret support og tjenester, der g\u00f8r det muligt for andre at finjustere de tilg\u00e6ngelige modeller.<\/p>\t\t\t\t\t\t\t\t<\/div>\n\t\t\t\t<\/div>\n\t\t\t\t\t<\/div>\n\t\t<\/div>\n\t\t\t\t<div class=\"elementor-column elementor-col-50 elementor-top-column elementor-element elementor-element-286565d9 elementor-hidden-tablet elementor-hidden-phone\" data-id=\"286565d9\" data-element_type=\"column\" data-e-type=\"column\">\n\t\t\t<div class=\"elementor-widget-wrap\">\n\t\t\t\t\t\t\t<\/div>\n\t\t<\/div>\n\t\t\t\t\t<\/div>\n\t\t<\/section>\n\t\t\t\t<section class=\"elementor-section elementor-top-section elementor-element elementor-element-2a82150a elementor-section-stretched elementor-section-boxed elementor-section-height-default elementor-section-height-default\" data-id=\"2a82150a\" data-element_type=\"section\" data-e-type=\"section\" data-settings='{\"stretch_section\":\"section-stretched\"}'>\n\t\t\t\t\t\t<div class=\"elementor-container elementor-column-gap-extended\">\n\t\t\t\t\t<div class=\"elementor-column elementor-col-50 elementor-top-column elementor-element elementor-element-4dc940b2 elementor-invisible\" data-id=\"4dc940b2\" data-element_type=\"column\" data-e-type=\"column\" data-settings='{\"animation\":\"slide-left\",\"animation_delay\":200}'>\n\t\t\t<div class=\"elementor-widget-wrap elementor-element-populated\">\n\t\t\t\t\t\t<div class=\"elementor-element elementor-element-2fa08fbe elementor-widget elementor-widget-text-editor\" data-id=\"2fa08fbe\" data-element_type=\"widget\" data-e-type=\"widget\" data-widget_type=\"text-editor.default\">\n\t\t\t\t<div class=\"elementor-widget-container\">\n\t\t\t\t\t\t\t\t\t<p>LLMs4EU-projektet har til form\u00e5l at bevare den europ\u00e6iske sproglige og kulturelle mangfoldighed i den digitale tidsalder gennem samarbejde mellem \u00f8konomiske og akademiske akt\u00f8rer. Faktisk er nogle europ\u00e6iske sprog truet af at blive ladt tilbage fra generativ AI-udvikling p\u00e5 grund af manglende ressourcer til at tr\u00e6ne sprogmodeller. Desuden har projektet til form\u00e5l at samle nogle af Europas f\u00f8rende akt\u00f8rer inden for generativ kunstig intelligens for at sikre, at europ\u00e6iske virksomheder og navnlig SMV'er har adgang til de v\u00e6rkt\u00f8jer og ressourcer, der skal til for at blive konkurrencedygtige med hensyn til sprogteknologier og navnlig store sprogmodeller. Projektet fokuserer p\u00e5 fem anvendelsesomr\u00e5der: energi, telekommunikation, turisme, offentlige tjenester og videnskab.<\/p>\t\t\t\t\t\t\t\t<\/div>\n\t\t\t\t<\/div>\n\t\t\t\t\t<\/div>\n\t\t<\/div>\n\t\t\t\t<div class=\"elementor-column elementor-col-50 elementor-top-column elementor-element elementor-element-169741bd elementor-hidden-tablet elementor-hidden-phone elementor-invisible\" data-id=\"169741bd\" data-element_type=\"column\" data-e-type=\"column\" data-settings='{\"animation\":\"slide-right\"}'>\n\t\t\t<div class=\"elementor-widget-wrap elementor-element-populated\">\n\t\t\t\t\t\t<div class=\"elementor-element elementor-element-47d0ea elementor-widget elementor-widget-image\" data-id=\"47d0ea\" data-element_type=\"widget\" data-e-type=\"widget\" data-widget_type=\"image.default\">\n\t\t\t\t<div class=\"elementor-widget-container\">\n\t\t\t\t\t\t\t\t\t\t\t\t\t\t\t<img fetchpriority=\"high\" decoding=\"async\" width=\"800\" height=\"495\" src=\"https:\/\/www.alt-edic.eu\/wp-content\/uploads\/2026\/01\/LLMs4EU-e1768900210939.png\" class=\"attachment-full size-full wp-image-11108\" alt=\"\" srcset=\"https:\/\/www.alt-edic.eu\/wp-content\/uploads\/2026\/01\/LLMs4EU-e1768900210939.png 800w, https:\/\/www.alt-edic.eu\/wp-content\/uploads\/2026\/01\/LLMs4EU-e1768900210939-300x186.png 300w, https:\/\/www.alt-edic.eu\/wp-content\/uploads\/2026\/01\/LLMs4EU-e1768900210939-768x475.png 768w, https:\/\/www.alt-edic.eu\/wp-content\/uploads\/2026\/01\/LLMs4EU-e1768900210939-18x12.png 18w\" sizes=\"(max-width: 800px) 100vw, 800px\">\t\t\t\t\t\t\t\t\t\t\t\t\t\t\t<\/div>\n\t\t\t\t<\/div>\n\t\t\t\t\t<\/div>\n\t\t<\/div>\n\t\t\t\t\t<\/div>\n\t\t<\/section>\n\t\t<div class=\"elementor-element elementor-element-8ed64da e-flex e-con-boxed e-con e-parent\" data-id=\"8ed64da\" data-element_type=\"container\" data-e-type=\"container\">\n\t\t\t\t\t<div class=\"e-con-inner\">\n\t\t\t\t<div class=\"elementor-element elementor-element-41c7d55 elementor-widget__width-initial elementor-widget elementor-widget-text-editor\" data-id=\"41c7d55\" data-element_type=\"widget\" data-e-type=\"widget\" data-widget_type=\"text-editor.default\">\n\t\t\t\t<div class=\"elementor-widget-container\">\n\t\t\t\t\t\t\t\t\t<p>M\u00e5let er at g\u00f8re LLM'er og alle de v\u00e6rkt\u00f8jer, der er n\u00f8dvendige for at udnytte dem p\u00e5 alle EU-sprog, tilg\u00e6ngelige p\u00e5 en \u00e5ben m\u00e5de ved at udnytte eksisterende europ\u00e6iske programmer og kompetencer. De v\u00e6rkt\u00f8jer, der vil blive gjort tilg\u00e6ngelige for europ\u00e6iske virksomheder, vil d\u00e6kke alle trin fra uddannelse af LLM'er til at sikre deres overensstemmelse med europ\u00e6isk lovgivning (AI-loven, GDPR osv.).<\/p><p>Konsortiet, der er oprettet omkring ALT-EDIC, omfatter organisationer, der arbejder i 20 lande, hvilket sikrer en god geografisk og sproglig d\u00e6kning. Projektet vil udvikle forskellige relevante use cases for at demonstrere de europ\u00e6iske akt\u00f8rers evne til at samarbejde om at skabe tilpassede v\u00e6rkt\u00f8jer til forskellige \u00f8konomiske sektorer, og d\u00e6kningen af alle EU-sprog vil blive sikret gennem projektets oprettelse og indsamling af de n\u00f8dvendige datas\u00e6t.<\/p><p>Projektet vil, herunder gennem finansiel st\u00f8tte til tredjeparter, yde m\u00e5lrettet st\u00f8tte og tjenester, navnlig til SMV'er, for at lette finjusteringen af de tilg\u00e6ngelige modeller.<\/p><p>Projektet er finansieret af programmet for et digitalt Europa. Den blev indledt i marts 2025 for en periode p\u00e5 tre \u00e5r.<\/p><p>For mere information, bes\u00f8g <a href=\"https:\/\/www.llms4eu.eu\">LLMs4EU-projektets websted.<\/a><\/p>\t\t\t\t\t\t\t\t<\/div>\n\t\t\t\t<\/div>\n\t\t\t\t\t<\/div>\n\t\t\t\t<\/div>\n\t\t\t\t<\/div>","protected":false},"excerpt":{"rendered":"<p>LLMs4EU LLMs4EU-projektet (Large Language Models for the European Union) koordineres af ALT-EDIC og vil st\u00f8tte et stort antal partnere i det europ\u00e6iske LLM-\u00f8kosystem. Det vil g\u00f8re det muligt for dem at indsamle sprogdata i tilstr\u00e6kkelig kvalitet og kvantitet til at opbygge store sprogfundamentmodeller samt modeller, der er tilpasset specifikke [...]<\/p>","protected":false},"author":1,"featured_media":0,"parent":9229,"menu_order":0,"comment_status":"closed","ping_status":"closed","template":"","meta":{"footnotes":""},"class_list":["post-10281","page","type-page","status-publish","hentry"],"aioseo_notices":[],"_links":{"self":[{"href":"https:\/\/www.alt-edic.eu\/da\/wp-json\/wp\/v2\/pages\/10281","targetHints":{"allow":["GET"]}}],"collection":[{"href":"https:\/\/www.alt-edic.eu\/da\/wp-json\/wp\/v2\/pages"}],"about":[{"href":"https:\/\/www.alt-edic.eu\/da\/wp-json\/wp\/v2\/types\/page"}],"author":[{"embeddable":true,"href":"https:\/\/www.alt-edic.eu\/da\/wp-json\/wp\/v2\/users\/1"}],"replies":[{"embeddable":true,"href":"https:\/\/www.alt-edic.eu\/da\/wp-json\/wp\/v2\/comments?post=10281"}],"version-history":[{"count":0,"href":"https:\/\/www.alt-edic.eu\/da\/wp-json\/wp\/v2\/pages\/10281\/revisions"}],"up":[{"embeddable":true,"href":"https:\/\/www.alt-edic.eu\/da\/wp-json\/wp\/v2\/pages\/9229"}],"wp:attachment":[{"href":"https:\/\/www.alt-edic.eu\/da\/wp-json\/wp\/v2\/media?parent=10281"}],"curies":[{"name":"wp","href":"https:\/\/api.w.org\/{rel}","templated":true}]}}