{"id":8760,"date":"2024-08-19T14:45:10","date_gmt":"2024-08-19T14:45:10","guid":{"rendered":"https:\/\/alt-edic.eu\/?page_id=8760"},"modified":"2024-12-13T10:43:51","modified_gmt":"2024-12-13T09:43:51","slug":"what-is-an-edic","status":"publish","type":"page","link":"http:\/\/www.alt-edic.eu\/sv\/what-is-an-edic\/","title":{"rendered":"<p>Vad \u00e4r ett Edic<\/p>"},"content":{"rendered":"<div data-elementor-type=\"wp-page\" data-elementor-id=\"8760\" class=\"elementor elementor-8760\" data-elementor-post-type=\"page\">\n\t\t\t\t\t\t<section class=\"elementor-section elementor-top-section elementor-element elementor-element-6ce15b86 elementor-section-stretched elementor-section-boxed elementor-section-height-default elementor-section-height-default\" data-id=\"6ce15b86\" data-element_type=\"section\" data-e-type=\"section\" data-settings='{\"stretch_section\":\"section-stretched\",\"background_background\":\"gradient\"}'>\n\t\t\t\t\t\t<div class=\"elementor-container elementor-column-gap-extended\">\n\t\t\t\t\t<div class=\"elementor-column elementor-col-50 elementor-top-column elementor-element elementor-element-2b0ff17f\" data-id=\"2b0ff17f\" data-element_type=\"column\" data-e-type=\"column\">\n\t\t\t<div class=\"elementor-widget-wrap elementor-element-populated\">\n\t\t\t\t\t\t<div class=\"elementor-element elementor-element-7dfb564d elementor-widget elementor-widget-heading\" data-id=\"7dfb564d\" data-element_type=\"widget\" data-e-type=\"widget\" data-widget_type=\"heading.default\">\n\t\t\t\t<div class=\"elementor-widget-container\">\n\t\t\t\t\t<h1 class=\"elementor-heading-title elementor-size-default\">Vad \u00e4r ett Edic-konsortium?<\/h1>\t\t\t\t<\/div>\n\t\t\t\t<\/div>\n\t\t\t\t<div class=\"elementor-element elementor-element-49ebb3c5 elementor-widget elementor-widget-text-editor\" data-id=\"49ebb3c5\" data-element_type=\"widget\" data-e-type=\"widget\" data-widget_type=\"text-editor.default\">\n\t\t\t\t<div class=\"elementor-widget-container\">\n\t\t\t\t\t\t\t\t\t<div class=\"elementor-element elementor-element-e277c6 elementor-widget__width-initial elementor-widget elementor-widget-text-editor\" data-id=\"e277c6\" data-element_type=\"widget\" data-widget_type=\"text-editor.default\"><div class=\"elementor-widget-container\"><p>Ett europeiskt konsortium f\u00f6r digital infrastruktur (Edic-konsortium) \u00e4r en typ av r\u00e4ttslig struktur som inr\u00e4ttats inom ramen f\u00f6r policyprogrammet f\u00f6r det digitala decenniet 2030 f\u00f6r att g\u00f6ra det m\u00f6jligt f\u00f6r EU:s medlemsstater att sammanf\u00f6ra resurser p\u00e5 ett effektivt s\u00e4tt f\u00f6r att genomf\u00f6ra en gemensam digital infrastruktur.<\/p><\/div><\/div>\t\t\t\t\t\t\t\t<\/div>\n\t\t\t\t<\/div>\n\t\t\t\t\t<\/div>\n\t\t<\/div>\n\t\t\t\t<div class=\"elementor-column elementor-col-50 elementor-top-column elementor-element elementor-element-610ca725 elementor-hidden-tablet elementor-hidden-phone\" data-id=\"610ca725\" data-element_type=\"column\" data-e-type=\"column\">\n\t\t\t<div class=\"elementor-widget-wrap\">\n\t\t\t\t\t\t\t<\/div>\n\t\t<\/div>\n\t\t\t\t\t<\/div>\n\t\t<\/section>\n\t\t\t\t<section class=\"elementor-section elementor-top-section elementor-element elementor-element-1b631d26 elementor-section-stretched elementor-section-boxed elementor-section-height-default elementor-section-height-default\" data-id=\"1b631d26\" data-element_type=\"section\" data-e-type=\"section\" data-settings='{\"stretch_section\":\"section-stretched\"}'>\n\t\t\t\t\t\t<div class=\"elementor-container elementor-column-gap-extended\">\n\t\t\t\t\t<div class=\"elementor-column elementor-col-50 elementor-top-column elementor-element elementor-element-51bbcc16 elementor-invisible\" data-id=\"51bbcc16\" data-element_type=\"column\" data-e-type=\"column\" data-settings='{\"animation\":\"slide-left\",\"animation_delay\":200}'>\n\t\t\t<div class=\"elementor-widget-wrap elementor-element-populated\">\n\t\t\t\t\t\t<div class=\"elementor-element elementor-element-5669fbcf elementor-widget elementor-widget-text-editor\" data-id=\"5669fbcf\" data-element_type=\"widget\" data-e-type=\"widget\" data-widget_type=\"text-editor.default\">\n\t\t\t\t<div class=\"elementor-widget-container\">\n\t\t\t\t\t\t\t\t\t<p><span style=\"text-decoration: underline;\"><a href=\"https:\/\/digital-strategy.ec.europa.eu\/en\/policies\/edic\">Europeiska konsortier f\u00f6r digital infrastruktur (Edic-konsortier)<\/a><\/span> inf\u00f6rdes under <span style=\"text-decoration: underline;\"><a href=\"https:\/\/eur-lex.europa.eu\/eli\/dec\/2022\/2481\/oj\">Europaparlamentets och r\u00e5dets beslut (EU) 2022\/2481 av den 14 december 2022<\/a><\/span> om inr\u00e4ttande av <span style=\"text-decoration: underline;\"><a href=\"https:\/\/digital-strategy.ec.europa.eu\/en\/library\/digital-decade-policy-programme-2030\">Policyprogrammet f\u00f6r det digitala decenniet 2030<\/a><\/span>.<\/p><p>Huvudsyftet med Europa direkt-kontoren \u00e4r att tillhandah\u00e5lla en r\u00e4ttslig ram f\u00f6r investeringar i projekt som omfattar flera l\u00e4nder och som p\u00e5 grund av sin omfattning inte kan inr\u00e4ttas effektivt av enskilda medlemsstater. D\u00e4rf\u00f6r underl\u00e4ttar Europa direkt-kontoren samordningen av finansieringen och m\u00f6jligg\u00f6r ett snabbt inr\u00e4ttande och ett flexibelt genomf\u00f6rande av projekt som omfattar flera l\u00e4nder f\u00f6r att skapa incitament f\u00f6r medlemsstaterna, samtidigt som gemensamma standarder och interoperabilitet s\u00e4kerst\u00e4lls.<\/p><p>Dessutom bidrar Europa direkt-kontoren till f\u00f6ljande:<\/p>\t\t\t\t\t\t\t\t<\/div>\n\t\t\t\t<\/div>\n\t\t\t\t<div class=\"elementor-element elementor-element-77c7f869 elementor-widget elementor-widget-text-editor\" data-id=\"77c7f869\" data-element_type=\"widget\" data-e-type=\"widget\" data-widget_type=\"text-editor.default\">\n\t\t\t\t<div class=\"elementor-widget-container\">\n\t\t\t\t\t\t\t\t\t<ul><li>st\u00e4rka Europas tekniska spetskompetens, ledarskap, innovation och konkurrenskraft inom kritisk teknik,<\/li><li>ta itu med och l\u00f6sa unionens strategiska beroenden l\u00e4ngs de digitala leveranskedjorna,<\/li><li>\u00f6ka tillg\u00e4ngligheten och fr\u00e4mja anv\u00e4ndningen av s\u00e4kra digitala l\u00f6sningar,<\/li><li>Uppmuntra en inkluderande och h\u00e5llbar digital omst\u00e4llning av ekonomin och samh\u00e4llet.<\/li><li>Fr\u00e4mja digitala f\u00e4rdigheter f\u00f6r medborgarna, fr\u00e4mja ett j\u00e4mst\u00e4llt deltagande i utbildning och karri\u00e4rm\u00f6jligheter.<\/li><\/ul>\t\t\t\t\t\t\t\t<\/div>\n\t\t\t\t<\/div>\n\t\t\t\t<div class=\"elementor-element elementor-element-ee8d3e2 elementor-widget elementor-widget-text-editor\" data-id=\"ee8d3e2\" data-element_type=\"widget\" data-e-type=\"widget\" data-widget_type=\"text-editor.default\">\n\t\t\t\t<div class=\"elementor-widget-container\">\n\t\t\t\t\t\t\t\t\t<p>Mer information om Europa direkt-kontoren finns p\u00e5 <a href=\"https:\/\/digital-strategy.ec.europa.eu\/en\/policies\/edic\">h\u00e4r<\/a>.<\/p><p>ALT-EDIC \u00e4r ett Europa direkt-kontor f\u00f6r spr\u00e5kteknik. Det g\u00f6r det m\u00f6jligt att samla de resurser som beh\u00f6vs f\u00f6r att utveckla stora spr\u00e5kmodeller p\u00e5 ett effektivare s\u00e4tt \u00e4n n\u00e5got medlemsland skulle kunna g\u00f6ra p\u00e5 egen hand.<\/p>\t\t\t\t\t\t\t\t<\/div>\n\t\t\t\t<\/div>\n\t\t\t\t\t<\/div>\n\t\t<\/div>\n\t\t\t\t<div class=\"elementor-column elementor-col-50 elementor-top-column elementor-element elementor-element-df98f7c elementor-invisible\" data-id=\"df98f7c\" data-element_type=\"column\" data-e-type=\"column\" data-settings='{\"animation\":\"slide-left\",\"animation_delay\":200}'>\n\t\t\t<div class=\"elementor-widget-wrap elementor-element-populated\">\n\t\t\t\t\t\t<div class=\"elementor-element elementor-element-5ed9a92 elementor-widget elementor-widget-image\" data-id=\"5ed9a92\" data-element_type=\"widget\" data-e-type=\"widget\" data-widget_type=\"image.default\">\n\t\t\t\t<div class=\"elementor-widget-container\">\n\t\t\t\t\t\t\t\t\t\t\t\t\t\t\t<img fetchpriority=\"high\" decoding=\"async\" width=\"660\" height=\"371\" src=\"https:\/\/www.alt-edic.eu\/wp-content\/uploads\/2024\/10\/what-is-an-edic-1024x576.jpg\" class=\"attachment-large size-large wp-image-9172\" alt=\"EU-flagga med Edic\" srcset=\"https:\/\/www.alt-edic.eu\/wp-content\/uploads\/2024\/10\/what-is-an-edic-1024x576.jpg 1024w, https:\/\/www.alt-edic.eu\/wp-content\/uploads\/2024\/10\/what-is-an-edic-300x169.jpg 300w, https:\/\/www.alt-edic.eu\/wp-content\/uploads\/2024\/10\/what-is-an-edic-768x432.jpg 768w, https:\/\/www.alt-edic.eu\/wp-content\/uploads\/2024\/10\/what-is-an-edic-1536x864.jpg 1536w, https:\/\/www.alt-edic.eu\/wp-content\/uploads\/2024\/10\/what-is-an-edic-18x10.jpg 18w, https:\/\/www.alt-edic.eu\/wp-content\/uploads\/2024\/10\/what-is-an-edic.jpg 1920w\" sizes=\"(max-width: 660px) 100vw, 660px\">\t\t\t\t\t\t\t\t\t\t\t\t\t\t\t<\/div>\n\t\t\t\t<\/div>\n\t\t\t\t\t<\/div>\n\t\t<\/div>\n\t\t\t\t\t<\/div>\n\t\t<\/section>\n\t\t\t\t<\/div>","protected":false},"excerpt":{"rendered":"<p>Vad \u00e4r ett Edic-konsortium? Ett europeiskt konsortium f\u00f6r digital infrastruktur (Edic-konsortium) \u00e4r en typ av r\u00e4ttslig struktur som inr\u00e4ttats inom ramen f\u00f6r policyprogrammet f\u00f6r det digitala decenniet 2030 f\u00f6r att g\u00f6ra det m\u00f6jligt f\u00f6r EU:s medlemsstater att sammanf\u00f6ra resurser p\u00e5 ett effektivt s\u00e4tt f\u00f6r att genomf\u00f6ra en gemensam digital infrastruktur. Europeiska konsortier f\u00f6r digital infrastruktur (Edic-konsortier) inr\u00e4ttades genom [\u2026] beslut (EU) 2022\/2481.<\/p>","protected":false},"author":1,"featured_media":0,"parent":0,"menu_order":0,"comment_status":"closed","ping_status":"closed","template":"","meta":{"footnotes":""},"class_list":["post-8760","page","type-page","status-publish","hentry"],"aioseo_notices":[],"_links":{"self":[{"href":"http:\/\/www.alt-edic.eu\/sv\/wp-json\/wp\/v2\/pages\/8760","targetHints":{"allow":["GET"]}}],"collection":[{"href":"http:\/\/www.alt-edic.eu\/sv\/wp-json\/wp\/v2\/pages"}],"about":[{"href":"http:\/\/www.alt-edic.eu\/sv\/wp-json\/wp\/v2\/types\/page"}],"author":[{"embeddable":true,"href":"http:\/\/www.alt-edic.eu\/sv\/wp-json\/wp\/v2\/users\/1"}],"replies":[{"embeddable":true,"href":"http:\/\/www.alt-edic.eu\/sv\/wp-json\/wp\/v2\/comments?post=8760"}],"version-history":[{"count":0,"href":"http:\/\/www.alt-edic.eu\/sv\/wp-json\/wp\/v2\/pages\/8760\/revisions"}],"wp:attachment":[{"href":"http:\/\/www.alt-edic.eu\/sv\/wp-json\/wp\/v2\/media?parent=8760"}],"curies":[{"name":"wp","href":"https:\/\/api.w.org\/{rel}","templated":true}]}}