{"id":8933,"date":"2024-10-02T20:59:20","date_gmt":"2024-10-02T20:59:20","guid":{"rendered":"https:\/\/alt-edic.eu\/?page_id=8933"},"modified":"2024-12-04T21:29:36","modified_gmt":"2024-12-04T21:29:36","slug":"accessibility","status":"publish","type":"page","link":"http:\/\/www.alt-edic.eu\/sl\/accessibility\/","title":{"rendered":"<p>Dostopnost<\/p>"},"content":{"rendered":"<div data-elementor-type=\"wp-page\" data-elementor-id=\"8933\" class=\"elementor elementor-8933\" data-elementor-post-type=\"page\">\n\t\t\t\t\t\t<section class=\"elementor-section elementor-top-section elementor-element elementor-element-1ad265a8 elementor-section-stretched elementor-section-boxed elementor-section-height-default elementor-section-height-default\" data-id=\"1ad265a8\" data-element_type=\"section\" data-e-type=\"section\" data-settings='{\"stretch_section\":\"section-stretched\",\"background_background\":\"gradient\"}'>\n\t\t\t\t\t\t<div class=\"elementor-container elementor-column-gap-extended\">\n\t\t\t\t\t<div class=\"elementor-column elementor-col-50 elementor-top-column elementor-element elementor-element-6150afc3\" data-id=\"6150afc3\" data-element_type=\"column\" data-e-type=\"column\">\n\t\t\t<div class=\"elementor-widget-wrap elementor-element-populated\">\n\t\t\t\t\t\t<div class=\"elementor-element elementor-element-4318ea5e elementor-widget elementor-widget-heading\" data-id=\"4318ea5e\" data-element_type=\"widget\" data-e-type=\"widget\" data-widget_type=\"heading.default\">\n\t\t\t\t<div class=\"elementor-widget-container\">\n\t\t\t\t\t<h1 class=\"elementor-heading-title elementor-size-default\">Izjava o dostopnosti<\/h1>\t\t\t\t<\/div>\n\t\t\t\t<\/div>\n\t\t\t\t<div class=\"elementor-element elementor-element-6825d15e elementor-widget elementor-widget-text-editor\" data-id=\"6825d15e\" data-element_type=\"widget\" data-e-type=\"widget\" data-widget_type=\"text-editor.default\">\n\t\t\t\t<div class=\"elementor-widget-container\">\n\t\t\t\t\t\t\t\t\t<p>ALT-EDIC se zavezuje, da bo omogo\u010dil dostop do svoje spletne strani v skladu s \u010dlenom 47 zakona \u0161t. 2005-102 z dne 11. februarja 2005.<\/p>\t\t\t\t\t\t\t\t<\/div>\n\t\t\t\t<\/div>\n\t\t\t\t\t<\/div>\n\t\t<\/div>\n\t\t\t\t<div class=\"elementor-column elementor-col-50 elementor-top-column elementor-element elementor-element-745957b9 elementor-hidden-tablet elementor-hidden-phone\" data-id=\"745957b9\" data-element_type=\"column\" data-e-type=\"column\">\n\t\t\t<div class=\"elementor-widget-wrap\">\n\t\t\t\t\t\t\t<\/div>\n\t\t<\/div>\n\t\t\t\t\t<\/div>\n\t\t<\/section>\n\t\t\t\t<section class=\"elementor-section elementor-top-section elementor-element elementor-element-283d2e88 elementor-section-stretched elementor-section-boxed elementor-section-height-default elementor-section-height-default\" data-id=\"283d2e88\" data-element_type=\"section\" data-e-type=\"section\" data-settings='{\"stretch_section\":\"section-stretched\"}'>\n\t\t\t\t\t\t<div class=\"elementor-container elementor-column-gap-extended\">\n\t\t\t\t\t<div class=\"elementor-column elementor-col-100 elementor-top-column elementor-element elementor-element-421f4ab elementor-invisible\" data-id=\"421f4ab\" data-element_type=\"column\" data-e-type=\"column\" data-settings='{\"animation\":\"slide-left\",\"animation_delay\":200}'>\n\t\t\t<div class=\"elementor-widget-wrap elementor-element-populated\">\n\t\t\t\t\t\t<div class=\"elementor-element elementor-element-c7e5855 elementor-widget elementor-widget-text-editor\" data-id=\"c7e5855\" data-element_type=\"widget\" data-e-type=\"widget\" data-widget_type=\"text-editor.default\">\n\t\t\t\t<div class=\"elementor-widget-container\">\n\t\t\t\t\t\t\t\t\t<p>Ta izjava o dostopnosti velja za \u00e0 https:\/\/alt-edic.eu\/.<\/p>\n<h2>Predpisi o skladnosti<\/h2>\n<p><span class=\"Y2IQFc\" lang=\"en\">Revizija \u0161e ni bila izvedena.<\/span><\/p>\n<p>https:\/\/alt-edic.eu\/ ni skladen z zbirko za izbolj\u0161anje splo\u0161ne dostopnosti (<em>RGAA<\/em>), razli\u010dica 4.1.2.<\/p>\n<p><span class=\"Y2IQFc\" lang=\"en\">Revizija skladnosti je dobro na\u010drtovana, stanje skladnosti pa bo kmalu posodobljeno.<\/span><\/p>\n<ul>\n<\/ul>\n<h2>Povratne informacije in stik<\/h2>\n<p>\u010ce ne morete dostopati do vsebine ali storitve, se lahko obrnete na osebo, odgovorno za preusmeritev na dostopno alternativo, ali pridobite vsebino v drugi obliki.<\/p>\n<ul>\n<li>Po\u0161ljite sporo\u010dilo na contact@alt-edic.eu<\/li>\n<\/ul>\n<h2>Prito\u017ebene mo\u017enosti<\/h2>\n<p>Ta postopek je treba uporabiti v naslednjih primerih. Upravljavca spletnega mesta ste obvestili o te\u017eavi z dostopnostjo, ki vam prepre\u010duje dostop do vsebin ali storitev na portalu, in niste prejeli zadovoljivega odgovora.<\/p>\n<ul>\n<li>Napi\u0161ite sporo\u010dilo zagovorniku pravic (https:\/\/www.defenseurdesdroits.fr\/nous-contacter-355)<\/li>\n<li>Obrnite se na lokalnega zagovornika pravic (https:\/\/www.defenseurdesdroits.fr\/carte-des-delegues).<\/li>\n<li>Pismo po\u0161ljite po po\u0161ti (brezpla\u010dno, ne uporabljajte \u017eigov): <br>D\u00e9fenseur des droits <br>Libre r\u00e9ponse <br>71120 75342 <br>Pari\u0161ki CEDEX 07<\/li>\n<\/ul>\t\t\t\t\t\t\t\t<\/div>\n\t\t\t\t<\/div>\n\t\t\t\t\t<\/div>\n\t\t<\/div>\n\t\t\t\t\t<\/div>\n\t\t<\/section>\n\t\t\t\t<\/div>","protected":false},"excerpt":{"rendered":"<p>Izjava o dostopnosti ALT-EDIC se zavezuje, da bo omogo\u010dil dostop do svoje spletne strani v skladu s \u010dlenom 47 zakona \u0161t. 2005-102 z dne 11. februarja 2005. Ta izjava o dostopnosti velja za \u00e0 https:\/\/alt-edic.eu\/. Pravilniki o skladnosti Revizija \u0161e ni bila izvedena. https:\/\/alt-edic.eu\/ ni v skladu s splo\u0161no zbirko podatkov za izbolj\u0161anje dostopnosti (RGAA), razli\u010dica 4.1.2. Revizija skladnosti je [\u2026]<\/p>","protected":false},"author":1,"featured_media":0,"parent":0,"menu_order":0,"comment_status":"closed","ping_status":"closed","template":"","meta":{"footnotes":""},"class_list":["post-8933","page","type-page","status-publish","hentry"],"aioseo_notices":[],"_links":{"self":[{"href":"http:\/\/www.alt-edic.eu\/sl\/wp-json\/wp\/v2\/pages\/8933","targetHints":{"allow":["GET"]}}],"collection":[{"href":"http:\/\/www.alt-edic.eu\/sl\/wp-json\/wp\/v2\/pages"}],"about":[{"href":"http:\/\/www.alt-edic.eu\/sl\/wp-json\/wp\/v2\/types\/page"}],"author":[{"embeddable":true,"href":"http:\/\/www.alt-edic.eu\/sl\/wp-json\/wp\/v2\/users\/1"}],"replies":[{"embeddable":true,"href":"http:\/\/www.alt-edic.eu\/sl\/wp-json\/wp\/v2\/comments?post=8933"}],"version-history":[{"count":0,"href":"http:\/\/www.alt-edic.eu\/sl\/wp-json\/wp\/v2\/pages\/8933\/revisions"}],"wp:attachment":[{"href":"http:\/\/www.alt-edic.eu\/sl\/wp-json\/wp\/v2\/media?parent=8933"}],"curies":[{"name":"wp","href":"https:\/\/api.w.org\/{rel}","templated":true}]}}