{"id":8735,"date":"2024-08-19T13:30:19","date_gmt":"2024-08-19T13:30:19","guid":{"rendered":"https:\/\/alt-edic.eu\/?page_id=8735"},"modified":"2026-04-10T17:00:24","modified_gmt":"2026-04-10T16:00:24","slug":"about-us","status":"publish","type":"page","link":"http:\/\/www.alt-edic.eu\/sl\/about-us\/","title":{"rendered":"<p>O podjetju<\/p>"},"content":{"rendered":"<div data-elementor-type=\"wp-page\" data-elementor-id=\"8735\" class=\"elementor elementor-8735\" data-elementor-post-type=\"page\">\n\t\t\t\t\t\t<section class=\"elementor-section elementor-top-section elementor-element elementor-element-2c377f48 elementor-section-stretched elementor-section-boxed elementor-section-height-default elementor-section-height-default\" data-id=\"2c377f48\" data-element_type=\"section\" data-e-type=\"section\" data-settings='{\"stretch_section\":\"section-stretched\",\"background_background\":\"gradient\"}'>\n\t\t\t\t\t\t<div class=\"elementor-container elementor-column-gap-extended\">\n\t\t\t\t\t<div class=\"elementor-column elementor-col-50 elementor-top-column elementor-element elementor-element-bf7721c\" data-id=\"bf7721c\" data-element_type=\"column\" data-e-type=\"column\">\n\t\t\t<div class=\"elementor-widget-wrap elementor-element-populated\">\n\t\t\t\t\t\t<div class=\"elementor-element elementor-element-d07f81e elementor-widget elementor-widget-heading\" data-id=\"d07f81e\" data-element_type=\"widget\" data-e-type=\"widget\" data-widget_type=\"heading.default\">\n\t\t\t\t<div class=\"elementor-widget-container\">\n\t\t\t\t\t<h1 class=\"elementor-heading-title elementor-size-default\">O podjetju ALT-EDIC<\/h1>\t\t\t\t<\/div>\n\t\t\t\t<\/div>\n\t\t\t\t<div class=\"elementor-element elementor-element-24e9f9f3 elementor-widget elementor-widget-text-editor\" data-id=\"24e9f9f3\" data-element_type=\"widget\" data-e-type=\"widget\" data-widget_type=\"text-editor.default\">\n\t\t\t\t<div class=\"elementor-widget-container\">\n\t\t\t\t\t\t\t\t\t<p>Zveza za jezikovne tehnologije (ALT-EDIC) je <strong><span style=\"text-decoration: underline; color: #ffffff;\"><a style=\"color: #ffffff; text-decoration: underline;\" href=\"https:\/\/digital-strategy.ec.europa.eu\/en\/policies\/edic\">Konzorcij evropske digitalne infrastrukture<\/a><\/span><\/strong> podpora razvoju jezikovnih tehnologij. Spodbuja odli\u010dnost jezikovnih tehnologij in prispeva k ohranjanju evropske jezikovne raznolikosti in kulturnega bogastva.<\/p><p>Decembra 2023 ga je predlagalo 10 dr\u017eav \u010dlanic, uradno pa ga je ustanovila<strong> <span style=\"text-decoration: underline;\"><span style=\"color: #ffffff;\"><a style=\"color: #ffffff; text-decoration: underline;\" href=\"https:\/\/eur-lex.europa.eu\/eli\/dec_impl\/2024\/458\/oj\">Sklep Komisije<\/a><\/span><\/span> <\/strong>februarja 2024. Trenutno \u0161teje 27 \u010dlanov in opazovalcev. Usklajuje jo Francija, njen uradni sede\u017e pa je na zgodovinskem obmo\u010dju <em>Ch\u00e2teau de Villers-Cotter\u00eats<\/em>.<\/p><p>Prenesete lahko predstavitev s pregledom ALT-EDIC.&nbsp;<u><b><a href=\"https:\/\/www.alt-edic.eu\/wp-content\/uploads\/2026\/03\/ALT-EDIC_presentation_20260307.pdf\">tukaj<\/a><\/b><\/u><b>.<\/b>&nbsp;<\/p>\t\t\t\t\t\t\t\t<\/div>\n\t\t\t\t<\/div>\n\t\t\t\t\t<\/div>\n\t\t<\/div>\n\t\t\t\t<div class=\"elementor-column elementor-col-50 elementor-top-column elementor-element elementor-element-17328b68 elementor-hidden-tablet elementor-hidden-phone\" data-id=\"17328b68\" data-element_type=\"column\" data-e-type=\"column\">\n\t\t\t<div class=\"elementor-widget-wrap\">\n\t\t\t\t\t\t\t<\/div>\n\t\t<\/div>\n\t\t\t\t\t<\/div>\n\t\t<\/section>\n\t\t\t\t<section class=\"elementor-section elementor-top-section elementor-element elementor-element-5084f662 elementor-section-stretched elementor-section-boxed elementor-section-height-default elementor-section-height-default\" data-id=\"5084f662\" data-element_type=\"section\" data-e-type=\"section\" data-settings='{\"stretch_section\":\"section-stretched\"}'>\n\t\t\t\t\t\t<div class=\"elementor-container elementor-column-gap-extended\">\n\t\t\t\t\t<div class=\"elementor-column elementor-col-50 elementor-top-column elementor-element elementor-element-21db52d3 elementor-hidden-tablet elementor-hidden-phone elementor-invisible\" data-id=\"21db52d3\" data-element_type=\"column\" data-e-type=\"column\" data-settings='{\"animation\":\"slide-right\"}'>\n\t\t\t<div class=\"elementor-widget-wrap elementor-element-populated\">\n\t\t\t\t\t\t<div class=\"elementor-element elementor-element-4ef5943 elementor-widget elementor-widget-html\" data-id=\"4ef5943\" data-element_type=\"widget\" data-e-type=\"widget\" data-widget_type=\"html.default\">\n\t\t\t\t<div class=\"elementor-widget-container\">\n\t\t\t\t\t<object data=\"https:\/\/www.alt-edic.eu\/wp-content\/uploads\/2026\/04\/ALT-EDIC-Flyer-v1-A4.pdf\" type=\"application\/pdf\" width=\"720px\" height=\"680px\"> <\/object>\t\t\t\t<\/div>\n\t\t\t\t<\/div>\n\t\t\t\t\t<\/div>\n\t\t<\/div>\n\t\t\t\t<div class=\"elementor-column elementor-col-50 elementor-top-column elementor-element elementor-element-5f3d7e93 elementor-invisible\" data-id=\"5f3d7e93\" data-element_type=\"column\" data-e-type=\"column\" data-settings='{\"animation\":\"slide-left\",\"animation_delay\":200}'>\n\t\t\t<div class=\"elementor-widget-wrap elementor-element-populated\">\n\t\t\t\t\t\t<div class=\"elementor-element elementor-element-6f5ba8cd elementor-widget elementor-widget-heading\" data-id=\"6f5ba8cd\" data-element_type=\"widget\" data-e-type=\"widget\" data-widget_type=\"heading.default\">\n\t\t\t\t<div class=\"elementor-widget-container\">\n\t\t\t\t\t<h2 class=\"elementor-heading-title elementor-size-default\">ALT-EDIC podpira razvoj jezikovnih tehnologij<\/h2>\t\t\t\t<\/div>\n\t\t\t\t<\/div>\n\t\t\t\t<div class=\"elementor-element elementor-element-525183b7 elementor-widget elementor-widget-text-editor\" data-id=\"525183b7\" data-element_type=\"widget\" data-e-type=\"widget\" data-widget_type=\"text-editor.default\">\n\t\t\t\t<div class=\"elementor-widget-container\">\n\t\t\t\t\t\t\t\t\t<p>Zveza za jezikovne tehnologije obravnava pomanjkanje evropskih jezikovnih podatkov, ki so na voljo za u\u010denje velikih jezikovnih modelov, in primerjalnih analiz za take modele.<\/p><p>To bo privedlo do izbolj\u0161anih re\u0161itev umetne inteligence, ki bodo zmo\u017ene razumeti in ustvarjati jezik ob upo\u0161tevanju jezikovne raznolikosti in kulturnega bogastva Evrope.<\/p>\t\t\t\t\t\t\t\t<\/div>\n\t\t\t\t<\/div>\n\t\t\t\t\t<\/div>\n\t\t<\/div>\n\t\t\t\t\t<\/div>\n\t\t<\/section>\n\t\t\t\t<section class=\"elementor-section elementor-top-section elementor-element elementor-element-245ad23 elementor-section-stretched elementor-section-boxed elementor-section-height-default elementor-section-height-default elementor-invisible\" data-id=\"245ad23\" data-element_type=\"section\" data-e-type=\"section\" data-settings='{\"stretch_section\":\"section-stretched\",\"animation\":\"slide-up\"}'>\n\t\t\t\t\t\t<div class=\"elementor-container elementor-column-gap-extended\">\n\t\t\t\t\t<div class=\"elementor-column elementor-col-100 elementor-top-column elementor-element elementor-element-6381d6cd\" data-id=\"6381d6cd\" data-element_type=\"column\" data-e-type=\"column\">\n\t\t\t<div class=\"elementor-widget-wrap elementor-element-populated\">\n\t\t\t\t\t\t<div class=\"elementor-element elementor-element-6107c70 elementor-widget elementor-widget-heading\" data-id=\"6107c70\" data-element_type=\"widget\" data-e-type=\"widget\" data-widget_type=\"heading.default\">\n\t\t\t\t<div class=\"elementor-widget-container\">\n\t\t\t\t\t<h2 class=\"elementor-heading-title elementor-size-default\">Misija ALT-EDIC se osredoto\u010da na naslednjih pet ukrepov:<\/h2>\t\t\t\t<\/div>\n\t\t\t\t<\/div>\n\t\t\t\t<div class=\"elementor-element elementor-element-6b8ccd5c elementor-widget elementor-widget-apus_element_features_box\" data-id=\"6b8ccd5c\" data-element_type=\"widget\" data-e-type=\"widget\" data-widget_type=\"apus_element_features_box.default\">\n\t\t\t\t<div class=\"elementor-widget-container\">\n\t\t\t\t\t            <div class=\"widget-features-box  style2\">\n                                    <div class=\"slick-carousel\" data-items=\"3\" data-smallmedium=\"2\" data-extrasmall=\"1\" data-pagination=\"false\" data-nav=\"true\">\n                                                    <div class=\"item\">\n                                <div class=\"item-inner\">\n                                    <div class=\"top-inner\">\n                                                                                <div class=\"features-box-image icon\"><i class=\"fa fa-database\"><\/i><\/div><\/div><div class=\"features-box-content\"><h3 class=\"title\">Ukrep 1 \u2013 podatki<\/h3><div class=\"description\">ALT-EDIC bo izkoristil jezikovni podatkovni prostor ter zdru\u017eil obstoje\u010de jezikovne in multimodalne vire EU in dr\u017eav \u010dlanic v vseh evropskih, nacionalnih in regionalnih jezikih, tudi z ustvarjanjem strate\u0161kih podatkov, na primer za jezike z malo govorci (manj kot 10 milijonov govorcev), pri katerih obstajajo omejitve pri usposabljanju velikih jezikovnih modelov.<\/div><\/div>\n                                <\/div>\n                            <\/div>\n                                                    <div class=\"item\">\n                                <div class=\"item-inner\">\n                                    <div class=\"top-inner\">\n                                                                                <div class=\"features-box-image icon\"><i class=\"fa fa-caret-right\"><\/i><\/div><\/div><div class=\"features-box-content\"><h3 class=\"title\">Ukrep 2 ? Obstoje\u010di modeli<\/h3><div class=\"description\">ALT-EDIC bo ustvaril repozitorij obstoje\u010dih odprtokodnih jezikovnih modelov za ponovno uporabo s strani industrijskih akterjev in razvil posebne metode za izpopolnjevanje, zlasti za MSP, ter zagotovil metodologije ocenjevanja, certificiranja in normalizacije s posebnim poudarkom na morebitni diskriminaciji in pristranskosti, ki ju uvajajo modeli obdelave naravnega jezika.<\/div><\/div>\n                                <\/div>\n                            <\/div>\n                                                    <div class=\"item\">\n                                <div class=\"item-inner\">\n                                    <div class=\"top-inner\">\n                                                                                <div class=\"features-box-image icon\"><i class=\"ti-fullscreen\"><\/i><\/div><\/div><div class=\"features-box-content\"><h3 class=\"title\">Ukrep 3 ? Razvoj modelov<\/h3><div class=\"description\">ALT-EDIC bo deloval kot zbirni semenski sklad, ki bo zdru\u017eeval javna in zasebna sredstva za za\u010detek in razvoj novih projektov velikih jezikovnih modelov in temeljnih modelov z multimodalnimi zmogljivostmi, vklju\u010dno z zagotavljanjem dostopa do potrebnega evropskega visokozmogljivostnega ra\u010dunalni\u0161tva.<\/div><\/div>\n                                <\/div>\n                            <\/div>\n                                                    <div class=\"item\">\n                                <div class=\"item-inner\">\n                                    <div class=\"top-inner\">\n                                                                                <div class=\"features-box-image icon\"><i class=\"ti-layout-list-thumb-alt\"><\/i><\/div><\/div><div class=\"features-box-content\"><h3 class=\"title\">Ukrep 4 ? Vrednotenje, certificiranje in normalizacija<\/h3><div class=\"description\">ALT-EDIC bo prispeval k razvoju metodologij vrednotenja s posebnim poudarkom na morebitni diskriminaciji in pristranskosti, ki ju uvajajo modeli NLP, ter k zagotavljanju namenske podpore institucijam za nalo\u017ebe v dolgoro\u010dne tehnologije.<\/div><\/div>\n                                <\/div>\n                            <\/div>\n                                                    <div class=\"item\">\n                                <div class=\"item-inner\">\n                                    <div class=\"top-inner\">\n                                                                                <div class=\"features-box-image icon\"><i class=\"fa fa-link\"><\/i><\/div><\/div><div class=\"features-box-content\"><h3 class=\"title\">Ukrep 5 \u2013 Ekosistem<\/h3><div class=\"description\">ALT-EDIC bo deloval kot svetovalna to\u010dka za javne uprave in dosegel javnost prek kulturnega programa, ki bo temeljil na umetni inteligenci za jezike in omogo\u010dal dolgoro\u010dnim kon\u010dnim uporabnikom, ki so tudi proizvajalci podatkov, da se spopadejo z izzivi umetne inteligence in jezikovnih tehnologij v ve\u010djezi\u010dnem okviru ter prispevajo k razsvetljenju evropskih dr\u017eavljanov na podro\u010dju umetne inteligence.<\/div><\/div>\n                                <\/div>\n                            <\/div>\n                                            <\/div>\n                            <\/div>\n            \t\t\t\t<\/div>\n\t\t\t\t<\/div>\n\t\t\t\t\t<\/div>\n\t\t<\/div>\n\t\t\t\t\t<\/div>\n\t\t<\/section>\n\t\t\t\t<\/div>","protected":false},"excerpt":{"rendered":"<p>O ALT-EDIC Zavezni\u0161tvo za jezikovne tehnologije (ALT-EDIC) je Konzorcij evropske digitalne infrastrukture, ki podpira razvoj jezikovnih tehnologij. Spodbuja odli\u010dnost jezikovnih tehnologij in prispeva k ohranjanju evropske jezikovne raznolikosti in kulturnega bogastva. Decembra 2023 ga je predlagalo deset dr\u017eav \u010dlanic, uradno pa ga je ustanovila Komisija [\u2026].<\/p>","protected":false},"author":1,"featured_media":0,"parent":0,"menu_order":0,"comment_status":"closed","ping_status":"closed","template":"","meta":{"footnotes":""},"class_list":["post-8735","page","type-page","status-publish","hentry"],"aioseo_notices":[],"_links":{"self":[{"href":"http:\/\/www.alt-edic.eu\/sl\/wp-json\/wp\/v2\/pages\/8735","targetHints":{"allow":["GET"]}}],"collection":[{"href":"http:\/\/www.alt-edic.eu\/sl\/wp-json\/wp\/v2\/pages"}],"about":[{"href":"http:\/\/www.alt-edic.eu\/sl\/wp-json\/wp\/v2\/types\/page"}],"author":[{"embeddable":true,"href":"http:\/\/www.alt-edic.eu\/sl\/wp-json\/wp\/v2\/users\/1"}],"replies":[{"embeddable":true,"href":"http:\/\/www.alt-edic.eu\/sl\/wp-json\/wp\/v2\/comments?post=8735"}],"version-history":[{"count":16,"href":"http:\/\/www.alt-edic.eu\/sl\/wp-json\/wp\/v2\/pages\/8735\/revisions"}],"predecessor-version":[{"id":11353,"href":"http:\/\/www.alt-edic.eu\/sl\/wp-json\/wp\/v2\/pages\/8735\/revisions\/11353"}],"wp:attachment":[{"href":"http:\/\/www.alt-edic.eu\/sl\/wp-json\/wp\/v2\/media?parent=8735"}],"curies":[{"name":"wp","href":"https:\/\/api.w.org\/{rel}","templated":true}]}}