{"id":10975,"date":"2025-11-03T18:02:10","date_gmt":"2025-11-03T17:02:10","guid":{"rendered":"https:\/\/www.alt-edic.eu\/?page_id=10975"},"modified":"2026-01-20T10:02:09","modified_gmt":"2026-01-20T09:02:09","slug":"llm-bridge","status":"publish","type":"page","link":"http:\/\/www.alt-edic.eu\/sl\/projects\/llm-bridge\/","title":{"rendered":"<p>LLM-BRIDGE<\/p>"},"content":{"rendered":"<div data-elementor-type=\"wp-page\" data-elementor-id=\"10975\" class=\"elementor elementor-10975\" data-elementor-post-type=\"page\">\n\t\t\t\t\t\t<section class=\"elementor-section elementor-top-section elementor-element elementor-element-1577bd88 elementor-section-stretched elementor-section-boxed elementor-section-height-default elementor-section-height-default\" data-id=\"1577bd88\" data-element_type=\"section\" data-e-type=\"section\" data-settings='{\"stretch_section\":\"section-stretched\",\"background_background\":\"gradient\"}'>\n\t\t\t\t\t\t<div class=\"elementor-container elementor-column-gap-extended\">\n\t\t\t\t\t<div class=\"elementor-column elementor-col-50 elementor-top-column elementor-element elementor-element-70dc39ba\" data-id=\"70dc39ba\" data-element_type=\"column\" data-e-type=\"column\">\n\t\t\t<div class=\"elementor-widget-wrap elementor-element-populated\">\n\t\t\t\t\t\t<div class=\"elementor-element elementor-element-51cabebb elementor-widget elementor-widget-heading\" data-id=\"51cabebb\" data-element_type=\"widget\" data-e-type=\"widget\" data-widget_type=\"heading.default\">\n\t\t\t\t<div class=\"elementor-widget-container\">\n\t\t\t\t\t<h1 class=\"elementor-heading-title elementor-size-default\">LLM-BRIDGE<\/h1>\t\t\t\t<\/div>\n\t\t\t\t<\/div>\n\t\t\t\t<div class=\"elementor-element elementor-element-1f4ee8af elementor-widget elementor-widget-text-editor\" data-id=\"1f4ee8af\" data-element_type=\"widget\" data-e-type=\"widget\" data-widget_type=\"text-editor.default\">\n\t\t\t\t<div class=\"elementor-widget-container\">\n\t\t\t\t\t\t\t\t\t<p><strong style=\"background-color: transparent; color: #ffffff;\">Projekt LLM Booster for Regional Innovation and Digital Growth in Europe (Spodbujanje regionalnih inovacij in digitalne rasti v Evropi)&nbsp;<\/strong><strong style=\"background-color: transparent; color: #ffffff;\">&nbsp;(LLM-BRIDGE)&nbsp;<\/strong><strong style=\"background-color: transparent; color: #ffffff;\">podpira zagonska podjetja in podjetja v raz\u0161iritveni fazi v hitro rasto\u010di domeni velikih jezikovnih modelov (LLM).<\/strong><\/p>\t\t\t\t\t\t\t\t<\/div>\n\t\t\t\t<\/div>\n\t\t\t\t\t<\/div>\n\t\t<\/div>\n\t\t\t\t<div class=\"elementor-column elementor-col-50 elementor-top-column elementor-element elementor-element-286565d9 elementor-hidden-tablet elementor-hidden-phone\" data-id=\"286565d9\" data-element_type=\"column\" data-e-type=\"column\">\n\t\t\t<div class=\"elementor-widget-wrap\">\n\t\t\t\t\t\t\t<\/div>\n\t\t<\/div>\n\t\t\t\t\t<\/div>\n\t\t<\/section>\n\t\t\t\t<section class=\"elementor-section elementor-top-section elementor-element elementor-element-2a82150a elementor-section-stretched elementor-section-boxed elementor-section-height-default elementor-section-height-default\" data-id=\"2a82150a\" data-element_type=\"section\" data-e-type=\"section\" data-settings='{\"stretch_section\":\"section-stretched\"}'>\n\t\t\t\t\t\t<div class=\"elementor-container elementor-column-gap-extended\">\n\t\t\t\t\t<div class=\"elementor-column elementor-col-50 elementor-top-column elementor-element elementor-element-4dc940b2 elementor-invisible\" data-id=\"4dc940b2\" data-element_type=\"column\" data-e-type=\"column\" data-settings='{\"animation\":\"slide-left\",\"animation_delay\":200}'>\n\t\t\t<div class=\"elementor-widget-wrap elementor-element-populated\">\n\t\t\t\t\t\t<div class=\"elementor-element elementor-element-2fa08fbe elementor-widget__width-initial elementor-widget elementor-widget-text-editor\" data-id=\"2fa08fbe\" data-element_type=\"widget\" data-e-type=\"widget\" data-widget_type=\"text-editor.default\">\n\t\t\t\t<div class=\"elementor-widget-container\">\n\t\t\t\t\t\t\t\t\t<p>The&nbsp;<span style=\"text-decoration: underline;\"><a href=\"https:\/\/www.llm-bridge.eu\/\">Projekt LLM-BRIDGE<\/a><\/span> cilj je okrepiti nacionalne ekosisteme genskih umetne inteligence z opremljanjem zagonskih podjetij, podjetij v raz\u0161iritveni fazi, inkubatorjev in vlagateljev s podporo, ki je potrebna za izgradnjo in uvedbo izdelkov, ki temeljijo na tehnologiji LLM.<\/p><p>Projekt zdru\u017euje konzorcij partnerjev iz desetih evropskih dr\u017eav, ki ga koordinira ALT-EDIC. Spretnosti partnerjev pri podpiranju zagonskih podjetij in inovacij so okrepljene z njihovim tehni\u010dnim strokovnim znanjem na podro\u010dju genskih in lokalnih inovacij. Te zmogljivosti bodo zagonskim podjetjem in podjetjem v raz\u0161iritveni fazi pomagale odgovorno in v velikem obsegu integrirati LLM. Konzorcij bo skupaj izvedel tri namenske podporne programe, osredoto\u010dene na projekte lokalnega upravljanja:<\/p><p dir=\"ltr\" style=\"margin-top: 0pt; margin-bottom: 0pt; line-height: 1.38;\">&nbsp;<\/p>\t\t\t\t\t\t\t\t<\/div>\n\t\t\t\t<\/div>\n\t\t\t\t\t<\/div>\n\t\t<\/div>\n\t\t\t\t<div class=\"elementor-column elementor-col-50 elementor-top-column elementor-element elementor-element-169741bd elementor-hidden-tablet elementor-hidden-phone elementor-invisible\" data-id=\"169741bd\" data-element_type=\"column\" data-e-type=\"column\" data-settings='{\"animation\":\"slide-right\"}'>\n\t\t\t<div class=\"elementor-widget-wrap elementor-element-populated\">\n\t\t\t\t\t\t<div class=\"elementor-element elementor-element-47d0ea elementor-widget__width-initial elementor-widget elementor-widget-image\" data-id=\"47d0ea\" data-element_type=\"widget\" data-e-type=\"widget\" data-widget_type=\"image.default\">\n\t\t\t\t<div class=\"elementor-widget-container\">\n\t\t\t\t\t\t\t\t\t\t\t\t\t\t\t<img fetchpriority=\"high\" decoding=\"async\" width=\"800\" height=\"520\" src=\"https:\/\/www.alt-edic.eu\/wp-content\/uploads\/2026\/01\/Project-page-images-2-e1768899698813.png\" class=\"attachment-full size-full wp-image-11100\" alt=\"LLM-BRIDGE Informacije o projektu\" srcset=\"https:\/\/www.alt-edic.eu\/wp-content\/uploads\/2026\/01\/Project-page-images-2-e1768899698813.png 800w, https:\/\/www.alt-edic.eu\/wp-content\/uploads\/2026\/01\/Project-page-images-2-e1768899698813-300x195.png 300w, https:\/\/www.alt-edic.eu\/wp-content\/uploads\/2026\/01\/Project-page-images-2-e1768899698813-768x499.png 768w, https:\/\/www.alt-edic.eu\/wp-content\/uploads\/2026\/01\/Project-page-images-2-e1768899698813-18x12.png 18w\" sizes=\"(max-width: 800px) 100vw, 800px\">\t\t\t\t\t\t\t\t\t\t\t\t\t\t\t<\/div>\n\t\t\t\t<\/div>\n\t\t\t\t\t<\/div>\n\t\t<\/div>\n\t\t\t\t\t<\/div>\n\t\t<\/section>\n\t\t<div class=\"elementor-element elementor-element-8ed64da e-flex e-con-boxed e-con e-parent\" data-id=\"8ed64da\" data-element_type=\"container\" data-e-type=\"container\">\n\t\t\t\t\t<div class=\"e-con-inner\">\n\t\t\t\t<div class=\"elementor-element elementor-element-41c7d55 elementor-widget__width-initial elementor-widget elementor-widget-text-editor\" data-id=\"41c7d55\" data-element_type=\"widget\" data-e-type=\"widget\" data-widget_type=\"text-editor.default\">\n\t\t\t\t<div class=\"elementor-widget-container\">\n\t\t\t\t\t\t\t\t\t<p dir=\"ltr\" style=\"margin-top: 0pt; margin-bottom: 0pt; line-height: 1.38;\"><strong style=\"color: #202124; font-family: Lato, Arial, sans-serif; font-size: 26px;\">Trije programi za u\u010dinek<\/strong><\/p><p dir=\"ltr\" style=\"margin-top: 0pt; margin-bottom: 0pt; line-height: 1.38;\"><strong style=\"color: #202124; font-family: Lato, Arial, sans-serif; font-size: 26px;\">&nbsp;<\/strong><\/p><p dir=\"ltr\" style=\"margin-top: 0pt; margin-bottom: 0pt; line-height: 1.38;\"><strong style=\"color: #202124; font-family: Lato, Arial, sans-serif; font-size: 19px;\">Program podjetni\u0161kega izobra\u017eevanja<\/strong><\/p><p>Strukturiran izobra\u017eevalni program za predsemenska in semenska zagonska podjetja. Udele\u017eenci bodo dele\u017eni delavnic in individualnega mentorstva o razli\u010dnih temah, kot so upravljanje podjetij, tehnolo\u0161ko in regulativno okolje, dostop do financiranja in razvojne strategije.<\/p><h4 style=\"font-family: Lato, Arial, sans-serif;\"><strong>Program podjetni\u0161kih inkubatorjev<\/strong><\/h4><p>Inkubacijske storitve, namenjene pospe\u0161evanju potrjevanja izdelkov in strank. Kadar je mogo\u010de, bodo zagonska podjetja dobila dostop do prilagojenih tehni\u010dnih virov, kot so nabori podatkov in ra\u010dunalni\u0161tvo, smernice o skladnosti z zakonodajo in podpora za pridobivanje strank. Izbranim inkubatorjem in zagonskim podjetjem bo dodeljenih ve\u010d kot pol milijona evrov.<\/p><h4 style=\"font-family: Lato, Arial, sans-serif;\"><strong>Program pospe\u0161evanja<\/strong><\/h4><p>Program pospe\u0161evanja za zagonska podjetja, namenjen financiranju serije A. Program bo zagotovil prilagojeno podporo na podro\u010dju pripravljenosti za nalo\u017ebe, pove\u010danja obsega in skladnosti z zakonodajo. Program bo dosegel vrhunec z osredoto\u010denim povezovanjem vlagateljev z vlagatelji.<\/p><p>LLM-BRIDGE financira Evropska unija v okviru programa Digitalna Evropa in se je za\u010del 1. septembra 2025 za obdobje treh let. Ve\u010d informacij o za\u010detku izvajanja programov bo na voljo leta 2026.<\/p><p>&nbsp;<\/p><p>Za ve\u010d informacij o projektu LLM-BRIDGE obi\u0161\u010dite <span style=\"text-decoration: underline;\"><a href=\"https:\/\/www.llm-bridge.eu\/\">spletna stran projekta<\/a><\/span>.<\/p>\t\t\t\t\t\t\t\t<\/div>\n\t\t\t\t<\/div>\n\t\t\t\t\t<\/div>\n\t\t\t\t<\/div>\n\t\t\t\t<\/div>","protected":false},"excerpt":{"rendered":"<p>LLM-BRIDGE Projekt LLM Booster for Regional Innovation and Digital Growth in Europe (LLM-BRIDGE) podpira startupe in scaleupe v hitro rasto\u010di domeni velikih jezikovnih modelov (LLM). Cilj projekta LLM-BRIDGE je okrepiti nacionalne ekosisteme GenAI z opremljanjem zagonskih podjetij, podjetij v raz\u0161iritveni fazi, inkubatorjev in vlagateljev s podporo, potrebno za izgradnjo in uvedbo izdelkov, ki temeljijo na LLM. Projekt zdru\u017euje [\u2026]<\/p>","protected":false},"author":37,"featured_media":0,"parent":9229,"menu_order":0,"comment_status":"closed","ping_status":"closed","template":"","meta":{"footnotes":""},"class_list":["post-10975","page","type-page","status-publish","hentry"],"aioseo_notices":[],"_links":{"self":[{"href":"http:\/\/www.alt-edic.eu\/sl\/wp-json\/wp\/v2\/pages\/10975","targetHints":{"allow":["GET"]}}],"collection":[{"href":"http:\/\/www.alt-edic.eu\/sl\/wp-json\/wp\/v2\/pages"}],"about":[{"href":"http:\/\/www.alt-edic.eu\/sl\/wp-json\/wp\/v2\/types\/page"}],"author":[{"embeddable":true,"href":"http:\/\/www.alt-edic.eu\/sl\/wp-json\/wp\/v2\/users\/37"}],"replies":[{"embeddable":true,"href":"http:\/\/www.alt-edic.eu\/sl\/wp-json\/wp\/v2\/comments?post=10975"}],"version-history":[{"count":0,"href":"http:\/\/www.alt-edic.eu\/sl\/wp-json\/wp\/v2\/pages\/10975\/revisions"}],"up":[{"embeddable":true,"href":"http:\/\/www.alt-edic.eu\/sl\/wp-json\/wp\/v2\/pages\/9229"}],"wp:attachment":[{"href":"http:\/\/www.alt-edic.eu\/sl\/wp-json\/wp\/v2\/media?parent=10975"}],"curies":[{"name":"wp","href":"https:\/\/api.w.org\/{rel}","templated":true}]}}