{"id":8944,"date":"2024-10-03T19:38:42","date_gmt":"2024-10-03T19:38:42","guid":{"rendered":"https:\/\/alt-edic.eu\/?page_id=8944"},"modified":"2025-01-29T14:36:58","modified_gmt":"2025-01-29T13:36:58","slug":"governance","status":"publish","type":"page","link":"http:\/\/www.alt-edic.eu\/sk\/governance\/","title":{"rendered":"<p>Riadenie<\/p>"},"content":{"rendered":"<div data-elementor-type=\"wp-page\" data-elementor-id=\"8944\" class=\"elementor elementor-8944\" data-elementor-post-type=\"page\">\n\t\t\t\t\t\t<section class=\"elementor-section elementor-top-section elementor-element elementor-element-83d6e06 elementor-section-stretched elementor-section-boxed elementor-section-height-default elementor-section-height-default\" data-id=\"83d6e06\" data-element_type=\"section\" data-e-type=\"section\" data-settings='{\"stretch_section\":\"section-stretched\",\"background_background\":\"gradient\"}'>\n\t\t\t\t\t\t<div class=\"elementor-container elementor-column-gap-extended\">\n\t\t\t\t\t<div class=\"elementor-column elementor-col-50 elementor-top-column elementor-element elementor-element-5ad19a07\" data-id=\"5ad19a07\" data-element_type=\"column\" data-e-type=\"column\">\n\t\t\t<div class=\"elementor-widget-wrap elementor-element-populated\">\n\t\t\t\t\t\t<div class=\"elementor-element elementor-element-17b6f034 elementor-widget elementor-widget-heading\" data-id=\"17b6f034\" data-element_type=\"widget\" data-e-type=\"widget\" data-widget_type=\"heading.default\">\n\t\t\t\t<div class=\"elementor-widget-container\">\n\t\t\t\t\t<h1 class=\"elementor-heading-title elementor-size-default\">Riadenie<\/h1>\t\t\t\t<\/div>\n\t\t\t\t<\/div>\n\t\t\t\t<div class=\"elementor-element elementor-element-793ec4e6 elementor-widget elementor-widget-text-editor\" data-id=\"793ec4e6\" data-element_type=\"widget\" data-e-type=\"widget\" data-widget_type=\"text-editor.default\">\n\t\t\t\t<div class=\"elementor-widget-container\">\n\t\t\t\t\t\t\t\t\t<p>Aliancia pre jazykov\u00e9 technol\u00f3gie (ALT-EDIC) je<span style=\"text-decoration: underline; color: #99ccff;\"> <a style=\"color: #99ccff; text-decoration: underline;\" href=\"https:\/\/digital-strategy.ec.europa.eu\/en\/policies\/edic\"><span style=\"color: #ffffff; text-decoration: underline;\">Konzorcium pre eur\u00f3psku digit\u00e1lnu infra\u0161trukt\u00faru<\/span><\/a><\/span>, druh pr\u00e1vnej \u0161trukt\u00fary vytvorenej na z\u00e1klade <span style=\"text-decoration: underline; color: #ffffff;\"><span style=\"text-decoration: underline;\"><a style=\"color: #ffffff; text-decoration: underline;\" href=\"https:\/\/digital-strategy.ec.europa.eu\/en\/library\/digital-decade-policy-programme-2030\">Politick\u00fd program Digit\u00e1lne desa\u0165ro\u010die do roku 2030<\/a><\/span><\/span>. Riadi ho zhroma\u017edenie \u010dlenov zlo\u017een\u00e9 z \u010dlensk\u00fdch \u0161t\u00e1tov <span style=\"color: #ffffff;\"><a style=\"color: #ffffff;\" href=\"https:\/\/eur-lex.europa.eu\/EN\/legal-content\/summary\/agreement-on-the-european-economic-area.html\"><span style=\"text-decoration: underline;\">Eur\u00f3psky hospod\u00e1rsky priestor (EHP)<\/span><\/a><\/span>&nbsp; a pod\u00e1va spr\u00e1vy Eur\u00f3pskej komisii. <\/p>\t\t\t\t\t\t\t\t<\/div>\n\t\t\t\t<\/div>\n\t\t\t\t\t<\/div>\n\t\t<\/div>\n\t\t\t\t<div class=\"elementor-column elementor-col-50 elementor-top-column elementor-element elementor-element-75c15e62 elementor-hidden-tablet elementor-hidden-phone\" data-id=\"75c15e62\" data-element_type=\"column\" data-e-type=\"column\">\n\t\t\t<div class=\"elementor-widget-wrap\">\n\t\t\t\t\t\t\t<\/div>\n\t\t<\/div>\n\t\t\t\t\t<\/div>\n\t\t<\/section>\n\t\t\t\t<section class=\"elementor-section elementor-top-section elementor-element elementor-element-178c1fff elementor-section-stretched elementor-section-boxed elementor-section-height-default elementor-section-height-default\" data-id=\"178c1fff\" data-element_type=\"section\" data-e-type=\"section\" data-settings='{\"stretch_section\":\"section-stretched\"}'>\n\t\t\t\t\t\t<div class=\"elementor-container elementor-column-gap-extended\">\n\t\t\t\t\t<div class=\"elementor-column elementor-col-100 elementor-top-column elementor-element elementor-element-1c5552e\" data-id=\"1c5552e\" data-element_type=\"column\" data-e-type=\"column\">\n\t\t\t<div class=\"elementor-widget-wrap elementor-element-populated\">\n\t\t\t\t\t\t<div class=\"elementor-element elementor-element-4b36844 elementor-widget elementor-widget-text-editor\" data-id=\"4b36844\" data-element_type=\"widget\" data-e-type=\"widget\" data-widget_type=\"text-editor.default\">\n\t\t\t\t<div class=\"elementor-widget-container\">\n\t\t\t\t\t\t\t\t\t<h2>Rozhodovacie a poradn\u00e9 org\u00e1ny<\/h2><p>The <strong>Zhroma\u017edenie \u010dlenov<\/strong> (AoM) je riadiacim org\u00e1nom ALT-EDIC. Spomedzi svojich \u010dlenov si vol\u00ed predsedu a podpredsedu. AoM vymen\u00fava riadite\u013ea ALT-EDIC.<\/p><p>The <strong>riadite\u013e<\/strong> je pr\u00e1vnym z\u00e1stupcom konzorcia ALT-EDIC, vykon\u00e1va jeho ka\u017edodenn\u00e9 \u010dinnosti a je zodpovedn\u00fd za vykon\u00e1vanie rozhodnut\u00ed AoM.<\/p><p>The <strong>V\u00fdbor pre strategick\u00fa orient\u00e1ciu<\/strong>, ktor\u00e1 sa sklad\u00e1 zo z\u00e1stupcov poslancov zvolen\u00fdch valn\u00fdm zhroma\u017eden\u00edm a konzorciom ALT-EDIC? <strong>Priemyseln\u00e9 konzorcium<\/strong>, podporuje AoM a riadite\u013ea.<\/p><p>The <strong>Vedeck\u00e1 a technick\u00e1 poradn\u00e1 rada<\/strong> a <strong>Pr\u00e1vna a etick\u00e1 poradn\u00e1 rada<\/strong>, ktor\u00e9 s\u00fa zlo\u017een\u00e9 z odborn\u00edkov z pr\u00edslu\u0161n\u00fdch oblast\u00ed, vymen\u00fava povo\u013euj\u00faci \u00faradn\u00edk vymenovan\u00fd delegovan\u00edm.<\/p><h2>Z\u00e1stupcovia ALT-EDIC<\/h2><ul><li>predseda AoM: p\u00e1n Thibault GROUAS<\/li><li>Podpredseda AoM: p\u00e1n Juan Martinez SAMALEA<\/li><\/ul><h2>Referen\u010dn\u00e9 dokumenty<\/h2><h3>Rozhodnutie Komisie o vytvoren\u00ed konzorcia ALT-EDIC<\/h3><ul><li><a href=\"https:\/\/eur-lex.europa.eu\/eli\/dec_impl\/2024\/458\/oj\">Vykon\u00e1vacie rozhodnutie Komisie o zriaden\u00ed Konzorcia pre eur\u00f3psku digit\u00e1lnu infra\u0161trukt\u00faru Aliancie pre jazykov\u00e9 technol\u00f3gie (ALT-EDIC)<\/a><\/li><\/ul><h3>Stanovy ALT-EDIC<\/h3><ul><li><a style=\"color: #000000;\" href=\"https:\/\/alt-edic.eu\/wp-content\/uploads\/2025\/01\/2024-12-17-Adopted-ALT-EDIC-Statutes-v3.0.2.pdf\"><u>Anglick\u00e1 verzia<\/u><\/a><\/li><li><a style=\"color: #000000;\" href=\"https:\/\/alt-edic.eu\/wp-content\/uploads\/2025\/01\/2024-12-17-Adopted-ALT-EDIC-Statutes-v3.0.2-FR.pdf\"><u>Franc\u00fazska verzia<\/u><\/a><\/li><\/ul><h3>Rozl\u00ed\u0161enie AoM ALT-EDIC<\/h3><ul><li><span style=\"text-decoration: underline;\"><a style=\"outline: 0px;\" href=\"https:\/\/alt-edic.eu\/wp-content\/uploads\/2024\/12\/27-09-2024-Adopted-ALT-EDIC-Resolutions.pdf\">Prijat\u00e9 uznesenie ALT-EDIC 27. septembra 2024<\/a><\/span><\/li><li><span style=\"text-decoration: underline;\"><a style=\"outline: 0px;\" href=\"https:\/\/alt-edic.eu\/wp-content\/uploads\/2024\/12\/28_08_2024-Adopted-ALT-EDIC-Resolution.pdf\">Prijat\u00e9 uznesenie ALT-EDIC 28. augusta 2024<\/a><\/span><\/li><li><span style=\"text-decoration: underline;\"><a href=\"https:\/\/alt-edic.eu\/wp-content\/uploads\/2024\/12\/27-05-2024-Adopted-Resolutions.pdf\">Prijat\u00e9 uznesenie ALT-EDIC 27. m\u00e1ja 2024<\/a><\/span><\/li><li><a href=\"https:\/\/alt-edic.eu\/wp-content\/uploads\/2024\/12\/8_03_2024-Adopted-ALT-EDIC-Resolution.pdf\"><span style=\"text-decoration: underline;\">Prijat\u00e9 uznesenie ALT-EDIC 8. marca 2024<\/span><\/a><\/li><\/ul>\t\t\t\t\t\t\t\t<\/div>\n\t\t\t\t<\/div>\n\t\t\t\t\t<\/div>\n\t\t<\/div>\n\t\t\t\t\t<\/div>\n\t\t<\/section>\n\t\t\t\t<\/div>","protected":false},"excerpt":{"rendered":"<p>Aliancia pre jazykov\u00e9 technol\u00f3gie (ALT-EDIC) je Konzorcium pre eur\u00f3psku digit\u00e1lnu infra\u0161trukt\u00faru, \u010do je druh pr\u00e1vnej \u0161trukt\u00fary vytvorenej v r\u00e1mci politick\u00e9ho programu Digit\u00e1lne desa\u0165ro\u010die do roku 2030. Riadi ho zhroma\u017edenie \u010dlenov zlo\u017een\u00e9 z \u010dlensk\u00fdch \u0161t\u00e1tov Eur\u00f3pskeho hospod\u00e1rskeho priestoru (EHP) a pod\u00e1va spr\u00e1vy Eur\u00f3pskej komisii. Rozhodovacie a poradn\u00e9 org\u00e1ny [\u2026]<\/p>","protected":false},"author":1,"featured_media":0,"parent":0,"menu_order":0,"comment_status":"closed","ping_status":"closed","template":"","meta":{"footnotes":""},"class_list":["post-8944","page","type-page","status-publish","hentry"],"aioseo_notices":[],"_links":{"self":[{"href":"http:\/\/www.alt-edic.eu\/sk\/wp-json\/wp\/v2\/pages\/8944","targetHints":{"allow":["GET"]}}],"collection":[{"href":"http:\/\/www.alt-edic.eu\/sk\/wp-json\/wp\/v2\/pages"}],"about":[{"href":"http:\/\/www.alt-edic.eu\/sk\/wp-json\/wp\/v2\/types\/page"}],"author":[{"embeddable":true,"href":"http:\/\/www.alt-edic.eu\/sk\/wp-json\/wp\/v2\/users\/1"}],"replies":[{"embeddable":true,"href":"http:\/\/www.alt-edic.eu\/sk\/wp-json\/wp\/v2\/comments?post=8944"}],"version-history":[{"count":0,"href":"http:\/\/www.alt-edic.eu\/sk\/wp-json\/wp\/v2\/pages\/8944\/revisions"}],"wp:attachment":[{"href":"http:\/\/www.alt-edic.eu\/sk\/wp-json\/wp\/v2\/media?parent=8944"}],"curies":[{"name":"wp","href":"https:\/\/api.w.org\/{rel}","templated":true}]}}