{"id":1861,"date":"2021-11-15T02:31:04","date_gmt":"2021-11-15T02:31:04","guid":{"rendered":"https:\/\/apusthemes.com\/wp-demo\/superio\/?page_id=1861"},"modified":"2025-01-02T11:43:27","modified_gmt":"2025-01-02T10:43:27","slug":"job-offers","status":"publish","type":"page","link":"http:\/\/www.alt-edic.eu\/sk\/job-offers\/","title":{"rendered":"<p>Pracovn\u00e9 ponuky<\/p>"},"content":{"rendered":"<div data-elementor-type=\"wp-page\" data-elementor-id=\"1861\" class=\"elementor elementor-1861\" data-elementor-post-type=\"page\">\n\t\t\t\t<div class=\"elementor-element elementor-element-65bd0b32 e-flex e-con-boxed e-con e-parent\" data-id=\"65bd0b32\" data-element_type=\"container\" data-e-type=\"container\">\n\t\t\t\t\t<div class=\"e-con-inner\">\n\t\t\t\t<div class=\"elementor-element elementor-element-264f76f8 elementor-widget elementor-widget-text-editor\" data-id=\"264f76f8\" data-element_type=\"widget\" data-e-type=\"widget\" data-widget_type=\"text-editor.default\">\n\t\t\t\t<div class=\"elementor-widget-container\">\n\t\t\t\t\t\t\t\t\t<p><\/p><div class=\"jobs-listing-wrapper main-items-wrapper\" data-display_mode=\"list\">\n\t<div class=\"jobs-alert-ordering-wrapper\">\n<div class=\"results-count\">\n\tZobrazi\u0165 v\u0161etky 4 v\u00fdsledky<\/div><div class=\"jobs-ordering-wrapper\">\n\t<form class=\"jobs-ordering\" method=\"get\" action=\"http:\/\/www.alt-edic.eu\/sk\/job-offers\/\" data-etm-original-action=\"http:\/\/www.alt-edic.eu\/sk\/job-offers\/\">\n\t\t<select name=\"filter-orderby\" class=\"orderby\" data-placeholder=\"Sort by\">\n\t\t\t\t\t\t\t<option value=\"menu_order\" selected>Zoradi\u0165 pod\u013ea (Predvolen\u00e9)<\/option>\n\t\t\t\t\t\t\t<option value=\"newest\">Najnov\u0161ie<\/option>\n\t\t\t\t\t\t\t<option value=\"oldest\">Najstar\u0161ie<\/option>\n\t\t\t\t\t\t\t<option value=\"random\">N\u00e1hodn\u00e9<\/option>\n\t\t\t\t\t<\/select>\n\t\t<input type=\"hidden\" name=\"paged\" value=\"1\">\n\t\t\t<input type=\"hidden\" name=\"etm-form-language\" value=\"sk\"\/><\/form>\n<\/div>\n<\/div>\n\n\t\t\t\t\t\t\n\t\t\t<div class=\"jobs-wrapper items-wrapper\">\n\t\t\t\t\t\t\t\t<div class=\"row items-wrapper-list-v4\">\n\t\t\t\t\t\t\t\t\t\t\t<div class=\"item-job col-sm-6 col-md-6 col-xs-12 lg-clearfix md-clearfix sm-clearfix\">\n\t\t\t\t\t\t\t<article id=\"post-10889\" class=\"map-item layout-job job-list v2 post-10889 job_listing type-job_listing status-publish hentry job_listing_type-full-time job_listing_category-development job_listing_category-it job_listing_category-language-technologies job_listing_category-programming job_listing_location-villers-cotterets\" data-latitude=\"\" data-longitude=\"\" data-img=\"https:\/\/www.alt-edic.eu\/wp-content\/uploads\/2021\/03\/favicon_blue_alt_edic_small_2025-150x150.png\">\n    <div class=\"clearfix\">\n        <a href=\"javascript:void(0);\" class=\"btn-follow btn-action-job btn-add-job-shortlist\" data-job_id=\"10889\" data-nonce=\"ee3a90ba1b\"><i class=\"flaticon-bookmark\"><\/i><\/a>        <div class=\"employer-logo\">\r\n    \t        \t<a href=\"http:\/\/www.alt-edic.eu\/sk\/job-offers\/it-systems-engineer\/\">\r\n                \t\t<img decoding=\"async\" width=\"150\" height=\"150\" src=\"https:\/\/www.alt-edic.eu\/wp-content\/uploads\/2021\/03\/favicon_blue_alt_edic_small_2025-150x150.png\" class=\"attachment-thumbnail size-thumbnail\" alt=\"\" srcset=\"https:\/\/www.alt-edic.eu\/wp-content\/uploads\/2021\/03\/favicon_blue_alt_edic_small_2025-150x150.png 150w, https:\/\/www.alt-edic.eu\/wp-content\/uploads\/2021\/03\/favicon_blue_alt_edic_small_2025-300x300.png 300w, https:\/\/www.alt-edic.eu\/wp-content\/uploads\/2021\/03\/favicon_blue_alt_edic_small_2025-12x12.png 12w, https:\/\/www.alt-edic.eu\/wp-content\/uploads\/2021\/03\/favicon_blue_alt_edic_small_2025.png 400w\" sizes=\"(max-width: 150px) 100vw, 150px\">                \t<\/a>\r\n            <\/div>        <div class=\"job-list-content\">\n            <div class=\"title-wrapper flex-middle-sm\">\n                <h2 class=\"job-title\"><a href=\"http:\/\/www.alt-edic.eu\/sk\/job-offers\/it-systems-engineer\/\" rel=\"bookmark\">In\u017einier IT syst\u00e9mov<\/a><\/h2>                                            <\/div>\n            <div class=\"job-metas\">\n                \t\t<div class=\"category-job\">\r\n\t\t\t\t\t\t\t<div class=\"job-category with-icon\">\r\n\t\t\t\t\t\t\t\t\t\t<i class=\"flaticon-briefcase-1\"><\/i>\r\n\t\t\t\t\t\t\t\t\t\t\t\t\t\t\t\t<a href=\"http:\/\/www.alt-edic.eu\/sk\/job-category\/development\/\" style=\"\">Rozvoj<\/a>, \r\n\t\t\t\t\t\t\t\r\n\t\t        \t\t\t\t\t\t\t\t\t\t\t\t\t\t<a href=\"http:\/\/www.alt-edic.eu\/sk\/job-category\/it\/\" style=\"\">IT<\/a>, \r\n\t\t\t\t\t\t\t\r\n\t\t        \t\t\t\t\t\t\t\t\t\t\t\t\t\t<a href=\"http:\/\/www.alt-edic.eu\/sk\/job-category\/language-technologies\/\" style=\"\">Jazykov\u00e9 technol\u00f3gie<\/a>, \r\n\t\t\t\t\t\t\t\r\n\t\t        \t\t\t\t\t\t\t\t\t\t\t\t\t\t<a href=\"http:\/\/www.alt-edic.eu\/sk\/job-category\/programming\/\" style=\"\">Programovanie<\/a>\r\n\t\t\t\t\t\t\t\r\n\t\t        \t\t    \t<\/div>\r\n\t    <\/div>\r\n    \t                <div class=\"job-location\">\r\n\t\t\t\t            <i class=\"flaticon-location\"><\/i>\r\n\t                                    <a href=\"http:\/\/www.alt-edic.eu\/sk\/job-location\/villers-cotterets\/\">Villers-Cotter\u00eats \/ hybridn\u00fd<\/a>                    <\/div>            <\/div>\n        <\/div>\n    <\/div>\n<\/article><!-- #post-## -->\n\t\t\t\t\t\t<\/div>\n\t\t\t\t\t\t\t\t\t\t\t<div class=\"item-job col-sm-6 col-md-6 col-xs-12\">\n\t\t\t\t\t\t\t<article id=\"post-8918\" class=\"map-item layout-job job-list v2 post-8918 job_listing type-job_listing status-publish hentry job_listing_type-full-time job_listing_category-language-technologies job_listing_category-lt-evaluation job_listing_category-project-management job_listing_location-villers-cotterets job_listing_tag-experience-with-lt-evaluation job_listing_tag-language-technologies job_listing_tag-project-management\" data-latitude=\"\" data-longitude=\"\" data-img=\"https:\/\/www.alt-edic.eu\/wp-content\/uploads\/2021\/03\/favicon_blue_alt_edic_small_2025-150x150.png\">\n    <div class=\"clearfix\">\n        <a href=\"javascript:void(0);\" class=\"btn-follow btn-action-job btn-add-job-shortlist\" data-job_id=\"8918\" data-nonce=\"ee3a90ba1b\"><i class=\"flaticon-bookmark\"><\/i><\/a>        <div class=\"employer-logo\">\r\n    \t        \t<a href=\"http:\/\/www.alt-edic.eu\/sk\/job-offers\/language-technology-evaluation-manager\/\">\r\n                \t\t<img decoding=\"async\" width=\"150\" height=\"150\" src=\"https:\/\/www.alt-edic.eu\/wp-content\/uploads\/2021\/03\/favicon_blue_alt_edic_small_2025-150x150.png\" class=\"attachment-thumbnail size-thumbnail wp-post-image\" alt=\"\" srcset=\"https:\/\/www.alt-edic.eu\/wp-content\/uploads\/2021\/03\/favicon_blue_alt_edic_small_2025-150x150.png 150w, https:\/\/www.alt-edic.eu\/wp-content\/uploads\/2021\/03\/favicon_blue_alt_edic_small_2025-300x300.png 300w, https:\/\/www.alt-edic.eu\/wp-content\/uploads\/2021\/03\/favicon_blue_alt_edic_small_2025-12x12.png 12w, https:\/\/www.alt-edic.eu\/wp-content\/uploads\/2021\/03\/favicon_blue_alt_edic_small_2025.png 400w\" sizes=\"(max-width: 150px) 100vw, 150px\">            \t                \t<\/a>\r\n            <\/div>        <div class=\"job-list-content\">\n            <div class=\"title-wrapper flex-middle-sm\">\n                <h2 class=\"job-title\"><a href=\"http:\/\/www.alt-edic.eu\/sk\/job-offers\/language-technology-evaluation-manager\/\" rel=\"bookmark\">Mana\u017e\u00e9r pre hodnotenie jazykov\u00fdch technol\u00f3gi\u00ed<\/a><\/h2>                                            <\/div>\n            <div class=\"job-metas\">\n                \t\t<div class=\"category-job\">\r\n\t\t\t\t\t\t\t<div class=\"job-category with-icon\">\r\n\t\t\t\t\t\t\t\t\t\t<i class=\"flaticon-briefcase-1\"><\/i>\r\n\t\t\t\t\t\t\t\t\t\t\t\t\t\t\t\t<a href=\"http:\/\/www.alt-edic.eu\/sk\/job-category\/language-technologies\/\" style=\"\">Jazykov\u00e9 technol\u00f3gie<\/a>, \r\n\t\t\t\t\t\t\t\r\n\t\t        \t\t\t\t\t\t\t\t\t\t\t\t\t\t<a href=\"http:\/\/www.alt-edic.eu\/sk\/job-category\/lt-evaluation\/\" style=\"\">Hodnotenie LT<\/a>, \r\n\t\t\t\t\t\t\t\r\n\t\t        \t\t\t\t\t\t\t\t\t\t\t\t\t\t<a href=\"http:\/\/www.alt-edic.eu\/sk\/job-category\/project-management\/\" style=\"\">Riadenie projektov<\/a>\r\n\t\t\t\t\t\t\t\r\n\t\t        \t\t    \t<\/div>\r\n\t    <\/div>\r\n    \t                <div class=\"job-location\">\r\n\t\t\t\t            <i class=\"flaticon-location\"><\/i>\r\n\t                                    <a href=\"http:\/\/www.alt-edic.eu\/sk\/job-location\/villers-cotterets\/\">Villers-Cotter\u00eats \/ hybridn\u00fd<\/a>                    <\/div>            <\/div>\n        <\/div>\n    <\/div>\n<\/article><!-- #post-## -->\n\t\t\t\t\t\t<\/div>\n\t\t\t\t\t\t\t\t\t\t\t<div class=\"item-job col-sm-6 col-md-6 col-xs-12 lg-clearfix md-clearfix sm-clearfix\">\n\t\t\t\t\t\t\t<article id=\"post-8917\" class=\"map-item layout-job job-list v2 post-8917 job_listing type-job_listing status-publish hentry job_listing_type-full-time job_listing_category-data-annotation job_listing_category-language-technologies job_listing_category-linguistics job_listing_category-project-management job_listing_location-villers-cotterets job_listing_tag-developping-annotation-guidelines job_listing_tag-knowledge-of-language-technologies job_listing_tag-linguistics job_listing_tag-managing-data\" data-latitude=\"\" data-longitude=\"\" data-img=\"https:\/\/www.alt-edic.eu\/wp-content\/uploads\/2021\/03\/favicon_blue_alt_edic_small_2025-150x150.png\">\n    <div class=\"clearfix\">\n        <a href=\"javascript:void(0);\" class=\"btn-follow btn-action-job btn-add-job-shortlist\" data-job_id=\"8917\" data-nonce=\"ee3a90ba1b\"><i class=\"flaticon-bookmark\"><\/i><\/a>        <div class=\"employer-logo\">\r\n    \t        \t<a href=\"http:\/\/www.alt-edic.eu\/sk\/job-offers\/linguistic-data-manager\/\">\r\n                \t\t<img decoding=\"async\" width=\"150\" height=\"150\" src=\"https:\/\/www.alt-edic.eu\/wp-content\/uploads\/2021\/03\/favicon_blue_alt_edic_small_2025-150x150.png\" class=\"attachment-thumbnail size-thumbnail wp-post-image\" alt=\"\" srcset=\"https:\/\/www.alt-edic.eu\/wp-content\/uploads\/2021\/03\/favicon_blue_alt_edic_small_2025-150x150.png 150w, https:\/\/www.alt-edic.eu\/wp-content\/uploads\/2021\/03\/favicon_blue_alt_edic_small_2025-300x300.png 300w, https:\/\/www.alt-edic.eu\/wp-content\/uploads\/2021\/03\/favicon_blue_alt_edic_small_2025-12x12.png 12w, https:\/\/www.alt-edic.eu\/wp-content\/uploads\/2021\/03\/favicon_blue_alt_edic_small_2025.png 400w\" sizes=\"(max-width: 150px) 100vw, 150px\">            \t                \t<\/a>\r\n            <\/div>        <div class=\"job-list-content\">\n            <div class=\"title-wrapper flex-middle-sm\">\n                <h2 class=\"job-title\"><a href=\"http:\/\/www.alt-edic.eu\/sk\/job-offers\/linguistic-data-manager\/\" rel=\"bookmark\">Spr\u00e1vca jazykov\u00fdch \u00fadajov<\/a><\/h2>                                            <\/div>\n            <div class=\"job-metas\">\n                \t\t<div class=\"category-job\">\r\n\t\t\t\t\t\t\t<div class=\"job-category with-icon\">\r\n\t\t\t\t\t\t\t\t\t\t<i class=\"flaticon-briefcase-1\"><\/i>\r\n\t\t\t\t\t\t\t\t\t\t\t\t\t\t\t\t<a href=\"http:\/\/www.alt-edic.eu\/sk\/job-category\/data-annotation\/\" style=\"\">Anot\u00e1cia \u00fadajov<\/a>, \r\n\t\t\t\t\t\t\t\r\n\t\t        \t\t\t\t\t\t\t\t\t\t\t\t\t\t<a href=\"http:\/\/www.alt-edic.eu\/sk\/job-category\/language-technologies\/\" style=\"\">Jazykov\u00e9 technol\u00f3gie<\/a>, \r\n\t\t\t\t\t\t\t\r\n\t\t        \t\t\t\t\t\t\t\t\t\t\t\t\t\t<a href=\"http:\/\/www.alt-edic.eu\/sk\/job-category\/linguistics\/\" style=\"\">Jazykov\u00e9 znalosti<\/a>, \r\n\t\t\t\t\t\t\t\r\n\t\t        \t\t\t\t\t\t\t\t\t\t\t\t\t\t<a href=\"http:\/\/www.alt-edic.eu\/sk\/job-category\/project-management\/\" style=\"\">Riadenie projektov<\/a>\r\n\t\t\t\t\t\t\t\r\n\t\t        \t\t    \t<\/div>\r\n\t    <\/div>\r\n    \t                <div class=\"job-location\">\r\n\t\t\t\t            <i class=\"flaticon-location\"><\/i>\r\n\t                                    <a href=\"http:\/\/www.alt-edic.eu\/sk\/job-location\/villers-cotterets\/\">Villers-Cotter\u00eats \/ hybridn\u00fd<\/a>                    <\/div>            <\/div>\n        <\/div>\n    <\/div>\n<\/article><!-- #post-## -->\n\t\t\t\t\t\t<\/div>\n\t\t\t\t\t\t\t\t\t\t\t<div class=\"item-job col-sm-6 col-md-6 col-xs-12\">\n\t\t\t\t\t\t\t<article id=\"post-8919\" class=\"map-item layout-job job-list v2 post-8919 job_listing type-job_listing status-publish hentry job_listing_type-full-time job_listing_category-development job_listing_category-language-technologies job_listing_category-programming job_listing_location-villers-cotterets job_listing_tag-development job_listing_tag-language-technologies job_listing_tag-programming\" data-latitude=\"\" data-longitude=\"\" data-img=\"https:\/\/www.alt-edic.eu\/wp-content\/uploads\/2021\/03\/favicon_blue_alt_edic_small_2025-150x150.png\">\n    <div class=\"clearfix\">\n        <a href=\"javascript:void(0);\" class=\"btn-follow btn-action-job btn-add-job-shortlist\" data-job_id=\"8919\" data-nonce=\"ee3a90ba1b\"><i class=\"flaticon-bookmark\"><\/i><\/a>        <div class=\"employer-logo\">\r\n    \t        \t<a href=\"http:\/\/www.alt-edic.eu\/sk\/job-offers\/software-developer\/\">\r\n                \t\t<img decoding=\"async\" width=\"150\" height=\"150\" src=\"https:\/\/www.alt-edic.eu\/wp-content\/uploads\/2021\/03\/favicon_blue_alt_edic_small_2025-150x150.png\" class=\"attachment-thumbnail size-thumbnail wp-post-image\" alt=\"\" srcset=\"https:\/\/www.alt-edic.eu\/wp-content\/uploads\/2021\/03\/favicon_blue_alt_edic_small_2025-150x150.png 150w, https:\/\/www.alt-edic.eu\/wp-content\/uploads\/2021\/03\/favicon_blue_alt_edic_small_2025-300x300.png 300w, https:\/\/www.alt-edic.eu\/wp-content\/uploads\/2021\/03\/favicon_blue_alt_edic_small_2025-12x12.png 12w, https:\/\/www.alt-edic.eu\/wp-content\/uploads\/2021\/03\/favicon_blue_alt_edic_small_2025.png 400w\" sizes=\"(max-width: 150px) 100vw, 150px\">            \t                \t<\/a>\r\n            <\/div>        <div class=\"job-list-content\">\n            <div class=\"title-wrapper flex-middle-sm\">\n                <h2 class=\"job-title\"><a href=\"http:\/\/www.alt-edic.eu\/sk\/job-offers\/software-developer\/\" rel=\"bookmark\">Softv\u00e9rov\u00fd v\u00fdvoj\u00e1r<\/a><\/h2>                                            <\/div>\n            <div class=\"job-metas\">\n                \t\t<div class=\"category-job\">\r\n\t\t\t\t\t\t\t<div class=\"job-category with-icon\">\r\n\t\t\t\t\t\t\t\t\t\t<i class=\"flaticon-briefcase-1\"><\/i>\r\n\t\t\t\t\t\t\t\t\t\t\t\t\t\t\t\t<a href=\"http:\/\/www.alt-edic.eu\/sk\/job-category\/development\/\" style=\"\">Rozvoj<\/a>, \r\n\t\t\t\t\t\t\t\r\n\t\t        \t\t\t\t\t\t\t\t\t\t\t\t\t\t<a href=\"http:\/\/www.alt-edic.eu\/sk\/job-category\/language-technologies\/\" style=\"\">Jazykov\u00e9 technol\u00f3gie<\/a>, \r\n\t\t\t\t\t\t\t\r\n\t\t        \t\t\t\t\t\t\t\t\t\t\t\t\t\t<a href=\"http:\/\/www.alt-edic.eu\/sk\/job-category\/programming\/\" style=\"\">Programovanie<\/a>\r\n\t\t\t\t\t\t\t\r\n\t\t        \t\t    \t<\/div>\r\n\t    <\/div>\r\n    \t                <div class=\"job-location\">\r\n\t\t\t\t            <i class=\"flaticon-location\"><\/i>\r\n\t                                    <a href=\"http:\/\/www.alt-edic.eu\/sk\/job-location\/villers-cotterets\/\">Villers-Cotter\u00eats \/ hybridn\u00fd<\/a>                    <\/div>            <\/div>\n        <\/div>\n    <\/div>\n<\/article><!-- #post-## -->\n\t\t\t\t\t\t<\/div>\n\t\t\t\t\t\t\t\t\t<\/div>\n\t\t\t<\/div>\n\n\t\t\t\n\t\n\t<\/div><div class=\"jobs-pagination-wrapper main-pagination-wrapper\">\n\t<\/div>\n\t\t\t\t\t\t\t\t<\/div>\n\t\t\t\t<\/div>\n\t\t\t\t\t<\/div>\n\t\t\t\t<\/div>\n\t\t\t\t<\/div>","protected":false},"excerpt":{"rendered":"","protected":false},"author":1,"featured_media":0,"parent":0,"menu_order":0,"comment_status":"closed","ping_status":"closed","template":"page-jobs.php","meta":{"footnotes":""},"class_list":["post-1861","page","type-page","status-publish","hentry"],"aioseo_notices":[],"_links":{"self":[{"href":"http:\/\/www.alt-edic.eu\/sk\/wp-json\/wp\/v2\/pages\/1861","targetHints":{"allow":["GET"]}}],"collection":[{"href":"http:\/\/www.alt-edic.eu\/sk\/wp-json\/wp\/v2\/pages"}],"about":[{"href":"http:\/\/www.alt-edic.eu\/sk\/wp-json\/wp\/v2\/types\/page"}],"author":[{"embeddable":true,"href":"http:\/\/www.alt-edic.eu\/sk\/wp-json\/wp\/v2\/users\/1"}],"replies":[{"embeddable":true,"href":"http:\/\/www.alt-edic.eu\/sk\/wp-json\/wp\/v2\/comments?post=1861"}],"version-history":[{"count":0,"href":"http:\/\/www.alt-edic.eu\/sk\/wp-json\/wp\/v2\/pages\/1861\/revisions"}],"wp:attachment":[{"href":"http:\/\/www.alt-edic.eu\/sk\/wp-json\/wp\/v2\/media?parent=1861"}],"curies":[{"name":"wp","href":"https:\/\/api.w.org\/{rel}","templated":true}]}}