{"id":10575,"date":"2025-02-04T07:44:01","date_gmt":"2025-02-04T06:44:01","guid":{"rendered":"https:\/\/alt-edic.eu\/?page_id=10575"},"modified":"2026-01-20T10:11:27","modified_gmt":"2026-01-20T09:11:27","slug":"openeurollm","status":"publish","type":"page","link":"http:\/\/www.alt-edic.eu\/sk\/projects\/openeurollm\/","title":{"rendered":"<p>OpenEuroLLM<\/p>"},"content":{"rendered":"<div data-elementor-type=\"wp-page\" data-elementor-id=\"10575\" class=\"elementor elementor-10575\" data-elementor-post-type=\"page\">\n\t\t\t\t\t\t<section class=\"elementor-section elementor-top-section elementor-element elementor-element-1577bd88 elementor-section-stretched elementor-section-boxed elementor-section-height-default elementor-section-height-default\" data-id=\"1577bd88\" data-element_type=\"section\" data-e-type=\"section\" data-settings='{\"stretch_section\":\"section-stretched\",\"background_background\":\"gradient\"}'>\n\t\t\t\t\t\t<div class=\"elementor-container elementor-column-gap-extended\">\n\t\t\t\t\t<div class=\"elementor-column elementor-col-50 elementor-top-column elementor-element elementor-element-70dc39ba\" data-id=\"70dc39ba\" data-element_type=\"column\" data-e-type=\"column\">\n\t\t\t<div class=\"elementor-widget-wrap elementor-element-populated\">\n\t\t\t\t\t\t<div class=\"elementor-element elementor-element-51cabebb elementor-widget elementor-widget-heading\" data-id=\"51cabebb\" data-element_type=\"widget\" data-e-type=\"widget\" data-widget_type=\"heading.default\">\n\t\t\t\t<div class=\"elementor-widget-container\">\n\t\t\t\t\t<h1 class=\"elementor-heading-title elementor-size-default\">OpenEuroLLM<\/h1>\t\t\t\t<\/div>\n\t\t\t\t<\/div>\n\t\t\t\t<div class=\"elementor-element elementor-element-1f4ee8af elementor-widget elementor-widget-text-editor\" data-id=\"1f4ee8af\" data-element_type=\"widget\" data-e-type=\"widget\" data-widget_type=\"text-editor.default\">\n\t\t\t\t<div class=\"elementor-widget-container\">\n\t\t\t\t\t\t\t\t\t<p><strong>Projekt OpenEuroLLM (Otvoren\u00e1 eur\u00f3pska rodina ve\u013ek\u00fdch jazykov\u00fdch modelov) zdru\u017euje popredn\u00e9 eur\u00f3pske spolo\u010dnosti v oblasti umelej inteligencie a v\u00fdskumn\u00e9 in\u0161tit\u00facie, aby vyvinuli jazykov\u00e9 modely s otvoren\u00fdm zdrojov\u00fdm k\u00f3dom novej gener\u00e1cie.<\/strong><\/p>\t\t\t\t\t\t\t\t<\/div>\n\t\t\t\t<\/div>\n\t\t\t\t\t<\/div>\n\t\t<\/div>\n\t\t\t\t<div class=\"elementor-column elementor-col-50 elementor-top-column elementor-element elementor-element-286565d9 elementor-hidden-tablet elementor-hidden-phone\" data-id=\"286565d9\" data-element_type=\"column\" data-e-type=\"column\">\n\t\t\t<div class=\"elementor-widget-wrap\">\n\t\t\t\t\t\t\t<\/div>\n\t\t<\/div>\n\t\t\t\t\t<\/div>\n\t\t<\/section>\n\t\t\t\t<section class=\"elementor-section elementor-top-section elementor-element elementor-element-2a82150a elementor-section-stretched elementor-section-boxed elementor-section-height-default elementor-section-height-default\" data-id=\"2a82150a\" data-element_type=\"section\" data-e-type=\"section\" data-settings='{\"stretch_section\":\"section-stretched\"}'>\n\t\t\t\t\t\t<div class=\"elementor-container elementor-column-gap-extended\">\n\t\t\t\t\t<div class=\"elementor-column elementor-col-50 elementor-top-column elementor-element elementor-element-4dc940b2 elementor-invisible\" data-id=\"4dc940b2\" data-element_type=\"column\" data-e-type=\"column\" data-settings='{\"animation\":\"slide-left\",\"animation_delay\":200}'>\n\t\t\t<div class=\"elementor-widget-wrap elementor-element-populated\">\n\t\t\t\t\t\t<div class=\"elementor-element elementor-element-2fa08fbe elementor-widget elementor-widget-text-editor\" data-id=\"2fa08fbe\" data-element_type=\"widget\" data-e-type=\"widget\" data-widget_type=\"text-editor.default\">\n\t\t\t\t<div class=\"elementor-widget-container\">\n\t\t\t\t\t\t\t\t\t<p>Projekt OpenEuroLLM vybuduje rodinu vysokov\u00fdkonn\u00fdch viacjazy\u010dn\u00fdch modelov ve\u013ek\u00fdch jazykov\u00fdch z\u00e1kladov pre komer\u010dn\u00e9, priemyseln\u00e9 a verejn\u00e9 slu\u017eby. Transparentn\u00e9 a vyhovuj\u00face modely s otvoren\u00fdm zdrojov\u00fdm k\u00f3dom demokratizuj\u00fa pr\u00edstup k vysokokvalitn\u00fdm technol\u00f3gi\u00e1m umelej inteligencie a posilnia schopnos\u0165 eur\u00f3pskych spolo\u010dnost\u00ed konkurova\u0165 na glob\u00e1lnom trhu a verejn\u00fdch organiz\u00e1ci\u00ed vytv\u00e1ra\u0165 \u00fa\u010dinn\u00e9 verejn\u00e9 slu\u017eby. Projektov\u00e9 konzorcium zdru\u017euje 20 popredn\u00fdch eur\u00f3pskych v\u00fdskumn\u00fdch in\u0161tit\u00faci\u00ed a centier EuroHPC koordinovan\u00fdch Karlovou univerzitou (\u010cesko) a pod spolo\u010dn\u00fdm veden\u00edm AMD Silo AI (F\u00ednsko). ALT-EDIC prin\u00e1\u0161a do projektu svoju schopnos\u0165 tvorby a riadenia jazykov\u00fdch d\u00e1t, hodnotenia jazykov\u00fdch technol\u00f3gi\u00ed a budovania komun\u00edt.<\/p>\t\t\t\t\t\t\t\t<\/div>\n\t\t\t\t<\/div>\n\t\t\t\t\t<\/div>\n\t\t<\/div>\n\t\t\t\t<div class=\"elementor-column elementor-col-50 elementor-top-column elementor-element elementor-element-169741bd elementor-hidden-tablet elementor-hidden-phone elementor-invisible\" data-id=\"169741bd\" data-element_type=\"column\" data-e-type=\"column\" data-settings='{\"animation\":\"slide-right\"}'>\n\t\t\t<div class=\"elementor-widget-wrap elementor-element-populated\">\n\t\t\t\t\t\t<div class=\"elementor-element elementor-element-47d0ea elementor-widget elementor-widget-image\" data-id=\"47d0ea\" data-element_type=\"widget\" data-e-type=\"widget\" data-widget_type=\"image.default\">\n\t\t\t\t<div class=\"elementor-widget-container\">\n\t\t\t\t\t\t\t\t\t\t\t\t\t\t\t<img fetchpriority=\"high\" decoding=\"async\" width=\"800\" height=\"537\" src=\"https:\/\/www.alt-edic.eu\/wp-content\/uploads\/2026\/01\/Project-page-images-3-e1768900277855.png\" class=\"attachment-full size-full wp-image-11112\" alt=\"\" srcset=\"https:\/\/www.alt-edic.eu\/wp-content\/uploads\/2026\/01\/Project-page-images-3-e1768900277855.png 800w, https:\/\/www.alt-edic.eu\/wp-content\/uploads\/2026\/01\/Project-page-images-3-e1768900277855-300x201.png 300w, https:\/\/www.alt-edic.eu\/wp-content\/uploads\/2026\/01\/Project-page-images-3-e1768900277855-768x516.png 768w, https:\/\/www.alt-edic.eu\/wp-content\/uploads\/2026\/01\/Project-page-images-3-e1768900277855-18x12.png 18w\" sizes=\"(max-width: 800px) 100vw, 800px\">\t\t\t\t\t\t\t\t\t\t\t\t\t\t\t<\/div>\n\t\t\t\t<\/div>\n\t\t\t\t\t<\/div>\n\t\t<\/div>\n\t\t\t\t\t<\/div>\n\t\t<\/section>\n\t\t<div class=\"elementor-element elementor-element-8ed64da e-flex e-con-boxed e-con e-parent\" data-id=\"8ed64da\" data-element_type=\"container\" data-e-type=\"container\">\n\t\t\t\t\t<div class=\"e-con-inner\">\n\t\t\t\t<div class=\"elementor-element elementor-element-41c7d55 elementor-widget__width-initial elementor-widget elementor-widget-text-editor\" data-id=\"41c7d55\" data-element_type=\"widget\" data-e-type=\"widget\" data-widget_type=\"text-editor.default\">\n\t\t\t\t<div class=\"elementor-widget-container\">\n\t\t\t\t\t\t\t\t\t<p>Projekt OpenEuroLLM je v s\u00falade s nevyhnutnos\u0165ou zlep\u0161i\u0165 konkurencieschopnos\u0165 a digit\u00e1lnu suverenitu Eur\u00f3py. Projekt je hlavn\u00fdm pr\u00edkladom typu technologickej infra\u0161trukt\u00fary potrebnej na zn\u00ed\u017eenie prahov\u00fdch hodn\u00f4t pre v\u00fdvoj a zdokona\u013eovanie eur\u00f3pskych produktov umelej inteligencie, \u010d\u00edm sa preukazuje sila transparentnosti, otvorenosti a zapojenia komunity, \u010do s\u00fa hodnoty, ktor\u00e9 sa vo ve\u013ekej miere uzn\u00e1vaj\u00fa v celom eur\u00f3pskom technologickom ekosyst\u00e9me. Modely sa bud\u00fa vyv\u00edja\u0165 v r\u00e1mci pevn\u00e9ho regula\u010dn\u00e9ho r\u00e1mca Eur\u00f3py, \u010d\u00edm sa zabezpe\u010d\u00ed s\u00falad s eur\u00f3pskymi hodnotami a z\u00e1rove\u0148 sa zachov\u00e1 technologick\u00e1 excelentnos\u0165.<\/p><p>V spolupr\u00e1ci s komunitami s otvoren\u00fdm zdrojov\u00fdm k\u00f3dom a otvoren\u00fdmi vedami, ako s\u00fa LAION, Open-sci a OpenML, a \u010fal\u0161\u00edmi odborn\u00edkmi v tejto oblasti zhroma\u017eden\u00fdmi v Rade pre otvoren\u00e9 strategick\u00e9 partnerstvo projektu OpenEuroLLM zabezpe\u010d\u00ed, aby modely, softv\u00e9r, \u00fadaje a hodnotenie boli plne otvoren\u00e9 a mohli by\u0165 doladen\u00e9 a vy\u0161kolen\u00e9 pre konkr\u00e9tne potreby priemyslu a verejn\u00e9ho sektora. Tieto viacjazy\u010dn\u00e9 modely zachov\u00e1vaj\u00fa jazykov\u00fa aj kult\u00farnu rozmanitos\u0165 a umo\u017e\u0148uj\u00fa eur\u00f3pskym spolo\u010dnostiam vyv\u00edja\u0165 vysokokvalitn\u00e9 v\u00fdrobky a slu\u017eby v \u00e9re umelej inteligencie.<\/p><p>Projekt, ktor\u00e9mu bola udelen\u00e1 pe\u010da\u0165 platformy STEP (Strategick\u00e9 technol\u00f3gie pre Eur\u00f3pu), vyu\u017e\u00edva podporu z predch\u00e1dzaj\u00facich eur\u00f3pskych projektov a sk\u00fasenosti partnerov a ich v\u00fdsledky vr\u00e1tane ve\u013ek\u00fdch arch\u00edvov vysokokvalitn\u00fdch \u00fadajov a pilotn\u00fdch LLM, ktor\u00e9 boli vyvinut\u00e9 predt\u00fdm. Financuje ho Eur\u00f3pska komisia v r\u00e1mci programu Digit\u00e1lna Eur\u00f3pa a za\u010dal sa 1. febru\u00e1ra 2025 na obdobie troch rokov.<\/p><p>\u010eal\u0161ie inform\u00e1cie s\u00fa k dispoz\u00edcii <a href=\"https:\/\/www.mff.cuni.cz\/en\/public\/news\/charles-university-as-the-main-coordinator-of-the-openeurollm-project\"><span style=\"text-decoration: underline;\">tu<\/span><\/a>.<\/p>\t\t\t\t\t\t\t\t<\/div>\n\t\t\t\t<\/div>\n\t\t\t\t\t<\/div>\n\t\t\t\t<\/div>\n\t\t\t\t<\/div>","protected":false},"excerpt":{"rendered":"<p>OpenEuroLLM Projekt OpenEuroLLM (Otvoren\u00e1 eur\u00f3pska rodina ve\u013ek\u00fdch jazykov\u00fdch modelov) zdru\u017euje popredn\u00e9 eur\u00f3pske spolo\u010dnosti a v\u00fdskumn\u00e9 in\u0161tit\u00facie v oblasti umelej inteligencie, aby vyvinuli jazykov\u00e9 modely s otvoren\u00fdm zdrojov\u00fdm k\u00f3dom novej gener\u00e1cie. Projekt OpenEuroLLM vytvor\u00ed rodinu vysokov\u00fdkonn\u00fdch, viacjazy\u010dn\u00fdch a ve\u013ek\u00fdch jazykov\u00fdch z\u00e1kladn\u00fdch modelov pre komer\u010dn\u00e9, priemyseln\u00e9 a verejn\u00e9 slu\u017eby. Transparentn\u00e9 a vyhovuj\u00face modely s otvoren\u00fdm zdrojov\u00fdm k\u00f3dom demokratizuj\u00fa pr\u00edstup k [\u2026]<\/p>","protected":false},"author":1,"featured_media":0,"parent":9229,"menu_order":0,"comment_status":"closed","ping_status":"closed","template":"","meta":{"footnotes":""},"class_list":["post-10575","page","type-page","status-publish","hentry"],"aioseo_notices":[],"_links":{"self":[{"href":"http:\/\/www.alt-edic.eu\/sk\/wp-json\/wp\/v2\/pages\/10575","targetHints":{"allow":["GET"]}}],"collection":[{"href":"http:\/\/www.alt-edic.eu\/sk\/wp-json\/wp\/v2\/pages"}],"about":[{"href":"http:\/\/www.alt-edic.eu\/sk\/wp-json\/wp\/v2\/types\/page"}],"author":[{"embeddable":true,"href":"http:\/\/www.alt-edic.eu\/sk\/wp-json\/wp\/v2\/users\/1"}],"replies":[{"embeddable":true,"href":"http:\/\/www.alt-edic.eu\/sk\/wp-json\/wp\/v2\/comments?post=10575"}],"version-history":[{"count":0,"href":"http:\/\/www.alt-edic.eu\/sk\/wp-json\/wp\/v2\/pages\/10575\/revisions"}],"up":[{"embeddable":true,"href":"http:\/\/www.alt-edic.eu\/sk\/wp-json\/wp\/v2\/pages\/9229"}],"wp:attachment":[{"href":"http:\/\/www.alt-edic.eu\/sk\/wp-json\/wp\/v2\/media?parent=10575"}],"curies":[{"name":"wp","href":"https:\/\/api.w.org\/{rel}","templated":true}]}}