{"id":10975,"date":"2025-11-03T18:02:10","date_gmt":"2025-11-03T17:02:10","guid":{"rendered":"https:\/\/www.alt-edic.eu\/?page_id=10975"},"modified":"2026-01-20T10:02:09","modified_gmt":"2026-01-20T09:02:09","slug":"llm-bridge","status":"publish","type":"page","link":"http:\/\/www.alt-edic.eu\/ro\/projects\/llm-bridge\/","title":{"rendered":"<p>LLM-BRIDGE<\/p>"},"content":{"rendered":"<div data-elementor-type=\"wp-page\" data-elementor-id=\"10975\" class=\"elementor elementor-10975\" data-elementor-post-type=\"page\">\n\t\t\t\t\t\t<section class=\"elementor-section elementor-top-section elementor-element elementor-element-1577bd88 elementor-section-stretched elementor-section-boxed elementor-section-height-default elementor-section-height-default\" data-id=\"1577bd88\" data-element_type=\"section\" data-e-type=\"section\" data-settings='{\"stretch_section\":\"section-stretched\",\"background_background\":\"gradient\"}'>\n\t\t\t\t\t\t<div class=\"elementor-container elementor-column-gap-extended\">\n\t\t\t\t\t<div class=\"elementor-column elementor-col-50 elementor-top-column elementor-element elementor-element-70dc39ba\" data-id=\"70dc39ba\" data-element_type=\"column\" data-e-type=\"column\">\n\t\t\t<div class=\"elementor-widget-wrap elementor-element-populated\">\n\t\t\t\t\t\t<div class=\"elementor-element elementor-element-51cabebb elementor-widget elementor-widget-heading\" data-id=\"51cabebb\" data-element_type=\"widget\" data-e-type=\"widget\" data-widget_type=\"heading.default\">\n\t\t\t\t<div class=\"elementor-widget-container\">\n\t\t\t\t\t<h1 class=\"elementor-heading-title elementor-size-default\">LLM-BRIDGE<\/h1>\t\t\t\t<\/div>\n\t\t\t\t<\/div>\n\t\t\t\t<div class=\"elementor-element elementor-element-1f4ee8af elementor-widget elementor-widget-text-editor\" data-id=\"1f4ee8af\" data-element_type=\"widget\" data-e-type=\"widget\" data-widget_type=\"text-editor.default\">\n\t\t\t\t<div class=\"elementor-widget-container\">\n\t\t\t\t\t\t\t\t\t<p><strong style=\"background-color: transparent; color: #ffffff;\">Proiectul LLM Booster for Regional Innovation and Digital Growth in Europe&nbsp;<\/strong><strong style=\"background-color: transparent; color: #ffffff;\">&nbsp;(LLM-BRIDGE)&nbsp;<\/strong><strong style=\"background-color: transparent; color: #ffffff;\">sprijin\u0103 \u00eentreprinderile nou-\u00eenfiin\u021bate \u0219i \u00eentreprinderile \u00een curs de extindere \u00een domeniul \u00een cre\u0219tere rapid\u0103 al modelelor lingvistice mari (LLM).<\/strong><\/p>\t\t\t\t\t\t\t\t<\/div>\n\t\t\t\t<\/div>\n\t\t\t\t\t<\/div>\n\t\t<\/div>\n\t\t\t\t<div class=\"elementor-column elementor-col-50 elementor-top-column elementor-element elementor-element-286565d9 elementor-hidden-tablet elementor-hidden-phone\" data-id=\"286565d9\" data-element_type=\"column\" data-e-type=\"column\">\n\t\t\t<div class=\"elementor-widget-wrap\">\n\t\t\t\t\t\t\t<\/div>\n\t\t<\/div>\n\t\t\t\t\t<\/div>\n\t\t<\/section>\n\t\t\t\t<section class=\"elementor-section elementor-top-section elementor-element elementor-element-2a82150a elementor-section-stretched elementor-section-boxed elementor-section-height-default elementor-section-height-default\" data-id=\"2a82150a\" data-element_type=\"section\" data-e-type=\"section\" data-settings='{\"stretch_section\":\"section-stretched\"}'>\n\t\t\t\t\t\t<div class=\"elementor-container elementor-column-gap-extended\">\n\t\t\t\t\t<div class=\"elementor-column elementor-col-50 elementor-top-column elementor-element elementor-element-4dc940b2 elementor-invisible\" data-id=\"4dc940b2\" data-element_type=\"column\" data-e-type=\"column\" data-settings='{\"animation\":\"slide-left\",\"animation_delay\":200}'>\n\t\t\t<div class=\"elementor-widget-wrap elementor-element-populated\">\n\t\t\t\t\t\t<div class=\"elementor-element elementor-element-2fa08fbe elementor-widget__width-initial elementor-widget elementor-widget-text-editor\" data-id=\"2fa08fbe\" data-element_type=\"widget\" data-e-type=\"widget\" data-widget_type=\"text-editor.default\">\n\t\t\t\t<div class=\"elementor-widget-container\">\n\t\t\t\t\t\t\t\t\t<p>\u00cen ceea ce prive\u0219te&nbsp;<span style=\"text-decoration: underline;\"><a href=\"https:\/\/www.llm-bridge.eu\/\">Proiectul LLM-BRIDGE<\/a><\/span> urm\u0103re\u0219te s\u0103 consolideze ecosistemele na\u021bionale ale GenAI prin dotarea \u00eentreprinderilor nou-\u00eenfiin\u021bate, a \u00eentreprinderilor \u00een curs de extindere, a incubatoarelor \u0219i a investitorilor cu sprijinul necesar pentru a construi \u0219i a implementa produse bazate pe LLM.<\/p><p>Proiectul reune\u0219te un consor\u021biu de parteneri din zece \u021b\u0103ri europene, coordonat de ALT-EDIC. Competen\u021bele partenerilor \u00een ceea ce prive\u0219te sprijinirea \u00eentreprinderilor nou-\u00eenfiin\u021bate \u0219i a inov\u0103rii sunt consolidate de expertiza lor tehnic\u0103 \u00een GenAI \u0219i LLM. Aceste capabilit\u0103\u021bi vor ajuta startup-urile \u0219i scaleup-urile s\u0103 integreze LLM-urile \u00een mod responsabil \u0219i la scar\u0103 larg\u0103. \u00cempreun\u0103, consor\u021biul va furniza trei programe de sprijin specifice axate pe LLM:<\/p><p dir=\"ltr\" style=\"margin-top: 0pt; margin-bottom: 0pt; line-height: 1.38;\">&nbsp;<\/p>\t\t\t\t\t\t\t\t<\/div>\n\t\t\t\t<\/div>\n\t\t\t\t\t<\/div>\n\t\t<\/div>\n\t\t\t\t<div class=\"elementor-column elementor-col-50 elementor-top-column elementor-element elementor-element-169741bd elementor-hidden-tablet elementor-hidden-phone elementor-invisible\" data-id=\"169741bd\" data-element_type=\"column\" data-e-type=\"column\" data-settings='{\"animation\":\"slide-right\"}'>\n\t\t\t<div class=\"elementor-widget-wrap elementor-element-populated\">\n\t\t\t\t\t\t<div class=\"elementor-element elementor-element-47d0ea elementor-widget__width-initial elementor-widget elementor-widget-image\" data-id=\"47d0ea\" data-element_type=\"widget\" data-e-type=\"widget\" data-widget_type=\"image.default\">\n\t\t\t\t<div class=\"elementor-widget-container\">\n\t\t\t\t\t\t\t\t\t\t\t\t\t\t\t<img fetchpriority=\"high\" decoding=\"async\" width=\"800\" height=\"520\" src=\"https:\/\/www.alt-edic.eu\/wp-content\/uploads\/2026\/01\/Project-page-images-2-e1768899698813.png\" class=\"attachment-full size-full wp-image-11100\" alt=\"LLM-BRIDGE Informa\u021bii despre proiect\" srcset=\"https:\/\/www.alt-edic.eu\/wp-content\/uploads\/2026\/01\/Project-page-images-2-e1768899698813.png 800w, https:\/\/www.alt-edic.eu\/wp-content\/uploads\/2026\/01\/Project-page-images-2-e1768899698813-300x195.png 300w, https:\/\/www.alt-edic.eu\/wp-content\/uploads\/2026\/01\/Project-page-images-2-e1768899698813-768x499.png 768w, https:\/\/www.alt-edic.eu\/wp-content\/uploads\/2026\/01\/Project-page-images-2-e1768899698813-18x12.png 18w\" sizes=\"(max-width: 800px) 100vw, 800px\">\t\t\t\t\t\t\t\t\t\t\t\t\t\t\t<\/div>\n\t\t\t\t<\/div>\n\t\t\t\t\t<\/div>\n\t\t<\/div>\n\t\t\t\t\t<\/div>\n\t\t<\/section>\n\t\t<div class=\"elementor-element elementor-element-8ed64da e-flex e-con-boxed e-con e-parent\" data-id=\"8ed64da\" data-element_type=\"container\" data-e-type=\"container\">\n\t\t\t\t\t<div class=\"e-con-inner\">\n\t\t\t\t<div class=\"elementor-element elementor-element-41c7d55 elementor-widget__width-initial elementor-widget elementor-widget-text-editor\" data-id=\"41c7d55\" data-element_type=\"widget\" data-e-type=\"widget\" data-widget_type=\"text-editor.default\">\n\t\t\t\t<div class=\"elementor-widget-container\">\n\t\t\t\t\t\t\t\t\t<p dir=\"ltr\" style=\"margin-top: 0pt; margin-bottom: 0pt; line-height: 1.38;\"><strong style=\"color: #202124; font-family: Lato, Arial, sans-serif; font-size: 26px;\">Trei programe de impact<\/strong><\/p><p dir=\"ltr\" style=\"margin-top: 0pt; margin-bottom: 0pt; line-height: 1.38;\"><strong style=\"color: #202124; font-family: Lato, Arial, sans-serif; font-size: 26px;\">&nbsp;<\/strong><\/p><p dir=\"ltr\" style=\"margin-top: 0pt; margin-bottom: 0pt; line-height: 1.38;\"><strong style=\"color: #202124; font-family: Lato, Arial, sans-serif; font-size: 19px;\">Programul de Educa\u021bie Antreprenorial\u0103<\/strong><\/p><p>Un program educa\u021bional structurat pentru start-up-urile de pre-semin\u021be \u0219i semin\u021be. Participan\u021bii vor primi ateliere de lucru \u0219i mentorat unu-la-unu pe diverse teme, cum ar fi managementul \u00eentreprinderii, mediul tehnologic \u0219i de reglementare, accesul la finan\u021bare \u0219i strategiile de dezvoltare.<\/p><h4 style=\"font-family: Lato, Arial, sans-serif;\"><strong>Programul de incuba\u021bie a \u00eentreprinderilor<\/strong><\/h4><p>Servicii de incubare concepute pentru a accelera validarea produselor \u0219i a clien\u021bilor. Atunci c\u00e2nd este posibil, \u00eentreprinderile nou-\u00eenfiin\u021bate vor primi acces la resurse tehnice adaptate, cum ar fi seturi de date \u0219i sisteme de calcul, orient\u0103ri privind conformitatea cu reglement\u0103rile \u0219i sprijin pentru achizi\u021bionarea de clien\u021bi. Peste o jum\u0103tate de milion de euro vor fi aloca\u021bi incubatoarelor \u0219i start-up-urilor selectate.<\/p><h4 style=\"font-family: Lato, Arial, sans-serif;\"><strong>Programul de accelerare<\/strong><\/h4><p>Un program de accelerare pentru \u00eentreprinderile nou-\u00eenfiin\u021bate care vizeaz\u0103 finan\u021barea seriei A. Programul va oferi sprijin adaptat \u00een ceea ce prive\u0219te preg\u0103tirea pentru investi\u021bii, scalarea \u0219i conformitatea cu reglement\u0103rile. Programul va culmina cu stabilirea de contacte specifice \u00eentre investitori \u0219i investitori.<\/p><p>LLM-BRIDGE este finan\u021bat de Uniunea European\u0103 \u00een cadrul programului Europa digital\u0103 \u0219i a \u00eenceput la 1 septembrie 2025, pentru o durat\u0103 de trei ani. Mai multe informa\u021bii cu privire la lansarea programelor vor fi disponibile \u00een 2026.<\/p><p>&nbsp;<\/p><p>Pentru mai multe informa\u021bii despre proiectul LLM-BRIDGE, vizita\u021bi <span style=\"text-decoration: underline;\"><a href=\"https:\/\/www.llm-bridge.eu\/\">site-ul proiectului<\/a><\/span>.<\/p>\t\t\t\t\t\t\t\t<\/div>\n\t\t\t\t<\/div>\n\t\t\t\t\t<\/div>\n\t\t\t\t<\/div>\n\t\t\t\t<\/div>","protected":false},"excerpt":{"rendered":"<p>LLM-BRIDGE Proiectul LLM Booster for Regional Innovation and Digital Growth in Europe (LLM-BRIDGE) sprijin\u0103 start-up-urile \u0219i \u00eentreprinderile \u00een curs de extindere \u00een domeniul \u00een cre\u0219tere rapid\u0103 al modelelor lingvistice mari (LLM). Proiectul LLM-BRIDGE \u00ee\u0219i propune s\u0103 consolideze ecosistemele na\u021bionale GenAI prin echiparea start-up-urilor, a \u00eentreprinderilor \u00een curs de extindere, a incubatoarelor \u0219i a investitorilor cu sprijinul necesar pentru a construi \u0219i implementa produse bazate pe LLM. Proiectul reune\u0219te un [\u2026]<\/p>","protected":false},"author":37,"featured_media":0,"parent":9229,"menu_order":0,"comment_status":"closed","ping_status":"closed","template":"","meta":{"footnotes":""},"class_list":["post-10975","page","type-page","status-publish","hentry"],"aioseo_notices":[],"_links":{"self":[{"href":"http:\/\/www.alt-edic.eu\/ro\/wp-json\/wp\/v2\/pages\/10975","targetHints":{"allow":["GET"]}}],"collection":[{"href":"http:\/\/www.alt-edic.eu\/ro\/wp-json\/wp\/v2\/pages"}],"about":[{"href":"http:\/\/www.alt-edic.eu\/ro\/wp-json\/wp\/v2\/types\/page"}],"author":[{"embeddable":true,"href":"http:\/\/www.alt-edic.eu\/ro\/wp-json\/wp\/v2\/users\/37"}],"replies":[{"embeddable":true,"href":"http:\/\/www.alt-edic.eu\/ro\/wp-json\/wp\/v2\/comments?post=10975"}],"version-history":[{"count":0,"href":"http:\/\/www.alt-edic.eu\/ro\/wp-json\/wp\/v2\/pages\/10975\/revisions"}],"up":[{"embeddable":true,"href":"http:\/\/www.alt-edic.eu\/ro\/wp-json\/wp\/v2\/pages\/9229"}],"wp:attachment":[{"href":"http:\/\/www.alt-edic.eu\/ro\/wp-json\/wp\/v2\/media?parent=10975"}],"curies":[{"name":"wp","href":"https:\/\/api.w.org\/{rel}","templated":true}]}}