{"id":10575,"date":"2025-02-04T07:44:01","date_gmt":"2025-02-04T06:44:01","guid":{"rendered":"https:\/\/alt-edic.eu\/?page_id=10575"},"modified":"2026-01-20T10:11:27","modified_gmt":"2026-01-20T09:11:27","slug":"openeurollm","status":"publish","type":"page","link":"http:\/\/www.alt-edic.eu\/ro\/projects\/openeurollm\/","title":{"rendered":"<p>OpenEuroLLM<\/p>"},"content":{"rendered":"<div data-elementor-type=\"wp-page\" data-elementor-id=\"10575\" class=\"elementor elementor-10575\" data-elementor-post-type=\"page\">\n\t\t\t\t\t\t<section class=\"elementor-section elementor-top-section elementor-element elementor-element-1577bd88 elementor-section-stretched elementor-section-boxed elementor-section-height-default elementor-section-height-default\" data-id=\"1577bd88\" data-element_type=\"section\" data-e-type=\"section\" data-settings='{\"stretch_section\":\"section-stretched\",\"background_background\":\"gradient\"}'>\n\t\t\t\t\t\t<div class=\"elementor-container elementor-column-gap-extended\">\n\t\t\t\t\t<div class=\"elementor-column elementor-col-50 elementor-top-column elementor-element elementor-element-70dc39ba\" data-id=\"70dc39ba\" data-element_type=\"column\" data-e-type=\"column\">\n\t\t\t<div class=\"elementor-widget-wrap elementor-element-populated\">\n\t\t\t\t\t\t<div class=\"elementor-element elementor-element-51cabebb elementor-widget elementor-widget-heading\" data-id=\"51cabebb\" data-element_type=\"widget\" data-e-type=\"widget\" data-widget_type=\"heading.default\">\n\t\t\t\t<div class=\"elementor-widget-container\">\n\t\t\t\t\t<h1 class=\"elementor-heading-title elementor-size-default\">OpenEuroLLM<\/h1>\t\t\t\t<\/div>\n\t\t\t\t<\/div>\n\t\t\t\t<div class=\"elementor-element elementor-element-1f4ee8af elementor-widget elementor-widget-text-editor\" data-id=\"1f4ee8af\" data-element_type=\"widget\" data-e-type=\"widget\" data-widget_type=\"text-editor.default\">\n\t\t\t\t<div class=\"elementor-widget-container\">\n\t\t\t\t\t\t\t\t\t<p><strong>Proiectul OpenEuroLLM (Open European Family of Large Language Models - Familia european\u0103 deschis\u0103 de modele lingvistice de mari dimensiuni) reune\u0219te cele mai importante companii de IA \u0219i institu\u021bii de cercetare din Europa pentru a dezvolta modele lingvistice cu surs\u0103 deschis\u0103 de ultim\u0103 genera\u021bie.<\/strong><\/p>\t\t\t\t\t\t\t\t<\/div>\n\t\t\t\t<\/div>\n\t\t\t\t\t<\/div>\n\t\t<\/div>\n\t\t\t\t<div class=\"elementor-column elementor-col-50 elementor-top-column elementor-element elementor-element-286565d9 elementor-hidden-tablet elementor-hidden-phone\" data-id=\"286565d9\" data-element_type=\"column\" data-e-type=\"column\">\n\t\t\t<div class=\"elementor-widget-wrap\">\n\t\t\t\t\t\t\t<\/div>\n\t\t<\/div>\n\t\t\t\t\t<\/div>\n\t\t<\/section>\n\t\t\t\t<section class=\"elementor-section elementor-top-section elementor-element elementor-element-2a82150a elementor-section-stretched elementor-section-boxed elementor-section-height-default elementor-section-height-default\" data-id=\"2a82150a\" data-element_type=\"section\" data-e-type=\"section\" data-settings='{\"stretch_section\":\"section-stretched\"}'>\n\t\t\t\t\t\t<div class=\"elementor-container elementor-column-gap-extended\">\n\t\t\t\t\t<div class=\"elementor-column elementor-col-50 elementor-top-column elementor-element elementor-element-4dc940b2 elementor-invisible\" data-id=\"4dc940b2\" data-element_type=\"column\" data-e-type=\"column\" data-settings='{\"animation\":\"slide-left\",\"animation_delay\":200}'>\n\t\t\t<div class=\"elementor-widget-wrap elementor-element-populated\">\n\t\t\t\t\t\t<div class=\"elementor-element elementor-element-2fa08fbe elementor-widget elementor-widget-text-editor\" data-id=\"2fa08fbe\" data-element_type=\"widget\" data-e-type=\"widget\" data-widget_type=\"text-editor.default\">\n\t\t\t\t<div class=\"elementor-widget-container\">\n\t\t\t\t\t\t\t\t\t<p>Proiectul OpenEuroLLM va construi o familie de modele lingvistice de \u00eenalt\u0103 performan\u021b\u0103, multilingve \u0219i de mare anvergur\u0103 pentru servicii comerciale, industriale \u0219i publice. Modelele transparente \u0219i conforme cu surs\u0103 deschis\u0103 vor democratiza accesul la tehnologii IA de \u00eenalt\u0103 calitate \u0219i vor consolida capacitatea \u00eentreprinderilor europene de a concura pe o pia\u021b\u0103 mondial\u0103 \u0219i a organiza\u021biilor publice de a produce servicii publice de impact. Consor\u021biul proiectului reune\u0219te 20 de institu\u021bii europene de cercetare de v\u00e2rf \u0219i centre EuroHPC coordonate de Universitatea Charles (Cehia) \u0219i co-conduse de AMD Silo AI (Finlanda). ALT-EDIC aduce \u00een proiect capacitatea sa de creare \u0219i gestionare a datelor lingvistice, de evaluare a tehnologiei lingvistice \u0219i de construire a comunit\u0103\u021bii.<\/p>\t\t\t\t\t\t\t\t<\/div>\n\t\t\t\t<\/div>\n\t\t\t\t\t<\/div>\n\t\t<\/div>\n\t\t\t\t<div class=\"elementor-column elementor-col-50 elementor-top-column elementor-element elementor-element-169741bd elementor-hidden-tablet elementor-hidden-phone elementor-invisible\" data-id=\"169741bd\" data-element_type=\"column\" data-e-type=\"column\" data-settings='{\"animation\":\"slide-right\"}'>\n\t\t\t<div class=\"elementor-widget-wrap elementor-element-populated\">\n\t\t\t\t\t\t<div class=\"elementor-element elementor-element-47d0ea elementor-widget elementor-widget-image\" data-id=\"47d0ea\" data-element_type=\"widget\" data-e-type=\"widget\" data-widget_type=\"image.default\">\n\t\t\t\t<div class=\"elementor-widget-container\">\n\t\t\t\t\t\t\t\t\t\t\t\t\t\t\t<img fetchpriority=\"high\" decoding=\"async\" width=\"800\" height=\"537\" src=\"https:\/\/www.alt-edic.eu\/wp-content\/uploads\/2026\/01\/Project-page-images-3-e1768900277855.png\" class=\"attachment-full size-full wp-image-11112\" alt=\"\" srcset=\"https:\/\/www.alt-edic.eu\/wp-content\/uploads\/2026\/01\/Project-page-images-3-e1768900277855.png 800w, https:\/\/www.alt-edic.eu\/wp-content\/uploads\/2026\/01\/Project-page-images-3-e1768900277855-300x201.png 300w, https:\/\/www.alt-edic.eu\/wp-content\/uploads\/2026\/01\/Project-page-images-3-e1768900277855-768x516.png 768w, https:\/\/www.alt-edic.eu\/wp-content\/uploads\/2026\/01\/Project-page-images-3-e1768900277855-18x12.png 18w\" sizes=\"(max-width: 800px) 100vw, 800px\">\t\t\t\t\t\t\t\t\t\t\t\t\t\t\t<\/div>\n\t\t\t\t<\/div>\n\t\t\t\t\t<\/div>\n\t\t<\/div>\n\t\t\t\t\t<\/div>\n\t\t<\/section>\n\t\t<div class=\"elementor-element elementor-element-8ed64da e-flex e-con-boxed e-con e-parent\" data-id=\"8ed64da\" data-element_type=\"container\" data-e-type=\"container\">\n\t\t\t\t\t<div class=\"e-con-inner\">\n\t\t\t\t<div class=\"elementor-element elementor-element-41c7d55 elementor-widget__width-initial elementor-widget elementor-widget-text-editor\" data-id=\"41c7d55\" data-element_type=\"widget\" data-e-type=\"widget\" data-widget_type=\"text-editor.default\">\n\t\t\t\t<div class=\"elementor-widget-container\">\n\t\t\t\t\t\t\t\t\t<p>Proiectul OpenEuroLLM este aliniat la imperativul de a \u00eembun\u0103t\u0103\u021bi competitivitatea \u0219i suveranitatea digital\u0103 a Europei. Proiectul este un prim exemplu al tipului de infrastructur\u0103 tehnologic\u0103 necesar\u0103 pentru a reduce pragurile pentru dezvoltarea \u0219i perfec\u021bionarea produselor europene de IA, demonstr\u00e2nd for\u021ba transparen\u021bei, a deschiderii \u0219i a implic\u0103rii comunit\u0103\u021bii, valori recunoscute \u00een mare m\u0103sur\u0103 \u00een ecosistemul tehnologic european. Modelele vor fi dezvoltate \u00een cadrul de reglementare solid al Europei, asigur\u00e2nd alinierea la valorile europene, men\u021bin\u00e2nd \u00een acela\u0219i timp excelen\u021ba tehnologic\u0103.<\/p><p>Cooper\u00e2nd cu comunit\u0103\u021bile open-source \u0219i open science, cum ar fi LAION, open-sci \u0219i OpenML, precum \u0219i cu exper\u021bi suplimentari \u00een domeniu reuni\u021bi \u00een cadrul Consiliului de parteneriat strategic deschis al proiectului, OpenEuroLLM se va asigura c\u0103 modelele, software-ul, datele \u0219i evaluarea vor fi complet deschise \u0219i pot fi ajustate \u0219i adaptate la instruc\u021biuni pentru nevoile specifice ale industriei \u0219i ale sectorului public. Aceste modele multilingve p\u0103streaz\u0103 at\u00e2t diversitatea lingvistic\u0103, c\u00e2t \u0219i cea cultural\u0103, permi\u021b\u00e2nd \u00eentreprinderilor europene s\u0103 dezvolte produse \u0219i servicii de \u00eenalt\u0103 calitate \u00een era IA.<\/p><p>Proiectul, c\u0103ruia i s-a acordat sigiliul STEP (Platforma \u201eTehnologii strategice pentru Europa\u201d), beneficiaz\u0103 de sprijinul proiectelor europene anterioare \u0219i de experien\u021ba partenerilor \u0219i de rezultatele acestora, inclusiv de depozite mari de date de \u00eenalt\u0103 calitate \u0219i de LLM-uri-pilot dezvoltate anterior. Acesta este finan\u021bat de Comisia European\u0103 \u00een cadrul programului Europa digital\u0103 \u0219i a \u00eenceput la 1 februarie 2025, pentru o durat\u0103 de 3 ani.<\/p><p>Mai multe informa\u021bii sunt disponibile <a href=\"https:\/\/www.mff.cuni.cz\/en\/public\/news\/charles-university-as-the-main-coordinator-of-the-openeurollm-project\"><span style=\"text-decoration: underline;\">aici<\/span><\/a>.<\/p>\t\t\t\t\t\t\t\t<\/div>\n\t\t\t\t<\/div>\n\t\t\t\t\t<\/div>\n\t\t\t\t<\/div>\n\t\t\t\t<\/div>","protected":false},"excerpt":{"rendered":"<p>OpenEuroLLM Proiectul OpenEuroLLM (Open European Family of Large Language Models) reune\u0219te cele mai importante companii de IA \u0219i institu\u021bii de cercetare din Europa pentru a dezvolta modele lingvistice cu surs\u0103 deschis\u0103 de ultim\u0103 genera\u021bie. Proiectul OpenEuroLLM va construi o familie de modele de baz\u0103 lingvistice de \u00eenalt\u0103 performan\u021b\u0103, multilingve \u0219i de mari dimensiuni pentru serviciile comerciale, industriale \u0219i publice. Modelele open-source transparente \u0219i conforme vor democratiza accesul la [\u2026]<\/p>","protected":false},"author":1,"featured_media":0,"parent":9229,"menu_order":0,"comment_status":"closed","ping_status":"closed","template":"","meta":{"footnotes":""},"class_list":["post-10575","page","type-page","status-publish","hentry"],"aioseo_notices":[],"_links":{"self":[{"href":"http:\/\/www.alt-edic.eu\/ro\/wp-json\/wp\/v2\/pages\/10575","targetHints":{"allow":["GET"]}}],"collection":[{"href":"http:\/\/www.alt-edic.eu\/ro\/wp-json\/wp\/v2\/pages"}],"about":[{"href":"http:\/\/www.alt-edic.eu\/ro\/wp-json\/wp\/v2\/types\/page"}],"author":[{"embeddable":true,"href":"http:\/\/www.alt-edic.eu\/ro\/wp-json\/wp\/v2\/users\/1"}],"replies":[{"embeddable":true,"href":"http:\/\/www.alt-edic.eu\/ro\/wp-json\/wp\/v2\/comments?post=10575"}],"version-history":[{"count":0,"href":"http:\/\/www.alt-edic.eu\/ro\/wp-json\/wp\/v2\/pages\/10575\/revisions"}],"up":[{"embeddable":true,"href":"http:\/\/www.alt-edic.eu\/ro\/wp-json\/wp\/v2\/pages\/9229"}],"wp:attachment":[{"href":"http:\/\/www.alt-edic.eu\/ro\/wp-json\/wp\/v2\/media?parent=10575"}],"curies":[{"name":"wp","href":"https:\/\/api.w.org\/{rel}","templated":true}]}}