{"id":8959,"date":"2024-10-03T19:52:24","date_gmt":"2024-10-03T19:52:24","guid":{"rendered":"https:\/\/alt-edic.eu\/?page_id=8959"},"modified":"2024-10-30T14:34:14","modified_gmt":"2024-10-30T14:34:14","slug":"legal-notices","status":"publish","type":"page","link":"http:\/\/www.alt-edic.eu\/pl\/legal-notices\/","title":{"rendered":"<p>Informacje prawne<\/p>"},"content":{"rendered":"<h2 class=\"wp-block-heading\"><br>1- Wydawca<p>Strona internetowa <a href=\"http:\/\/www.alt-edic.eu\/pl\/\">https:\/\/alt-edic.eu\/<\/a> zosta\u0142a opublikowana przez sojusz na rzecz technologii j\u0119zykowych (ALT-EDIC), konsorcjum na rzecz europejskiej infrastruktury cyfrowej ustanowione decyzj\u0105 Komisji Europejskiej (UE) 2024\/458 i zarejestrowane we Francji jako stowarzyszenie (loi 1901), zarejestrowane pod numerem W024005363 i numerem SIRET 929 059 178 00012.<\/p><p>Siedziba Alliance for Language Technologies znajduje si\u0119 1 miejsce Aristide Briand, 02600 Villers-Cotter\u00eats (Francja).<br><\/p><h2 class=\"wp-block-heading\">2- Dyrektor ds. publikacji<\/h2><p>Dyrektorem publikacji jest Thibault GROUAS, przewodnicz\u0105cy ALT-EDIC.<\/p><h2 class=\"wp-block-heading\">3- Hosting<\/h2><p>Strona internetowa <a href=\"http:\/\/www.alt-edic.eu\/pl\/\">https:\/\/alt-edic.eu\/<\/a> Gospodarzem jest OVH, 2, rue Kellermann, 59100 Roubaix.<br><\/p><h2 class=\"wp-block-heading\">4- Opracowanie strony internetowej ALT-EDIC<\/h2><p>Strona internetowa <a href=\"http:\/\/www.alt-edic.eu\/pl\/%20\/\">https:\/\/alt-edic.eu\/ <\/a>Zosta\u0142 opracowany przez Benjamina Vedela.<\/p><h2 class=\"wp-block-heading\">5. Informacje o danych osobowych gromadzonych na stronie internetowej.<\/h2><p>Dane gromadzone na stronie internetowej Language Technology Alliance mog\u0105 pochodzi\u0107 wy\u0142\u0105cznie z dobrowolnej rejestracji przez u\u017cytkownik\u00f3w adresu e-mail lub danych osobowych umo\u017cliwiaj\u0105cych im skontaktowanie si\u0119 z zespo\u0142em Language Technology Alliance ze strony Kontakt, z wyj\u0105tkiem adres\u00f3w IP odwiedzaj\u0105cych, kt\u00f3re s\u0105 automatycznie rejestrowane przez systemy naszego narz\u0119dzia do analizy ruchu Matomo.<\/p><p>Adresy IP u\u017cytkownik\u00f3w i ich r\u00f3\u017cne po\u0142\u0105czenia ze stron\u0105 internetow\u0105 Language Technology Alliance s\u0105 gromadzone w celu umo\u017cliwienia statystycznego monitorowania odbiorc\u00f3w naszej strony internetowej za pomoc\u0105 narz\u0119dzia Matomo (wersja open source dost\u0119pna pod adresem: <a href=\"https:\/\/fr.matomo.org\/\">https:\/\/fr.matomo.org\/<\/a>).<\/p><p>Administratorem wszystkich danych osobowych przetwarzanych na stronie internetowej Alliance for Language Technology jest przewodnicz\u0105cy Alliance for Language Technology.<\/p><p><\/p><\/h2>","protected":false},"excerpt":{"rendered":"<p>1- Wydawca Strona internetowa https:\/\/alt-edic.eu\/ jest publikowana przez Alliance for Language Technologies (ALT-EDIC), konsorcjum na rzecz europejskiej infrastruktury cyfrowej ustanowione decyzj\u0105 Komisji Europejskiej (UE) 2024\/458 i zarejestrowane we Francji jako stowarzyszenie (loi 1901), zarejestrowane pod numerem W024005363 i numerem SIRET 929 059 178 00012. Siedziba Sojuszu na rzecz J\u0119zyka [...]<\/p>","protected":false},"author":1,"featured_media":0,"parent":0,"menu_order":0,"comment_status":"closed","ping_status":"closed","template":"","meta":{"footnotes":""},"class_list":["post-8959","page","type-page","status-publish","hentry"],"aioseo_notices":[],"_links":{"self":[{"href":"http:\/\/www.alt-edic.eu\/pl\/wp-json\/wp\/v2\/pages\/8959","targetHints":{"allow":["GET"]}}],"collection":[{"href":"http:\/\/www.alt-edic.eu\/pl\/wp-json\/wp\/v2\/pages"}],"about":[{"href":"http:\/\/www.alt-edic.eu\/pl\/wp-json\/wp\/v2\/types\/page"}],"author":[{"embeddable":true,"href":"http:\/\/www.alt-edic.eu\/pl\/wp-json\/wp\/v2\/users\/1"}],"replies":[{"embeddable":true,"href":"http:\/\/www.alt-edic.eu\/pl\/wp-json\/wp\/v2\/comments?post=8959"}],"version-history":[{"count":0,"href":"http:\/\/www.alt-edic.eu\/pl\/wp-json\/wp\/v2\/pages\/8959\/revisions"}],"wp:attachment":[{"href":"http:\/\/www.alt-edic.eu\/pl\/wp-json\/wp\/v2\/media?parent=8959"}],"curies":[{"name":"wp","href":"https:\/\/api.w.org\/{rel}","templated":true}]}}