{"id":8956,"date":"2024-10-03T19:49:01","date_gmt":"2024-10-03T19:49:01","guid":{"rendered":"https:\/\/alt-edic.eu\/?page_id=8956"},"modified":"2026-02-20T16:58:54","modified_gmt":"2026-02-20T15:58:54","slug":"site-map","status":"publish","type":"page","link":"http:\/\/www.alt-edic.eu\/pl\/site-map\/","title":{"rendered":"<p>Mapa strony<\/p>"},"content":{"rendered":"<div data-elementor-type=\"wp-page\" data-elementor-id=\"8956\" class=\"elementor elementor-8956\" data-elementor-post-type=\"page\">\n\t\t\t\t<div class=\"elementor-element elementor-element-93e5c7d e-flex e-con-boxed e-con e-parent\" data-id=\"93e5c7d\" data-element_type=\"container\" data-e-type=\"container\">\n\t\t\t\t\t<div class=\"e-con-inner\">\n\t\t\t\t<div class=\"elementor-element elementor-element-ea8f1ca elementor-widget elementor-widget-text-editor\" data-id=\"ea8f1ca\" data-element_type=\"widget\" data-e-type=\"widget\" data-widget_type=\"text-editor.default\">\n\t\t\t\t<div class=\"elementor-widget-container\">\n\t\t\t\t\t\t\t\t\t<ul>\n<li><a href=\"http:\/\/www.alt-edic.eu\/pl\/\">Strona g\u0142\u00f3wna<\/a><\/li>\n<li><a href=\"http:\/\/www.alt-edic.eu\/pl\/about-alt-edic\/\">O nas<\/a><\/li>\n<li><a href=\"http:\/\/www.alt-edic.eu\/pl\/what-is-an-edic\/\">Czym jest EDIC<\/a><\/li>\n<li><a href=\"http:\/\/www.alt-edic.eu\/pl\/the-cite-internationale-de-la-langue-francaise\/\">Lokalizacja<\/a><\/li>\n<li><a href=\"http:\/\/www.alt-edic.eu\/pl\/governance\/\">Zarz\u0105dzanie<\/a><\/li>\n<li><a href=\"http:\/\/www.alt-edic.eu\/pl\/consortium\/\">Konsorcjum<\/a><\/li>\n<li><a href=\"http:\/\/www.alt-edic.eu\/pl\/projects\/\">Nasze projekty<\/a><\/li>\n<li><a href=\"http:\/\/www.alt-edic.eu\/pl\/job-offers\/\">Oferty pracy<\/a><\/li>\n<li><a href=\"http:\/\/www.alt-edic.eu\/pl\/blog\/\">Aktualno\u015bci &amp; Wydarzenia<\/a><\/li>\n<li><a href=\"http:\/\/www.alt-edic.eu\/pl\/contact\/\">Skontaktuj si\u0119 z nami<\/a><\/li>\n<li><a href=\"http:\/\/www.alt-edic.eu\/pl\/legal-notices\/\">Informacje prawne<\/a><\/li>\n<li><a href=\"http:\/\/www.alt-edic.eu\/pl\/privacy-policy\/\">Polityka prywatno\u015bci<\/a><\/li>\n<li><a href=\"http:\/\/www.alt-edic.eu\/pl\/accessibility\/\">Dost\u0119pno\u015b\u0107<\/a><\/li>\n<\/ul>\t\t\t\t\t\t\t\t<\/div>\n\t\t\t\t<\/div>\n\t\t\t\t\t<\/div>\n\t\t\t\t<\/div>\n\t\t\t\t<\/div>","protected":false},"excerpt":{"rendered":"<p>Strona g\u0142\u00f3wna O nas Co to jest EDIC Location Governance Consortium Nasze projekty Oferty pracy Aktualno\u015bci &amp; Wydarzenia Kontakt Informacje prawne Polityka prywatno\u015bci Dost\u0119pno\u015b\u0107<\/p>","protected":false},"author":1,"featured_media":0,"parent":0,"menu_order":0,"comment_status":"closed","ping_status":"closed","template":"","meta":{"footnotes":""},"class_list":["post-8956","page","type-page","status-publish","hentry"],"aioseo_notices":[],"_links":{"self":[{"href":"http:\/\/www.alt-edic.eu\/pl\/wp-json\/wp\/v2\/pages\/8956","targetHints":{"allow":["GET"]}}],"collection":[{"href":"http:\/\/www.alt-edic.eu\/pl\/wp-json\/wp\/v2\/pages"}],"about":[{"href":"http:\/\/www.alt-edic.eu\/pl\/wp-json\/wp\/v2\/types\/page"}],"author":[{"embeddable":true,"href":"http:\/\/www.alt-edic.eu\/pl\/wp-json\/wp\/v2\/users\/1"}],"replies":[{"embeddable":true,"href":"http:\/\/www.alt-edic.eu\/pl\/wp-json\/wp\/v2\/comments?post=8956"}],"version-history":[{"count":0,"href":"http:\/\/www.alt-edic.eu\/pl\/wp-json\/wp\/v2\/pages\/8956\/revisions"}],"wp:attachment":[{"href":"http:\/\/www.alt-edic.eu\/pl\/wp-json\/wp\/v2\/media?parent=8956"}],"curies":[{"name":"wp","href":"https:\/\/api.w.org\/{rel}","templated":true}]}}