{"id":3,"date":"2024-08-18T14:41:06","date_gmt":"2024-08-18T14:41:06","guid":{"rendered":"https:\/\/alt-edic.eu\/?page_id=3"},"modified":"2024-12-13T10:53:32","modified_gmt":"2024-12-13T09:53:32","slug":"privacy-policy","status":"publish","type":"page","link":"http:\/\/www.alt-edic.eu\/pl\/privacy-policy\/","title":{"rendered":"<p>Polityka prywatno\u015bci<\/p>"},"content":{"rendered":"<p><p>Wszelkie przetwarzanie danych osobowych ze strony internetowej alt-edic.eu odbywa si\u0119 zgodnie z rozporz\u0105dzeniem Parlamentu Europejskiego i Rady (UE) 2016\/679 z dnia 27 kwietnia 2016 r. (znanym jako RGPD) oraz francusk\u0105 ustaw\u0105 nr 78-17 z dnia 6 stycznia 1978 r. dotycz\u0105c\u0105 technologii informacyjnej, plik\u00f3w i wolno\u015bci.<\/p><h2 class=\"wp-block-heading\">Zarz\u0105dzanie plikami cookie<\/h2><p>Kiedy odwiedzasz <strong>alt-edic.eu <\/strong>strona internetowa, pliki cookie mog\u0105 by\u0107 umieszczane na komputerze, telefonie kom\u00f3rkowym lub tablecie. Po wej\u015bciu na stron\u0119 wy\u015bwietlany jest baner informuj\u0105cy o obecno\u015bci plik\u00f3w cookie, daj\u0105cy mo\u017cliwo\u015b\u0107 ich zaakceptowania, odrzucenia lub zarz\u0105dzania plikami cookie preferencji.<\/p><p>Stosowane s\u0105 dwa rodzaje plik\u00f3w cookie:<\/p><ul class=\"wp-block-list\">\n<li>Pliki cookie niezb\u0119dne do prawid\u0142owego dzia\u0142ania witryny, kt\u00f3re nie przechowuj\u0105 \u017cadnych danych osobowych, a zatem, zgodnie z zaleceniami CNIL, nie wymagaj\u0105 uprzedniej zgody. Te pliki cookie s\u0105 aktywowane bezpo\u015brednio, nawet bez \u017cadnego pozytywnego dzia\u0142ania ze strony u\u017cytkownika.<\/li>\n\n\n\n<li>Pliki cookie do pomiaru ogl\u0105dalno\u015bci gromadzone za pomoc\u0105 narz\u0119dzia do analizy ruchu Matomo (wersja otwartego kodu dost\u0119pna pod adresem <a href=\"https:\/\/fr.matomo.org\/\">https:\/\/fr.matomo.org\/<\/a>): te pliki cookie przechowuj\u0105 dane osobowe (adres IP, lokalizacja). Dane te s\u0105 przechowywane na serwerze OVH (serwer znajduje si\u0119 we Francji przez francuskiego hosta) i przechowywane przez okres 6 miesi\u0119cy. Te pliki cookie s\u0105 wykorzystywane wy\u0142\u0105cznie do pomiaru anonimowych statystyk dotycz\u0105cych ruchu na stronie i korzystania z niej, do cel\u00f3w monitorowania i ulepszania us\u0142ug. Nie s\u0105 one wykorzystywane do \u015bledzenia nawyk\u00f3w u\u017cytkownika w zakresie przegl\u0105dania innych stron. Zbieranie tych plik\u00f3w cookie jest uzale\u017cnione od zaakceptowania przez u\u017cytkownika banera, kt\u00f3ry pojawia si\u0119 po otwarciu witryny.<\/li>\n<\/ul><p>Witryna oferuje r\u00f3wnie\u017c funkcje udost\u0119pniania w sieci spo\u0142eczno\u015bciowej LinkedIn. W zwi\u0105zku z tym nale\u017cy pami\u0119ta\u0107, \u017ce korzystanie z funkcji oferowanych przez t\u0119 sie\u0107 spo\u0142eczno\u015bciow\u0105 mo\u017ce generowa\u0107 pliki cookie zarz\u0105dzane i deponowane przez witryn\u0119 LinkedIn. Te pliki cookie mog\u0105 by\u0107 przechowywane tylko podczas korzystania z funkcji LinkedIn, w szczeg\u00f3lno\u015bci w kontek\u015bcie <strong>alt-edic.eu<\/strong>, podczas udost\u0119pniania na LinkedIn. Zach\u0119camy do zapoznania si\u0119 z polityk\u0105 LinkedIn w zakresie zarz\u0105dzania plikami cookie. Okres u\u017cytkowania tych plik\u00f3w cookie nie przekracza 13 miesi\u0119cy.<\/p><p>Mo\u017cesz odm\u00f3wi\u0107 korzystania z plik\u00f3w cookie, kt\u00f3re nie s\u0105 zwolnione z obowi\u0105zku uzyskania zgody, lub wy\u0142\u0105czy\u0107 ich przechowywanie na Twoim komputerze:<\/p><ul class=\"wp-block-list\">\n<li>Kiedy po raz pierwszy korzystasz z witryny, klikaj\u0105c baner zarz\u0105dzania plikami cookie, kt\u00f3ry umo\u017cliwia akceptacj\u0119 lub odrzucenie wszystkich plik\u00f3w cookie lub zarz\u0105dzanie preferencjami.<\/li>\n\n\n\n<li>W dowolnym momencie, klikaj\u0105c na przycisk \u201ecookies\u201d znajduj\u0105cy si\u0119 na dole strony.<\/li>\n\n\n\n<li>W ka\u017cdej chwili za pomoc\u0105 ustawie\u0144 przegl\u0105darki: korzystaj\u0105c ze specjalnej funkcji przegl\u0105darki \u201enie \u015bled\u017a\u201d.<\/li>\n<\/ul><h2 class=\"wp-block-heading\">Wykonywanie swoich praw<\/h2><p>Masz prawo dost\u0119pu do swoich danych osobowych, ich sprostowania, sprzeciwu i usuni\u0119cia w dowolnym momencie.<\/p><p>W celu uzyskania wszelkich informacji lub skorzystania ze swoich praw (prawo dost\u0119pu, sprostowania lub usuni\u0119cia, prawo do ograniczenia przetwarzania, prawo do przenoszenia danych i prawo do sprzeciwu) dotycz\u0105cych przetwarzania danych osobowych przez ALT-EDIC i jej r\u00f3\u017cne dzia\u0142y, mo\u017cesz skontaktowa\u0107 si\u0119 z naszym inspektorem ochrony danych (IOD) pod nast\u0119puj\u0105cym adresem: dpdalt-edic.eu.<\/p><p>Mo\u017cesz r\u00f3wnie\u017c skontaktowa\u0107 si\u0119 z inspektorem ochrony danych (IOD) poczt\u0105 na nast\u0119puj\u0105cy adres:<br>ALT-EDIC<br>Do wiadomo\u015bci inspektora ochrony danych (IOD)<br>1 miejsce Aristide Briand<br>02600 Villers-Cotter\u00eats<br>Francja<\/p><p>Masz r\u00f3wnie\u017c prawo do z\u0142o\u017cenia skargi do w\u0142a\u015bciwego organu nadzorczego (<a href=\"https:\/\/www.cnil.fr\/fr\" title=\"\">CNIL<\/a>) je\u015bli uwa\u017casz, \u017ce ALT-EDIC nie przestrzega Twoich praw. Dowiedz si\u0119 wi\u0119cej o swoich prawach: <a href=\"https:\/\/www.cnil.fr\/fr\/reglement-europeen-protection-donnees\/chapitre3\" title=\"\">CNIL \u2013 Droits de la personne<\/a> (w j\u0119zyku francuskim)<\/p><h2 class=\"wp-block-heading\">Znak towarowy<\/h2><p>Znak towarowy Alt-Edic oraz jego logo s\u0105 znakami towarowymi chronionymi prawem w\u0142asno\u015bci przemys\u0142owej.<\/p><p>Wszelkie ca\u0142kowite lub cz\u0119\u015bciowe powielanie tego znaku towarowego i jego logo bez wyra\u017anej zgody posiadaczy praw jest zatem surowo zabronione i stanowi przest\u0119pstwo podrabiania w rozumieniu kodeksu w\u0142asno\u015bci intelektualnej.<\/p><h2 class=\"wp-block-heading\">Tre\u015bci tekstowe i obrazy<\/h2><p>Wszystkie tre\u015bci tekstowe i obrazy oferowane na stronie internetowej Alt-Edic s\u0105 w\u0142asno\u015bci\u0105 Alt-Edic.<br>Wszelkie ca\u0142kowite lub cz\u0119\u015bciowe powielanie tych tekst\u00f3w i obraz\u00f3w bez wyra\u017anej zgody ich posiadaczy praw jest zatem surowo zabronione i stanowi przest\u0119pstwo podrabiania w rozumieniu kodeksu w\u0142asno\u015bci intelektualnej.<\/p><h2 class=\"wp-block-heading\">Hiper\u0142\u0105cza<\/h2><ul class=\"wp-block-list\">\n<li>1. Linki wychodz\u0105ce z Alt-Edic<\/li>\n<\/ul><p>Alt-Edic zapewnia g\u0142\u0119bokie hiper\u0142\u0105cza wskazuj\u0105ce na witryny innych firm. Te linki lub odniesienia nie stanowi\u0105 potwierdzenia ani walidacji ich tre\u015bci. Alt-Edic w \u017cadnym wypadku nie ponosi odpowiedzialno\u015bci za tre\u015b\u0107 takich stron internetowych i nie ponosi odpowiedzialno\u015bci za jakiekolwiek szkody lub szkody z nich wynikaj\u0105ce.<\/p><p>G\u0142\u0119bokie hiper\u0142\u0105cza do innych witryn s\u0105 oferowane U\u017cytkownikom wy\u0142\u0105cznie dla wygody i nie powoduj\u0105 \u017cadnych zobowi\u0105za\u0144 na koszt Alt-Edic, kt\u00f3ry nie ma mo\u017cliwo\u015bci monitorowania i nadzorowania witryn, do kt\u00f3rych si\u0119 odwo\u0142uje, ani ich ewolucji i aktualizacji. U\u017cytkownicy musz\u0105 zapozna\u0107 si\u0119 z informacjami prawnymi i og\u00f3lnymi warunkami korzystania ze stron internetowych instytucji partnerskich.<\/p><ul class=\"wp-block-list\">\n<li>2. Linki do Alt-Edic<\/li>\n<\/ul><p>Tworzenie link\u00f3w hipertekstowych do strony Alt-Edic jest bezp\u0142atne, pod warunkiem, \u017ce nie wp\u0142ywa na materialne lub moralne interesy Alt-Edic i nie powoduje nieporozumie\u0144 co do \u017ar\u00f3d\u0142a Us\u0142ug i \/ lub Tre\u015bci.<\/p><h2 class=\"wp-block-heading\">Odpowiedzialno\u015b\u0107 i errata<\/h2><p>Informacje wy\u015bwietlane na stronie internetowej Alt-Edic s\u0142u\u017c\u0105 wy\u0142\u0105cznie celom informacyjnym. Mo\u017cna go modyfikowa\u0107 w dowolnym momencie i bez uprzedzenia.<\/p><p>Alt-Edic nie ponosi odpowiedzialno\u015bci za bezpo\u015brednie lub po\u015brednie, przewidywalne lub nieprzewidywalne szkody, takie jak utrata zarobk\u00f3w lub zysk\u00f3w, utrata danych, utrata sprz\u0119tu i koszty naprawy, odzyskiwanie lub powielanie wynikaj\u0105ce z korzystania i \/ lub niemo\u017cno\u015bci korzystania z us\u0142ug i tre\u015bci witryny.<\/p><p>Pomimo dba\u0142o\u015bci i kontroli zespo\u0142u odpowiedzialnego za Alt-Edic, b\u0142\u0119dy, b\u0142\u0119dy lub niezamierzone pomini\u0119cia mog\u0105 pozosta\u0107. Je\u015bli chcesz przes\u0142a\u0107 nam swoje uwagi lub skargi, mo\u017cesz skontaktowa\u0107 si\u0119 z nami pod nast\u0119puj\u0105cym adresem:<br>ALT-EDIC<br>1 miejsce Aristide Briand<br>02600 Villers-Cotter\u00eats<br>Francja<\/p><p><\/p><\/p>","protected":false},"excerpt":{"rendered":"<p>Wszelkie przetwarzanie danych osobowych ze strony internetowej alt-edic.eu odbywa si\u0119 zgodnie z rozporz\u0105dzeniem Parlamentu Europejskiego i Rady (UE) 2016\/679 z dnia 27 kwietnia 2016 r. (znanym jako RGPD) oraz francusk\u0105 ustaw\u0105 nr 78-17 z dnia 6 stycznia 1978 r. dotycz\u0105c\u0105 technologii informacyjnej, plik\u00f3w i wolno\u015bci. Zarz\u0105dzanie plikami cookie, gdy [...]<\/p>","protected":false},"author":1,"featured_media":0,"parent":0,"menu_order":0,"comment_status":"closed","ping_status":"closed","template":"","meta":{"footnotes":""},"class_list":["post-3","page","type-page","status-publish","hentry"],"aioseo_notices":[],"_links":{"self":[{"href":"http:\/\/www.alt-edic.eu\/pl\/wp-json\/wp\/v2\/pages\/3","targetHints":{"allow":["GET"]}}],"collection":[{"href":"http:\/\/www.alt-edic.eu\/pl\/wp-json\/wp\/v2\/pages"}],"about":[{"href":"http:\/\/www.alt-edic.eu\/pl\/wp-json\/wp\/v2\/types\/page"}],"author":[{"embeddable":true,"href":"http:\/\/www.alt-edic.eu\/pl\/wp-json\/wp\/v2\/users\/1"}],"replies":[{"embeddable":true,"href":"http:\/\/www.alt-edic.eu\/pl\/wp-json\/wp\/v2\/comments?post=3"}],"version-history":[{"count":0,"href":"http:\/\/www.alt-edic.eu\/pl\/wp-json\/wp\/v2\/pages\/3\/revisions"}],"wp:attachment":[{"href":"http:\/\/www.alt-edic.eu\/pl\/wp-json\/wp\/v2\/media?parent=3"}],"curies":[{"name":"wp","href":"https:\/\/api.w.org\/{rel}","templated":true}]}}