{"id":8933,"date":"2024-10-02T20:59:20","date_gmt":"2024-10-02T20:59:20","guid":{"rendered":"https:\/\/alt-edic.eu\/?page_id=8933"},"modified":"2024-12-04T21:29:36","modified_gmt":"2024-12-04T21:29:36","slug":"accessibility","status":"publish","type":"page","link":"http:\/\/www.alt-edic.eu\/mt\/accessibility\/","title":{"rendered":"<p>A\u010b\u010bessibbilt\u00e0<\/p>"},"content":{"rendered":"<div data-elementor-type=\"wp-page\" data-elementor-id=\"8933\" class=\"elementor elementor-8933\" data-elementor-post-type=\"page\">\n\t\t\t\t\t\t<section class=\"elementor-section elementor-top-section elementor-element elementor-element-1ad265a8 elementor-section-stretched elementor-section-boxed elementor-section-height-default elementor-section-height-default\" data-id=\"1ad265a8\" data-element_type=\"section\" data-e-type=\"section\" data-settings='{\"stretch_section\":\"section-stretched\",\"background_background\":\"gradient\"}'>\n\t\t\t\t\t\t<div class=\"elementor-container elementor-column-gap-extended\">\n\t\t\t\t\t<div class=\"elementor-column elementor-col-50 elementor-top-column elementor-element elementor-element-6150afc3\" data-id=\"6150afc3\" data-element_type=\"column\" data-e-type=\"column\">\n\t\t\t<div class=\"elementor-widget-wrap elementor-element-populated\">\n\t\t\t\t\t\t<div class=\"elementor-element elementor-element-4318ea5e elementor-widget elementor-widget-heading\" data-id=\"4318ea5e\" data-element_type=\"widget\" data-e-type=\"widget\" data-widget_type=\"heading.default\">\n\t\t\t\t<div class=\"elementor-widget-container\">\n\t\t\t\t\t<h1 class=\"elementor-heading-title elementor-size-default\">Dikjarazzjoni ta\u2019 a\u010b\u010bessibbilt\u00e0<\/h1>\t\t\t\t<\/div>\n\t\t\t\t<\/div>\n\t\t\t\t<div class=\"elementor-element elementor-element-6825d15e elementor-widget elementor-widget-text-editor\" data-id=\"6825d15e\" data-element_type=\"widget\" data-e-type=\"widget\" data-widget_type=\"text-editor.default\">\n\t\t\t\t<div class=\"elementor-widget-container\">\n\t\t\t\t\t\t\t\t\t<p>L-ALT-EDIC jimpenja ru\u0127u li jag\u0127mel is-sit web tieg\u0127u a\u010b\u010bessibbli skont l-Artikolu 47 tal-Li\u0121i Nru 2005-102 tal-11 ta' Frar 2005.<\/p>\t\t\t\t\t\t\t\t<\/div>\n\t\t\t\t<\/div>\n\t\t\t\t\t<\/div>\n\t\t<\/div>\n\t\t\t\t<div class=\"elementor-column elementor-col-50 elementor-top-column elementor-element elementor-element-745957b9 elementor-hidden-tablet elementor-hidden-phone\" data-id=\"745957b9\" data-element_type=\"column\" data-e-type=\"column\">\n\t\t\t<div class=\"elementor-widget-wrap\">\n\t\t\t\t\t\t\t<\/div>\n\t\t<\/div>\n\t\t\t\t\t<\/div>\n\t\t<\/section>\n\t\t\t\t<section class=\"elementor-section elementor-top-section elementor-element elementor-element-283d2e88 elementor-section-stretched elementor-section-boxed elementor-section-height-default elementor-section-height-default\" data-id=\"283d2e88\" data-element_type=\"section\" data-e-type=\"section\" data-settings='{\"stretch_section\":\"section-stretched\"}'>\n\t\t\t\t\t\t<div class=\"elementor-container elementor-column-gap-extended\">\n\t\t\t\t\t<div class=\"elementor-column elementor-col-100 elementor-top-column elementor-element elementor-element-421f4ab elementor-invisible\" data-id=\"421f4ab\" data-element_type=\"column\" data-e-type=\"column\" data-settings='{\"animation\":\"slide-left\",\"animation_delay\":200}'>\n\t\t\t<div class=\"elementor-widget-wrap elementor-element-populated\">\n\t\t\t\t\t\t<div class=\"elementor-element elementor-element-c7e5855 elementor-widget elementor-widget-text-editor\" data-id=\"c7e5855\" data-element_type=\"widget\" data-e-type=\"widget\" data-widget_type=\"text-editor.default\">\n\t\t\t\t<div class=\"elementor-widget-container\">\n\t\t\t\t\t\t\t\t\t<p>Din id-dikjarazzjoni ta' a\u010b\u010bessibbilt\u00e0 tapplika g\u0127al \u00e0 https:\/\/alt-edic.eu\/.<\/p>\n<h2>Statuti ta' konformit\u00e0<\/h2>\n<p><span class=\"Y2IQFc\" lang=\"en\">G\u0127adu ma twettaq l-ebda awditu.<\/span><\/p>\n<p>https:\/\/alt-edic.eu\/ mhuwiex konformi mar-Repo\u017citorju \u0120enerali g\u0127at-Titjib tal-A\u010b\u010bessibbilt\u00e0 (<em>RGAA<\/em>), ver\u017cjoni 4.1.2.<\/p>\n<p><span class=\"Y2IQFc\" lang=\"en\">L-awditu tal-konformit\u00e0 huwa ppjanat sew u l-istatus tal-konformit\u00e0 se ji\u0121i a\u0121\u0121ornat dalwaqt.<\/span><\/p>\n<ul>\n<\/ul>\n<h2>Feedback u kuntatt<\/h2>\n<p>Jekk ma tkunx tista' ta\u010b\u010bessa kontenut jew servizz, tista' tikkuntattja lill-persuna responsabbli biex tintbag\u0127at lejn alternattiva a\u010b\u010bessibbli jew tikseb il-kontenut f'forma o\u0127ra.<\/p>\n<ul>\n<li>Ibg\u0127at messa\u0121\u0121 lil contact@alt-edic.eu<\/li>\n<\/ul>\n<h2>Mezzi ta' appell<\/h2>\n<p>Din il-pro\u010bedura g\u0127andha tintu\u017ca fil-ka\u017cijiet li \u0121ejjin. Innotifikajt lill-mani\u0121er tas-sit web bi problema ta\u2019 a\u010b\u010bessibbilt\u00e0 li qed i\u017c\u017commok milli ta\u010b\u010bessa kontenut jew servizzi fuq il-portal u ma r\u010bevejtx twe\u0121iba sodisfa\u010benti.<\/p>\n<ul>\n<li>Ikteb messa\u0121\u0121 lid-Difensur tad-Drittijiet (https:\/\/www.defenseurdesdroits.fr\/nous-contacter-355)<\/li>\n<li>Ikkuntattja lid-Difensur tad-Drittijiet lokali tieg\u0127ek (https:\/\/www.defenseurdesdroits.fr\/carte-des-delegues)<\/li>\n<li>Ibg\u0127at ittra bil-posta (b\u2019xejn, tu\u017cax bolol): <br>D\u00e9fenseur des droits <br>Libre r\u00e9ponse <br>71120 75342 <br>CEDEX 07 ta' Pari\u0121i<\/li>\n<\/ul>\t\t\t\t\t\t\t\t<\/div>\n\t\t\t\t<\/div>\n\t\t\t\t\t<\/div>\n\t\t<\/div>\n\t\t\t\t\t<\/div>\n\t\t<\/section>\n\t\t\t\t<\/div>","protected":false},"excerpt":{"rendered":"<p>Id-dikjarazzjoni ta\u2019 a\u010b\u010bessibbilt\u00e0 ALT-EDIC timpenja ru\u0127ha li tag\u0127mel is-sit web tag\u0127ha a\u010b\u010bessibbli f\u2019konformit\u00e0 mal-Artikolu 47 tal-li\u0121i Nru 2005-102 tal-11 ta\u2019 Frar 2005. Din id-dikjarazzjoni ta' a\u010b\u010bessibbilt\u00e0 tapplika g\u0127al \u00e0 https:\/\/alt-edic.eu\/. G\u0127adu ma twettaq l-ebda awditu. https:\/\/alt-edic.eu\/ mhuwiex konformi mar-Repo\u017citorju \u0120enerali g\u0127at-Titjib tal-A\u010b\u010bessibbilt\u00e0 (RGAA), il-ver\u017cjoni 4.1.2. Awditjar tal-konformit\u00e0 huwa [\u2026]<\/p>","protected":false},"author":1,"featured_media":0,"parent":0,"menu_order":0,"comment_status":"closed","ping_status":"closed","template":"","meta":{"footnotes":""},"class_list":["post-8933","page","type-page","status-publish","hentry"],"aioseo_notices":[],"_links":{"self":[{"href":"http:\/\/www.alt-edic.eu\/mt\/wp-json\/wp\/v2\/pages\/8933","targetHints":{"allow":["GET"]}}],"collection":[{"href":"http:\/\/www.alt-edic.eu\/mt\/wp-json\/wp\/v2\/pages"}],"about":[{"href":"http:\/\/www.alt-edic.eu\/mt\/wp-json\/wp\/v2\/types\/page"}],"author":[{"embeddable":true,"href":"http:\/\/www.alt-edic.eu\/mt\/wp-json\/wp\/v2\/users\/1"}],"replies":[{"embeddable":true,"href":"http:\/\/www.alt-edic.eu\/mt\/wp-json\/wp\/v2\/comments?post=8933"}],"version-history":[{"count":0,"href":"http:\/\/www.alt-edic.eu\/mt\/wp-json\/wp\/v2\/pages\/8933\/revisions"}],"wp:attachment":[{"href":"http:\/\/www.alt-edic.eu\/mt\/wp-json\/wp\/v2\/media?parent=8933"}],"curies":[{"name":"wp","href":"https:\/\/api.w.org\/{rel}","templated":true}]}}