{"id":10975,"date":"2025-11-03T18:02:10","date_gmt":"2025-11-03T17:02:10","guid":{"rendered":"https:\/\/www.alt-edic.eu\/?page_id=10975"},"modified":"2026-01-20T10:02:09","modified_gmt":"2026-01-20T09:02:09","slug":"llm-bridge","status":"publish","type":"page","link":"http:\/\/www.alt-edic.eu\/mt\/projects\/llm-bridge\/","title":{"rendered":"<p>LLM-BRIDGE<\/p>"},"content":{"rendered":"<div data-elementor-type=\"wp-page\" data-elementor-id=\"10975\" class=\"elementor elementor-10975\" data-elementor-post-type=\"page\">\n\t\t\t\t\t\t<section class=\"elementor-section elementor-top-section elementor-element elementor-element-1577bd88 elementor-section-stretched elementor-section-boxed elementor-section-height-default elementor-section-height-default\" data-id=\"1577bd88\" data-element_type=\"section\" data-e-type=\"section\" data-settings='{\"stretch_section\":\"section-stretched\",\"background_background\":\"gradient\"}'>\n\t\t\t\t\t\t<div class=\"elementor-container elementor-column-gap-extended\">\n\t\t\t\t\t<div class=\"elementor-column elementor-col-50 elementor-top-column elementor-element elementor-element-70dc39ba\" data-id=\"70dc39ba\" data-element_type=\"column\" data-e-type=\"column\">\n\t\t\t<div class=\"elementor-widget-wrap elementor-element-populated\">\n\t\t\t\t\t\t<div class=\"elementor-element elementor-element-51cabebb elementor-widget elementor-widget-heading\" data-id=\"51cabebb\" data-element_type=\"widget\" data-e-type=\"widget\" data-widget_type=\"heading.default\">\n\t\t\t\t<div class=\"elementor-widget-container\">\n\t\t\t\t\t<h1 class=\"elementor-heading-title elementor-size-default\">LLM-BRIDGE<\/h1>\t\t\t\t<\/div>\n\t\t\t\t<\/div>\n\t\t\t\t<div class=\"elementor-element elementor-element-1f4ee8af elementor-widget elementor-widget-text-editor\" data-id=\"1f4ee8af\" data-element_type=\"widget\" data-e-type=\"widget\" data-widget_type=\"text-editor.default\">\n\t\t\t\t<div class=\"elementor-widget-container\">\n\t\t\t\t\t\t\t\t\t<p><strong style=\"background-color: transparent; color: #ffffff;\">Il-pro\u0121ett LLM Booster for Regional Innovation and Digital Growth in Europe (Booster tal-LLM g\u0127all-Innovazzjoni Re\u0121jonali u t-Tkabbir Di\u0121itali fl-Ewropa)&nbsp;<\/strong><strong style=\"background-color: transparent; color: #ffffff;\">&nbsp;(ILM-BRIDGE)&nbsp;<\/strong><strong style=\"background-color: transparent; color: #ffffff;\">jappo\u0121\u0121ja n-negozji \u0121odda u n-negozji li qed jespandu fil-qasam li qed jikber malajr tal-Mudelli Lingwisti\u010bi Kbar (LLMs).<\/strong><\/p>\t\t\t\t\t\t\t\t<\/div>\n\t\t\t\t<\/div>\n\t\t\t\t\t<\/div>\n\t\t<\/div>\n\t\t\t\t<div class=\"elementor-column elementor-col-50 elementor-top-column elementor-element elementor-element-286565d9 elementor-hidden-tablet elementor-hidden-phone\" data-id=\"286565d9\" data-element_type=\"column\" data-e-type=\"column\">\n\t\t\t<div class=\"elementor-widget-wrap\">\n\t\t\t\t\t\t\t<\/div>\n\t\t<\/div>\n\t\t\t\t\t<\/div>\n\t\t<\/section>\n\t\t\t\t<section class=\"elementor-section elementor-top-section elementor-element elementor-element-2a82150a elementor-section-stretched elementor-section-boxed elementor-section-height-default elementor-section-height-default\" data-id=\"2a82150a\" data-element_type=\"section\" data-e-type=\"section\" data-settings='{\"stretch_section\":\"section-stretched\"}'>\n\t\t\t\t\t\t<div class=\"elementor-container elementor-column-gap-extended\">\n\t\t\t\t\t<div class=\"elementor-column elementor-col-50 elementor-top-column elementor-element elementor-element-4dc940b2 elementor-invisible\" data-id=\"4dc940b2\" data-element_type=\"column\" data-e-type=\"column\" data-settings='{\"animation\":\"slide-left\",\"animation_delay\":200}'>\n\t\t\t<div class=\"elementor-widget-wrap elementor-element-populated\">\n\t\t\t\t\t\t<div class=\"elementor-element elementor-element-2fa08fbe elementor-widget__width-initial elementor-widget elementor-widget-text-editor\" data-id=\"2fa08fbe\" data-element_type=\"widget\" data-e-type=\"widget\" data-widget_type=\"text-editor.default\">\n\t\t\t\t<div class=\"elementor-widget-container\">\n\t\t\t\t\t\t\t\t\t<p>Il-&nbsp;<span style=\"text-decoration: underline;\"><a href=\"https:\/\/www.llm-bridge.eu\/\">Pro\u0121ett LLM-BRIDGE<\/a><\/span> g\u0127andha l-g\u0127an li ssa\u0127\u0127a\u0127 l-ekosistemi nazzjonali tal-\u0120enAI billi tg\u0127ammar lin-negozji \u0121odda, lin-negozji li qed jespandu, lill-inkubaturi u lill-investituri bl-appo\u0121\u0121 me\u0127tie\u0121 biex jibnu u ju\u017caw prodotti mmexxija mil-LLM.<\/p><p>Il-pro\u0121ett ji\u0121bor flimkien konsorzju ta\u2019 s\u0127ab minn g\u0127axar pajji\u017ci Ewropej, ikkoordinat mill-ALT-EDIC. Il-\u0127iliet tas-s\u0127ab fl-appo\u0121\u0121 tan-negozji \u0121odda u l-innovazzjoni huma msa\u0127\u0127a mill-g\u0127arfien espert tekniku tag\u0127hom fil-\u0120enAI u l-LLMs. Dawn il-kapa\u010bitajiet se jg\u0127inu lin-negozji \u0121odda u lin-negozji li qed jespandu jintegraw l-LLMs b\u2019mod responsabbli u fuq skala kbira. Flimkien, il-konsorzju se jwassal tliet programmi ta\u2019 appo\u0121\u0121 iddedikati ffukati fuq l-LLMs:<\/p><p dir=\"ltr\" style=\"margin-top: 0pt; margin-bottom: 0pt; line-height: 1.38;\">&nbsp;<\/p>\t\t\t\t\t\t\t\t<\/div>\n\t\t\t\t<\/div>\n\t\t\t\t\t<\/div>\n\t\t<\/div>\n\t\t\t\t<div class=\"elementor-column elementor-col-50 elementor-top-column elementor-element elementor-element-169741bd elementor-hidden-tablet elementor-hidden-phone elementor-invisible\" data-id=\"169741bd\" data-element_type=\"column\" data-e-type=\"column\" data-settings='{\"animation\":\"slide-right\"}'>\n\t\t\t<div class=\"elementor-widget-wrap elementor-element-populated\">\n\t\t\t\t\t\t<div class=\"elementor-element elementor-element-47d0ea elementor-widget__width-initial elementor-widget elementor-widget-image\" data-id=\"47d0ea\" data-element_type=\"widget\" data-e-type=\"widget\" data-widget_type=\"image.default\">\n\t\t\t\t<div class=\"elementor-widget-container\">\n\t\t\t\t\t\t\t\t\t\t\t\t\t\t\t<img fetchpriority=\"high\" decoding=\"async\" width=\"800\" height=\"520\" src=\"https:\/\/www.alt-edic.eu\/wp-content\/uploads\/2026\/01\/Project-page-images-2-e1768899698813.png\" class=\"attachment-full size-full wp-image-11100\" alt=\"Informazzjoni dwar il-Pro\u0121ett LLM-BRIDGE\" srcset=\"https:\/\/www.alt-edic.eu\/wp-content\/uploads\/2026\/01\/Project-page-images-2-e1768899698813.png 800w, https:\/\/www.alt-edic.eu\/wp-content\/uploads\/2026\/01\/Project-page-images-2-e1768899698813-300x195.png 300w, https:\/\/www.alt-edic.eu\/wp-content\/uploads\/2026\/01\/Project-page-images-2-e1768899698813-768x499.png 768w, https:\/\/www.alt-edic.eu\/wp-content\/uploads\/2026\/01\/Project-page-images-2-e1768899698813-18x12.png 18w\" sizes=\"(max-width: 800px) 100vw, 800px\">\t\t\t\t\t\t\t\t\t\t\t\t\t\t\t<\/div>\n\t\t\t\t<\/div>\n\t\t\t\t\t<\/div>\n\t\t<\/div>\n\t\t\t\t\t<\/div>\n\t\t<\/section>\n\t\t<div class=\"elementor-element elementor-element-8ed64da e-flex e-con-boxed e-con e-parent\" data-id=\"8ed64da\" data-element_type=\"container\" data-e-type=\"container\">\n\t\t\t\t\t<div class=\"e-con-inner\">\n\t\t\t\t<div class=\"elementor-element elementor-element-41c7d55 elementor-widget__width-initial elementor-widget elementor-widget-text-editor\" data-id=\"41c7d55\" data-element_type=\"widget\" data-e-type=\"widget\" data-widget_type=\"text-editor.default\">\n\t\t\t\t<div class=\"elementor-widget-container\">\n\t\t\t\t\t\t\t\t\t<p dir=\"ltr\" style=\"margin-top: 0pt; margin-bottom: 0pt; line-height: 1.38;\"><strong style=\"color: #202124; font-family: Lato, Arial, sans-serif; font-size: 26px;\">Tliet programmi g\u0127all-impatt<\/strong><\/p><p dir=\"ltr\" style=\"margin-top: 0pt; margin-bottom: 0pt; line-height: 1.38;\"><strong style=\"color: #202124; font-family: Lato, Arial, sans-serif; font-size: 26px;\">&nbsp;<\/strong><\/p><p dir=\"ltr\" style=\"margin-top: 0pt; margin-bottom: 0pt; line-height: 1.38;\"><strong style=\"color: #202124; font-family: Lato, Arial, sans-serif; font-size: 19px;\">Programm ta' Edukazzjoni Intraprenditorjali<\/strong><\/p><p>Programm ta\u2019 edukazzjoni strutturat g\u0127all-istartups ta\u2019 qabel i\u017c-\u017cerrieg\u0127a u ta\u017c-\u017cerrieg\u0127a. Il-parte\u010bipanti se jir\u010bievu sessjonijiet ta\u2019 \u0127idma u mentora\u0121\u0121 individwali dwar diversi su\u0121\u0121etti b\u0127all-\u0121estjoni tal-intrapri\u017ci, l-ambjent teknolo\u0121iku u regolatorju, l-a\u010b\u010bess g\u0127all-finanzi, u l-istrate\u0121iji ta\u2019 \u017cvilupp.<\/p><h4 style=\"font-family: Lato, Arial, sans-serif;\"><strong>Programm ta\u2019 Inkubazzjoni ta\u2019 Riskju<\/strong><\/h4><p>Servizzi ta' inkubazzjoni mfassla biex i\u0127affu l-validazzjoni tal-prodott u tal-klijent. Fejn possibbli, in-negozji \u0121odda se jir\u010bievu a\u010b\u010bess g\u0127al ri\u017corsi tekni\u010bi mfassla apposta b\u0127al settijiet tad-data u computing, gwida dwar il-konformit\u00e0 regolatorja, u appo\u0121\u0121 g\u0127all-akkwist tal-klijenti. Aktar minn nofs miljun euro se ji\u0121u allokati g\u0127al inkubaturi u negozji \u0121odda mag\u0127\u017cula.<\/p><h4 style=\"font-family: Lato, Arial, sans-serif;\"><strong>Programm ta' A\u010b\u010bellerazzjoni<\/strong><\/h4><p>Programm ta\u2019 a\u010b\u010bellerazzjoni g\u0127an-negozji \u0121odda li g\u0127andu l-g\u0127an li jiffinanzja s-Serje A. Il-programm se jipprovdi appo\u0121\u0121 imfassal apposta fit-t\u0127ejjija g\u0127all-investiment, fl-iskalar u fil-konformit\u00e0 regolatorja. Il-programm se jwassal g\u0127al tlaqqig\u0127 iffukat tal-investituri mal-investituri.<\/p><p>LLM-BRIDGE huwa ffinanzjat mill-Unjoni Ewropea ta\u0127t il-Programm Ewropa Di\u0121itali u beda fl-1 ta\u2019 Settembru 2025, g\u0127al durata ta\u2019 tliet snin. Aktar informazzjoni dwar it-tnedija tal-programmi se tkun disponibbli fl-2026.<\/p><p>&nbsp;<\/p><p>G\u0127al aktar informazzjoni dwar il-pro\u0121ett LLM-BRIDGE, \u017cur <span style=\"text-decoration: underline;\"><a href=\"https:\/\/www.llm-bridge.eu\/\">sit web tal-pro\u0121ett<\/a><\/span>.<\/p>\t\t\t\t\t\t\t\t<\/div>\n\t\t\t\t<\/div>\n\t\t\t\t\t<\/div>\n\t\t\t\t<\/div>\n\t\t\t\t<\/div>","protected":false},"excerpt":{"rendered":"<p>Il-pro\u0121ett LLM-BRIDGE The LLM Booster for Regional Innovation and Digital Growth in Europe (LLM-BRIDGE) jappo\u0121\u0121a negozji \u0121odda u negozji li qed jespandu fil-qasam li qed jikber b\u2019rata mg\u0127a\u0121\u0121la ta\u2019 Mudelli Lingwisti\u010bi Kbar (LLMs). Il-pro\u0121ett LLM-BRIDGE g\u0127andu l-g\u0127an li jsa\u0127\u0127a\u0127 l-ekosistemi nazzjonali tal-\u0120enAI billi jg\u0127ammar lin-negozji \u0121odda, lin-negozji li qed jespandu, lill-inkubaturi u lill-investituri bl-appo\u0121\u0121 me\u0127tie\u0121 biex jibnu u ju\u017caw prodotti mmexxija mil-LLM. Il-pro\u0121ett ji\u0121bor flimkien [\u2026]<\/p>","protected":false},"author":37,"featured_media":0,"parent":9229,"menu_order":0,"comment_status":"closed","ping_status":"closed","template":"","meta":{"footnotes":""},"class_list":["post-10975","page","type-page","status-publish","hentry"],"aioseo_notices":[],"_links":{"self":[{"href":"http:\/\/www.alt-edic.eu\/mt\/wp-json\/wp\/v2\/pages\/10975","targetHints":{"allow":["GET"]}}],"collection":[{"href":"http:\/\/www.alt-edic.eu\/mt\/wp-json\/wp\/v2\/pages"}],"about":[{"href":"http:\/\/www.alt-edic.eu\/mt\/wp-json\/wp\/v2\/types\/page"}],"author":[{"embeddable":true,"href":"http:\/\/www.alt-edic.eu\/mt\/wp-json\/wp\/v2\/users\/37"}],"replies":[{"embeddable":true,"href":"http:\/\/www.alt-edic.eu\/mt\/wp-json\/wp\/v2\/comments?post=10975"}],"version-history":[{"count":0,"href":"http:\/\/www.alt-edic.eu\/mt\/wp-json\/wp\/v2\/pages\/10975\/revisions"}],"up":[{"embeddable":true,"href":"http:\/\/www.alt-edic.eu\/mt\/wp-json\/wp\/v2\/pages\/9229"}],"wp:attachment":[{"href":"http:\/\/www.alt-edic.eu\/mt\/wp-json\/wp\/v2\/media?parent=10975"}],"curies":[{"name":"wp","href":"https:\/\/api.w.org\/{rel}","templated":true}]}}