{"id":8944,"date":"2024-10-03T19:38:42","date_gmt":"2024-10-03T19:38:42","guid":{"rendered":"https:\/\/alt-edic.eu\/?page_id=8944"},"modified":"2025-01-29T14:36:58","modified_gmt":"2025-01-29T13:36:58","slug":"governance","status":"publish","type":"page","link":"http:\/\/www.alt-edic.eu\/lv\/governance\/","title":{"rendered":"<p>P\u0101rvald\u012bba<\/p>"},"content":{"rendered":"<div data-elementor-type=\"wp-page\" data-elementor-id=\"8944\" class=\"elementor elementor-8944\" data-elementor-post-type=\"page\">\n\t\t\t\t\t\t<section class=\"elementor-section elementor-top-section elementor-element elementor-element-83d6e06 elementor-section-stretched elementor-section-boxed elementor-section-height-default elementor-section-height-default\" data-id=\"83d6e06\" data-element_type=\"section\" data-e-type=\"section\" data-settings='{\"stretch_section\":\"section-stretched\",\"background_background\":\"gradient\"}'>\n\t\t\t\t\t\t<div class=\"elementor-container elementor-column-gap-extended\">\n\t\t\t\t\t<div class=\"elementor-column elementor-col-50 elementor-top-column elementor-element elementor-element-5ad19a07\" data-id=\"5ad19a07\" data-element_type=\"column\" data-e-type=\"column\">\n\t\t\t<div class=\"elementor-widget-wrap elementor-element-populated\">\n\t\t\t\t\t\t<div class=\"elementor-element elementor-element-17b6f034 elementor-widget elementor-widget-heading\" data-id=\"17b6f034\" data-element_type=\"widget\" data-e-type=\"widget\" data-widget_type=\"heading.default\">\n\t\t\t\t<div class=\"elementor-widget-container\">\n\t\t\t\t\t<h1 class=\"elementor-heading-title elementor-size-default\">P\u0101rvald\u012bba<\/h1>\t\t\t\t<\/div>\n\t\t\t\t<\/div>\n\t\t\t\t<div class=\"elementor-element elementor-element-793ec4e6 elementor-widget elementor-widget-text-editor\" data-id=\"793ec4e6\" data-element_type=\"widget\" data-e-type=\"widget\" data-widget_type=\"text-editor.default\">\n\t\t\t\t<div class=\"elementor-widget-container\">\n\t\t\t\t\t\t\t\t\t<p>Valodu tehnolo\u0123iju alianse (ALT-EDIC) ir<span style=\"text-decoration: underline; color: #99ccff;\"> <a style=\"color: #99ccff; text-decoration: underline;\" href=\"https:\/\/digital-strategy.ec.europa.eu\/en\/policies\/edic\"><span style=\"color: #ffffff; text-decoration: underline;\">Eiropas Digit\u0101l\u0101s infrastrukt\u016bras konsorcijs<\/span><\/a><\/span>, juridisk\u0101s strukt\u016bras veids, kas izveidots saska\u0146\u0101 ar <span style=\"text-decoration: underline; color: #ffffff;\"><span style=\"text-decoration: underline;\"><a style=\"color: #ffffff; text-decoration: underline;\" href=\"https:\/\/digital-strategy.ec.europa.eu\/en\/library\/digital-decade-policy-programme-2030\">Digit\u0101l\u0101s desmitgades politikas programma 2030. gadam<\/a><\/span><\/span>. To vada dal\u012bbnieku kopsapulce, kur\u0101 ietilpst dal\u012bbvalstis, <span style=\"color: #ffffff;\"><a style=\"color: #ffffff;\" href=\"https:\/\/eur-lex.europa.eu\/EN\/legal-content\/summary\/agreement-on-the-european-economic-area.html\"><span style=\"text-decoration: underline;\">Eiropas Ekonomikas zona (EEZ)<\/span><\/a><\/span>&nbsp; un zi\u0146ojumi Eiropas Komisijai. <\/p>\t\t\t\t\t\t\t\t<\/div>\n\t\t\t\t<\/div>\n\t\t\t\t\t<\/div>\n\t\t<\/div>\n\t\t\t\t<div class=\"elementor-column elementor-col-50 elementor-top-column elementor-element elementor-element-75c15e62 elementor-hidden-tablet elementor-hidden-phone\" data-id=\"75c15e62\" data-element_type=\"column\" data-e-type=\"column\">\n\t\t\t<div class=\"elementor-widget-wrap\">\n\t\t\t\t\t\t\t<\/div>\n\t\t<\/div>\n\t\t\t\t\t<\/div>\n\t\t<\/section>\n\t\t\t\t<section class=\"elementor-section elementor-top-section elementor-element elementor-element-178c1fff elementor-section-stretched elementor-section-boxed elementor-section-height-default elementor-section-height-default\" data-id=\"178c1fff\" data-element_type=\"section\" data-e-type=\"section\" data-settings='{\"stretch_section\":\"section-stretched\"}'>\n\t\t\t\t\t\t<div class=\"elementor-container elementor-column-gap-extended\">\n\t\t\t\t\t<div class=\"elementor-column elementor-col-100 elementor-top-column elementor-element elementor-element-1c5552e\" data-id=\"1c5552e\" data-element_type=\"column\" data-e-type=\"column\">\n\t\t\t<div class=\"elementor-widget-wrap elementor-element-populated\">\n\t\t\t\t\t\t<div class=\"elementor-element elementor-element-4b36844 elementor-widget elementor-widget-text-editor\" data-id=\"4b36844\" data-element_type=\"widget\" data-e-type=\"widget\" data-widget_type=\"text-editor.default\">\n\t\t\t\t<div class=\"elementor-widget-container\">\n\t\t\t\t\t\t\t\t\t<h2>L\u0113mumu pie\u0146em\u0161anas un padomdev\u0113jas strukt\u016bras<\/h2><p>The <strong>Dal\u012bbnieku kopsapulce<\/strong> AOM) ir ALT-EDIC p\u0101rvald\u012bbas strukt\u016bra. T\u0101 no savu locek\u013cu vidus iev\u0113l priek\u0161s\u0113d\u0113t\u0101ju un priek\u0161s\u0113d\u0113t\u0101ja vietnieku. AOM iece\u013c ALT-EDIC direktoru.<\/p><p>The <strong>Direktore<\/strong> ir ALT-EDIC juridiskais p\u0101rst\u0101vis, veic savas ikdienas darb\u012bbas un atbild par AOM l\u0113mumu \u012bsteno\u0161anu.<\/p><p>The <strong>Strat\u0113\u0123isk\u0101s ievirzes komiteja<\/strong>, kur\u0101 ietilpst AOM un ALT-EDIC iev\u0113l\u0113tie deput\u0101tu p\u0101rst\u0101vji? <strong>R\u016bpniec\u012bbas konsorcijs<\/strong>, atbalsta AOM un direktoru.<\/p><p>The <strong>Zin\u0101tnisk\u0101 un tehnisk\u0101 konsultat\u012bv\u0101 padome<\/strong> un <strong>Juridisk\u0101 un \u0113tikas konsultat\u012bv\u0101 padome<\/strong>, abus, kuru sast\u0101v\u0101 ir eksperti no attiec\u012bgaj\u0101m jom\u0101m, iece\u013c AOM.<\/p><h2>Alt-EDIC p\u0101rst\u0101vji<\/h2><ul><li>AOM priek\u0161s\u0113d\u0113t\u0101js: Thibault GROUAS kungs<\/li><li>AOM priek\u0161s\u0113d\u0113t\u0101ja vietnieks: Juan Martinez SAMALEA kungs<\/li><\/ul><h2>Atsauces dokumenti<\/h2><h3>Komisijas l\u0113mums par ALT-EDIC izveidi<\/h3><ul><li><a href=\"https:\/\/eur-lex.europa.eu\/eli\/dec_impl\/2024\/458\/oj\">Komisijas \u012asteno\u0161anas l\u0113mums, ar ko izveido Eiropas Digit\u0101l\u0101s infrastrukt\u016bras konsorciju Valodu tehnolo\u0123iju aliansei (ALT-EDIC)<\/a><\/li><\/ul><h3>Alt-EDIC Stat\u016bti<\/h3><ul><li><a style=\"color: #000000;\" href=\"https:\/\/alt-edic.eu\/wp-content\/uploads\/2025\/01\/2024-12-17-Adopted-ALT-EDIC-Statutes-v3.0.2.pdf\"><u>Ang\u013cu versija<\/u><\/a><\/li><li><a style=\"color: #000000;\" href=\"https:\/\/alt-edic.eu\/wp-content\/uploads\/2025\/01\/2024-12-17-Adopted-ALT-EDIC-Statutes-v3.0.2-FR.pdf\"><u>Francijas versija<\/u><\/a><\/li><\/ul><h3>Alt-EDIC AOM rezol\u016bcijas<\/h3><ul><li><span style=\"text-decoration: underline;\"><a style=\"outline: 0px;\" href=\"https:\/\/alt-edic.eu\/wp-content\/uploads\/2024\/12\/27-09-2024-Adopted-ALT-EDIC-Resolutions.pdf\">Pie\u0146emta ALT-EDIC Rezol\u016bcija, 2024. gada 27. septembris<\/a><\/span><\/li><li><span style=\"text-decoration: underline;\"><a style=\"outline: 0px;\" href=\"https:\/\/alt-edic.eu\/wp-content\/uploads\/2024\/12\/28_08_2024-Adopted-ALT-EDIC-Resolution.pdf\">Pie\u0146emta ALT-EDIC Rezol\u016bcija, 2024. gada 28. augusts<\/a><\/span><\/li><li><span style=\"text-decoration: underline;\"><a href=\"https:\/\/alt-edic.eu\/wp-content\/uploads\/2024\/12\/27-05-2024-Adopted-Resolutions.pdf\">Pie\u0146emta ALT-EDIC Rezol\u016bcija, 2024. gada 27. maijs<\/a><\/span><\/li><li><a href=\"https:\/\/alt-edic.eu\/wp-content\/uploads\/2024\/12\/8_03_2024-Adopted-ALT-EDIC-Resolution.pdf\"><span style=\"text-decoration: underline;\">Pie\u0146emta ALT-EDIC rezol\u016bcija, 2024. gada 8. marts<\/span><\/a><\/li><\/ul>\t\t\t\t\t\t\t\t<\/div>\n\t\t\t\t<\/div>\n\t\t\t\t\t<\/div>\n\t\t<\/div>\n\t\t\t\t\t<\/div>\n\t\t<\/section>\n\t\t\t\t<\/div>","protected":false},"excerpt":{"rendered":"<p>Valodu tehnolo\u0123iju alianse (ALT-EDIC) ir Eiropas digit\u0101l\u0101s infrastrukt\u016bras konsorcijs, kas ir juridisk\u0101s strukt\u016bras veids, kur\u0161 izveidots saska\u0146\u0101 ar Digit\u0101l\u0101s desmitgades politikas programmu 2030. gadam. To p\u0101rvalda Eiropas Ekonomikas zonas (EEZ) dal\u012bbvalstu p\u0101rst\u0101vju asambleja un zi\u0146o Eiropas Komisijai. L\u0113mumu pie\u0146em\u0161anas un padomdev\u0113jas strukt\u016bras [...]<\/p>","protected":false},"author":1,"featured_media":0,"parent":0,"menu_order":0,"comment_status":"closed","ping_status":"closed","template":"","meta":{"footnotes":""},"class_list":["post-8944","page","type-page","status-publish","hentry"],"aioseo_notices":[],"_links":{"self":[{"href":"http:\/\/www.alt-edic.eu\/lv\/wp-json\/wp\/v2\/pages\/8944","targetHints":{"allow":["GET"]}}],"collection":[{"href":"http:\/\/www.alt-edic.eu\/lv\/wp-json\/wp\/v2\/pages"}],"about":[{"href":"http:\/\/www.alt-edic.eu\/lv\/wp-json\/wp\/v2\/types\/page"}],"author":[{"embeddable":true,"href":"http:\/\/www.alt-edic.eu\/lv\/wp-json\/wp\/v2\/users\/1"}],"replies":[{"embeddable":true,"href":"http:\/\/www.alt-edic.eu\/lv\/wp-json\/wp\/v2\/comments?post=8944"}],"version-history":[{"count":0,"href":"http:\/\/www.alt-edic.eu\/lv\/wp-json\/wp\/v2\/pages\/8944\/revisions"}],"wp:attachment":[{"href":"http:\/\/www.alt-edic.eu\/lv\/wp-json\/wp\/v2\/media?parent=8944"}],"curies":[{"name":"wp","href":"https:\/\/api.w.org\/{rel}","templated":true}]}}