{"id":8735,"date":"2024-08-19T13:30:19","date_gmt":"2024-08-19T13:30:19","guid":{"rendered":"https:\/\/alt-edic.eu\/?page_id=8735"},"modified":"2026-04-10T17:00:24","modified_gmt":"2026-04-10T16:00:24","slug":"about-us","status":"publish","type":"page","link":"http:\/\/www.alt-edic.eu\/lv\/about-us\/","title":{"rendered":"<p>Par \u0100zniekiem<\/p>"},"content":{"rendered":"<div data-elementor-type=\"wp-page\" data-elementor-id=\"8735\" class=\"elementor elementor-8735\" data-elementor-post-type=\"page\">\n\t\t\t\t\t\t<section class=\"elementor-section elementor-top-section elementor-element elementor-element-2c377f48 elementor-section-stretched elementor-section-boxed elementor-section-height-default elementor-section-height-default\" data-id=\"2c377f48\" data-element_type=\"section\" data-e-type=\"section\" data-settings='{\"stretch_section\":\"section-stretched\",\"background_background\":\"gradient\"}'>\n\t\t\t\t\t\t<div class=\"elementor-container elementor-column-gap-extended\">\n\t\t\t\t\t<div class=\"elementor-column elementor-col-50 elementor-top-column elementor-element elementor-element-bf7721c\" data-id=\"bf7721c\" data-element_type=\"column\" data-e-type=\"column\">\n\t\t\t<div class=\"elementor-widget-wrap elementor-element-populated\">\n\t\t\t\t\t\t<div class=\"elementor-element elementor-element-d07f81e elementor-widget elementor-widget-heading\" data-id=\"d07f81e\" data-element_type=\"widget\" data-e-type=\"widget\" data-widget_type=\"heading.default\">\n\t\t\t\t<div class=\"elementor-widget-container\">\n\t\t\t\t\t<h1 class=\"elementor-heading-title elementor-size-default\">Par ALT-EDIC<\/h1>\t\t\t\t<\/div>\n\t\t\t\t<\/div>\n\t\t\t\t<div class=\"elementor-element elementor-element-24e9f9f3 elementor-widget elementor-widget-text-editor\" data-id=\"24e9f9f3\" data-element_type=\"widget\" data-e-type=\"widget\" data-widget_type=\"text-editor.default\">\n\t\t\t\t<div class=\"elementor-widget-container\">\n\t\t\t\t\t\t\t\t\t<p>Valodu tehnolo\u0123iju alianse (ALT-EDIC) ir <strong><span style=\"text-decoration: underline; color: #ffffff;\"><a style=\"color: #ffffff; text-decoration: underline;\" href=\"https:\/\/digital-strategy.ec.europa.eu\/en\/policies\/edic\">Eiropas Digit\u0101l\u0101s infrastrukt\u016bras konsorcijs<\/a><\/span><\/strong> atbalsts valodu tehnolo\u0123iju att\u012bst\u012bbai. T\u0101 veicina valodu tehnolo\u0123iju izcil\u012bbu un pal\u012bdz saglab\u0101t Eiropas valodu daudzveid\u012bbu un kult\u016bras bag\u0101t\u012bbu.<\/p><p>To 2023. gada decembr\u012b ierosin\u0101ja 10 dal\u012bbvalstis, un to ofici\u0101li izveidoja<strong> <span style=\"text-decoration: underline;\"><span style=\"color: #ffffff;\"><a style=\"color: #ffffff; text-decoration: underline;\" href=\"https:\/\/eur-lex.europa.eu\/eli\/dec_impl\/2024\/458\/oj\">Komisijas l\u0113mums<\/a><\/span><\/span> <\/strong>2024. gada febru\u0101r\u012b. Pa\u0161laik taj\u0101 ir 27 locek\u013ci un nov\u0113rot\u0101ji. To koordin\u0113 Francija, un ties\u012bbu aktos noteikt\u0101 m\u012btne atrodas v\u0113sturiskaj\u0101 viet\u0101, kur\u0101 atrodas <em>Ch\u00e2teau de Villers-Cotter\u00eats<\/em>.<\/p><p>Prezent\u0101ciju, kur\u0101 sniegts p\u0101rskats par ALT-EDIC, var lejupiel\u0101d\u0113t&nbsp;<u><b><a href=\"https:\/\/www.alt-edic.eu\/wp-content\/uploads\/2026\/03\/ALT-EDIC_presentation_20260307.pdf\">\u0161eit<\/a><\/b><\/u><b>.<\/b>&nbsp;<\/p>\t\t\t\t\t\t\t\t<\/div>\n\t\t\t\t<\/div>\n\t\t\t\t\t<\/div>\n\t\t<\/div>\n\t\t\t\t<div class=\"elementor-column elementor-col-50 elementor-top-column elementor-element elementor-element-17328b68 elementor-hidden-tablet elementor-hidden-phone\" data-id=\"17328b68\" data-element_type=\"column\" data-e-type=\"column\">\n\t\t\t<div class=\"elementor-widget-wrap\">\n\t\t\t\t\t\t\t<\/div>\n\t\t<\/div>\n\t\t\t\t\t<\/div>\n\t\t<\/section>\n\t\t\t\t<section class=\"elementor-section elementor-top-section elementor-element elementor-element-5084f662 elementor-section-stretched elementor-section-boxed elementor-section-height-default elementor-section-height-default\" data-id=\"5084f662\" data-element_type=\"section\" data-e-type=\"section\" data-settings='{\"stretch_section\":\"section-stretched\"}'>\n\t\t\t\t\t\t<div class=\"elementor-container elementor-column-gap-extended\">\n\t\t\t\t\t<div class=\"elementor-column elementor-col-50 elementor-top-column elementor-element elementor-element-21db52d3 elementor-hidden-tablet elementor-hidden-phone elementor-invisible\" data-id=\"21db52d3\" data-element_type=\"column\" data-e-type=\"column\" data-settings='{\"animation\":\"slide-right\"}'>\n\t\t\t<div class=\"elementor-widget-wrap elementor-element-populated\">\n\t\t\t\t\t\t<div class=\"elementor-element elementor-element-4ef5943 elementor-widget elementor-widget-html\" data-id=\"4ef5943\" data-element_type=\"widget\" data-e-type=\"widget\" data-widget_type=\"html.default\">\n\t\t\t\t<div class=\"elementor-widget-container\">\n\t\t\t\t\t<object data=\"https:\/\/www.alt-edic.eu\/wp-content\/uploads\/2026\/04\/ALT-EDIC-Flyer-v1-A4.pdf\" type=\"application\/pdf\" width=\"720px\" height=\"680px\"> <\/object>\t\t\t\t<\/div>\n\t\t\t\t<\/div>\n\t\t\t\t\t<\/div>\n\t\t<\/div>\n\t\t\t\t<div class=\"elementor-column elementor-col-50 elementor-top-column elementor-element elementor-element-5f3d7e93 elementor-invisible\" data-id=\"5f3d7e93\" data-element_type=\"column\" data-e-type=\"column\" data-settings='{\"animation\":\"slide-left\",\"animation_delay\":200}'>\n\t\t\t<div class=\"elementor-widget-wrap elementor-element-populated\">\n\t\t\t\t\t\t<div class=\"elementor-element elementor-element-6f5ba8cd elementor-widget elementor-widget-heading\" data-id=\"6f5ba8cd\" data-element_type=\"widget\" data-e-type=\"widget\" data-widget_type=\"heading.default\">\n\t\t\t\t<div class=\"elementor-widget-container\">\n\t\t\t\t\t<h2 class=\"elementor-heading-title elementor-size-default\">ALT-EDIC atbalsta valodu tehnolo\u0123iju izstr\u0101di<\/h2>\t\t\t\t<\/div>\n\t\t\t\t<\/div>\n\t\t\t\t<div class=\"elementor-element elementor-element-525183b7 elementor-widget elementor-widget-text-editor\" data-id=\"525183b7\" data-element_type=\"widget\" data-e-type=\"widget\" data-widget_type=\"text-editor.default\">\n\t\t\t\t<div class=\"elementor-widget-container\">\n\t\t\t\t\t\t\t\t\t<p>Valodu tehnolo\u0123iju alianse piev\u0113r\u0161as tam, ka tr\u016bkst Eiropas valodu datu, kas pieejami lielu valodu mode\u013cu (LM) apm\u0101c\u012bbai un \u0161\u0101du mode\u013cu sal\u012bdzino\u0161ai nov\u0113rt\u0113\u0161anai.<\/p><p>T\u0101 rezult\u0101t\u0101 tiks uzlaboti m\u0101ksl\u012bg\u0101 intelekta (MI) risin\u0101jumi, kas sp\u0113j izprast un rad\u012bt valodu, \u0146emot v\u0113r\u0101 Eiropas valodu daudzveid\u012bbu un kult\u016bras bag\u0101t\u012bbu.<\/p>\t\t\t\t\t\t\t\t<\/div>\n\t\t\t\t<\/div>\n\t\t\t\t\t<\/div>\n\t\t<\/div>\n\t\t\t\t\t<\/div>\n\t\t<\/section>\n\t\t\t\t<section class=\"elementor-section elementor-top-section elementor-element elementor-element-245ad23 elementor-section-stretched elementor-section-boxed elementor-section-height-default elementor-section-height-default elementor-invisible\" data-id=\"245ad23\" data-element_type=\"section\" data-e-type=\"section\" data-settings='{\"stretch_section\":\"section-stretched\",\"animation\":\"slide-up\"}'>\n\t\t\t\t\t\t<div class=\"elementor-container elementor-column-gap-extended\">\n\t\t\t\t\t<div class=\"elementor-column elementor-col-100 elementor-top-column elementor-element elementor-element-6381d6cd\" data-id=\"6381d6cd\" data-element_type=\"column\" data-e-type=\"column\">\n\t\t\t<div class=\"elementor-widget-wrap elementor-element-populated\">\n\t\t\t\t\t\t<div class=\"elementor-element elementor-element-6107c70 elementor-widget elementor-widget-heading\" data-id=\"6107c70\" data-element_type=\"widget\" data-e-type=\"widget\" data-widget_type=\"heading.default\">\n\t\t\t\t<div class=\"elementor-widget-container\">\n\t\t\t\t\t<h2 class=\"elementor-heading-title elementor-size-default\">ALT-EDIC misija ir v\u0113rsta uz \u0161\u0101d\u0101m piec\u0101m darb\u012bb\u0101m:<\/h2>\t\t\t\t<\/div>\n\t\t\t\t<\/div>\n\t\t\t\t<div class=\"elementor-element elementor-element-6b8ccd5c elementor-widget elementor-widget-apus_element_features_box\" data-id=\"6b8ccd5c\" data-element_type=\"widget\" data-e-type=\"widget\" data-widget_type=\"apus_element_features_box.default\">\n\t\t\t\t<div class=\"elementor-widget-container\">\n\t\t\t\t\t            <div class=\"widget-features-box  style2\">\n                                    <div class=\"slick-carousel\" data-items=\"3\" data-smallmedium=\"2\" data-extrasmall=\"1\" data-pagination=\"false\" data-nav=\"true\">\n                                                    <div class=\"item\">\n                                <div class=\"item-inner\">\n                                    <div class=\"top-inner\">\n                                                                                <div class=\"features-box-image icon\"><i class=\"fa fa-database\"><\/i><\/div><\/div><div class=\"features-box-content\"><h3 class=\"title\">Darb\u012bba. Dati<\/h3><div class=\"description\">Alt-EDIC izmantos valodu datu telpu un atbalst\u012bs past\u0101vo\u0161o valodu un multimod\u0101los resursus no ES un dal\u012bbvalst\u012bm vis\u0101s Eiropas, valstu un re\u0123ion\u0101laj\u0101s valod\u0101s, tostarp izstr\u0101d\u0101jot strat\u0113\u0123iskus datus, piem\u0113ram, attiec\u012bb\u0101 uz valod\u0101m ar nedaudziem run\u0101t\u0101jiem (maz\u0101k nek\u0101 10 miljoniem run\u0101t\u0101ju), kur\u0101s past\u0101v ierobe\u017eojumi lielu valodu mode\u013cu (LLM) apm\u0101c\u012bbai.<\/div><\/div>\n                                <\/div>\n                            <\/div>\n                                                    <div class=\"item\">\n                                <div class=\"item-inner\">\n                                    <div class=\"top-inner\">\n                                                                                <div class=\"features-box-image icon\"><i class=\"fa fa-caret-right\"><\/i><\/div><\/div><div class=\"features-box-content\"><h3 class=\"title\">Darb\u012bba? Eso\u0161ie mode\u013ci<\/h3><div class=\"description\">Alt-EDIC izveidos eso\u0161o atkl\u0101t\u0101 pirmkoda valodu mode\u013cu repozitoriju, ko r\u016bpniec\u012bbas dal\u012bbnieki izmanto atk\u0101rtotai izmanto\u0161anai, un izstr\u0101d\u0101s \u012bpa\u0161as metodes preciz\u0113\u0161anai, jo \u012bpa\u0161i attiec\u012bb\u0101 uz MVU, un nodro\u0161in\u0101s nov\u0113rt\u0113\u0161anas, sertifik\u0101cijas un normaliz\u0113\u0161anas metodes, \u012bpa\u0161u uzman\u012bbu piev\u0113r\u0161ot iesp\u0113jamai diskrimin\u0101cijai un aizspriedumiem, kas ieviesti ar dabisk\u0101s valodas apstr\u0101des (NLP) mode\u013ciem.<\/div><\/div>\n                                <\/div>\n                            <\/div>\n                                                    <div class=\"item\">\n                                <div class=\"item-inner\">\n                                    <div class=\"top-inner\">\n                                                                                <div class=\"features-box-image icon\"><i class=\"ti-fullscreen\"><\/i><\/div><\/div><div class=\"features-box-content\"><h3 class=\"title\">Darb\u012bba Nr. 3? Mode\u013cu izstr\u0101de<\/h3><div class=\"description\">Alt-EDIC darbosies k\u0101 rezerves sagatavo\u0161anas fonds, apvienojot publiskos un priv\u0101tos resursus, lai uzs\u0101ktu un att\u012bst\u012btu jaunus liela apjoma valodu mode\u013ca projektus un fonda mode\u013cus ar multimod\u0101l\u0101m sp\u0113j\u0101m, tostarp nodro\u0161inot piek\u013cuvi nepiecie\u0161amajai Eiropas augstas veiktsp\u0113jas dato\u0161anai.<\/div><\/div>\n                                <\/div>\n                            <\/div>\n                                                    <div class=\"item\">\n                                <div class=\"item-inner\">\n                                    <div class=\"top-inner\">\n                                                                                <div class=\"features-box-image icon\"><i class=\"ti-layout-list-thumb-alt\"><\/i><\/div><\/div><div class=\"features-box-content\"><h3 class=\"title\">4. darb\u012bba? Izv\u0113rt\u0113\u0161ana, sertifik\u0101cija un normaliz\u0101cija<\/h3><div class=\"description\">Alt-EDIC veicin\u0101s nov\u0113rt\u0113\u0161anas meto\u017eu izstr\u0101di, \u012bpa\u0161u uzman\u012bbu piev\u0113r\u0161ot iesp\u0113jamai diskrimin\u0101cijai un neobjektivit\u0101tei, ko ievie\u0161 NLP mode\u013ci, k\u0101 ar\u012b tam, lai sniegtu \u012bpa\u0161u atbalstu iest\u0101d\u0113m ieguld\u012bjumiem LT.<\/div><\/div>\n                                <\/div>\n                            <\/div>\n                                                    <div class=\"item\">\n                                <div class=\"item-inner\">\n                                    <div class=\"top-inner\">\n                                                                                <div class=\"features-box-image icon\"><i class=\"fa fa-link\"><\/i><\/div><\/div><div class=\"features-box-content\"><h3 class=\"title\">Darb\u012bba. Ekosist\u0113ma<\/h3><div class=\"description\">Alt-EDIC darbosies k\u0101 padomdev\u0113js valsts p\u0101rvaldes iest\u0101d\u0113m, k\u0101 ar\u012b sabiedr\u012bbas uzrun\u0101\u0161anai, izmantojot kult\u016bras programmu, kuras pamat\u0101 ir m\u0101ksl\u012bgais intelekts valod\u0101m un kura \u013cauj LT galalietot\u0101jiem, kas ir ar\u012b datu sagatavot\u0101ji, daudzvalod\u012bbas kontekst\u0101 st\u0101ties pret\u012b m\u0101ksl\u012bg\u0101 intelekta un valodu tehnolo\u0123iju izaicin\u0101jumiem un veicin\u0101t Eiropas iedz\u012bvot\u0101ju izpratni m\u0101ksl\u012bg\u0101 intelekta jom\u0101.<\/div><\/div>\n                                <\/div>\n                            <\/div>\n                                            <\/div>\n                            <\/div>\n            \t\t\t\t<\/div>\n\t\t\t\t<\/div>\n\t\t\t\t\t<\/div>\n\t\t<\/div>\n\t\t\t\t\t<\/div>\n\t\t<\/section>\n\t\t\t\t<\/div>","protected":false},"excerpt":{"rendered":"<p>Par ALT-EDIC Valodu tehnolo\u0123iju alianse (ALT-EDIC) ir Eiropas digit\u0101l\u0101s infrastrukt\u016bras konsorcijs, kas atbalsta valodu tehnolo\u0123iju izstr\u0101di. T\u0101 veicina valodu tehnolo\u0123iju izcil\u012bbu un pal\u012bdz saglab\u0101t Eiropas valodu daudzveid\u012bbu un kult\u016bras bag\u0101t\u012bbu. To 2023. gada decembr\u012b ierosin\u0101ja 10 dal\u012bbvalstis, un Komisija to ofici\u0101li izveidoja [...].<\/p>","protected":false},"author":1,"featured_media":0,"parent":0,"menu_order":0,"comment_status":"closed","ping_status":"closed","template":"","meta":{"footnotes":""},"class_list":["post-8735","page","type-page","status-publish","hentry"],"aioseo_notices":[],"_links":{"self":[{"href":"http:\/\/www.alt-edic.eu\/lv\/wp-json\/wp\/v2\/pages\/8735","targetHints":{"allow":["GET"]}}],"collection":[{"href":"http:\/\/www.alt-edic.eu\/lv\/wp-json\/wp\/v2\/pages"}],"about":[{"href":"http:\/\/www.alt-edic.eu\/lv\/wp-json\/wp\/v2\/types\/page"}],"author":[{"embeddable":true,"href":"http:\/\/www.alt-edic.eu\/lv\/wp-json\/wp\/v2\/users\/1"}],"replies":[{"embeddable":true,"href":"http:\/\/www.alt-edic.eu\/lv\/wp-json\/wp\/v2\/comments?post=8735"}],"version-history":[{"count":16,"href":"http:\/\/www.alt-edic.eu\/lv\/wp-json\/wp\/v2\/pages\/8735\/revisions"}],"predecessor-version":[{"id":11353,"href":"http:\/\/www.alt-edic.eu\/lv\/wp-json\/wp\/v2\/pages\/8735\/revisions\/11353"}],"wp:attachment":[{"href":"http:\/\/www.alt-edic.eu\/lv\/wp-json\/wp\/v2\/media?parent=8735"}],"curies":[{"name":"wp","href":"https:\/\/api.w.org\/{rel}","templated":true}]}}