{"id":10975,"date":"2025-11-03T18:02:10","date_gmt":"2025-11-03T17:02:10","guid":{"rendered":"https:\/\/www.alt-edic.eu\/?page_id=10975"},"modified":"2026-01-20T10:02:09","modified_gmt":"2026-01-20T09:02:09","slug":"llm-bridge","status":"publish","type":"page","link":"http:\/\/www.alt-edic.eu\/lv\/projects\/llm-bridge\/","title":{"rendered":"<p>LLM-BRID\u017dS<\/p>"},"content":{"rendered":"<div data-elementor-type=\"wp-page\" data-elementor-id=\"10975\" class=\"elementor elementor-10975\" data-elementor-post-type=\"page\">\n\t\t\t\t\t\t<section class=\"elementor-section elementor-top-section elementor-element elementor-element-1577bd88 elementor-section-stretched elementor-section-boxed elementor-section-height-default elementor-section-height-default\" data-id=\"1577bd88\" data-element_type=\"section\" data-e-type=\"section\" data-settings='{\"stretch_section\":\"section-stretched\",\"background_background\":\"gradient\"}'>\n\t\t\t\t\t\t<div class=\"elementor-container elementor-column-gap-extended\">\n\t\t\t\t\t<div class=\"elementor-column elementor-col-50 elementor-top-column elementor-element elementor-element-70dc39ba\" data-id=\"70dc39ba\" data-element_type=\"column\" data-e-type=\"column\">\n\t\t\t<div class=\"elementor-widget-wrap elementor-element-populated\">\n\t\t\t\t\t\t<div class=\"elementor-element elementor-element-51cabebb elementor-widget elementor-widget-heading\" data-id=\"51cabebb\" data-element_type=\"widget\" data-e-type=\"widget\" data-widget_type=\"heading.default\">\n\t\t\t\t<div class=\"elementor-widget-container\">\n\t\t\t\t\t<h1 class=\"elementor-heading-title elementor-size-default\">LLM-BRID\u017dS<\/h1>\t\t\t\t<\/div>\n\t\t\t\t<\/div>\n\t\t\t\t<div class=\"elementor-element elementor-element-1f4ee8af elementor-widget elementor-widget-text-editor\" data-id=\"1f4ee8af\" data-element_type=\"widget\" data-e-type=\"widget\" data-widget_type=\"text-editor.default\">\n\t\t\t\t<div class=\"elementor-widget-container\">\n\t\t\t\t\t\t\t\t\t<p><strong style=\"background-color: transparent; color: #ffffff;\">Projekts \u201cLLM Booster for Regional Innovation and Digital Growth in Europe\u201d&nbsp;<\/strong><strong style=\"background-color: transparent; color: #ffffff;\">&nbsp;(LLM TILTS)&nbsp;<\/strong><strong style=\"background-color: transparent; color: #ffffff;\">atbalsta jaunuz\u0146\u0113mumus un augo\u0161us uz\u0146\u0113mumus lielo valodu mode\u013cu (LLM) strauji augo\u0161aj\u0101 jom\u0101.<\/strong><\/p>\t\t\t\t\t\t\t\t<\/div>\n\t\t\t\t<\/div>\n\t\t\t\t\t<\/div>\n\t\t<\/div>\n\t\t\t\t<div class=\"elementor-column elementor-col-50 elementor-top-column elementor-element elementor-element-286565d9 elementor-hidden-tablet elementor-hidden-phone\" data-id=\"286565d9\" data-element_type=\"column\" data-e-type=\"column\">\n\t\t\t<div class=\"elementor-widget-wrap\">\n\t\t\t\t\t\t\t<\/div>\n\t\t<\/div>\n\t\t\t\t\t<\/div>\n\t\t<\/section>\n\t\t\t\t<section class=\"elementor-section elementor-top-section elementor-element elementor-element-2a82150a elementor-section-stretched elementor-section-boxed elementor-section-height-default elementor-section-height-default\" data-id=\"2a82150a\" data-element_type=\"section\" data-e-type=\"section\" data-settings='{\"stretch_section\":\"section-stretched\"}'>\n\t\t\t\t\t\t<div class=\"elementor-container elementor-column-gap-extended\">\n\t\t\t\t\t<div class=\"elementor-column elementor-col-50 elementor-top-column elementor-element elementor-element-4dc940b2 elementor-invisible\" data-id=\"4dc940b2\" data-element_type=\"column\" data-e-type=\"column\" data-settings='{\"animation\":\"slide-left\",\"animation_delay\":200}'>\n\t\t\t<div class=\"elementor-widget-wrap elementor-element-populated\">\n\t\t\t\t\t\t<div class=\"elementor-element elementor-element-2fa08fbe elementor-widget__width-initial elementor-widget elementor-widget-text-editor\" data-id=\"2fa08fbe\" data-element_type=\"widget\" data-e-type=\"widget\" data-widget_type=\"text-editor.default\">\n\t\t\t\t<div class=\"elementor-widget-container\">\n\t\t\t\t\t\t\t\t\t<p>The&nbsp;<span style=\"text-decoration: underline;\"><a href=\"https:\/\/www.llm-bridge.eu\/\">Projekts LLM-BRIDGE<\/a><\/span> m\u0113r\u0137is ir stiprin\u0101t valstu GenAI ekosist\u0113mas, nodro\u0161inot jaunuz\u0146\u0113mumiem, augo\u0161iem uz\u0146\u0113mumiem, inkubatoriem un investoriem atbalstu, kas vajadz\u012bgs LLM virz\u012btu produktu izstr\u0101dei un ievie\u0161anai.<\/p><p>Projekts apvieno partneru konsorciju no desmit Eiropas valst\u012bm, ko koordin\u0113 ALT-EDIC. Partneru prasmes atbalst\u012bt jaunuz\u0146\u0113mumus un inov\u0101ciju stiprina to tehnisk\u0101s zin\u0101\u0161anas GenAI un LLM jom\u0101. \u0160\u012bs sp\u0113jas pal\u012bdz\u0113s jaunuz\u0146\u0113mumiem un augo\u0161iem uz\u0146\u0113mumiem atbild\u012bgi un izv\u0113rsti integr\u0113t LLM. Konsorcijs kop\u0101 \u012bstenos tr\u012bs \u012bpa\u0161as atbalsta programmas, kas v\u0113rstas uz LLM:<\/p><p dir=\"ltr\" style=\"margin-top: 0pt; margin-bottom: 0pt; line-height: 1.38;\">&nbsp;<\/p>\t\t\t\t\t\t\t\t<\/div>\n\t\t\t\t<\/div>\n\t\t\t\t\t<\/div>\n\t\t<\/div>\n\t\t\t\t<div class=\"elementor-column elementor-col-50 elementor-top-column elementor-element elementor-element-169741bd elementor-hidden-tablet elementor-hidden-phone elementor-invisible\" data-id=\"169741bd\" data-element_type=\"column\" data-e-type=\"column\" data-settings='{\"animation\":\"slide-right\"}'>\n\t\t\t<div class=\"elementor-widget-wrap elementor-element-populated\">\n\t\t\t\t\t\t<div class=\"elementor-element elementor-element-47d0ea elementor-widget__width-initial elementor-widget elementor-widget-image\" data-id=\"47d0ea\" data-element_type=\"widget\" data-e-type=\"widget\" data-widget_type=\"image.default\">\n\t\t\t\t<div class=\"elementor-widget-container\">\n\t\t\t\t\t\t\t\t\t\t\t\t\t\t\t<img fetchpriority=\"high\" decoding=\"async\" width=\"800\" height=\"520\" src=\"https:\/\/www.alt-edic.eu\/wp-content\/uploads\/2026\/01\/Project-page-images-2-e1768899698813.png\" class=\"attachment-full size-full wp-image-11100\" alt=\"LLM-BRIDGE projekta inform\u0101cija\" srcset=\"https:\/\/www.alt-edic.eu\/wp-content\/uploads\/2026\/01\/Project-page-images-2-e1768899698813.png 800w, https:\/\/www.alt-edic.eu\/wp-content\/uploads\/2026\/01\/Project-page-images-2-e1768899698813-300x195.png 300w, https:\/\/www.alt-edic.eu\/wp-content\/uploads\/2026\/01\/Project-page-images-2-e1768899698813-768x499.png 768w, https:\/\/www.alt-edic.eu\/wp-content\/uploads\/2026\/01\/Project-page-images-2-e1768899698813-18x12.png 18w\" sizes=\"(max-width: 800px) 100vw, 800px\">\t\t\t\t\t\t\t\t\t\t\t\t\t\t\t<\/div>\n\t\t\t\t<\/div>\n\t\t\t\t\t<\/div>\n\t\t<\/div>\n\t\t\t\t\t<\/div>\n\t\t<\/section>\n\t\t<div class=\"elementor-element elementor-element-8ed64da e-flex e-con-boxed e-con e-parent\" data-id=\"8ed64da\" data-element_type=\"container\" data-e-type=\"container\">\n\t\t\t\t\t<div class=\"e-con-inner\">\n\t\t\t\t<div class=\"elementor-element elementor-element-41c7d55 elementor-widget__width-initial elementor-widget elementor-widget-text-editor\" data-id=\"41c7d55\" data-element_type=\"widget\" data-e-type=\"widget\" data-widget_type=\"text-editor.default\">\n\t\t\t\t<div class=\"elementor-widget-container\">\n\t\t\t\t\t\t\t\t\t<p dir=\"ltr\" style=\"margin-top: 0pt; margin-bottom: 0pt; line-height: 1.38;\"><strong style=\"color: #202124; font-family: Lato, Arial, sans-serif; font-size: 26px;\">Tr\u012bs ietekmes programmas<\/strong><\/p><p dir=\"ltr\" style=\"margin-top: 0pt; margin-bottom: 0pt; line-height: 1.38;\"><strong style=\"color: #202124; font-family: Lato, Arial, sans-serif; font-size: 26px;\">&nbsp;<\/strong><\/p><p dir=\"ltr\" style=\"margin-top: 0pt; margin-bottom: 0pt; line-height: 1.38;\"><strong style=\"color: #202124; font-family: Lato, Arial, sans-serif; font-size: 19px;\">Uz\u0146\u0113m\u0113jdarb\u012bbas izgl\u012bt\u012bbas programma<\/strong><\/p><p>Struktur\u0113ta izgl\u012bt\u012bbas programma pirmss\u0113klas un sagatavo\u0161anas posma jaunuz\u0146\u0113mumiem. Dal\u012bbnieki sa\u0146ems darbsemin\u0101rus un individu\u0101lu mentor\u0113\u0161anu par da\u017e\u0101diem tematiem, piem\u0113ram, uz\u0146\u0113mumu vad\u012bbu, tehnolo\u0123isko un normat\u012bvo vidi, piek\u013cuvi finans\u0113jumam un att\u012bst\u012bbas strat\u0113\u0123ij\u0101m.<\/p><h4 style=\"font-family: Lato, Arial, sans-serif;\"><strong>Riska inkub\u0101cijas programma<\/strong><\/h4><p>Inkub\u0101cijas pakalpojumi, kas paredz\u0113ti, lai pa\u0101trin\u0101tu produktu un klientu valid\u0101ciju. Ja iesp\u0113jams, jaunuz\u0146\u0113mumi sa\u0146ems piek\u013cuvi piel\u0101gotiem tehniskajiem resursiem, piem\u0113ram, datu kop\u0101m un dato\u0161anai, nor\u0101d\u012bjumus par regulat\u012bvo atbilst\u012bbu un atbalstu klientu piesaistei. Atlas\u012btiem inkubatoriem un jaunuz\u0146\u0113mumiem tiks pie\u0161\u0137irts vair\u0101k nek\u0101 pusmiljons eiro.<\/p><h4 style=\"font-family: Lato, Arial, sans-serif;\"><strong>Pa\u0101trin\u0101\u0161anas programma<\/strong><\/h4><p>Jaunuz\u0146\u0113mumu pa\u0101trin\u0101\u0161anas programma, kuras m\u0113r\u0137is ir A s\u0113rijas finans\u0113jums. Programma sniegs piel\u0101gotu atbalstu invest\u012bciju gatav\u012bbai, m\u0113rogam un regulat\u012bvajai atbilst\u012bbai. Programmas kulmin\u0101cija b\u016bs m\u0113r\u0137tiec\u012bga ieguld\u012bt\u0101ju piemekl\u0113\u0161ana investoriem.<\/p><p>LLM-BRIDGE finans\u0113 Eiropas Savien\u012bba saska\u0146\u0101 ar programmu \u201cDigit\u0101l\u0101 Eiropa\u201d, un t\u0101 s\u0101k\u0101s 2025. gada 1. septembr\u012b uz trim gadiem. Pla\u0161\u0101ka inform\u0101cija par programmu uzs\u0101k\u0161anu b\u016bs pieejama 2026. gad\u0101.<\/p><p>&nbsp;<\/p><p>Lai ieg\u016btu pla\u0161\u0101ku inform\u0101ciju par LLM-BRIDGE projektu, apmekl\u0113jiet <span style=\"text-decoration: underline;\"><a href=\"https:\/\/www.llm-bridge.eu\/\">projekta t\u012bmek\u013ca vietne<\/a><\/span>.<\/p>\t\t\t\t\t\t\t\t<\/div>\n\t\t\t\t<\/div>\n\t\t\t\t\t<\/div>\n\t\t\t\t<\/div>\n\t\t\t\t<\/div>","protected":false},"excerpt":{"rendered":"<p>Projekts LLM-BRIDGE \u201cLLM Booster for Regional Innovation and Digital Growth in Europe\u201d (LLM-BRIDGE) atbalsta jaunuz\u0146\u0113mumus un augo\u0161us uz\u0146\u0113mumus strauji augo\u0161aj\u0101 lielo valodu mode\u013cu (LLM) jom\u0101. Projekta LLM-BRIDGE m\u0113r\u0137is ir stiprin\u0101t valstu GenAI ekosist\u0113mas, nodro\u0161inot jaunuz\u0146\u0113mumiem, augo\u0161iem uz\u0146\u0113mumiem, inkubatoriem un investoriem atbalstu, kas vajadz\u012bgs LLM virz\u012btu produktu izstr\u0101dei un ievie\u0161anai. Projekts apvieno [...]<\/p>","protected":false},"author":37,"featured_media":0,"parent":9229,"menu_order":0,"comment_status":"closed","ping_status":"closed","template":"","meta":{"footnotes":""},"class_list":["post-10975","page","type-page","status-publish","hentry"],"aioseo_notices":[],"_links":{"self":[{"href":"http:\/\/www.alt-edic.eu\/lv\/wp-json\/wp\/v2\/pages\/10975","targetHints":{"allow":["GET"]}}],"collection":[{"href":"http:\/\/www.alt-edic.eu\/lv\/wp-json\/wp\/v2\/pages"}],"about":[{"href":"http:\/\/www.alt-edic.eu\/lv\/wp-json\/wp\/v2\/types\/page"}],"author":[{"embeddable":true,"href":"http:\/\/www.alt-edic.eu\/lv\/wp-json\/wp\/v2\/users\/37"}],"replies":[{"embeddable":true,"href":"http:\/\/www.alt-edic.eu\/lv\/wp-json\/wp\/v2\/comments?post=10975"}],"version-history":[{"count":0,"href":"http:\/\/www.alt-edic.eu\/lv\/wp-json\/wp\/v2\/pages\/10975\/revisions"}],"up":[{"embeddable":true,"href":"http:\/\/www.alt-edic.eu\/lv\/wp-json\/wp\/v2\/pages\/9229"}],"wp:attachment":[{"href":"http:\/\/www.alt-edic.eu\/lv\/wp-json\/wp\/v2\/media?parent=10975"}],"curies":[{"name":"wp","href":"https:\/\/api.w.org\/{rel}","templated":true}]}}