{"id":10281,"date":"2024-12-04T21:15:45","date_gmt":"2024-12-04T21:15:45","guid":{"rendered":"https:\/\/alt-edic.eu\/?page_id=10281"},"modified":"2026-01-29T01:39:58","modified_gmt":"2026-01-29T00:39:58","slug":"llms4eu","status":"publish","type":"page","link":"http:\/\/www.alt-edic.eu\/lv\/projects\/llms4eu\/","title":{"rendered":"<p>LLMs4EU<\/p>"},"content":{"rendered":"<div data-elementor-type=\"wp-page\" data-elementor-id=\"10281\" class=\"elementor elementor-10281\" data-elementor-post-type=\"page\">\n\t\t\t\t\t\t<section class=\"elementor-section elementor-top-section elementor-element elementor-element-1577bd88 elementor-section-stretched elementor-section-boxed elementor-section-height-default elementor-section-height-default\" data-id=\"1577bd88\" data-element_type=\"section\" data-e-type=\"section\" data-settings='{\"stretch_section\":\"section-stretched\",\"background_background\":\"gradient\"}'>\n\t\t\t\t\t\t<div class=\"elementor-container elementor-column-gap-extended\">\n\t\t\t\t\t<div class=\"elementor-column elementor-col-50 elementor-top-column elementor-element elementor-element-70dc39ba\" data-id=\"70dc39ba\" data-element_type=\"column\" data-e-type=\"column\">\n\t\t\t<div class=\"elementor-widget-wrap elementor-element-populated\">\n\t\t\t\t\t\t<div class=\"elementor-element elementor-element-51cabebb elementor-widget elementor-widget-heading\" data-id=\"51cabebb\" data-element_type=\"widget\" data-e-type=\"widget\" data-widget_type=\"heading.default\">\n\t\t\t\t<div class=\"elementor-widget-container\">\n\t\t\t\t\t<h1 class=\"elementor-heading-title elementor-size-default\">LLMs4EU<\/h1>\t\t\t\t<\/div>\n\t\t\t\t<\/div>\n\t\t\t\t<div class=\"elementor-element elementor-element-1f4ee8af elementor-widget elementor-widget-text-editor\" data-id=\"1f4ee8af\" data-element_type=\"widget\" data-e-type=\"widget\" data-widget_type=\"text-editor.default\">\n\t\t\t\t<div class=\"elementor-widget-container\">\n\t\t\t\t\t\t\t\t\t<p>The <strong>LLMs4EU (Eiropas Savien\u012bbas lielie valodu mode\u013ci)<\/strong> projektu koordin\u0113 ALT-EDIC, un tas atbalst\u012bs lielu skaitu Eiropas LLM ekosist\u0113mas partneru. Tas \u013caus tiem v\u0101kt valodu datus pietiekam\u0101 kvalit\u0101t\u0113 un kvantit\u0101t\u0113, lai izveidotu lielus valodu b\u0101zes mode\u013cus, k\u0101 ar\u012b mode\u013cus, kas piel\u0101goti konkr\u0113t\u0101m valod\u0101m, jom\u0101m vai nozar\u0113m, un sniegt \u012bpa\u0161u atbalstu un pakalpojumus, kas \u013cauj citiem pilnveidot pieejamos mode\u013cus.<\/p>\t\t\t\t\t\t\t\t<\/div>\n\t\t\t\t<\/div>\n\t\t\t\t\t<\/div>\n\t\t<\/div>\n\t\t\t\t<div class=\"elementor-column elementor-col-50 elementor-top-column elementor-element elementor-element-286565d9 elementor-hidden-tablet elementor-hidden-phone\" data-id=\"286565d9\" data-element_type=\"column\" data-e-type=\"column\">\n\t\t\t<div class=\"elementor-widget-wrap\">\n\t\t\t\t\t\t\t<\/div>\n\t\t<\/div>\n\t\t\t\t\t<\/div>\n\t\t<\/section>\n\t\t\t\t<section class=\"elementor-section elementor-top-section elementor-element elementor-element-2a82150a elementor-section-stretched elementor-section-boxed elementor-section-height-default elementor-section-height-default\" data-id=\"2a82150a\" data-element_type=\"section\" data-e-type=\"section\" data-settings='{\"stretch_section\":\"section-stretched\"}'>\n\t\t\t\t\t\t<div class=\"elementor-container elementor-column-gap-extended\">\n\t\t\t\t\t<div class=\"elementor-column elementor-col-50 elementor-top-column elementor-element elementor-element-4dc940b2 elementor-invisible\" data-id=\"4dc940b2\" data-element_type=\"column\" data-e-type=\"column\" data-settings='{\"animation\":\"slide-left\",\"animation_delay\":200}'>\n\t\t\t<div class=\"elementor-widget-wrap elementor-element-populated\">\n\t\t\t\t\t\t<div class=\"elementor-element elementor-element-2fa08fbe elementor-widget elementor-widget-text-editor\" data-id=\"2fa08fbe\" data-element_type=\"widget\" data-e-type=\"widget\" data-widget_type=\"text-editor.default\">\n\t\t\t\t<div class=\"elementor-widget-container\">\n\t\t\t\t\t\t\t\t\t<p>Projekta LLMs4EU m\u0113r\u0137is ir saglab\u0101t Eiropas valodu un kult\u016bru daudzveid\u012bbu digit\u0101laj\u0101 laikmet\u0101, sadarbojoties ekonomikas un akad\u0113misko aprindu p\u0101rst\u0101vjiem. Da\u017eas Eiropas valodas patie\u0161\u0101m ir apdraud\u0113tas \u0123enerat\u012bv\u0101 MI izstr\u0101d\u0113, jo tr\u016bkst resursu valodu mode\u013cu apm\u0101c\u012bbai. Turkl\u0101t projekta m\u0113r\u0137is ir apvienot da\u017eus vado\u0161os dal\u012bbniekus \u0123enerat\u012bv\u0101 MI jom\u0101, lai nodro\u0161in\u0101tu, ka Eiropas uz\u0146\u0113mumiem un jo \u012bpa\u0161i MVU ir pieejami r\u012bki un resursi, lai tie var\u0113tu konkur\u0113t valodu tehnolo\u0123iju un jo \u012bpa\u0161i lielo valodu mode\u013cu (LLM) jom\u0101. Projekts ir v\u0113rsts uz piec\u0101m pieteikumu jom\u0101m: ener\u0123\u0113tika, telekomunik\u0101cijas, t\u016brisms, sabiedriskie pakalpojumi un zin\u0101tne.<\/p>\t\t\t\t\t\t\t\t<\/div>\n\t\t\t\t<\/div>\n\t\t\t\t\t<\/div>\n\t\t<\/div>\n\t\t\t\t<div class=\"elementor-column elementor-col-50 elementor-top-column elementor-element elementor-element-169741bd elementor-hidden-tablet elementor-hidden-phone elementor-invisible\" data-id=\"169741bd\" data-element_type=\"column\" data-e-type=\"column\" data-settings='{\"animation\":\"slide-right\"}'>\n\t\t\t<div class=\"elementor-widget-wrap elementor-element-populated\">\n\t\t\t\t\t\t<div class=\"elementor-element elementor-element-47d0ea elementor-widget elementor-widget-image\" data-id=\"47d0ea\" data-element_type=\"widget\" data-e-type=\"widget\" data-widget_type=\"image.default\">\n\t\t\t\t<div class=\"elementor-widget-container\">\n\t\t\t\t\t\t\t\t\t\t\t\t\t\t\t<img fetchpriority=\"high\" decoding=\"async\" width=\"800\" height=\"495\" src=\"https:\/\/www.alt-edic.eu\/wp-content\/uploads\/2026\/01\/LLMs4EU-e1768900210939.png\" class=\"attachment-full size-full wp-image-11108\" alt=\"\" srcset=\"https:\/\/www.alt-edic.eu\/wp-content\/uploads\/2026\/01\/LLMs4EU-e1768900210939.png 800w, https:\/\/www.alt-edic.eu\/wp-content\/uploads\/2026\/01\/LLMs4EU-e1768900210939-300x186.png 300w, https:\/\/www.alt-edic.eu\/wp-content\/uploads\/2026\/01\/LLMs4EU-e1768900210939-768x475.png 768w, https:\/\/www.alt-edic.eu\/wp-content\/uploads\/2026\/01\/LLMs4EU-e1768900210939-18x12.png 18w\" sizes=\"(max-width: 800px) 100vw, 800px\">\t\t\t\t\t\t\t\t\t\t\t\t\t\t\t<\/div>\n\t\t\t\t<\/div>\n\t\t\t\t\t<\/div>\n\t\t<\/div>\n\t\t\t\t\t<\/div>\n\t\t<\/section>\n\t\t<div class=\"elementor-element elementor-element-8ed64da e-flex e-con-boxed e-con e-parent\" data-id=\"8ed64da\" data-element_type=\"container\" data-e-type=\"container\">\n\t\t\t\t\t<div class=\"e-con-inner\">\n\t\t\t\t<div class=\"elementor-element elementor-element-41c7d55 elementor-widget__width-initial elementor-widget elementor-widget-text-editor\" data-id=\"41c7d55\" data-element_type=\"widget\" data-e-type=\"widget\" data-widget_type=\"text-editor.default\">\n\t\t\t\t<div class=\"elementor-widget-container\">\n\t\t\t\t\t\t\t\t\t<p>M\u0113r\u0137is ir atkl\u0101t\u0101 veid\u0101 dar\u012bt pieejamus LLM un visus instrumentus, kas vajadz\u012bgi to izmanto\u0161anai vis\u0101s ES valod\u0101s, izmantojot eso\u0161\u0101s Eiropas programmas un kompetences. R\u012bki, kas tiks dar\u012bti pieejami Eiropas uz\u0146\u0113mumiem, aptvers visus LLM apm\u0101c\u012bbas posmus, lai nodro\u0161in\u0101tu to atbilst\u012bbu Eiropas ties\u012bbu aktiem (AI akts, VDAR u.\u00a0c.).<\/p><p>Konsorcij\u0101, kas izveidots ap ALT-EDIC, ir iek\u013cautas organiz\u0101cijas, kas str\u0101d\u0101 20 valst\u012bs, un tas nodro\u0161ina labu \u0123eogr\u0101fisko un lingvistisko p\u0101rkl\u0101jumu. Projekt\u0101 tiks izstr\u0101d\u0101ti da\u017e\u0101di attiec\u012bgi izmanto\u0161anas gad\u012bjumi, lai par\u0101d\u012btu Eiropas dal\u012bbnieku sp\u0113ju sadarboties, lai izveidotu piel\u0101gotus r\u012bkus da\u017e\u0101d\u0101m ekonomikas nozar\u0113m, un visu ES valodu aptv\u0113rums tiks nodro\u0161in\u0101ts, projekt\u0101 izveidojot un ieg\u0101d\u0101joties vajadz\u012bg\u0101s datu kopas.<\/p><p>Projekts, tostarp izmantojot finansi\u0101lu atbalstu tre\u0161\u0101m person\u0101m, sniegs \u012bpa\u0161u atbalstu un pakalpojumus, jo \u012bpa\u0161i MVU, lai atvieglotu pieejamo mode\u013cu preciz\u0113\u0161anu.<\/p><p>Projektu finans\u0113 programma \u201cDigit\u0101l\u0101 Eiropa\u201d. T\u0101 s\u0101k\u0101s 2025. gada mart\u0101 uz tr\u012bs gadiem.<\/p><p>S\u012bk\u0101ku inform\u0101ciju sk. <a href=\"https:\/\/www.llms4eu.eu\">LLMs4EU projekta t\u012bmek\u013ca vietne.<\/a><\/p>\t\t\t\t\t\t\t\t<\/div>\n\t\t\t\t<\/div>\n\t\t\t\t\t<\/div>\n\t\t\t\t<\/div>\n\t\t\t\t<\/div>","protected":false},"excerpt":{"rendered":"<p>LLMs4EU LLMs4EU (LLMs4EU (Large Language Models for the European Union) projektu koordin\u0113 ALT-EDIC, un tas atbalst\u012bs lielu skaitu Eiropas LLM ekosist\u0113mas partneru. Tas \u013caus tiem v\u0101kt valodu datus pietiekam\u0101 kvalit\u0101t\u0113 un kvantit\u0101t\u0113, lai izveidotu lielus valodu b\u0101zes mode\u013cus, k\u0101 ar\u012b mode\u013cus, kas piel\u0101goti konkr\u0113tiem [...]<\/p>","protected":false},"author":1,"featured_media":0,"parent":9229,"menu_order":0,"comment_status":"closed","ping_status":"closed","template":"","meta":{"footnotes":""},"class_list":["post-10281","page","type-page","status-publish","hentry"],"aioseo_notices":[],"_links":{"self":[{"href":"http:\/\/www.alt-edic.eu\/lv\/wp-json\/wp\/v2\/pages\/10281","targetHints":{"allow":["GET"]}}],"collection":[{"href":"http:\/\/www.alt-edic.eu\/lv\/wp-json\/wp\/v2\/pages"}],"about":[{"href":"http:\/\/www.alt-edic.eu\/lv\/wp-json\/wp\/v2\/types\/page"}],"author":[{"embeddable":true,"href":"http:\/\/www.alt-edic.eu\/lv\/wp-json\/wp\/v2\/users\/1"}],"replies":[{"embeddable":true,"href":"http:\/\/www.alt-edic.eu\/lv\/wp-json\/wp\/v2\/comments?post=10281"}],"version-history":[{"count":0,"href":"http:\/\/www.alt-edic.eu\/lv\/wp-json\/wp\/v2\/pages\/10281\/revisions"}],"up":[{"embeddable":true,"href":"http:\/\/www.alt-edic.eu\/lv\/wp-json\/wp\/v2\/pages\/9229"}],"wp:attachment":[{"href":"http:\/\/www.alt-edic.eu\/lv\/wp-json\/wp\/v2\/media?parent=10281"}],"curies":[{"name":"wp","href":"https:\/\/api.w.org\/{rel}","templated":true}]}}