{"id":8944,"date":"2024-10-03T19:38:42","date_gmt":"2024-10-03T19:38:42","guid":{"rendered":"https:\/\/alt-edic.eu\/?page_id=8944"},"modified":"2025-01-29T14:36:58","modified_gmt":"2025-01-29T13:36:58","slug":"governance","status":"publish","type":"page","link":"http:\/\/www.alt-edic.eu\/lt\/governance\/","title":{"rendered":"<p>Valdymas<\/p>"},"content":{"rendered":"<div data-elementor-type=\"wp-page\" data-elementor-id=\"8944\" class=\"elementor elementor-8944\" data-elementor-post-type=\"page\">\n\t\t\t\t\t\t<section class=\"elementor-section elementor-top-section elementor-element elementor-element-83d6e06 elementor-section-stretched elementor-section-boxed elementor-section-height-default elementor-section-height-default\" data-id=\"83d6e06\" data-element_type=\"section\" data-e-type=\"section\" data-settings='{\"stretch_section\":\"section-stretched\",\"background_background\":\"gradient\"}'>\n\t\t\t\t\t\t<div class=\"elementor-container elementor-column-gap-extended\">\n\t\t\t\t\t<div class=\"elementor-column elementor-col-50 elementor-top-column elementor-element elementor-element-5ad19a07\" data-id=\"5ad19a07\" data-element_type=\"column\" data-e-type=\"column\">\n\t\t\t<div class=\"elementor-widget-wrap elementor-element-populated\">\n\t\t\t\t\t\t<div class=\"elementor-element elementor-element-17b6f034 elementor-widget elementor-widget-heading\" data-id=\"17b6f034\" data-element_type=\"widget\" data-e-type=\"widget\" data-widget_type=\"heading.default\">\n\t\t\t\t<div class=\"elementor-widget-container\">\n\t\t\t\t\t<h1 class=\"elementor-heading-title elementor-size-default\">Valdymas<\/h1>\t\t\t\t<\/div>\n\t\t\t\t<\/div>\n\t\t\t\t<div class=\"elementor-element elementor-element-793ec4e6 elementor-widget elementor-widget-text-editor\" data-id=\"793ec4e6\" data-element_type=\"widget\" data-e-type=\"widget\" data-widget_type=\"text-editor.default\">\n\t\t\t\t<div class=\"elementor-widget-container\">\n\t\t\t\t\t\t\t\t\t<p>Kalb\u0173 technologij\u0173 aljansas (ALT-EDIC) yra<span style=\"text-decoration: underline; color: #99ccff;\"> <a style=\"color: #99ccff; text-decoration: underline;\" href=\"https:\/\/digital-strategy.ec.europa.eu\/en\/policies\/edic\"><span style=\"color: #ffffff; text-decoration: underline;\">Europos skaitmenin\u0117s infrastrukt\u016bros konsorciumas<\/span><\/a><\/span>, tam tikros r\u016b\u0161ies teisin\u0117 strukt\u016bra, sukurta pagal <span style=\"text-decoration: underline; color: #ffffff;\"><span style=\"text-decoration: underline;\"><a style=\"color: #ffffff; text-decoration: underline;\" href=\"https:\/\/digital-strategy.ec.europa.eu\/en\/library\/digital-decade-policy-programme-2030\">2030 m. skaitmeninio de\u0161imtme\u010dio politikos programa<\/a><\/span><\/span>. Jai vadovauja nari\u0173 susirinkimas, kur\u012f sudaro Europos S\u0105jungos valstyb\u0117s nar\u0117s. <span style=\"color: #ffffff;\"><a style=\"color: #ffffff;\" href=\"https:\/\/eur-lex.europa.eu\/EN\/legal-content\/summary\/agreement-on-the-european-economic-area.html\"><span style=\"text-decoration: underline;\">Europos ekonomin\u0117 erdv\u0117 (EEE)<\/span><\/a><\/span>&nbsp; ir teikia ataskaitas Europos Komisijai. <\/p>\t\t\t\t\t\t\t\t<\/div>\n\t\t\t\t<\/div>\n\t\t\t\t\t<\/div>\n\t\t<\/div>\n\t\t\t\t<div class=\"elementor-column elementor-col-50 elementor-top-column elementor-element elementor-element-75c15e62 elementor-hidden-tablet elementor-hidden-phone\" data-id=\"75c15e62\" data-element_type=\"column\" data-e-type=\"column\">\n\t\t\t<div class=\"elementor-widget-wrap\">\n\t\t\t\t\t\t\t<\/div>\n\t\t<\/div>\n\t\t\t\t\t<\/div>\n\t\t<\/section>\n\t\t\t\t<section class=\"elementor-section elementor-top-section elementor-element elementor-element-178c1fff elementor-section-stretched elementor-section-boxed elementor-section-height-default elementor-section-height-default\" data-id=\"178c1fff\" data-element_type=\"section\" data-e-type=\"section\" data-settings='{\"stretch_section\":\"section-stretched\"}'>\n\t\t\t\t\t\t<div class=\"elementor-container elementor-column-gap-extended\">\n\t\t\t\t\t<div class=\"elementor-column elementor-col-100 elementor-top-column elementor-element elementor-element-1c5552e\" data-id=\"1c5552e\" data-element_type=\"column\" data-e-type=\"column\">\n\t\t\t<div class=\"elementor-widget-wrap elementor-element-populated\">\n\t\t\t\t\t\t<div class=\"elementor-element elementor-element-4b36844 elementor-widget elementor-widget-text-editor\" data-id=\"4b36844\" data-element_type=\"widget\" data-e-type=\"widget\" data-widget_type=\"text-editor.default\">\n\t\t\t\t<div class=\"elementor-widget-container\">\n\t\t\t\t\t\t\t\t\t<h2>Sprendim\u0173 pri\u0117mimo ir patariamieji organai<\/h2><p>D\u0117l <strong>Nari\u0173 susirinkimas<\/strong> (AoM) yra ALT-EDIC valdymo organas. Ji i\u0161 savo nari\u0173 i\u0161sirenka pirminink\u0105 ir pirmininko pavaduotoj\u0105. AoM skiria ALT-EDIC direktori\u0173.<\/p><p>D\u0117l <strong>Direktor\u0117<\/strong> yra ALT-EDIC teisinis atstovas, vykdo kasdien\u0119 veikl\u0105 ir yra atsakingas u\u017e AoM sprendim\u0173 \u012fgyvendinim\u0105.<\/p><p>D\u0117l <strong>Strategin\u0117s orientacijos komitetas<\/strong>, kuri\u0105 sudaro nari\u0173 atstovai, i\u0161rinkti AoM ir ESIK KTA? <strong>Pramon\u0117s konsorciumas<\/strong>, remia AoM ir direktori\u0173.<\/p><p>D\u0117l <strong>Mokslin\u0117 ir technin\u0117 patariamoji taryba<\/strong> ir <strong>Teis\u0117s ir etikos patariamoji taryba<\/strong>, kuriuos abu sudaro atitinkam\u0173 sri\u010di\u0173 ekspertai, skiria valdymo organas.<\/p><h2>ALT-EDIC atstovai<\/h2><ul><li>AoM pirmininkas: Thibault GROUAS<\/li><li>AoM pirmininko pavaduotojas: Ponas Juan Martinez SAMALEA<\/li><\/ul><h2>Informaciniai dokumentai<\/h2><h3>Komisijos sprendimas d\u0117l ALT-EDIC suk\u016brimo<\/h3><ul><li><a href=\"https:\/\/eur-lex.europa.eu\/eli\/dec_impl\/2024\/458\/oj\">Komisijos \u012fgyvendinimo sprendimas, kuriuo \u012fsteigiamas Kalb\u0173 technologij\u0173 aljanso Europos skaitmenin\u0117s infrastrukt\u016bros konsorciumas (ALT-EDIC)<\/a><\/li><\/ul><h3>ALT-EDIC \u012fstatai<\/h3><ul><li><a style=\"color: #000000;\" href=\"https:\/\/alt-edic.eu\/wp-content\/uploads\/2025\/01\/2024-12-17-Adopted-ALT-EDIC-Statutes-v3.0.2.pdf\"><u>Tekstas angl\u0173 kalba<\/u><\/a><\/li><li><a style=\"color: #000000;\" href=\"https:\/\/alt-edic.eu\/wp-content\/uploads\/2025\/01\/2024-12-17-Adopted-ALT-EDIC-Statutes-v3.0.2-FR.pdf\"><u>Tekstas pranc\u016bz\u0173 kalba<\/u><\/a><\/li><\/ul><h3>ALT-EDIC AoM rezoliucijos<\/h3><ul><li><span style=\"text-decoration: underline;\"><a style=\"outline: 0px;\" href=\"https:\/\/alt-edic.eu\/wp-content\/uploads\/2024\/12\/27-09-2024-Adopted-ALT-EDIC-Resolutions.pdf\">Priimta ALT-EDIC rezoliucija 2024 m. rugs\u0117jo 27 d.<\/a><\/span><\/li><li><span style=\"text-decoration: underline;\"><a style=\"outline: 0px;\" href=\"https:\/\/alt-edic.eu\/wp-content\/uploads\/2024\/12\/28_08_2024-Adopted-ALT-EDIC-Resolution.pdf\">Priimta ALT-EDIC rezoliucija 2024 m. rugpj\u016b\u010dio 28 d.<\/a><\/span><\/li><li><span style=\"text-decoration: underline;\"><a href=\"https:\/\/alt-edic.eu\/wp-content\/uploads\/2024\/12\/27-05-2024-Adopted-Resolutions.pdf\">Priimta ALT-EDIC rezoliucija 2024 m. gegu\u017e\u0117s 27 d.<\/a><\/span><\/li><li><a href=\"https:\/\/alt-edic.eu\/wp-content\/uploads\/2024\/12\/8_03_2024-Adopted-ALT-EDIC-Resolution.pdf\"><span style=\"text-decoration: underline;\">Priimta ALT-EDIC rezoliucija 2024 m. kovo 8 d.<\/span><\/a><\/li><\/ul>\t\t\t\t\t\t\t\t<\/div>\n\t\t\t\t<\/div>\n\t\t\t\t\t<\/div>\n\t\t<\/div>\n\t\t\t\t\t<\/div>\n\t\t<\/section>\n\t\t\t\t<\/div>","protected":false},"excerpt":{"rendered":"<p>Valdymas Kalbos technologij\u0173 aljansas (ESIK KTA) yra Europos skaitmenin\u0117s infrastrukt\u016bros konsorciumas \u2013 teisin\u0117s strukt\u016bros r\u016b\u0161is, sukurta pagal 2030 m. Skaitmeninio de\u0161imtme\u010dio politikos program\u0105. Jai vadovauja nari\u0173 susirinkimas, kur\u012f sudaro Europos ekonomin\u0117s erdv\u0117s (EEE) valstyb\u0117s nar\u0117s ir kuris atsiskaito Europos Komisijai. Sprendimus priimantys ir patariamieji organai [\u2026]<\/p>","protected":false},"author":1,"featured_media":0,"parent":0,"menu_order":0,"comment_status":"closed","ping_status":"closed","template":"","meta":{"footnotes":""},"class_list":["post-8944","page","type-page","status-publish","hentry"],"aioseo_notices":[],"_links":{"self":[{"href":"http:\/\/www.alt-edic.eu\/lt\/wp-json\/wp\/v2\/pages\/8944","targetHints":{"allow":["GET"]}}],"collection":[{"href":"http:\/\/www.alt-edic.eu\/lt\/wp-json\/wp\/v2\/pages"}],"about":[{"href":"http:\/\/www.alt-edic.eu\/lt\/wp-json\/wp\/v2\/types\/page"}],"author":[{"embeddable":true,"href":"http:\/\/www.alt-edic.eu\/lt\/wp-json\/wp\/v2\/users\/1"}],"replies":[{"embeddable":true,"href":"http:\/\/www.alt-edic.eu\/lt\/wp-json\/wp\/v2\/comments?post=8944"}],"version-history":[{"count":0,"href":"http:\/\/www.alt-edic.eu\/lt\/wp-json\/wp\/v2\/pages\/8944\/revisions"}],"wp:attachment":[{"href":"http:\/\/www.alt-edic.eu\/lt\/wp-json\/wp\/v2\/media?parent=8944"}],"curies":[{"name":"wp","href":"https:\/\/api.w.org\/{rel}","templated":true}]}}