{"id":8735,"date":"2024-08-19T13:30:19","date_gmt":"2024-08-19T13:30:19","guid":{"rendered":"https:\/\/alt-edic.eu\/?page_id=8735"},"modified":"2026-04-10T17:00:24","modified_gmt":"2026-04-10T16:00:24","slug":"about-us","status":"publish","type":"page","link":"http:\/\/www.alt-edic.eu\/lt\/about-us\/","title":{"rendered":"<p>Apie mus<\/p>"},"content":{"rendered":"<div data-elementor-type=\"wp-page\" data-elementor-id=\"8735\" class=\"elementor elementor-8735\" data-elementor-post-type=\"page\">\n\t\t\t\t\t\t<section class=\"elementor-section elementor-top-section elementor-element elementor-element-2c377f48 elementor-section-stretched elementor-section-boxed elementor-section-height-default elementor-section-height-default\" data-id=\"2c377f48\" data-element_type=\"section\" data-e-type=\"section\" data-settings='{\"stretch_section\":\"section-stretched\",\"background_background\":\"gradient\"}'>\n\t\t\t\t\t\t<div class=\"elementor-container elementor-column-gap-extended\">\n\t\t\t\t\t<div class=\"elementor-column elementor-col-50 elementor-top-column elementor-element elementor-element-bf7721c\" data-id=\"bf7721c\" data-element_type=\"column\" data-e-type=\"column\">\n\t\t\t<div class=\"elementor-widget-wrap elementor-element-populated\">\n\t\t\t\t\t\t<div class=\"elementor-element elementor-element-d07f81e elementor-widget elementor-widget-heading\" data-id=\"d07f81e\" data-element_type=\"widget\" data-e-type=\"widget\" data-widget_type=\"heading.default\">\n\t\t\t\t<div class=\"elementor-widget-container\">\n\t\t\t\t\t<h1 class=\"elementor-heading-title elementor-size-default\">Apie ALT-EDIC<\/h1>\t\t\t\t<\/div>\n\t\t\t\t<\/div>\n\t\t\t\t<div class=\"elementor-element elementor-element-24e9f9f3 elementor-widget elementor-widget-text-editor\" data-id=\"24e9f9f3\" data-element_type=\"widget\" data-e-type=\"widget\" data-widget_type=\"text-editor.default\">\n\t\t\t\t<div class=\"elementor-widget-container\">\n\t\t\t\t\t\t\t\t\t<p>Kalb\u0173 technologij\u0173 aljansas (ALT-EDIC) yra <strong><span style=\"text-decoration: underline; color: #ffffff;\"><a style=\"color: #ffffff; text-decoration: underline;\" href=\"https:\/\/digital-strategy.ec.europa.eu\/en\/policies\/edic\">Europos skaitmenin\u0117s infrastrukt\u016bros konsorciumas<\/a><\/span><\/strong> remti kalbos technologij\u0173 pl\u0117tr\u0105. Ji skatina kalb\u0173 technologij\u0173 meistri\u0161kum\u0105 ir prisideda prie Europos kalb\u0173 \u012fvairov\u0117s ir kult\u016brinio turtingumo i\u0161saugojimo.<\/p><p>J\u0105 2023 m. gruod\u017eio m\u0117n. pasi\u016bl\u0117 10 valstybi\u0173 nari\u0173 ir oficialiai suk\u016br\u0117<strong> <span style=\"text-decoration: underline;\"><span style=\"color: #ffffff;\"><a style=\"color: #ffffff; text-decoration: underline;\" href=\"https:\/\/eur-lex.europa.eu\/eli\/dec_impl\/2024\/458\/oj\">Komisijos sprendimas<\/a><\/span><\/span> <\/strong>2024 m. vasario m\u0117n. \u0160iuo metu j\u0105 sudaro 27 nariai ir steb\u0117tojai. J\u0105 koordinuoja Pranc\u016bzija, o jos buvein\u0117 yra istorin\u0117je <em>Ch\u00e2teau de Villers-Cotter\u00eats<\/em>.<\/p><p>Galima atsisi\u0173sti pristatym\u0105, kuriame pateikiama ESIK KTA ap\u017evalga.&nbsp;<u><b><a href=\"https:\/\/www.alt-edic.eu\/wp-content\/uploads\/2026\/03\/ALT-EDIC_presentation_20260307.pdf\">\u010dia<\/a><\/b><\/u><b>.<\/b>&nbsp;<\/p>\t\t\t\t\t\t\t\t<\/div>\n\t\t\t\t<\/div>\n\t\t\t\t\t<\/div>\n\t\t<\/div>\n\t\t\t\t<div class=\"elementor-column elementor-col-50 elementor-top-column elementor-element elementor-element-17328b68 elementor-hidden-tablet elementor-hidden-phone\" data-id=\"17328b68\" data-element_type=\"column\" data-e-type=\"column\">\n\t\t\t<div class=\"elementor-widget-wrap\">\n\t\t\t\t\t\t\t<\/div>\n\t\t<\/div>\n\t\t\t\t\t<\/div>\n\t\t<\/section>\n\t\t\t\t<section class=\"elementor-section elementor-top-section elementor-element elementor-element-5084f662 elementor-section-stretched elementor-section-boxed elementor-section-height-default elementor-section-height-default\" data-id=\"5084f662\" data-element_type=\"section\" data-e-type=\"section\" data-settings='{\"stretch_section\":\"section-stretched\"}'>\n\t\t\t\t\t\t<div class=\"elementor-container elementor-column-gap-extended\">\n\t\t\t\t\t<div class=\"elementor-column elementor-col-50 elementor-top-column elementor-element elementor-element-21db52d3 elementor-hidden-tablet elementor-hidden-phone elementor-invisible\" data-id=\"21db52d3\" data-element_type=\"column\" data-e-type=\"column\" data-settings='{\"animation\":\"slide-right\"}'>\n\t\t\t<div class=\"elementor-widget-wrap elementor-element-populated\">\n\t\t\t\t\t\t<div class=\"elementor-element elementor-element-4ef5943 elementor-widget elementor-widget-html\" data-id=\"4ef5943\" data-element_type=\"widget\" data-e-type=\"widget\" data-widget_type=\"html.default\">\n\t\t\t\t<div class=\"elementor-widget-container\">\n\t\t\t\t\t<object data=\"https:\/\/www.alt-edic.eu\/wp-content\/uploads\/2026\/04\/ALT-EDIC-Flyer-v1-A4.pdf\" type=\"application\/pdf\" width=\"720px\" height=\"680px\"> <\/object>\t\t\t\t<\/div>\n\t\t\t\t<\/div>\n\t\t\t\t\t<\/div>\n\t\t<\/div>\n\t\t\t\t<div class=\"elementor-column elementor-col-50 elementor-top-column elementor-element elementor-element-5f3d7e93 elementor-invisible\" data-id=\"5f3d7e93\" data-element_type=\"column\" data-e-type=\"column\" data-settings='{\"animation\":\"slide-left\",\"animation_delay\":200}'>\n\t\t\t<div class=\"elementor-widget-wrap elementor-element-populated\">\n\t\t\t\t\t\t<div class=\"elementor-element elementor-element-6f5ba8cd elementor-widget elementor-widget-heading\" data-id=\"6f5ba8cd\" data-element_type=\"widget\" data-e-type=\"widget\" data-widget_type=\"heading.default\">\n\t\t\t\t<div class=\"elementor-widget-container\">\n\t\t\t\t\t<h2 class=\"elementor-heading-title elementor-size-default\">ALT-EDIC remia kalbos technologij\u0173 pl\u0117tr\u0105<\/h2>\t\t\t\t<\/div>\n\t\t\t\t<\/div>\n\t\t\t\t<div class=\"elementor-element elementor-element-525183b7 elementor-widget elementor-widget-text-editor\" data-id=\"525183b7\" data-element_type=\"widget\" data-e-type=\"widget\" data-widget_type=\"text-editor.default\">\n\t\t\t\t<div class=\"elementor-widget-container\">\n\t\t\t\t\t\t\t\t\t<p>Kalb\u0173 technologij\u0173 aljansas sprend\u017eia dideli\u0173 kalb\u0173 modeli\u0173 mokymui skirt\u0173 Europos kalb\u0173 duomen\u0173 ir toki\u0173 modeli\u0173 lyginamosios analiz\u0117s tr\u016bkumo problem\u0105.<\/p><p>Tai pad\u0117s sukurti patobulintus dirbtinio intelekto (DI) sprendimus, galin\u010dius suprasti ir kurti kalb\u0105, atsi\u017evelgiant \u012f Europos kalb\u0173 \u012fvairov\u0119 ir kult\u016bros turtingum\u0105.<\/p>\t\t\t\t\t\t\t\t<\/div>\n\t\t\t\t<\/div>\n\t\t\t\t\t<\/div>\n\t\t<\/div>\n\t\t\t\t\t<\/div>\n\t\t<\/section>\n\t\t\t\t<section class=\"elementor-section elementor-top-section elementor-element elementor-element-245ad23 elementor-section-stretched elementor-section-boxed elementor-section-height-default elementor-section-height-default elementor-invisible\" data-id=\"245ad23\" data-element_type=\"section\" data-e-type=\"section\" data-settings='{\"stretch_section\":\"section-stretched\",\"animation\":\"slide-up\"}'>\n\t\t\t\t\t\t<div class=\"elementor-container elementor-column-gap-extended\">\n\t\t\t\t\t<div class=\"elementor-column elementor-col-100 elementor-top-column elementor-element elementor-element-6381d6cd\" data-id=\"6381d6cd\" data-element_type=\"column\" data-e-type=\"column\">\n\t\t\t<div class=\"elementor-widget-wrap elementor-element-populated\">\n\t\t\t\t\t\t<div class=\"elementor-element elementor-element-6107c70 elementor-widget elementor-widget-heading\" data-id=\"6107c70\" data-element_type=\"widget\" data-e-type=\"widget\" data-widget_type=\"heading.default\">\n\t\t\t\t<div class=\"elementor-widget-container\">\n\t\t\t\t\t<h2 class=\"elementor-heading-title elementor-size-default\">Vykdant ESIK KTA misij\u0105 daugiausia d\u0117mesio skiriama \u0161iems penkiems veiksmams:<\/h2>\t\t\t\t<\/div>\n\t\t\t\t<\/div>\n\t\t\t\t<div class=\"elementor-element elementor-element-6b8ccd5c elementor-widget elementor-widget-apus_element_features_box\" data-id=\"6b8ccd5c\" data-element_type=\"widget\" data-e-type=\"widget\" data-widget_type=\"apus_element_features_box.default\">\n\t\t\t\t<div class=\"elementor-widget-container\">\n\t\t\t\t\t            <div class=\"widget-features-box  style2\">\n                                    <div class=\"slick-carousel\" data-items=\"3\" data-smallmedium=\"2\" data-extrasmall=\"1\" data-pagination=\"false\" data-nav=\"true\">\n                                                    <div class=\"item\">\n                                <div class=\"item-inner\">\n                                    <div class=\"top-inner\">\n                                                                                <div class=\"features-box-image icon\"><i class=\"fa fa-database\"><\/i><\/div><\/div><div class=\"features-box-content\"><h3 class=\"title\">1 veiksmas. Duomenys<\/h3><div class=\"description\">ALT-EDIC naudosis Kalb\u0173 duomen\u0173 erdve ir apjungs esamus ES ir valstybi\u0173 nari\u0173 kalb\u0173 ir daugiar\u016b\u0161io transporto i\u0161teklius visomis Europos, nacionalin\u0117mis ir regionin\u0117mis kalbomis, be kita ko, kurdamas strateginius duomenis, pavyzd\u017eiui, apie kalbas, kuriomis kalba nedaug asmen\u0173 (ma\u017eiau nei 10 mln. asmen\u0173), kurioms b\u016bdingi dideli\u0173 kalb\u0173 modeli\u0173 mokymo apribojimai.<\/div><\/div>\n                                <\/div>\n                            <\/div>\n                                                    <div class=\"item\">\n                                <div class=\"item-inner\">\n                                    <div class=\"top-inner\">\n                                                                                <div class=\"features-box-image icon\"><i class=\"fa fa-caret-right\"><\/i><\/div><\/div><div class=\"features-box-content\"><h3 class=\"title\">2 veiksmas ? Esami modeliai<\/h3><div class=\"description\">ALT-EDIC sukurs esam\u0173 atvirojo kodo kalbos modeli\u0173 saugykl\u0105, kad pramon\u0117s subjektai gal\u0117t\u0173 juos pakartotinai naudoti, ir parengs konkre\u010dius derinimo metodus, ypa\u010d skirtus MV\u012e, taip pat pateiks vertinimo, sertifikavimo ir normalizavimo metodikas, ypating\u0105 d\u0117mes\u012f skirdamas galimai diskriminacijai ir \u0161ali\u0161kumui, atsirandantiems d\u0117l nat\u016braliosios kalbos apdorojimo (NLP) modeli\u0173.<\/div><\/div>\n                                <\/div>\n                            <\/div>\n                                                    <div class=\"item\">\n                                <div class=\"item-inner\">\n                                    <div class=\"top-inner\">\n                                                                                <div class=\"features-box-image icon\"><i class=\"ti-fullscreen\"><\/i><\/div><\/div><div class=\"features-box-content\"><h3 class=\"title\">3 veiksmas ? Modeli\u0173 k\u016brimas<\/h3><div class=\"description\">ALT-EDIC veiks kaip parengiamojo etapo fondas, sutelkiantis vie\u0161uosius ir priva\u010diuosius i\u0161teklius naujiems dideli\u0173 kalb\u0173 modeli\u0173 projektams ir fond\u0173 modeliams, turintiems daugiar\u016b\u0161io transporto paj\u0117gum\u0173, prad\u0117ti ir pl\u0117toti, be kita ko, suteikiant prieig\u0105 prie b\u016btinos Europos na\u0161iosios kompiuterijos.<\/div><\/div>\n                                <\/div>\n                            <\/div>\n                                                    <div class=\"item\">\n                                <div class=\"item-inner\">\n                                    <div class=\"top-inner\">\n                                                                                <div class=\"features-box-image icon\"><i class=\"ti-layout-list-thumb-alt\"><\/i><\/div><\/div><div class=\"features-box-content\"><h3 class=\"title\">4 veiksmas ? Vertinimas, sertifikavimas ir normalizavimas<\/h3><div class=\"description\">ALT-EDIC prisid\u0117s prie vertinimo metodik\u0173 k\u016brimo, ypating\u0105 d\u0117mes\u012f skirdamas galimai diskriminacijai ir \u0161ali\u0161kumui, atsirandantiems d\u0117l NLP modeli\u0173, taip pat teiks speciali\u0105 param\u0105 \u012fstaigoms, investuojan\u010dioms \u012f kalb\u0173 technologijas.<\/div><\/div>\n                                <\/div>\n                            <\/div>\n                                                    <div class=\"item\">\n                                <div class=\"item-inner\">\n                                    <div class=\"top-inner\">\n                                                                                <div class=\"features-box-image icon\"><i class=\"fa fa-link\"><\/i><\/div><\/div><div class=\"features-box-content\"><h3 class=\"title\">5 veiksmas. Ekosistemos<\/h3><div class=\"description\">ALT-EDIC veiks kaip vie\u0161ojo administravimo institucij\u0173 patariamasis punktas, taip pat pasieks visuomen\u0119 per kult\u016brin\u0119 program\u0105, grind\u017eiam\u0105 dirbtiniu intelektu kalboms, ir sudarys s\u0105lygas LT galutiniams naudotojams, kurie taip pat yra duomen\u0173 reng\u0117jai, priimti dirbtinio intelekto ir kalbos technologij\u0173 i\u0161\u0161\u016bkius daugiakalb\u0117je aplinkoje ir prisid\u0117ti prie Europos pilie\u010di\u0173 \u0161vietimo dirbtinio intelekto klausimu.<\/div><\/div>\n                                <\/div>\n                            <\/div>\n                                            <\/div>\n                            <\/div>\n            \t\t\t\t<\/div>\n\t\t\t\t<\/div>\n\t\t\t\t\t<\/div>\n\t\t<\/div>\n\t\t\t\t\t<\/div>\n\t\t<\/section>\n\t\t\t\t<\/div>","protected":false},"excerpt":{"rendered":"<p>Kalbos technologij\u0173 aljansas (ESIK KTA) yra Europos skaitmenin\u0117s infrastrukt\u016bros konsorciumas, remiantis kalbos technologij\u0173 pl\u0117tr\u0105. Ji skatina kalb\u0173 technologij\u0173 meistri\u0161kum\u0105 ir prisideda prie Europos kalb\u0173 \u012fvairov\u0117s ir kult\u016brinio turtingumo i\u0161saugojimo. J\u012f 2023 m. gruod\u017eio m\u0117n. pasi\u016bl\u0117 10 valstybi\u0173 nari\u0173 ir oficialiai suk\u016br\u0117 Komisija [\u2026].<\/p>","protected":false},"author":1,"featured_media":0,"parent":0,"menu_order":0,"comment_status":"closed","ping_status":"closed","template":"","meta":{"footnotes":""},"class_list":["post-8735","page","type-page","status-publish","hentry"],"aioseo_notices":[],"_links":{"self":[{"href":"http:\/\/www.alt-edic.eu\/lt\/wp-json\/wp\/v2\/pages\/8735","targetHints":{"allow":["GET"]}}],"collection":[{"href":"http:\/\/www.alt-edic.eu\/lt\/wp-json\/wp\/v2\/pages"}],"about":[{"href":"http:\/\/www.alt-edic.eu\/lt\/wp-json\/wp\/v2\/types\/page"}],"author":[{"embeddable":true,"href":"http:\/\/www.alt-edic.eu\/lt\/wp-json\/wp\/v2\/users\/1"}],"replies":[{"embeddable":true,"href":"http:\/\/www.alt-edic.eu\/lt\/wp-json\/wp\/v2\/comments?post=8735"}],"version-history":[{"count":16,"href":"http:\/\/www.alt-edic.eu\/lt\/wp-json\/wp\/v2\/pages\/8735\/revisions"}],"predecessor-version":[{"id":11353,"href":"http:\/\/www.alt-edic.eu\/lt\/wp-json\/wp\/v2\/pages\/8735\/revisions\/11353"}],"wp:attachment":[{"href":"http:\/\/www.alt-edic.eu\/lt\/wp-json\/wp\/v2\/media?parent=8735"}],"curies":[{"name":"wp","href":"https:\/\/api.w.org\/{rel}","templated":true}]}}