{"id":10714,"date":"2025-03-06T08:00:12","date_gmt":"2025-03-06T07:00:12","guid":{"rendered":"https:\/\/alt-edic.eu\/?page_id=10714"},"modified":"2026-02-26T12:21:06","modified_gmt":"2026-02-26T11:21:06","slug":"industrial-consortium","status":"publish","type":"page","link":"http:\/\/www.alt-edic.eu\/lt\/industrial-consortium\/","title":{"rendered":"<p>Pramon\u0117s konsorciumas<\/p>"},"content":{"rendered":"<div data-elementor-type=\"wp-page\" data-elementor-id=\"10714\" class=\"elementor elementor-10714\" data-elementor-post-type=\"page\">\n\t\t\t\t\t\t<section class=\"elementor-section elementor-top-section elementor-element elementor-element-83d6e06 elementor-section-stretched elementor-section-boxed elementor-section-height-default elementor-section-height-default\" data-id=\"83d6e06\" data-element_type=\"section\" data-e-type=\"section\" data-settings='{\"stretch_section\":\"section-stretched\",\"background_background\":\"gradient\"}'>\n\t\t\t\t\t\t<div class=\"elementor-container elementor-column-gap-extended\">\n\t\t\t\t\t<div class=\"elementor-column elementor-col-50 elementor-top-column elementor-element elementor-element-5ad19a07\" data-id=\"5ad19a07\" data-element_type=\"column\" data-e-type=\"column\">\n\t\t\t<div class=\"elementor-widget-wrap elementor-element-populated\">\n\t\t\t\t\t\t<div class=\"elementor-element elementor-element-17b6f034 elementor-widget elementor-widget-heading\" data-id=\"17b6f034\" data-element_type=\"widget\" data-e-type=\"widget\" data-widget_type=\"heading.default\">\n\t\t\t\t<div class=\"elementor-widget-container\">\n\t\t\t\t\t<h1 class=\"elementor-heading-title elementor-size-default\">Pramon\u0117s konsorciumas<\/h1>\t\t\t\t<\/div>\n\t\t\t\t<\/div>\n\t\t\t\t<div class=\"elementor-element elementor-element-793ec4e6 elementor-widget elementor-widget-text-editor\" data-id=\"793ec4e6\" data-element_type=\"widget\" data-e-type=\"widget\" data-widget_type=\"text-editor.default\">\n\t\t\t\t<div class=\"elementor-widget-container\">\n\t\t\t\t\t\t\t\t\t<p>ALT-EDIC pramon\u0117s konsorciumas teikia rekomendacijas d\u0117l kalb\u0173 technologij\u0173 pl\u0117tros prioritet\u0173 ALT-EDIC ir si\u016blo forum\u0105 naujiems projektams rengti.<\/p>\t\t\t\t\t\t\t\t<\/div>\n\t\t\t\t<\/div>\n\t\t\t\t\t<\/div>\n\t\t<\/div>\n\t\t\t\t<div class=\"elementor-column elementor-col-50 elementor-top-column elementor-element elementor-element-75c15e62 elementor-hidden-tablet elementor-hidden-phone\" data-id=\"75c15e62\" data-element_type=\"column\" data-e-type=\"column\">\n\t\t\t<div class=\"elementor-widget-wrap elementor-element-populated\">\n\t\t\t\t\t\t\t<\/div>\n\t\t<\/div>\n\t\t\t\t\t<\/div>\n\t\t<\/section>\n\t\t\t\t<section class=\"elementor-section elementor-top-section elementor-element elementor-element-178c1fff elementor-section-stretched elementor-section-boxed elementor-section-height-default elementor-section-height-default\" data-id=\"178c1fff\" data-element_type=\"section\" data-e-type=\"section\" data-settings='{\"stretch_section\":\"section-stretched\"}'>\n\t\t\t\t\t\t<div class=\"elementor-container elementor-column-gap-extended\">\n\t\t\t\t\t<div class=\"elementor-column elementor-col-100 elementor-top-column elementor-element elementor-element-1c5552e\" data-id=\"1c5552e\" data-element_type=\"column\" data-e-type=\"column\">\n\t\t\t<div class=\"elementor-widget-wrap elementor-element-populated\">\n\t\t\t\t\t\t<div class=\"elementor-element elementor-element-4b36844 elementor-widget elementor-widget-text-editor\" data-id=\"4b36844\" data-element_type=\"widget\" data-e-type=\"widget\" data-widget_type=\"text-editor.default\">\n\t\t\t\t<div class=\"elementor-widget-container\">\n\t\t\t\t\t\t\t\t\t<h2>\u012e\u017eanga<\/h2><p>ALT-EDIC pramon\u0117s konsorciumas prisideda prie ALT-EDIC valdymo. Jo formavimasis buvo <a href=\"http:\/\/www.alt-edic.eu\/lt\/news\/registration-to-join-the-alt-edic-industrial-consortium-is-open\/\"><u>Prad\u0117ta 2025 m. kovo 6 d.<\/u><\/a>.<\/p><p>Kalbos technologij\u0173 aljanso (ESIK KALT) tikslas \u2013 sukurti bendr\u0105 Europos kalbos technologij\u0173 infrastrukt\u016br\u0105, kad b\u016bt\u0173 padidinti Europos paj\u0117gumai, padidintas konkurencingumas ir i\u0161saugota Europos kalb\u0173 \u012fvairov\u0117 bei kult\u016bros turtingumas.<\/p><p>ALT-EDIC skaitmenin\u0117 infrastrukt\u016bra ir ekosistema atliks svarb\u0173 vaidmen\u012f perkeliant turting\u0105 Europos kalb\u0173 paveld\u0105 \u012f DI er\u0105, nes bus renkamos ir saugomos bendros duomen\u0173 baz\u0117s, u\u017etikrinami objektyv\u016bs vertinimai, mokomi kalb\u0173 modeliai ir diegiamos su \u0161iais modeliais susijusios paslaugos. \u0160ie veiksmai bus labai svarb\u016bs siekiant i\u0161saugoti Europos kult\u016brin\u012f turin\u012f DI sistem\u0173 masin\u0117s gamybos am\u017eiuje. Europos bendradarbiavimas vykdant \u0161iuos veiksmus pad\u0117s sutelkti kritin\u0119 valios ir technologin\u0117s praktin\u0117s patirties mas\u0119 \u0161iam tikslui pasiekti.<\/p><p>Visi \u0161ie veiksmai bus naudingi visai Europos DI bendruomenei, o jiems \u012fgyvendinti reikia, kad aljansas suvienyt\u0173 DI technologij\u0173 ir paslaug\u0173 teik\u0117jus, \u012fmones, mokslini\u0173 tyrim\u0173 organizacijas ir institucinius subjektus visose savo valstyb\u0117se nar\u0117se. ESIK KTA ir jo partneriai bus finansi\u0161kai remiami atsiliepiant \u012f kvietimus teikti pasi\u016blymus pagal Europos S\u0105jungos programas.<\/p><h2>Konsorciumo sud\u0117tis<\/h2><p>Pramon\u0117s konsorciumas yra atviras <strong>\u012fmon\u0117s ir verslo paramos organizacijos<\/strong> dom\u0117jimasis kalbos technologijomis ir <strong>\u012fsteigta Europos ekonomin\u0117je erdv\u0117je (EEE)<\/strong>.<\/p><h2>Privalumai<\/h2><p>Pramon\u0117s konsorciumo nariai: <strong>teikti gaires d\u0117l kalb\u0173 technologij\u0173 pl\u0117tros prioritet\u0173; <\/strong>ir <strong>i\u0161rinkti atstovus<\/strong> <strong>Strategin\u0117s orientacijos komitete (SOC)<\/strong>. SOC priima metines arba daugiametes strategines ALT-EDIC \u012fgyvendinimo gaires, kurios bus pateiktos tvirtinti ALT-EDIC nari\u0173 susirinkimui.<\/p><p>Pramon\u0117s konsorciumas taip pat si\u016blys <strong>forumas, skirtas pl\u0117toti bendradarbiavim\u0105 ir rengti naujus projektus<\/strong> d\u0117l kalb\u0173 technologij\u0173, vis\u0173 pirma projekt\u0173, susijusi\u0173 su bendrais duomenimis ir lyginamaisiais vertinimais, kuriuos gali remti ALT-EDIC.<\/p><h2>Registracija ir tvarkara\u0161tis<\/h2><p>Organizacijos gali bet kuriuo metu pateikti pra\u0161ym\u0105 prisijungti prie Pramon\u0117s konsorciumo. Registracijos form\u0105 galima rasti <a href=\"https:\/\/ec.europa.eu\/eusurvey\/runner\/ALT_EDIC_Industrial_Consortium_Registration_Form\"><u>\u010dia<\/u><\/a>. Veiksmingas dalyvavimas priklauso nuo organizacijos tinkamumo patvirtinimo.<\/p><p>\u012evadinis Pramon\u0117s konsorciumo pos\u0117dis numatytas 2026 m. pirm\u0105j\u012f ketvirt\u012f. Kiti pos\u0117d\u017eiai vyks bent du kartus per metus internetu arba mi\u0161riu formatu.<\/p>\t\t\t\t\t\t\t\t<\/div>\n\t\t\t\t<\/div>\n\t\t\t\t\t<\/div>\n\t\t<\/div>\n\t\t\t\t\t<\/div>\n\t\t<\/section>\n\t\t\t\t<\/div>","protected":false},"excerpt":{"rendered":"<p>Pramon\u0117s konsorciumas ALT-EDIC pramon\u0117s konsorciumas teikia rekomendacijas d\u0117l kalb\u0173 technologij\u0173 pl\u0117tros prioritet\u0173 ALT-EDIC ir si\u016blo forum\u0105 naujiems projektams rengti. \u012evadas ALT-EDIC pramon\u0117s konsorciumas prisideda prie ALT-EDIC valdymo. Jos formavimas prasid\u0117jo 2025 m. kovo 6 d. Kalb\u0173 technologij\u0173 aljansas (ALT-EDIC) siekia sukurti bendr\u0105 Europos infrastrukt\u016br\u0105 [...]<\/p>","protected":false},"author":1,"featured_media":0,"parent":0,"menu_order":0,"comment_status":"closed","ping_status":"closed","template":"","meta":{"footnotes":""},"class_list":["post-10714","page","type-page","status-publish","hentry"],"aioseo_notices":[],"_links":{"self":[{"href":"http:\/\/www.alt-edic.eu\/lt\/wp-json\/wp\/v2\/pages\/10714","targetHints":{"allow":["GET"]}}],"collection":[{"href":"http:\/\/www.alt-edic.eu\/lt\/wp-json\/wp\/v2\/pages"}],"about":[{"href":"http:\/\/www.alt-edic.eu\/lt\/wp-json\/wp\/v2\/types\/page"}],"author":[{"embeddable":true,"href":"http:\/\/www.alt-edic.eu\/lt\/wp-json\/wp\/v2\/users\/1"}],"replies":[{"embeddable":true,"href":"http:\/\/www.alt-edic.eu\/lt\/wp-json\/wp\/v2\/comments?post=10714"}],"version-history":[{"count":0,"href":"http:\/\/www.alt-edic.eu\/lt\/wp-json\/wp\/v2\/pages\/10714\/revisions"}],"wp:attachment":[{"href":"http:\/\/www.alt-edic.eu\/lt\/wp-json\/wp\/v2\/media?parent=10714"}],"curies":[{"name":"wp","href":"https:\/\/api.w.org\/{rel}","templated":true}]}}