{"id":8933,"date":"2024-10-02T20:59:20","date_gmt":"2024-10-02T20:59:20","guid":{"rendered":"https:\/\/alt-edic.eu\/?page_id=8933"},"modified":"2024-12-04T21:29:36","modified_gmt":"2024-12-04T21:29:36","slug":"accessibility","status":"publish","type":"page","link":"http:\/\/www.alt-edic.eu\/it\/accessibility\/","title":{"rendered":"<p>Accessibilit\u00e0<\/p>"},"content":{"rendered":"<div data-elementor-type=\"wp-page\" data-elementor-id=\"8933\" class=\"elementor elementor-8933\" data-elementor-post-type=\"page\">\n\t\t\t\t\t\t<section class=\"elementor-section elementor-top-section elementor-element elementor-element-1ad265a8 elementor-section-stretched elementor-section-boxed elementor-section-height-default elementor-section-height-default\" data-id=\"1ad265a8\" data-element_type=\"section\" data-e-type=\"section\" data-settings='{\"stretch_section\":\"section-stretched\",\"background_background\":\"gradient\"}'>\n\t\t\t\t\t\t<div class=\"elementor-container elementor-column-gap-extended\">\n\t\t\t\t\t<div class=\"elementor-column elementor-col-50 elementor-top-column elementor-element elementor-element-6150afc3\" data-id=\"6150afc3\" data-element_type=\"column\" data-e-type=\"column\">\n\t\t\t<div class=\"elementor-widget-wrap elementor-element-populated\">\n\t\t\t\t\t\t<div class=\"elementor-element elementor-element-4318ea5e elementor-widget elementor-widget-heading\" data-id=\"4318ea5e\" data-element_type=\"widget\" data-e-type=\"widget\" data-widget_type=\"heading.default\">\n\t\t\t\t<div class=\"elementor-widget-container\">\n\t\t\t\t\t<h1 class=\"elementor-heading-title elementor-size-default\">Dichiarazione di accessibilit\u00e0<\/h1>\t\t\t\t<\/div>\n\t\t\t\t<\/div>\n\t\t\t\t<div class=\"elementor-element elementor-element-6825d15e elementor-widget elementor-widget-text-editor\" data-id=\"6825d15e\" data-element_type=\"widget\" data-e-type=\"widget\" data-widget_type=\"text-editor.default\">\n\t\t\t\t<div class=\"elementor-widget-container\">\n\t\t\t\t\t\t\t\t\t<p>ALT-EDIC si impegna a rendere accessibile il proprio sito web ai sensi dell'articolo 47 della legge n\u00b0 2005-102 dell'11 febbraio 2005.<\/p>\t\t\t\t\t\t\t\t<\/div>\n\t\t\t\t<\/div>\n\t\t\t\t\t<\/div>\n\t\t<\/div>\n\t\t\t\t<div class=\"elementor-column elementor-col-50 elementor-top-column elementor-element elementor-element-745957b9 elementor-hidden-tablet elementor-hidden-phone\" data-id=\"745957b9\" data-element_type=\"column\" data-e-type=\"column\">\n\t\t\t<div class=\"elementor-widget-wrap\">\n\t\t\t\t\t\t\t<\/div>\n\t\t<\/div>\n\t\t\t\t\t<\/div>\n\t\t<\/section>\n\t\t\t\t<section class=\"elementor-section elementor-top-section elementor-element elementor-element-283d2e88 elementor-section-stretched elementor-section-boxed elementor-section-height-default elementor-section-height-default\" data-id=\"283d2e88\" data-element_type=\"section\" data-e-type=\"section\" data-settings='{\"stretch_section\":\"section-stretched\"}'>\n\t\t\t\t\t\t<div class=\"elementor-container elementor-column-gap-extended\">\n\t\t\t\t\t<div class=\"elementor-column elementor-col-100 elementor-top-column elementor-element elementor-element-421f4ab elementor-invisible\" data-id=\"421f4ab\" data-element_type=\"column\" data-e-type=\"column\" data-settings='{\"animation\":\"slide-left\",\"animation_delay\":200}'>\n\t\t\t<div class=\"elementor-widget-wrap elementor-element-populated\">\n\t\t\t\t\t\t<div class=\"elementor-element elementor-element-c7e5855 elementor-widget elementor-widget-text-editor\" data-id=\"c7e5855\" data-element_type=\"widget\" data-e-type=\"widget\" data-widget_type=\"text-editor.default\">\n\t\t\t\t<div class=\"elementor-widget-container\">\n\t\t\t\t\t\t\t\t\t<p>La presente dichiarazione di accessibilit\u00e0 si applica a \u00e0 https:\/\/alt-edic.eu\/.<\/p>\n<h2>Statistiche di conformit\u00e0<\/h2>\n<p><span class=\"Y2IQFc\" lang=\"en\">Non \u00e8 stato ancora effettuato alcun audit.<\/span><\/p>\n<p>https:\/\/alt-edic.eu\/ non \u00e8 conforme al repertorio generale per il miglioramento dell'accessibilit\u00e0 (<em>RGAA<\/em>), versione 4.1.2.<\/p>\n<p><span class=\"Y2IQFc\" lang=\"en\">Un audit di conformit\u00e0 \u00e8 ben pianificato e lo stato di conformit\u00e0 sar\u00e0 aggiornato a breve.<\/span><\/p>\n<ul>\n<\/ul>\n<h2>Feedback e contatti<\/h2>\n<p>Se non sei in grado di accedere a un contenuto o servizio, puoi contattare la persona responsabile per essere indirizzato a un'alternativa accessibile o ottenere il contenuto in un'altra forma.<\/p>\n<ul>\n<li>Invia un messaggio a contact@alt-edic.eu<\/li>\n<\/ul>\n<h2>Viali di ricorso<\/h2>\n<p>Questa procedura dovrebbe essere utilizzata nei seguenti casi. Hai notificato al gestore del sito web un problema di accessibilit\u00e0 che ti impedisce di accedere ai contenuti o ai servizi del portale e non hai ricevuto una risposta soddisfacente.<\/p>\n<ul>\n<li>Scrivi un messaggio al difensore dei diritti (https:\/\/www.defenseurdesdroits.fr\/nous-contacter-355)<\/li>\n<li>Contattare il difensore dei diritti locale (https:\/\/www.defenseurdesdroits.fr\/carte-des-delegues)<\/li>\n<li>Inviare una lettera per posta (gratuita, non utilizzare francobolli): <br>D\u00e9fenseur des droits <br>Libre r\u00e9ponse <br>71120 75342 <br>Parigi CEDEX 07<\/li>\n<\/ul>\t\t\t\t\t\t\t\t<\/div>\n\t\t\t\t<\/div>\n\t\t\t\t\t<\/div>\n\t\t<\/div>\n\t\t\t\t\t<\/div>\n\t\t<\/section>\n\t\t\t\t<\/div>","protected":false},"excerpt":{"rendered":"<p>ALT-EDIC si impegna a rendere accessibile il proprio sito web ai sensi dell'articolo 47 della legge n\u00b0 2005-102 dell'11 febbraio 2005. La presente dichiarazione di accessibilit\u00e0 si applica a \u00e0 https:\/\/alt-edic.eu\/. Non \u00e8 stato ancora effettuato alcun audit. https:\/\/alt-edic.eu\/ non \u00e8 conforme al General Accessibility Improvement Repository (RGAA), versione 4.1.2. Un audit di conformit\u00e0 \u00e8 [\u2026]<\/p>","protected":false},"author":1,"featured_media":0,"parent":0,"menu_order":0,"comment_status":"closed","ping_status":"closed","template":"","meta":{"footnotes":""},"class_list":["post-8933","page","type-page","status-publish","hentry"],"aioseo_notices":[],"_links":{"self":[{"href":"http:\/\/www.alt-edic.eu\/it\/wp-json\/wp\/v2\/pages\/8933","targetHints":{"allow":["GET"]}}],"collection":[{"href":"http:\/\/www.alt-edic.eu\/it\/wp-json\/wp\/v2\/pages"}],"about":[{"href":"http:\/\/www.alt-edic.eu\/it\/wp-json\/wp\/v2\/types\/page"}],"author":[{"embeddable":true,"href":"http:\/\/www.alt-edic.eu\/it\/wp-json\/wp\/v2\/users\/1"}],"replies":[{"embeddable":true,"href":"http:\/\/www.alt-edic.eu\/it\/wp-json\/wp\/v2\/comments?post=8933"}],"version-history":[{"count":0,"href":"http:\/\/www.alt-edic.eu\/it\/wp-json\/wp\/v2\/pages\/8933\/revisions"}],"wp:attachment":[{"href":"http:\/\/www.alt-edic.eu\/it\/wp-json\/wp\/v2\/media?parent=8933"}],"curies":[{"name":"wp","href":"https:\/\/api.w.org\/{rel}","templated":true}]}}