{"id":3,"date":"2024-08-18T14:41:06","date_gmt":"2024-08-18T14:41:06","guid":{"rendered":"https:\/\/alt-edic.eu\/?page_id=3"},"modified":"2024-12-13T10:53:32","modified_gmt":"2024-12-13T09:53:32","slug":"privacy-policy","status":"publish","type":"page","link":"http:\/\/www.alt-edic.eu\/hr\/privacy-policy\/","title":{"rendered":"<p>Pravila o za\u0161titi privatnosti<\/p>"},"content":{"rendered":"<p><p>Svaka obrada osobnih podataka s internetske stranice alt-edic.eu provodi se u skladu s uredbama (EU) 2016\/679 Europskog parlamenta i Vije\u0107a od 27. travnja 2016. (poznato kao RGPD) i francuskim Zakonom br. 78-17 od 6. sije\u010dnja 1978. o informacijskoj tehnologiji, datotekama i slobodama.<\/p><h2 class=\"wp-block-heading\">Upravljanje kola\u010di\u0107ima<\/h2><p>Kada posjetite <strong>alt-edic.eu <\/strong>Kola\u010di\u0107i se mogu postaviti na va\u0161e ra\u010dunalo, mobitel ili tablet. Kada pristupite web mjestu, prikazuje se natpis koji ukazuje na prisutnost kola\u010di\u0107a, daju\u0107i vam mogu\u0107nost da ih prihvatite, odbijete ili upravljate kola\u010di\u0107ima va\u0161ih postavki pomo\u0107u kola\u010di\u0107a.<\/p><p>Koriste se dvije vrste kola\u010di\u0107a:<\/p><ul class=\"wp-block-list\">\n<li>Kola\u010di\u0107i potrebni za pravilan rad stranice, koji ne pohranjuju nikakve osobne podatke i stoga, u skladu s preporukama CNIL-a, ne zahtijevaju prethodnu suglasnost. Ti se kola\u010di\u0107i aktiviraju izravno, \u010dak i bez pozitivnog djelovanja korisnika.<\/li>\n\n\n\n<li>Kola\u010di\u0107i za mjerenje publike prikupljeni alatom za analizu prometa Matomo (verzija otvorenog koda dostupna je na <a href=\"https:\/\/fr.matomo.org\/\">https:\/\/fr.matomo.org\/<\/a>): ovi kola\u010di\u0107i pohranjuju osobne podatke (IP adresa, lokacija). Ti se podaci pohranjuju na poslu\u017eitelju OVH-a (poslu\u017eitelj koji se nalazi u Francuskoj od strane francuskog doma\u0107ina) i \u010duvaju se u razdoblju od 6 mjeseci. Ovi kola\u010di\u0107i se koriste samo za mjerenje anonimne statistike o prometu i kori\u0161tenju web mjesta, za pra\u0107enje i pobolj\u0161anje usluga. Ne upotrebljavaju se za pra\u0107enje korisnikovih navika pregledavanja na drugim web-mjestima. Prikupljanje tih kola\u010di\u0107a uvjetovano je korisnikovim prihva\u0107anjem natpisa koji se pojavljuje prilikom otvaranja stranice.<\/li>\n<\/ul><p>Stranica tako\u0111er nudi funkcionalnosti dijeljenja na dru\u0161tvenoj mre\u017ei LinkedIn. U tom smislu, imajte na umu da \u0107e kori\u0161tenje zna\u010dajki koje nudi ova dru\u0161tvena mre\u017ea vjerojatno generirati kola\u010di\u0107e kojima upravlja i koje pohranjuje LinkedIn stranica. Ovi kola\u010di\u0107i mogu se pohraniti samo prilikom kori\u0161tenja LinkedIn funkcionalnosti, osobito u kontekstu <strong>alt-edic.eu<\/strong>, kada dijelite na LinkedInu. Pozivamo vas da pro\u010ditate LinkedInovu politiku upravljanja kola\u010di\u0107ima. Trajanje ovih kola\u010di\u0107a ne prelazi 13 mjeseci.<\/p><p>Mo\u017eete odbiti kori\u0161tenje kola\u010di\u0107a koji nisu izuzeti od privole ili onemogu\u0107iti njihovo pohranjivanje na va\u0161em ra\u010dunalu:<\/p><ul class=\"wp-block-list\">\n<li>Kada prvi put koristite web mjesto, klikom na banner za upravljanje kola\u010di\u0107ima, koji vam omogu\u0107uje da prihvatite ili odbijete sve kola\u010di\u0107e ili da upravljate svojim postavkama.<\/li>\n\n\n\n<li>U bilo kojem trenutku klikom na gumb \u201eKola\u010di\u0107i\u201d na dnu stranice.<\/li>\n\n\n\n<li>U bilo kojem trenutku pomo\u0107u postavki preglednika: pomo\u0107u posebne funkcije \u201ene prati\u201d va\u0161eg preglednika.<\/li>\n<\/ul><h2 class=\"wp-block-heading\">Ostvarivanje svojih prava<\/h2><p>Imate pravo u bilo kojem trenutku pristupiti svojim osobnim podacima, ispraviti ih, usprotiviti im se i izbrisati ih.<\/p><p>Za sve informacije ili ostvarivanje svojih prava (pravo na pristup, ispravak ili brisanje, pravo na ograni\u010denje obrade, pravo na prenosivost podataka i pravo na prigovor) u vezi s obradom osobnih podataka od strane ALT-EDIC-a i njegovih razli\u010ditih odjela, mo\u017eete se obratiti na\u0161em slu\u017ebeniku za za\u0161titu podataka (DPO) na sljede\u0107u adresu: dpdalt-edic.eu.<\/p><p>Slu\u017ebeniku za za\u0161titu podataka mo\u017eete se obratiti i po\u0161tom na sljede\u0107u adresu:<br>ALT-EDIC<br>Slu\u017ebeniku za za\u0161titu podataka (DPO)<br>1 mjesto Aristide Briand<br>02600 Villers-Cotter\u00eats<br>Francuska<\/p><p>Tako\u0111er imate pravo podnijeti pritu\u017ebu nadle\u017enom nadzornom tijelu (<a href=\"https:\/\/www.cnil.fr\/fr\" title=\"\">CNIL<\/a>) ako smatrate da ALT-EDIC nije po\u0161tovao va\u0161a prava. Saznajte vi\u0161e o svojim pravima: <a href=\"https:\/\/www.cnil.fr\/fr\/reglement-europeen-protection-donnees\/chapitre3\" title=\"\">CNIL \u2013 Droits de la personne<\/a> (na francuskom jeziku)<\/p><h2 class=\"wp-block-heading\">Za\u0161titni znak<\/h2><p>Za\u0161titni znak Alt-Edi\u0107a, kao i njegov logotip, za\u0161ti\u0107eni su pravom industrijskog vlasni\u0161tva.<\/p><p>Stoga je svaka potpuna ili djelomi\u010dna reprodukcija tog \u017eiga i njegova logotipa bez izri\u010ditog odobrenja nositelja prava strogo zabranjena i predstavlja kazneno djelo krivotvorenja u smislu Zakonika o intelektualnom vlasni\u0161tvu.<\/p><h2 class=\"wp-block-heading\">Tekstualni sadr\u017eaj i slike<\/h2><p>Svi tekstualni sadr\u017eaji i slike ponu\u0111eni na Alt-Edic web stranici vlasni\u0161tvo su Alt-Edi\u0107a.<br>Svaka potpuna ili djelomi\u010dna reprodukcija tih tekstova i slika bez izri\u010ditog odobrenja nositelja njihovih prava stoga je strogo zabranjena i predstavlja kazneno djelo krivotvorenja u smislu Zakona o intelektualnom vlasni\u0161tvu.<\/p><h2 class=\"wp-block-heading\">Hiperpoveznice<\/h2><ul class=\"wp-block-list\">\n<li>1. Odlazne poveznice iz Alt-Edic<\/li>\n<\/ul><p>Alt-Edic pru\u017ea duboke hiperveze koje upu\u0107uju na web stranice tre\u0107ih strana. Ove poveznice ili reference ne predstavljaju potvrdu ili potvrdu njihovog sadr\u017eaja. Alt-Edic ni u kojem slu\u010daju ne\u0107e biti odgovoran za sadr\u017eaj takvih web stranica i ne\u0107e biti odgovoran za bilo kakvu \u0161tetu ili \u0161tetu koja iz toga proizlazi.<\/p><p>Duboke hiperveze na druge stranice nude se Korisnicima isklju\u010divo radi prakti\u010dnosti i ne stvaraju nikakvu obvezu bilo koje vrste na \u0161tetu Alt-Edic-a, koji nema sredstava za pra\u0107enje i nadzor tako navedenih stranica ili njihovih evolucija i a\u017euriranja. Korisnici se moraju pozvati na pravne obavijesti i op\u0107e uvjete kori\u0161tenja stranica partnerskih institucija.<\/p><ul class=\"wp-block-list\">\n<li>2. Poveznice na Alt-Edic<\/li>\n<\/ul><p>Stvaranje hipertekstualnih poveznica prema stranici Alt-Edic-a je besplatno pod uvjetom da ne utje\u010de na materijalne ili moralne interese Alt-Edic-a i ne stvara zabunu o izvoru Usluga i\/ili Sadr\u017eaja.<\/p><h2 class=\"wp-block-heading\">Odgovornost i erratum<\/h2><p>Informacije prikazane na internetskoj stranici Alt-Edic slu\u017ee samo u informativne svrhe. Mo\u017ee se mijenjati u bilo kojem trenutku i bez prethodne obavijesti.<\/p><p>Alt-Edic se ne mo\u017ee smatrati odgovornim za izravne ili neizravne, predvidljive ili nepredvidive \u0161tete, kao \u0161to su gubitak zarade ili dobiti, gubitak podataka, gubitak opreme i tro\u0161kovi popravka, oporavak ili reprodukcija koji proizlaze iz kori\u0161tenja i \/ ili nemogu\u0107nosti kori\u0161tenja usluga i sadr\u017eaja web stranice.<\/p><p>Unato\u010d brizi i provjerama tima zadu\u017eenog za Alt-Edic, pogre\u0161ke, gre\u0161ke ili nenamjerni propusti mogu ostati. Ako nam \u017eelite poslati svoje komentare ili pritu\u017ebe, mo\u017eete nas kontaktirati na sljede\u0107u adresu:<br>ALT-EDIC<br>1 mjesto Aristide Briand<br>02600 Villers-Cotter\u00eats<br>Francuska<\/p><p><\/p><\/p>","protected":false},"excerpt":{"rendered":"<p>Svaka obrada osobnih podataka s internetske stranice alt-edic.eu provodi se u skladu s uredbama (EU) 2016\/679 Europskog parlamenta i Vije\u0107a od 27. travnja 2016. (poznato kao RGPD) i francuskim Zakonom br. 78-17 od 6. sije\u010dnja 1978. o informacijskoj tehnologiji, datotekama i slobodama. Upravljanje kola\u010di\u0107ima kada [...]<\/p>","protected":false},"author":1,"featured_media":0,"parent":0,"menu_order":0,"comment_status":"closed","ping_status":"closed","template":"","meta":{"footnotes":""},"class_list":["post-3","page","type-page","status-publish","hentry"],"aioseo_notices":[],"_links":{"self":[{"href":"http:\/\/www.alt-edic.eu\/hr\/wp-json\/wp\/v2\/pages\/3","targetHints":{"allow":["GET"]}}],"collection":[{"href":"http:\/\/www.alt-edic.eu\/hr\/wp-json\/wp\/v2\/pages"}],"about":[{"href":"http:\/\/www.alt-edic.eu\/hr\/wp-json\/wp\/v2\/types\/page"}],"author":[{"embeddable":true,"href":"http:\/\/www.alt-edic.eu\/hr\/wp-json\/wp\/v2\/users\/1"}],"replies":[{"embeddable":true,"href":"http:\/\/www.alt-edic.eu\/hr\/wp-json\/wp\/v2\/comments?post=3"}],"version-history":[{"count":0,"href":"http:\/\/www.alt-edic.eu\/hr\/wp-json\/wp\/v2\/pages\/3\/revisions"}],"wp:attachment":[{"href":"http:\/\/www.alt-edic.eu\/hr\/wp-json\/wp\/v2\/media?parent=3"}],"curies":[{"name":"wp","href":"https:\/\/api.w.org\/{rel}","templated":true}]}}