{"id":10714,"date":"2025-03-06T08:00:12","date_gmt":"2025-03-06T07:00:12","guid":{"rendered":"https:\/\/alt-edic.eu\/?page_id=10714"},"modified":"2026-02-26T12:21:06","modified_gmt":"2026-02-26T11:21:06","slug":"industrial-consortium","status":"publish","type":"page","link":"http:\/\/www.alt-edic.eu\/hr\/industrial-consortium\/","title":{"rendered":"<p>Industrijski konzorcij<\/p>"},"content":{"rendered":"<div data-elementor-type=\"wp-page\" data-elementor-id=\"10714\" class=\"elementor elementor-10714\" data-elementor-post-type=\"page\">\n\t\t\t\t\t\t<section class=\"elementor-section elementor-top-section elementor-element elementor-element-83d6e06 elementor-section-stretched elementor-section-boxed elementor-section-height-default elementor-section-height-default\" data-id=\"83d6e06\" data-element_type=\"section\" data-e-type=\"section\" data-settings='{\"stretch_section\":\"section-stretched\",\"background_background\":\"gradient\"}'>\n\t\t\t\t\t\t<div class=\"elementor-container elementor-column-gap-extended\">\n\t\t\t\t\t<div class=\"elementor-column elementor-col-50 elementor-top-column elementor-element elementor-element-5ad19a07\" data-id=\"5ad19a07\" data-element_type=\"column\" data-e-type=\"column\">\n\t\t\t<div class=\"elementor-widget-wrap elementor-element-populated\">\n\t\t\t\t\t\t<div class=\"elementor-element elementor-element-17b6f034 elementor-widget elementor-widget-heading\" data-id=\"17b6f034\" data-element_type=\"widget\" data-e-type=\"widget\" data-widget_type=\"heading.default\">\n\t\t\t\t<div class=\"elementor-widget-container\">\n\t\t\t\t\t<h1 class=\"elementor-heading-title elementor-size-default\">Industrijski konzorcij<\/h1>\t\t\t\t<\/div>\n\t\t\t\t<\/div>\n\t\t\t\t<div class=\"elementor-element elementor-element-793ec4e6 elementor-widget elementor-widget-text-editor\" data-id=\"793ec4e6\" data-element_type=\"widget\" data-e-type=\"widget\" data-widget_type=\"text-editor.default\">\n\t\t\t\t<div class=\"elementor-widget-container\">\n\t\t\t\t\t\t\t\t\t<p>Industrijski konzorcij ALT-EDIC pru\u017ea smjernice o razvojnim prioritetima jezi\u010dnih tehnologija za ALT-EDIC i nudi forum za razradu novih projekata.<\/p>\t\t\t\t\t\t\t\t<\/div>\n\t\t\t\t<\/div>\n\t\t\t\t\t<\/div>\n\t\t<\/div>\n\t\t\t\t<div class=\"elementor-column elementor-col-50 elementor-top-column elementor-element elementor-element-75c15e62 elementor-hidden-tablet elementor-hidden-phone\" data-id=\"75c15e62\" data-element_type=\"column\" data-e-type=\"column\">\n\t\t\t<div class=\"elementor-widget-wrap elementor-element-populated\">\n\t\t\t\t\t\t\t<\/div>\n\t\t<\/div>\n\t\t\t\t\t<\/div>\n\t\t<\/section>\n\t\t\t\t<section class=\"elementor-section elementor-top-section elementor-element elementor-element-178c1fff elementor-section-stretched elementor-section-boxed elementor-section-height-default elementor-section-height-default\" data-id=\"178c1fff\" data-element_type=\"section\" data-e-type=\"section\" data-settings='{\"stretch_section\":\"section-stretched\"}'>\n\t\t\t\t\t\t<div class=\"elementor-container elementor-column-gap-extended\">\n\t\t\t\t\t<div class=\"elementor-column elementor-col-100 elementor-top-column elementor-element elementor-element-1c5552e\" data-id=\"1c5552e\" data-element_type=\"column\" data-e-type=\"column\">\n\t\t\t<div class=\"elementor-widget-wrap elementor-element-populated\">\n\t\t\t\t\t\t<div class=\"elementor-element elementor-element-4b36844 elementor-widget elementor-widget-text-editor\" data-id=\"4b36844\" data-element_type=\"widget\" data-e-type=\"widget\" data-widget_type=\"text-editor.default\">\n\t\t\t\t<div class=\"elementor-widget-container\">\n\t\t\t\t\t\t\t\t\t<h2>Uvod<\/h2><p>Industrijski konzorcij ALT-EDIC pridonosi upravljanju ALT-EDIC-om. Njezina je formacija bila <a href=\"http:\/\/www.alt-edic.eu\/hr\/news\/registration-to-join-the-alt-edic-industrial-consortium-is-open\/\"><u>pokrenut 6. o\u017eujka 2025.<\/u><\/a>.<\/p><p>Cilj je Saveza za jezi\u010dne tehnologije (ALT-EDIC) razviti zajedni\u010dku europsku infrastrukturu za jezi\u010dne tehnologije kako bi se pove\u0107ali kapaciteti Europe, pove\u0107ala konkurentnost i o\u010duvala jezi\u010dna raznolikost i kulturno bogatstvo Europe.<\/p><p>Digitalna infrastruktura i ekosustav oko ALT-EDIC-a imat \u0107e va\u017enu ulogu u uvo\u0111enju bogate ba\u0161tine europskih jezika u doba umjetne inteligencije prikupljanjem i smje\u0161tajem zajedni\u010dkih baza podataka, osiguravanjem objektivnih evaluacija, jezi\u010dnih modela osposobljavanja i uvo\u0111enjem usluga povezanih s tim modelima. Te \u0107e mjere biti klju\u010dne za o\u010duvanje europskog kulturnog sadr\u017eaja u doba masovne proizvodnje u sustavima umjetne inteligencije. Europska suradnja u pogledu tih mjera iskoristit \u0107e kriti\u010dnu masu snage volje i tehnolo\u0161kog znanja i iskustva kako bi se postigao taj cilj.<\/p><p>Sve te mjere koristit \u0107e europskoj zajednici za umjetnu inteligenciju u cjelini, a za njihovu provedbu Savez mora udru\u017eiti dobavlja\u010de tehnologija i usluga umjetne inteligencije, poduze\u0107a, istra\u017eiva\u010dke organizacije i institucionalne aktere u svim svojim dr\u017eavama \u010dlanicama. ALT-EDIC i njegovi partneri financijski \u0107e se podupirati odgovaranjem na pozive na podno\u0161enje prijedloga u okviru programa Europske unije.<\/p><h2>Sastav konzorcija<\/h2><p>Industrijski konzorcij otvoren je za <strong>poduze\u0107a i organizacije za potporu poslovanju<\/strong> s interesom za jezi\u010dne tehnologije i <strong>s poslovnim nastanom u Europskom gospodarskom prostoru (EGP)<\/strong>.<\/p><h2>Koristi<\/h2><p>\u010clanovi Industrijskog konzorcija \u0107e <strong>pru\u017eiti smjernice o razvojnim prioritetima u Litvi <\/strong>i <strong>birati predstavnike<\/strong> <strong>u Odboru za strate\u0161ko usmjeravanje (SOC)<\/strong>. SOC donosi godi\u0161nje ili vi\u0161egodi\u0161nje strate\u0161ke smjernice za provedbu ALT-EDIC-a koje \u0107e se podnijeti Skup\u0161tini \u010dlanova ALT-EDIC-a na odobrenje.<\/p><p>Industrijski konzorcij tako\u0111er \u0107e ponuditi <strong>forum za razvoj suradnje i razradu novih projekata<\/strong> o jezi\u010dnim tehnologijama, posebno projektima koji uklju\u010duju zajedni\u010dke podatke i usporedne evaluacije koje ALT-EDIC mo\u017ee poduprijeti.<\/p><h2>Registracija i kronologija<\/h2><p>Organizacije mogu u bilo kojem trenutku zatra\u017eiti pridru\u017eivanje industrijskom konzorciju. Obrazac za prijavu je dostupan <a href=\"https:\/\/ec.europa.eu\/eusurvey\/runner\/ALT_EDIC_Industrial_Consortium_Registration_Form\"><u>ovdje<\/u><\/a>. U\u010dinkovito sudjelovanje ovisi o potvr\u0111ivanju prihvatljivosti organizacije.<\/p><p>Po\u010detni sastanak Industrijskog konzorcija predvi\u0111en je za prvo tromjese\u010dje 2026. Daljnji sastanci odr\u017eavat \u0107e se najmanje dvaput godi\u0161nje, na internetu ili u hibridnom obliku.<\/p>\t\t\t\t\t\t\t\t<\/div>\n\t\t\t\t<\/div>\n\t\t\t\t\t<\/div>\n\t\t<\/div>\n\t\t\t\t\t<\/div>\n\t\t<\/section>\n\t\t\t\t<\/div>","protected":false},"excerpt":{"rendered":"<p>Industrijski konzorcij ALT-EDIC Industrijski konzorcij ALT-EDIC pru\u017ea smjernice o razvojnim prioritetima jezi\u010dnih tehnologija za ALT-EDIC i nudi forum za izradu novih projekata. Uvod Industrijski konzorcij ALT-EDIC pridonosi upravljanju ALT-EDIC-om. Njegova formacija pokrenuta je 6. o\u017eujka 2025. godine. Savez za jezi\u010dne tehnologije (ALT-EDIC) ima za cilj razvoj zajedni\u010dke europske infrastrukture [...]<\/p>","protected":false},"author":1,"featured_media":0,"parent":0,"menu_order":0,"comment_status":"closed","ping_status":"closed","template":"","meta":{"footnotes":""},"class_list":["post-10714","page","type-page","status-publish","hentry"],"aioseo_notices":[],"_links":{"self":[{"href":"http:\/\/www.alt-edic.eu\/hr\/wp-json\/wp\/v2\/pages\/10714","targetHints":{"allow":["GET"]}}],"collection":[{"href":"http:\/\/www.alt-edic.eu\/hr\/wp-json\/wp\/v2\/pages"}],"about":[{"href":"http:\/\/www.alt-edic.eu\/hr\/wp-json\/wp\/v2\/types\/page"}],"author":[{"embeddable":true,"href":"http:\/\/www.alt-edic.eu\/hr\/wp-json\/wp\/v2\/users\/1"}],"replies":[{"embeddable":true,"href":"http:\/\/www.alt-edic.eu\/hr\/wp-json\/wp\/v2\/comments?post=10714"}],"version-history":[{"count":0,"href":"http:\/\/www.alt-edic.eu\/hr\/wp-json\/wp\/v2\/pages\/10714\/revisions"}],"wp:attachment":[{"href":"http:\/\/www.alt-edic.eu\/hr\/wp-json\/wp\/v2\/media?parent=10714"}],"curies":[{"name":"wp","href":"https:\/\/api.w.org\/{rel}","templated":true}]}}