{"id":10575,"date":"2025-02-04T07:44:01","date_gmt":"2025-02-04T06:44:01","guid":{"rendered":"https:\/\/alt-edic.eu\/?page_id=10575"},"modified":"2026-01-20T10:11:27","modified_gmt":"2026-01-20T09:11:27","slug":"openeurollm","status":"publish","type":"page","link":"http:\/\/www.alt-edic.eu\/hr\/projects\/openeurollm\/","title":{"rendered":"<p>OpenEuroLLM<\/p>"},"content":{"rendered":"<div data-elementor-type=\"wp-page\" data-elementor-id=\"10575\" class=\"elementor elementor-10575\" data-elementor-post-type=\"page\">\n\t\t\t\t\t\t<section class=\"elementor-section elementor-top-section elementor-element elementor-element-1577bd88 elementor-section-stretched elementor-section-boxed elementor-section-height-default elementor-section-height-default\" data-id=\"1577bd88\" data-element_type=\"section\" data-e-type=\"section\" data-settings='{\"stretch_section\":\"section-stretched\",\"background_background\":\"gradient\"}'>\n\t\t\t\t\t\t<div class=\"elementor-container elementor-column-gap-extended\">\n\t\t\t\t\t<div class=\"elementor-column elementor-col-50 elementor-top-column elementor-element elementor-element-70dc39ba\" data-id=\"70dc39ba\" data-element_type=\"column\" data-e-type=\"column\">\n\t\t\t<div class=\"elementor-widget-wrap elementor-element-populated\">\n\t\t\t\t\t\t<div class=\"elementor-element elementor-element-51cabebb elementor-widget elementor-widget-heading\" data-id=\"51cabebb\" data-element_type=\"widget\" data-e-type=\"widget\" data-widget_type=\"heading.default\">\n\t\t\t\t<div class=\"elementor-widget-container\">\n\t\t\t\t\t<h1 class=\"elementor-heading-title elementor-size-default\">OpenEuroLLM<\/h1>\t\t\t\t<\/div>\n\t\t\t\t<\/div>\n\t\t\t\t<div class=\"elementor-element elementor-element-1f4ee8af elementor-widget elementor-widget-text-editor\" data-id=\"1f4ee8af\" data-element_type=\"widget\" data-e-type=\"widget\" data-widget_type=\"text-editor.default\">\n\t\t\t\t<div class=\"elementor-widget-container\">\n\t\t\t\t\t\t\t\t\t<p><strong>Projekt OpenEuroLLM (Open European Family of Large Language Models) okuplja vode\u0107e europske tvrtke koje se bave umjetnom inteligencijom i istra\u017eiva\u010dke institucije za razvoj jezi\u010dnih modela otvorenog koda sljede\u0107e generacije.<\/strong><\/p>\t\t\t\t\t\t\t\t<\/div>\n\t\t\t\t<\/div>\n\t\t\t\t\t<\/div>\n\t\t<\/div>\n\t\t\t\t<div class=\"elementor-column elementor-col-50 elementor-top-column elementor-element elementor-element-286565d9 elementor-hidden-tablet elementor-hidden-phone\" data-id=\"286565d9\" data-element_type=\"column\" data-e-type=\"column\">\n\t\t\t<div class=\"elementor-widget-wrap\">\n\t\t\t\t\t\t\t<\/div>\n\t\t<\/div>\n\t\t\t\t\t<\/div>\n\t\t<\/section>\n\t\t\t\t<section class=\"elementor-section elementor-top-section elementor-element elementor-element-2a82150a elementor-section-stretched elementor-section-boxed elementor-section-height-default elementor-section-height-default\" data-id=\"2a82150a\" data-element_type=\"section\" data-e-type=\"section\" data-settings='{\"stretch_section\":\"section-stretched\"}'>\n\t\t\t\t\t\t<div class=\"elementor-container elementor-column-gap-extended\">\n\t\t\t\t\t<div class=\"elementor-column elementor-col-50 elementor-top-column elementor-element elementor-element-4dc940b2 elementor-invisible\" data-id=\"4dc940b2\" data-element_type=\"column\" data-e-type=\"column\" data-settings='{\"animation\":\"slide-left\",\"animation_delay\":200}'>\n\t\t\t<div class=\"elementor-widget-wrap elementor-element-populated\">\n\t\t\t\t\t\t<div class=\"elementor-element elementor-element-2fa08fbe elementor-widget elementor-widget-text-editor\" data-id=\"2fa08fbe\" data-element_type=\"widget\" data-e-type=\"widget\" data-widget_type=\"text-editor.default\">\n\t\t\t\t<div class=\"elementor-widget-container\">\n\t\t\t\t\t\t\t\t\t<p>Projekt OpenEuroLLM izgradit \u0107e obitelj visokou\u010dinkovitih, vi\u0161ejezi\u010dnih, velikih jezi\u010dnih temeljnih modela za komercijalne, industrijske i javne usluge. Transparentni i uskla\u0111eni modeli otvorenog koda demokratizirat \u0107e pristup visokokvalitetnim tehnologijama umjetne inteligencije i oja\u010dati sposobnost europskih poduze\u0107a da se natje\u010du na globalnom tr\u017ei\u0161tu, a javnih organizacija da pru\u017eaju u\u010dinkovite javne usluge. Projektni konzorcij okuplja 20 vode\u0107ih europskih istra\u017eiva\u010dkih institucija i EuroHPC centara koje koordinira Karlovo sveu\u010dili\u0161te (\u010ce\u0161ka), a zajedni\u010dki ih vodi AMD Silo AI (Finska). ALT-EDIC u projekt unosi svoju sposobnost stvaranja i upravljanja jezi\u010dnim podacima, evaluaciju jezi\u010dne tehnologije i izgradnju zajednice.<\/p>\t\t\t\t\t\t\t\t<\/div>\n\t\t\t\t<\/div>\n\t\t\t\t\t<\/div>\n\t\t<\/div>\n\t\t\t\t<div class=\"elementor-column elementor-col-50 elementor-top-column elementor-element elementor-element-169741bd elementor-hidden-tablet elementor-hidden-phone elementor-invisible\" data-id=\"169741bd\" data-element_type=\"column\" data-e-type=\"column\" data-settings='{\"animation\":\"slide-right\"}'>\n\t\t\t<div class=\"elementor-widget-wrap elementor-element-populated\">\n\t\t\t\t\t\t<div class=\"elementor-element elementor-element-47d0ea elementor-widget elementor-widget-image\" data-id=\"47d0ea\" data-element_type=\"widget\" data-e-type=\"widget\" data-widget_type=\"image.default\">\n\t\t\t\t<div class=\"elementor-widget-container\">\n\t\t\t\t\t\t\t\t\t\t\t\t\t\t\t<img fetchpriority=\"high\" decoding=\"async\" width=\"800\" height=\"537\" src=\"https:\/\/www.alt-edic.eu\/wp-content\/uploads\/2026\/01\/Project-page-images-3-e1768900277855.png\" class=\"attachment-full size-full wp-image-11112\" alt=\"\" srcset=\"https:\/\/www.alt-edic.eu\/wp-content\/uploads\/2026\/01\/Project-page-images-3-e1768900277855.png 800w, https:\/\/www.alt-edic.eu\/wp-content\/uploads\/2026\/01\/Project-page-images-3-e1768900277855-300x201.png 300w, https:\/\/www.alt-edic.eu\/wp-content\/uploads\/2026\/01\/Project-page-images-3-e1768900277855-768x516.png 768w, https:\/\/www.alt-edic.eu\/wp-content\/uploads\/2026\/01\/Project-page-images-3-e1768900277855-18x12.png 18w\" sizes=\"(max-width: 800px) 100vw, 800px\">\t\t\t\t\t\t\t\t\t\t\t\t\t\t\t<\/div>\n\t\t\t\t<\/div>\n\t\t\t\t\t<\/div>\n\t\t<\/div>\n\t\t\t\t\t<\/div>\n\t\t<\/section>\n\t\t<div class=\"elementor-element elementor-element-8ed64da e-flex e-con-boxed e-con e-parent\" data-id=\"8ed64da\" data-element_type=\"container\" data-e-type=\"container\">\n\t\t\t\t\t<div class=\"e-con-inner\">\n\t\t\t\t<div class=\"elementor-element elementor-element-41c7d55 elementor-widget__width-initial elementor-widget elementor-widget-text-editor\" data-id=\"41c7d55\" data-element_type=\"widget\" data-e-type=\"widget\" data-widget_type=\"text-editor.default\">\n\t\t\t\t<div class=\"elementor-widget-container\">\n\t\t\t\t\t\t\t\t\t<p>Projekt OpenEuroLLM uskla\u0111en je s imperativom pobolj\u0161anja konkurentnosti i digitalne suverenosti Europe. Projekt je izvrstan primjer vrste tehnolo\u0161ke infrastrukture potrebne za sni\u017eavanje pragova za razvoj i usavr\u0161avanje europskih proizvoda umjetne inteligencije, pokazuju\u0107i snagu transparentnosti, otvorenosti i uklju\u010denosti zajednice, vrijednosti koje su u velikoj mjeri prepoznate u europskom tehnolo\u0161kom ekosustavu. Modeli \u0107e se razvijati unutar \u010dvrstog europskog regulatornog okvira, \u010dime \u0107e se osigurati uskla\u0111enost s europskim vrijednostima uz istodobno odr\u017eavanje tehnolo\u0161ke izvrsnosti.<\/p><p>Sura\u0111uju\u0107i sa zajednicama otvorenog koda i otvorene znanosti poput LAION-a, open-sci-a i OpenML-a te dodatnim stru\u010dnjacima u tom podru\u010dju okupljenim u Odboru za otvoreno strate\u0161ko partnerstvo projekta, OpenEuroLLM \u0107e osigurati da modeli, softver, podaci i evaluacija budu potpuno otvoreni i da se mogu prilagoditi i podu\u010diti za specifi\u010dne potrebe industrije i javnog sektora. Ti vi\u0161ejezi\u010dni modeli \u010duvaju jezi\u010dnu i kulturnu raznolikost, \u0161to europskim poduze\u0107ima omogu\u0107uje razvoj visokokvalitetnih proizvoda i usluga u doba umjetne inteligencije.<\/p><p>Projekt, kojem je dodijeljen pe\u010dat Platforme za strate\u0161ke tehnologije za Europu (STEP), koristi potporu iz prethodnih europskih projekata i iskustva partnera i njihovih rezultata, uklju\u010duju\u0107i velike repozitorije visokokvalitetnih podataka i pilot-projekte LLM-a koji su prethodno razvijeni. Financira ga Europska komisija u okviru programa Digitalna Europa, a zapo\u010deo je 1. velja\u010de 2025. u trajanju od tri godine.<\/p><p>Dodatne informacije dostupne su <a href=\"https:\/\/www.mff.cuni.cz\/en\/public\/news\/charles-university-as-the-main-coordinator-of-the-openeurollm-project\"><span style=\"text-decoration: underline;\">ovdje<\/span><\/a>.<\/p>\t\t\t\t\t\t\t\t<\/div>\n\t\t\t\t<\/div>\n\t\t\t\t\t<\/div>\n\t\t\t\t<\/div>\n\t\t\t\t<\/div>","protected":false},"excerpt":{"rendered":"<p>OpenEuroLLM OpenEuroLLM (Open European Family of Large Language Models) projekt okuplja vode\u0107e europske tvrtke za umjetnu inteligenciju i istra\u017eiva\u010dke institucije za razvoj novih jezi\u010dnih modela otvorenog koda. Projekt OpenEuroLLM izgradit \u0107e obitelj visokou\u010dinkovitih, vi\u0161ejezi\u010dnih, velikih jezi\u010dnih temeljnih modela za komercijalne, industrijske i javne usluge. transparentni i uskla\u0111eni modeli otvorenog koda demokratizirat \u0107e pristup [\u2026]<\/p>","protected":false},"author":1,"featured_media":0,"parent":9229,"menu_order":0,"comment_status":"closed","ping_status":"closed","template":"","meta":{"footnotes":""},"class_list":["post-10575","page","type-page","status-publish","hentry"],"aioseo_notices":[],"_links":{"self":[{"href":"http:\/\/www.alt-edic.eu\/hr\/wp-json\/wp\/v2\/pages\/10575","targetHints":{"allow":["GET"]}}],"collection":[{"href":"http:\/\/www.alt-edic.eu\/hr\/wp-json\/wp\/v2\/pages"}],"about":[{"href":"http:\/\/www.alt-edic.eu\/hr\/wp-json\/wp\/v2\/types\/page"}],"author":[{"embeddable":true,"href":"http:\/\/www.alt-edic.eu\/hr\/wp-json\/wp\/v2\/users\/1"}],"replies":[{"embeddable":true,"href":"http:\/\/www.alt-edic.eu\/hr\/wp-json\/wp\/v2\/comments?post=10575"}],"version-history":[{"count":0,"href":"http:\/\/www.alt-edic.eu\/hr\/wp-json\/wp\/v2\/pages\/10575\/revisions"}],"up":[{"embeddable":true,"href":"http:\/\/www.alt-edic.eu\/hr\/wp-json\/wp\/v2\/pages\/9229"}],"wp:attachment":[{"href":"http:\/\/www.alt-edic.eu\/hr\/wp-json\/wp\/v2\/media?parent=10575"}],"curies":[{"name":"wp","href":"https:\/\/api.w.org\/{rel}","templated":true}]}}