{"id":8760,"date":"2024-08-19T14:45:10","date_gmt":"2024-08-19T14:45:10","guid":{"rendered":"https:\/\/alt-edic.eu\/?page_id=8760"},"modified":"2024-12-13T10:43:51","modified_gmt":"2024-12-13T09:43:51","slug":"what-is-an-edic","status":"publish","type":"page","link":"http:\/\/www.alt-edic.eu\/ga\/what-is-an-edic\/","title":{"rendered":"<p>Cad is EDIC ann<\/p>"},"content":{"rendered":"<div data-elementor-type=\"wp-page\" data-elementor-id=\"8760\" class=\"elementor elementor-8760\" data-elementor-post-type=\"page\">\n\t\t\t\t\t\t<section class=\"elementor-section elementor-top-section elementor-element elementor-element-6ce15b86 elementor-section-stretched elementor-section-boxed elementor-section-height-default elementor-section-height-default\" data-id=\"6ce15b86\" data-element_type=\"section\" data-e-type=\"section\" data-settings='{\"stretch_section\":\"section-stretched\",\"background_background\":\"gradient\"}'>\n\t\t\t\t\t\t<div class=\"elementor-container elementor-column-gap-extended\">\n\t\t\t\t\t<div class=\"elementor-column elementor-col-50 elementor-top-column elementor-element elementor-element-2b0ff17f\" data-id=\"2b0ff17f\" data-element_type=\"column\" data-e-type=\"column\">\n\t\t\t<div class=\"elementor-widget-wrap elementor-element-populated\">\n\t\t\t\t\t\t<div class=\"elementor-element elementor-element-7dfb564d elementor-widget elementor-widget-heading\" data-id=\"7dfb564d\" data-element_type=\"widget\" data-e-type=\"widget\" data-widget_type=\"heading.default\">\n\t\t\t\t<div class=\"elementor-widget-container\">\n\t\t\t\t\t<h1 class=\"elementor-heading-title elementor-size-default\">Cad is EDIC ann?<\/h1>\t\t\t\t<\/div>\n\t\t\t\t<\/div>\n\t\t\t\t<div class=\"elementor-element elementor-element-49ebb3c5 elementor-widget elementor-widget-text-editor\" data-id=\"49ebb3c5\" data-element_type=\"widget\" data-e-type=\"widget\" data-widget_type=\"text-editor.default\">\n\t\t\t\t<div class=\"elementor-widget-container\">\n\t\t\t\t\t\t\t\t\t<div class=\"elementor-element elementor-element-e277c6 elementor-widget__width-initial elementor-widget elementor-widget-text-editor\" data-id=\"e277c6\" data-element_type=\"widget\" data-widget_type=\"text-editor.default\"><div class=\"elementor-widget-container\"><p>Is cine\u00e1l strucht\u00fair dhl\u00edthi\u00fail \u00e9 Cuibhreannas don Bhonneagar Digiteach Eorpach (EDIC) a crutha\u00edodh faoi Chl\u00e1r Beartais 2030 don Deac\u00e1id Dhigiteach chun \u00e9 a chur ar a gcumas do Bhallst\u00e1it an Aontais acmhainn\u00ed a chomhthioms\u00fa ar bhealach \u00e9ifeacht\u00fail chun bonneagar digiteach comhph\u00e1irteach a chur chun feidhme.<\/p><\/div><\/div>\t\t\t\t\t\t\t\t<\/div>\n\t\t\t\t<\/div>\n\t\t\t\t\t<\/div>\n\t\t<\/div>\n\t\t\t\t<div class=\"elementor-column elementor-col-50 elementor-top-column elementor-element elementor-element-610ca725 elementor-hidden-tablet elementor-hidden-phone\" data-id=\"610ca725\" data-element_type=\"column\" data-e-type=\"column\">\n\t\t\t<div class=\"elementor-widget-wrap\">\n\t\t\t\t\t\t\t<\/div>\n\t\t<\/div>\n\t\t\t\t\t<\/div>\n\t\t<\/section>\n\t\t\t\t<section class=\"elementor-section elementor-top-section elementor-element elementor-element-1b631d26 elementor-section-stretched elementor-section-boxed elementor-section-height-default elementor-section-height-default\" data-id=\"1b631d26\" data-element_type=\"section\" data-e-type=\"section\" data-settings='{\"stretch_section\":\"section-stretched\"}'>\n\t\t\t\t\t\t<div class=\"elementor-container elementor-column-gap-extended\">\n\t\t\t\t\t<div class=\"elementor-column elementor-col-50 elementor-top-column elementor-element elementor-element-51bbcc16 elementor-invisible\" data-id=\"51bbcc16\" data-element_type=\"column\" data-e-type=\"column\" data-settings='{\"animation\":\"slide-left\",\"animation_delay\":200}'>\n\t\t\t<div class=\"elementor-widget-wrap elementor-element-populated\">\n\t\t\t\t\t\t<div class=\"elementor-element elementor-element-5669fbcf elementor-widget elementor-widget-text-editor\" data-id=\"5669fbcf\" data-element_type=\"widget\" data-e-type=\"widget\" data-widget_type=\"text-editor.default\">\n\t\t\t\t<div class=\"elementor-widget-container\">\n\t\t\t\t\t\t\t\t\t<p><span style=\"text-decoration: underline;\"><a href=\"https:\/\/digital-strategy.ec.europa.eu\/en\/policies\/edic\">Cuibhreannais don Bhonneagar Digiteach Eorpach (EDICanna)<\/a><\/span> tugadh isteach iad faoin <span style=\"text-decoration: underline;\"><a href=\"https:\/\/eur-lex.europa.eu\/eli\/dec\/2022\/2481\/oj\">Cinneadh (AE) 2022\/2481 \u00f3 Pharlaimint na hEorpa agus \u00f3n gComhairle an 14 Nollaig 2022<\/a><\/span> lena mbuna\u00edtear <span style=\"text-decoration: underline;\"><a href=\"https:\/\/digital-strategy.ec.europa.eu\/en\/library\/digital-decade-policy-programme-2030\">Cl\u00e1r Beartais 2030 don Deac\u00e1id Dhigiteach<\/a><\/span>.<\/p><p>Is \u00e9 pr\u00edomhchusp\u00f3ir EDICanna creat dl\u00edthi\u00fail a chur ar f\u00e1il chun infheist\u00edocht a dh\u00e9anamh i dtionscadail iln\u00e1isi\u00fanta nach f\u00e9idir le Ballst\u00e1it aonair iad a chur ar bun go h\u00e9ifeachtach, i bhfianaise a sc\u00e1la. D\u00e1 bhr\u00ed sin, \u00e9asca\u00edonn EDICanna comhord\u00fa cisti\u00fach\u00e1in, agus cumasa\u00edonn siad bun\u00fa tapa agus cur chun feidhme sol\u00fabtha tionscadal iln\u00e1isi\u00fanta chun dreasachta\u00ed a chruth\u00fa do na Ballst\u00e1it, agus caighde\u00e1in choiteanna agus idir-inoibritheacht \u00e1 n-\u00e1irithi\u00fa ag an am c\u00e9anna.<\/p><p>Ina theannta sin, rannchuid\u00edonn EDICanna leis an m\u00e9id seo a leanas:<\/p>\t\t\t\t\t\t\t\t<\/div>\n\t\t\t\t<\/div>\n\t\t\t\t<div class=\"elementor-element elementor-element-77c7f869 elementor-widget elementor-widget-text-editor\" data-id=\"77c7f869\" data-element_type=\"widget\" data-e-type=\"widget\" data-widget_type=\"text-editor.default\">\n\t\t\t\t<div class=\"elementor-widget-container\">\n\t\t\t\t\t\t\t\t\t<ul><li>barr feabhais teicneola\u00edochta, ceannaireacht, nu\u00e1la\u00edocht agus ioma\u00edochas na hEorpa i dteicneola\u00edochta\u00ed critici\u00fala a threisi\u00fa;<\/li><li>aghaidh a thabhairt ar sple\u00e1chais strait\u00e9iseacha an Aontais feadh na slabhra\u00ed sol\u00e1thair digiteacha agus iad a r\u00e9iteach;<\/li><li>infhaighteacht r\u00e9iteach digiteach s\u00e1bh\u00e1ilte a mh\u00e9ad\u00fa agus a n-\u00fas\u00e1id a chur chun cinn;<\/li><li>claochl\u00fa digiteach cuimsitheach agus inbhuanaithe an gheilleagair agus na socha\u00ed a spreagadh;<\/li><li>scileanna digiteacha do shaor\u00e1naigh a chur chun cinn, rannph\u00e1irt\u00edocht at\u00e1 cothrom \u00f3 thaobh inscne de a choth\u00fa san oideachas agus i ndeiseanna gairme.<\/li><\/ul>\t\t\t\t\t\t\t\t<\/div>\n\t\t\t\t<\/div>\n\t\t\t\t<div class=\"elementor-element elementor-element-ee8d3e2 elementor-widget elementor-widget-text-editor\" data-id=\"ee8d3e2\" data-element_type=\"widget\" data-e-type=\"widget\" data-widget_type=\"text-editor.default\">\n\t\t\t\t<div class=\"elementor-widget-container\">\n\t\t\t\t\t\t\t\t\t<p>T\u00e1 tuilleadh eolais faoi EDICanna ar f\u00e1il <a href=\"https:\/\/digital-strategy.ec.europa.eu\/en\/policies\/edic\">anseo<\/a>.<\/p><p>Is EDIC \u00e9 ALT-EDIC at\u00e1 tiomnaithe do theicneola\u00edochta\u00ed teanga. Cumasa\u00edonn s\u00e9 comhthioms\u00fa acmhainn\u00ed a theasta\u00edonn chun M\u00fanla\u00ed M\u00f3ra Teanga a fhorbairt ar bhealach n\u00edos \u00e9ifeachta\u00ed n\u00e1 mar a d\u2019fh\u00e9adfadh aon bhallst\u00e1t a dh\u00e9anamh ina aonar.<\/p>\t\t\t\t\t\t\t\t<\/div>\n\t\t\t\t<\/div>\n\t\t\t\t\t<\/div>\n\t\t<\/div>\n\t\t\t\t<div class=\"elementor-column elementor-col-50 elementor-top-column elementor-element elementor-element-df98f7c elementor-invisible\" data-id=\"df98f7c\" data-element_type=\"column\" data-e-type=\"column\" data-settings='{\"animation\":\"slide-left\",\"animation_delay\":200}'>\n\t\t\t<div class=\"elementor-widget-wrap elementor-element-populated\">\n\t\t\t\t\t\t<div class=\"elementor-element elementor-element-5ed9a92 elementor-widget elementor-widget-image\" data-id=\"5ed9a92\" data-element_type=\"widget\" data-e-type=\"widget\" data-widget_type=\"image.default\">\n\t\t\t\t<div class=\"elementor-widget-container\">\n\t\t\t\t\t\t\t\t\t\t\t\t\t\t\t<img fetchpriority=\"high\" decoding=\"async\" width=\"660\" height=\"371\" src=\"https:\/\/www.alt-edic.eu\/wp-content\/uploads\/2024\/10\/what-is-an-edic-1024x576.jpg\" class=\"attachment-large size-large wp-image-9172\" alt=\"Bratach na hEorpa agus Edic uirthi\" srcset=\"https:\/\/www.alt-edic.eu\/wp-content\/uploads\/2024\/10\/what-is-an-edic-1024x576.jpg 1024w, https:\/\/www.alt-edic.eu\/wp-content\/uploads\/2024\/10\/what-is-an-edic-300x169.jpg 300w, https:\/\/www.alt-edic.eu\/wp-content\/uploads\/2024\/10\/what-is-an-edic-768x432.jpg 768w, https:\/\/www.alt-edic.eu\/wp-content\/uploads\/2024\/10\/what-is-an-edic-1536x864.jpg 1536w, https:\/\/www.alt-edic.eu\/wp-content\/uploads\/2024\/10\/what-is-an-edic-18x10.jpg 18w, https:\/\/www.alt-edic.eu\/wp-content\/uploads\/2024\/10\/what-is-an-edic.jpg 1920w\" sizes=\"(max-width: 660px) 100vw, 660px\">\t\t\t\t\t\t\t\t\t\t\t\t\t\t\t<\/div>\n\t\t\t\t<\/div>\n\t\t\t\t\t<\/div>\n\t\t<\/div>\n\t\t\t\t\t<\/div>\n\t\t<\/section>\n\t\t\t\t<\/div>","protected":false},"excerpt":{"rendered":"<p>Cad is EDIC ann? Is cine\u00e1l strucht\u00fair dhl\u00edthi\u00fail \u00e9 Cuibhreannas don Bhonneagar Digiteach Eorpach (EDIC) a crutha\u00edodh faoi Chl\u00e1r Beartais 2030 don Deac\u00e1id Dhigiteach chun \u00e9 a chur ar a gcumas do Bhallst\u00e1it an Aontais acmhainn\u00ed a chomhthioms\u00fa ar bhealach \u00e9ifeacht\u00fail chun bonneagar digiteach comhph\u00e1irteach a chur chun feidhme. [1] Tugadh Cuibhreannais don Bhonneagar Digiteach Eorpach (EDICanna) isteach faoi Chinneadh (AE) 2022\/2481 \u00f3n [\u2026]<\/p>","protected":false},"author":1,"featured_media":0,"parent":0,"menu_order":0,"comment_status":"closed","ping_status":"closed","template":"","meta":{"footnotes":""},"class_list":["post-8760","page","type-page","status-publish","hentry"],"aioseo_notices":[],"_links":{"self":[{"href":"http:\/\/www.alt-edic.eu\/ga\/wp-json\/wp\/v2\/pages\/8760","targetHints":{"allow":["GET"]}}],"collection":[{"href":"http:\/\/www.alt-edic.eu\/ga\/wp-json\/wp\/v2\/pages"}],"about":[{"href":"http:\/\/www.alt-edic.eu\/ga\/wp-json\/wp\/v2\/types\/page"}],"author":[{"embeddable":true,"href":"http:\/\/www.alt-edic.eu\/ga\/wp-json\/wp\/v2\/users\/1"}],"replies":[{"embeddable":true,"href":"http:\/\/www.alt-edic.eu\/ga\/wp-json\/wp\/v2\/comments?post=8760"}],"version-history":[{"count":0,"href":"http:\/\/www.alt-edic.eu\/ga\/wp-json\/wp\/v2\/pages\/8760\/revisions"}],"wp:attachment":[{"href":"http:\/\/www.alt-edic.eu\/ga\/wp-json\/wp\/v2\/media?parent=8760"}],"curies":[{"name":"wp","href":"https:\/\/api.w.org\/{rel}","templated":true}]}}