{"id":10975,"date":"2025-11-03T18:02:10","date_gmt":"2025-11-03T17:02:10","guid":{"rendered":"https:\/\/www.alt-edic.eu\/?page_id=10975"},"modified":"2026-01-20T10:02:09","modified_gmt":"2026-01-20T09:02:09","slug":"llm-bridge","status":"publish","type":"page","link":"http:\/\/www.alt-edic.eu\/ga\/projects\/llm-bridge\/","title":{"rendered":"<p>LLM-BRIDGE<\/p>"},"content":{"rendered":"<div data-elementor-type=\"wp-page\" data-elementor-id=\"10975\" class=\"elementor elementor-10975\" data-elementor-post-type=\"page\">\n\t\t\t\t\t\t<section class=\"elementor-section elementor-top-section elementor-element elementor-element-1577bd88 elementor-section-stretched elementor-section-boxed elementor-section-height-default elementor-section-height-default\" data-id=\"1577bd88\" data-element_type=\"section\" data-e-type=\"section\" data-settings='{\"stretch_section\":\"section-stretched\",\"background_background\":\"gradient\"}'>\n\t\t\t\t\t\t<div class=\"elementor-container elementor-column-gap-extended\">\n\t\t\t\t\t<div class=\"elementor-column elementor-col-50 elementor-top-column elementor-element elementor-element-70dc39ba\" data-id=\"70dc39ba\" data-element_type=\"column\" data-e-type=\"column\">\n\t\t\t<div class=\"elementor-widget-wrap elementor-element-populated\">\n\t\t\t\t\t\t<div class=\"elementor-element elementor-element-51cabebb elementor-widget elementor-widget-heading\" data-id=\"51cabebb\" data-element_type=\"widget\" data-e-type=\"widget\" data-widget_type=\"heading.default\">\n\t\t\t\t<div class=\"elementor-widget-container\">\n\t\t\t\t\t<h1 class=\"elementor-heading-title elementor-size-default\">LLM-BRIDGE<\/h1>\t\t\t\t<\/div>\n\t\t\t\t<\/div>\n\t\t\t\t<div class=\"elementor-element elementor-element-1f4ee8af elementor-widget elementor-widget-text-editor\" data-id=\"1f4ee8af\" data-element_type=\"widget\" data-e-type=\"widget\" data-widget_type=\"text-editor.default\">\n\t\t\t\t<div class=\"elementor-widget-container\">\n\t\t\t\t\t\t\t\t\t<p><strong style=\"background-color: transparent; color: #ffffff;\">An tionscadal dar teideal LLM Booster for Regional Innovation and Digital Growth in Europe [Borradh LLM don Nu\u00e1la\u00edocht R\u00e9igi\u00fanach agus don Fh\u00e1s Digiteach san Eoraip]&nbsp;<\/strong><strong style=\"background-color: transparent; color: #ffffff;\">&nbsp;(LLM-BRIDGE)&nbsp;<\/strong><strong style=\"background-color: transparent; color: #ffffff;\">taca\u00edonn s\u00ed le gn\u00f3lachta\u00ed nuathionscanta agus gn\u00f3lachta\u00ed at\u00e1 i mbun f\u00e1is i r\u00e9imse na Samhlacha M\u00f3ra Teanga (LLManna) at\u00e1 ag f\u00e1s go tapa.<\/strong><\/p>\t\t\t\t\t\t\t\t<\/div>\n\t\t\t\t<\/div>\n\t\t\t\t\t<\/div>\n\t\t<\/div>\n\t\t\t\t<div class=\"elementor-column elementor-col-50 elementor-top-column elementor-element elementor-element-286565d9 elementor-hidden-tablet elementor-hidden-phone\" data-id=\"286565d9\" data-element_type=\"column\" data-e-type=\"column\">\n\t\t\t<div class=\"elementor-widget-wrap\">\n\t\t\t\t\t\t\t<\/div>\n\t\t<\/div>\n\t\t\t\t\t<\/div>\n\t\t<\/section>\n\t\t\t\t<section class=\"elementor-section elementor-top-section elementor-element elementor-element-2a82150a elementor-section-stretched elementor-section-boxed elementor-section-height-default elementor-section-height-default\" data-id=\"2a82150a\" data-element_type=\"section\" data-e-type=\"section\" data-settings='{\"stretch_section\":\"section-stretched\"}'>\n\t\t\t\t\t\t<div class=\"elementor-container elementor-column-gap-extended\">\n\t\t\t\t\t<div class=\"elementor-column elementor-col-50 elementor-top-column elementor-element elementor-element-4dc940b2 elementor-invisible\" data-id=\"4dc940b2\" data-element_type=\"column\" data-e-type=\"column\" data-settings='{\"animation\":\"slide-left\",\"animation_delay\":200}'>\n\t\t\t<div class=\"elementor-widget-wrap elementor-element-populated\">\n\t\t\t\t\t\t<div class=\"elementor-element elementor-element-2fa08fbe elementor-widget__width-initial elementor-widget elementor-widget-text-editor\" data-id=\"2fa08fbe\" data-element_type=\"widget\" data-e-type=\"widget\" data-widget_type=\"text-editor.default\">\n\t\t\t\t<div class=\"elementor-widget-container\">\n\t\t\t\t\t\t\t\t\t<p>T\u00e1 an&nbsp;<span style=\"text-decoration: underline;\"><a href=\"https:\/\/www.llm-bridge.eu\/\">Tionscadal LLM-BRIDGE<\/a><\/span> is \u00e9 is aidhm d\u00f3 \u00e9iceach\u00f3rais n\u00e1isi\u00fanta GenAI a neart\u00fa tr\u00edd an taca\u00edocht is g\u00e1 a thabhairt do ghn\u00f3lachta\u00ed nuathionscanta, do ghn\u00f3lachta\u00ed at\u00e1 i mbun f\u00e1is, do ghorlanna agus d\u2019infheisteoir\u00ed chun t\u00e1irg\u00ed at\u00e1 faoi thionchar LLM a th\u00f3g\u00e1il agus a chur in \u00fas\u00e1id.<\/p><p>Leis an tionscadal, tugtar le ch\u00e9ile cuibhreannas comhph\u00e1irtithe \u00f3 dheich dt\u00edr Eorpacha, arna chomhord\u00fa ag ALT-EDIC. Treis\u00edtear scileanna na gcomhph\u00e1irtithe maidir le tac\u00fa le gn\u00f3lachta\u00ed nuathionscanta agus nu\u00e1la\u00edocht tr\u00edna saineolas teicni\u00fail in GenAI agus LLManna. Cuideoidh na cumais sin le gn\u00f3lachta\u00ed nuathionscanta agus le gn\u00f3lachta\u00ed at\u00e1 i mbun f\u00e1is LLManna a chomhth\u00e1th\u00fa go freagrach agus ar sc\u00e1la. Le ch\u00e9ile, cuirfidh an cuibhreannas tr\u00ed chl\u00e1r taca\u00edochta thiomnaithe ar f\u00e1il a bheidh d\u00edrithe ar LLManna:<\/p><p dir=\"ltr\" style=\"margin-top: 0pt; margin-bottom: 0pt; line-height: 1.38;\">&nbsp;<\/p>\t\t\t\t\t\t\t\t<\/div>\n\t\t\t\t<\/div>\n\t\t\t\t\t<\/div>\n\t\t<\/div>\n\t\t\t\t<div class=\"elementor-column elementor-col-50 elementor-top-column elementor-element elementor-element-169741bd elementor-hidden-tablet elementor-hidden-phone elementor-invisible\" data-id=\"169741bd\" data-element_type=\"column\" data-e-type=\"column\" data-settings='{\"animation\":\"slide-right\"}'>\n\t\t\t<div class=\"elementor-widget-wrap elementor-element-populated\">\n\t\t\t\t\t\t<div class=\"elementor-element elementor-element-47d0ea elementor-widget__width-initial elementor-widget elementor-widget-image\" data-id=\"47d0ea\" data-element_type=\"widget\" data-e-type=\"widget\" data-widget_type=\"image.default\">\n\t\t\t\t<div class=\"elementor-widget-container\">\n\t\t\t\t\t\t\t\t\t\t\t\t\t\t\t<img fetchpriority=\"high\" decoding=\"async\" width=\"800\" height=\"520\" src=\"https:\/\/www.alt-edic.eu\/wp-content\/uploads\/2026\/01\/Project-page-images-2-e1768899698813.png\" class=\"attachment-full size-full wp-image-11100\" alt=\"Eolas faoin tionscadal LLM-BRIDGE\" srcset=\"https:\/\/www.alt-edic.eu\/wp-content\/uploads\/2026\/01\/Project-page-images-2-e1768899698813.png 800w, https:\/\/www.alt-edic.eu\/wp-content\/uploads\/2026\/01\/Project-page-images-2-e1768899698813-300x195.png 300w, https:\/\/www.alt-edic.eu\/wp-content\/uploads\/2026\/01\/Project-page-images-2-e1768899698813-768x499.png 768w, https:\/\/www.alt-edic.eu\/wp-content\/uploads\/2026\/01\/Project-page-images-2-e1768899698813-18x12.png 18w\" sizes=\"(max-width: 800px) 100vw, 800px\">\t\t\t\t\t\t\t\t\t\t\t\t\t\t\t<\/div>\n\t\t\t\t<\/div>\n\t\t\t\t\t<\/div>\n\t\t<\/div>\n\t\t\t\t\t<\/div>\n\t\t<\/section>\n\t\t<div class=\"elementor-element elementor-element-8ed64da e-flex e-con-boxed e-con e-parent\" data-id=\"8ed64da\" data-element_type=\"container\" data-e-type=\"container\">\n\t\t\t\t\t<div class=\"e-con-inner\">\n\t\t\t\t<div class=\"elementor-element elementor-element-41c7d55 elementor-widget__width-initial elementor-widget elementor-widget-text-editor\" data-id=\"41c7d55\" data-element_type=\"widget\" data-e-type=\"widget\" data-widget_type=\"text-editor.default\">\n\t\t\t\t<div class=\"elementor-widget-container\">\n\t\t\t\t\t\t\t\t\t<p dir=\"ltr\" style=\"margin-top: 0pt; margin-bottom: 0pt; line-height: 1.38;\"><strong style=\"color: #202124; font-family: Lato, Arial, sans-serif; font-size: 26px;\">Tr\u00ed chl\u00e1r le haghaidh tionchair<\/strong><\/p><p dir=\"ltr\" style=\"margin-top: 0pt; margin-bottom: 0pt; line-height: 1.38;\"><strong style=\"color: #202124; font-family: Lato, Arial, sans-serif; font-size: 26px;\">&nbsp;<\/strong><\/p><p dir=\"ltr\" style=\"margin-top: 0pt; margin-bottom: 0pt; line-height: 1.38;\"><strong style=\"color: #202124; font-family: Lato, Arial, sans-serif; font-size: 19px;\">Cl\u00e1r Oideachais Fiontra\u00edochta<\/strong><\/p><p>Cl\u00e1r oideachais strucht\u00fartha le haghaidh gn\u00f3lachta\u00ed nuathionscanta r\u00e9amhsh\u00edolta agus s\u00edolta. Gheobhaidh na rannph\u00e1irtithe ceardlanna agus meant\u00f3ireacht duine le duine ar \u00e1bhair \u00e9ags\u00fala amhail bainist\u00edocht fiontar, an timpeallacht theicneola\u00edoch agus rial\u00e1la, rochtain ar mhaoini\u00fa, agus strait\u00e9is\u00ed forbartha.<\/p><h4 style=\"font-family: Lato, Arial, sans-serif;\"><strong>Cl\u00e1r Gorlainne Fiontair<\/strong><\/h4><p>Seirbh\u00eds\u00ed goir at\u00e1 deartha chun bail\u00edocht\u00fa t\u00e1irg\u00ed agus custaim\u00e9ir\u00ed a luath\u00fa. I gc\u00e1s inar f\u00e9idir, gheobhaidh gn\u00f3lachta\u00ed nuathionscanta rochtain ar acmhainn\u00ed teicni\u00fala saincheaptha amhail tacair sonra\u00ed agus r\u00edomhaireacht, treora\u00edocht maidir le comhl\u00edonadh rial\u00e1la, agus taca\u00edocht chun custaim\u00e9ir\u00ed a fh\u00e1il. Leithdh\u00e1ilfear n\u00edos m\u00f3 n\u00e1 leathmhilli\u00fan euro ar ghorlanna agus ar ghn\u00f3lachta\u00ed nuathionscanta roghnaithe.<\/p><h4 style=\"font-family: Lato, Arial, sans-serif;\"><strong>Cl\u00e1r Luasgh\u00e9araithe<\/strong><\/h4><p>Cl\u00e1r luasgh\u00e9araithe do ghn\u00f3lachta\u00ed nuathionscanta at\u00e1 d\u00edrithe ar mhaoini\u00fa Shraith A. Cuirfidh an cl\u00e1r taca\u00edocht shaincheaptha ar f\u00e1il maidir le hullmhacht infheist\u00edochta, sc\u00e1l\u00fa agus comhl\u00edonadh rial\u00e1la. Is \u00e9 an toradh a bheidh ar an gcl\u00e1r meaitse\u00e1il spriocdh\u00edrithe idir infheisteoir\u00ed agus infheisteoir\u00ed.<\/p><p>T\u00e1 LLM-BRIDGE maoinithe ag an Aontas Eorpach faoin gCl\u00e1r don Eoraip Dhigiteach agus cuireadh t\u00fas leis an 1 Me\u00e1n F\u00f3mhair 2025, ar feadh tr\u00e9imhse 3 bliana. Beidh tuilleadh eolais faoi sheoladh na gcl\u00e1r ar f\u00e1il in 2026.<\/p><p>&nbsp;<\/p><p>Le haghaidh tuilleadh eolais a fh\u00e1il ar an tionscadal LLM-BRIDGE, tabhair cuairt ar an <span style=\"text-decoration: underline;\"><a href=\"https:\/\/www.llm-bridge.eu\/\">su\u00edomh gr\u00e9as\u00e1in an tionscadail<\/a><\/span>.<\/p>\t\t\t\t\t\t\t\t<\/div>\n\t\t\t\t<\/div>\n\t\t\t\t\t<\/div>\n\t\t\t\t<\/div>\n\t\t\t\t<\/div>","protected":false},"excerpt":{"rendered":"<p>LLM-BRIDGE Taca\u00edonn an tionscadal Treiseoir LLM um Nu\u00e1la\u00edocht R\u00e9igi\u00fanach agus F\u00e1s Digiteach san Eoraip (LLM-BRIDGE) le gn\u00f3lachta\u00ed nuathionscanta agus gn\u00f3lachta\u00ed at\u00e1 i mbun f\u00e1is i r\u00e9imse na Samhlacha M\u00f3ra Teanga (LLManna) at\u00e1 ag f\u00e1s go tapa. Is \u00e9 is aidhm don tionscadal LLM-BRIDGE \u00e9iceach\u00f3rais n\u00e1isi\u00fanta GenAI a neart\u00fa tr\u00ed ghn\u00f3lachta\u00ed nuathionscanta, gn\u00f3lachta\u00ed at\u00e1 ag m\u00e9ad\u00fa, gorlanna agus infheisteoir\u00ed a fheisti\u00fa leis an taca\u00edocht is g\u00e1 chun t\u00e1irg\u00ed at\u00e1 faoi thionchar LLM a th\u00f3g\u00e1il agus a chur in \u00fas\u00e1id. * Tugann an tionscadal [\u2026] le ch\u00e9ile<\/p>","protected":false},"author":37,"featured_media":0,"parent":9229,"menu_order":0,"comment_status":"closed","ping_status":"closed","template":"","meta":{"footnotes":""},"class_list":["post-10975","page","type-page","status-publish","hentry"],"aioseo_notices":[],"_links":{"self":[{"href":"http:\/\/www.alt-edic.eu\/ga\/wp-json\/wp\/v2\/pages\/10975","targetHints":{"allow":["GET"]}}],"collection":[{"href":"http:\/\/www.alt-edic.eu\/ga\/wp-json\/wp\/v2\/pages"}],"about":[{"href":"http:\/\/www.alt-edic.eu\/ga\/wp-json\/wp\/v2\/types\/page"}],"author":[{"embeddable":true,"href":"http:\/\/www.alt-edic.eu\/ga\/wp-json\/wp\/v2\/users\/37"}],"replies":[{"embeddable":true,"href":"http:\/\/www.alt-edic.eu\/ga\/wp-json\/wp\/v2\/comments?post=10975"}],"version-history":[{"count":0,"href":"http:\/\/www.alt-edic.eu\/ga\/wp-json\/wp\/v2\/pages\/10975\/revisions"}],"up":[{"embeddable":true,"href":"http:\/\/www.alt-edic.eu\/ga\/wp-json\/wp\/v2\/pages\/9229"}],"wp:attachment":[{"href":"http:\/\/www.alt-edic.eu\/ga\/wp-json\/wp\/v2\/media?parent=10975"}],"curies":[{"name":"wp","href":"https:\/\/api.w.org\/{rel}","templated":true}]}}