{"id":8959,"date":"2024-10-03T19:52:24","date_gmt":"2024-10-03T19:52:24","guid":{"rendered":"https:\/\/alt-edic.eu\/?page_id=8959"},"modified":"2024-10-30T14:34:14","modified_gmt":"2024-10-30T14:34:14","slug":"legal-notices","status":"publish","type":"page","link":"http:\/\/www.alt-edic.eu\/fr\/legal-notices\/","title":{"rendered":"<p>Mentions l\u00e9gales<\/p>"},"content":{"rendered":"<h2 class=\"wp-block-heading\"><br>1- \u00c9diteur<p class=\"translation-block\">Le site internet <a href=\"http:\/\/www.alt-edic.eu\/fr\/\" target=\"_self\">https:\/\/alt-edic.eu\/<\/a> est \u00e9dit\u00e9 par l'Alliance pour les technologies des langues (ALT-EDIC), un consortium europ\u00e9en d'infrastructures num\u00e9riques cr\u00e9\u00e9 par la d\u00e9cision (UE) 2024\/458 de la Commission europ\u00e9enne et enregistr\u00e9 en France en tant qu'association (loi 1901), immatricul\u00e9e sous le num\u00e9ro W024005363 et le num\u00e9ro SIRET 929 059 178 00012.<\/p><p>Le si\u00e8ge de l'Alliance pour les Technologies du Langage est situ\u00e9 1 place Aristide Briand, 02600 Villers-Cotter\u00eats (France).<br><\/p><h2 class=\"wp-block-heading\">2- Directeur de publication<\/h2><p>Le directeur de la publication est M. Thibault GROUAS, pr\u00e9sident d'ALT-EDIC.<\/p><h2 class=\"wp-block-heading\">3- H\u00e9bergement<\/h2><p>Le site internet <a href=\"http:\/\/www.alt-edic.eu\/fr\/\">https:\/\/alt-edic.eu\/<\/a> est h\u00e9berg\u00e9 par OVH, 2, rue Kellermann, 59100 Roubaix.<br><\/p><h2 class=\"wp-block-heading\">4- D\u00e9veloppement du site ALT-EDIC<\/h2><p>Le site internet <a href=\"http:\/\/www.alt-edic.eu\/fr\/%20\/\">https:\/\/alt-edic.eu\/ <\/a>a \u00e9t\u00e9 d\u00e9velopp\u00e9 par Benjamin Vedel.<\/p><h2 class=\"wp-block-heading\">5- Informations sur les donn\u00e9es personnelles collect\u00e9es sur le site.<\/h2><p>Les donn\u00e9es collect\u00e9es sur le site web de Language Technology Alliance ne peuvent provenir que de l\u2019enregistrement volontaire par les utilisateurs d\u2019une adresse \u00e9lectronique et\/ou de donn\u00e9es \u00e0 caract\u00e8re personnel leur permettant de contacter l\u2019\u00e9quipe de Language Technology Alliance \u00e0 partir de la page de contact, \u00e0 l\u2019exception des adresses IP des visiteurs, qui sont automatiquement enregistr\u00e9es par les syst\u00e8mes de notre outil d\u2019analyse du trafic Matomo.<\/p><p>Les adresses IP des utilisateurs et leurs diff\u00e9rentes connexions au site web de la Language Technology Alliance sont collect\u00e9es afin de permettre un suivi statistique de l\u2019audience de notre site web \u00e0 l\u2019aide de l\u2019outil Matomo (version open source disponible \u00e0 l\u2019adresse suivante: <a href=\"https:\/\/fr.matomo.org\/\">https:\/\/fr.matomo.org\/<\/a>).<\/p><p>Le responsable du traitement de toutes les donn\u00e9es personnelles sur le site internet de l'ALT-EDIC est son pr\u00e9sident.<\/p><p><\/p><\/h2>","protected":false},"excerpt":{"rendered":"<p>1- Editeur Le site https:\/\/alt-edic.eu\/ est \u00e9dit\u00e9 par l'Alliance for Language Technologies (ALT-EDIC), un Consortium europ\u00e9en pour une infrastructure num\u00e9rique cr\u00e9\u00e9 par la d\u00e9cision (UE) 2024\/458 de la Commission europ\u00e9enne et enregistr\u00e9 en France en tant qu'association (loi 1901), enregistr\u00e9 sous le num\u00e9ro W024005363 et le num\u00e9ro SIRET 929 059 178 00012. Le si\u00e8ge de l'Alliance pour la langue [...]<\/p>","protected":false},"author":1,"featured_media":0,"parent":0,"menu_order":0,"comment_status":"closed","ping_status":"closed","template":"","meta":{"footnotes":""},"class_list":["post-8959","page","type-page","status-publish","hentry"],"aioseo_notices":[],"_links":{"self":[{"href":"http:\/\/www.alt-edic.eu\/fr\/wp-json\/wp\/v2\/pages\/8959","targetHints":{"allow":["GET"]}}],"collection":[{"href":"http:\/\/www.alt-edic.eu\/fr\/wp-json\/wp\/v2\/pages"}],"about":[{"href":"http:\/\/www.alt-edic.eu\/fr\/wp-json\/wp\/v2\/types\/page"}],"author":[{"embeddable":true,"href":"http:\/\/www.alt-edic.eu\/fr\/wp-json\/wp\/v2\/users\/1"}],"replies":[{"embeddable":true,"href":"http:\/\/www.alt-edic.eu\/fr\/wp-json\/wp\/v2\/comments?post=8959"}],"version-history":[{"count":0,"href":"http:\/\/www.alt-edic.eu\/fr\/wp-json\/wp\/v2\/pages\/8959\/revisions"}],"wp:attachment":[{"href":"http:\/\/www.alt-edic.eu\/fr\/wp-json\/wp\/v2\/media?parent=8959"}],"curies":[{"name":"wp","href":"https:\/\/api.w.org\/{rel}","templated":true}]}}