{"id":8735,"date":"2024-08-19T13:30:19","date_gmt":"2024-08-19T13:30:19","guid":{"rendered":"https:\/\/alt-edic.eu\/?page_id=8735"},"modified":"2026-04-10T17:00:24","modified_gmt":"2026-04-10T16:00:24","slug":"about-us","status":"publish","type":"page","link":"http:\/\/www.alt-edic.eu\/fr\/about-us\/","title":{"rendered":"<p>\u00c0 propos de nous<\/p>"},"content":{"rendered":"<div data-elementor-type=\"wp-page\" data-elementor-id=\"8735\" class=\"elementor elementor-8735\" data-elementor-post-type=\"page\">\n\t\t\t\t\t\t<section class=\"elementor-section elementor-top-section elementor-element elementor-element-2c377f48 elementor-section-stretched elementor-section-boxed elementor-section-height-default elementor-section-height-default\" data-id=\"2c377f48\" data-element_type=\"section\" data-e-type=\"section\" data-settings='{\"stretch_section\":\"section-stretched\",\"background_background\":\"gradient\"}'>\n\t\t\t\t\t\t<div class=\"elementor-container elementor-column-gap-extended\">\n\t\t\t\t\t<div class=\"elementor-column elementor-col-50 elementor-top-column elementor-element elementor-element-bf7721c\" data-id=\"bf7721c\" data-element_type=\"column\" data-e-type=\"column\">\n\t\t\t<div class=\"elementor-widget-wrap elementor-element-populated\">\n\t\t\t\t\t\t<div class=\"elementor-element elementor-element-d07f81e elementor-widget elementor-widget-heading\" data-id=\"d07f81e\" data-element_type=\"widget\" data-e-type=\"widget\" data-widget_type=\"heading.default\">\n\t\t\t\t<div class=\"elementor-widget-container\">\n\t\t\t\t\t<h1 class=\"elementor-heading-title elementor-size-default\">\u00c0 propos de l'ALT-EDIC<\/h1>\t\t\t\t<\/div>\n\t\t\t\t<\/div>\n\t\t\t\t<div class=\"elementor-element elementor-element-24e9f9f3 elementor-widget elementor-widget-text-editor\" data-id=\"24e9f9f3\" data-element_type=\"widget\" data-e-type=\"widget\" data-widget_type=\"text-editor.default\">\n\t\t\t\t<div class=\"elementor-widget-container\">\n\t\t\t\t\t\t\t\t\t<p>L'Alliance pour les technologies langagi\u00e8res (ALT-EDIC) est une <strong><span style=\"text-decoration: underline; color: #ffffff;\"><a style=\"color: #ffffff; text-decoration: underline;\" href=\"https:\/\/digital-strategy.ec.europa.eu\/en\/policies\/edic\">Consortium pour une infrastructure num\u00e9rique europ\u00e9enne<\/a><\/span><\/strong> soutenir le d\u00e9veloppement des technologies langagi\u00e8res. Il promeut l'excellence dans les technologies linguistiques et contribue \u00e0 la pr\u00e9servation de la diversit\u00e9 linguistique et de la richesse culturelle de l'Europe.<\/p><p>Il a \u00e9t\u00e9 propos\u00e9 par 10 \u00c9tats membres en d\u00e9cembre 2023 et officiellement cr\u00e9\u00e9 par un<strong> <span style=\"text-decoration: underline;\"><span style=\"color: #ffffff;\"><a style=\"color: #ffffff; text-decoration: underline;\" href=\"https:\/\/eur-lex.europa.eu\/eli\/dec_impl\/2024\/458\/oj\">D\u00e9cision de la Commission<\/a><\/span><\/span> <\/strong>en f\u00e9vrier 2024. Il rassemble actuellement 27 membres et observateurs. Il est coordonn\u00e9 par la France et son si\u00e8ge statutaire est situ\u00e9 dans le site historique de la <em>Ch\u00e2teau de Villers-Cotter\u00eats<\/em>.<\/p><p>Une pr\u00e9sentation donnant un aper\u00e7u de l'ALT-EDIC peut \u00eatre t\u00e9l\u00e9charg\u00e9e&nbsp;<u><b><a href=\"https:\/\/www.alt-edic.eu\/wp-content\/uploads\/2026\/03\/ALT-EDIC_presentation_20260307.pdf\">ici<\/a><\/b><\/u><b>.<\/b>&nbsp;<\/p>\t\t\t\t\t\t\t\t<\/div>\n\t\t\t\t<\/div>\n\t\t\t\t\t<\/div>\n\t\t<\/div>\n\t\t\t\t<div class=\"elementor-column elementor-col-50 elementor-top-column elementor-element elementor-element-17328b68 elementor-hidden-tablet elementor-hidden-phone\" data-id=\"17328b68\" data-element_type=\"column\" data-e-type=\"column\">\n\t\t\t<div class=\"elementor-widget-wrap\">\n\t\t\t\t\t\t\t<\/div>\n\t\t<\/div>\n\t\t\t\t\t<\/div>\n\t\t<\/section>\n\t\t\t\t<section class=\"elementor-section elementor-top-section elementor-element elementor-element-5084f662 elementor-section-stretched elementor-section-boxed elementor-section-height-default elementor-section-height-default\" data-id=\"5084f662\" data-element_type=\"section\" data-e-type=\"section\" data-settings='{\"stretch_section\":\"section-stretched\"}'>\n\t\t\t\t\t\t<div class=\"elementor-container elementor-column-gap-extended\">\n\t\t\t\t\t<div class=\"elementor-column elementor-col-50 elementor-top-column elementor-element elementor-element-21db52d3 elementor-hidden-tablet elementor-hidden-phone elementor-invisible\" data-id=\"21db52d3\" data-element_type=\"column\" data-e-type=\"column\" data-settings='{\"animation\":\"slide-right\"}'>\n\t\t\t<div class=\"elementor-widget-wrap elementor-element-populated\">\n\t\t\t\t\t\t<div class=\"elementor-element elementor-element-4ef5943 elementor-widget elementor-widget-html\" data-id=\"4ef5943\" data-element_type=\"widget\" data-e-type=\"widget\" data-widget_type=\"html.default\">\n\t\t\t\t<div class=\"elementor-widget-container\">\n\t\t\t\t\t<object data=\"https:\/\/www.alt-edic.eu\/wp-content\/uploads\/2026\/04\/ALT-EDIC-Flyer-v1-A4.pdf\" type=\"application\/pdf\" width=\"720px\" height=\"680px\"> <\/object>\t\t\t\t<\/div>\n\t\t\t\t<\/div>\n\t\t\t\t\t<\/div>\n\t\t<\/div>\n\t\t\t\t<div class=\"elementor-column elementor-col-50 elementor-top-column elementor-element elementor-element-5f3d7e93 elementor-invisible\" data-id=\"5f3d7e93\" data-element_type=\"column\" data-e-type=\"column\" data-settings='{\"animation\":\"slide-left\",\"animation_delay\":200}'>\n\t\t\t<div class=\"elementor-widget-wrap elementor-element-populated\">\n\t\t\t\t\t\t<div class=\"elementor-element elementor-element-6f5ba8cd elementor-widget elementor-widget-heading\" data-id=\"6f5ba8cd\" data-element_type=\"widget\" data-e-type=\"widget\" data-widget_type=\"heading.default\">\n\t\t\t\t<div class=\"elementor-widget-container\">\n\t\t\t\t\t<h2 class=\"elementor-heading-title elementor-size-default\">L'ALT-EDIC soutient le d\u00e9veloppement des technologies des langues<\/h2>\t\t\t\t<\/div>\n\t\t\t\t<\/div>\n\t\t\t\t<div class=\"elementor-element elementor-element-525183b7 elementor-widget elementor-widget-text-editor\" data-id=\"525183b7\" data-element_type=\"widget\" data-e-type=\"widget\" data-widget_type=\"text-editor.default\">\n\t\t\t\t<div class=\"elementor-widget-container\">\n\t\t\t\t\t\t\t\t\t<p>L'Alliance pour les technologies des langues s'attaque au manque de donn\u00e9es linguistiques europ\u00e9ennes disponibles pour la formation de grands mod\u00e8les linguistiques (LLM) et \u00e0 l'\u00e9valuation de ces mod\u00e8les.<\/p><p>Cela permettra d\u2019am\u00e9liorer les solutions d\u2019intelligence artificielle (IA) capables de comprendre et de g\u00e9n\u00e9rer des langues en tenant compte de la diversit\u00e9 linguistique et de la richesse culturelle de l\u2019Europe.<\/p>\t\t\t\t\t\t\t\t<\/div>\n\t\t\t\t<\/div>\n\t\t\t\t\t<\/div>\n\t\t<\/div>\n\t\t\t\t\t<\/div>\n\t\t<\/section>\n\t\t\t\t<section class=\"elementor-section elementor-top-section elementor-element elementor-element-245ad23 elementor-section-stretched elementor-section-boxed elementor-section-height-default elementor-section-height-default elementor-invisible\" data-id=\"245ad23\" data-element_type=\"section\" data-e-type=\"section\" data-settings='{\"stretch_section\":\"section-stretched\",\"animation\":\"slide-up\"}'>\n\t\t\t\t\t\t<div class=\"elementor-container elementor-column-gap-extended\">\n\t\t\t\t\t<div class=\"elementor-column elementor-col-100 elementor-top-column elementor-element elementor-element-6381d6cd\" data-id=\"6381d6cd\" data-element_type=\"column\" data-e-type=\"column\">\n\t\t\t<div class=\"elementor-widget-wrap elementor-element-populated\">\n\t\t\t\t\t\t<div class=\"elementor-element elementor-element-6107c70 elementor-widget elementor-widget-heading\" data-id=\"6107c70\" data-element_type=\"widget\" data-e-type=\"widget\" data-widget_type=\"heading.default\">\n\t\t\t\t<div class=\"elementor-widget-container\">\n\t\t\t\t\t<h2 class=\"elementor-heading-title elementor-size-default\">La mission de l'ALT-EDIC se concentre sur les cinq actions suivantes:<\/h2>\t\t\t\t<\/div>\n\t\t\t\t<\/div>\n\t\t\t\t<div class=\"elementor-element elementor-element-6b8ccd5c elementor-widget elementor-widget-apus_element_features_box\" data-id=\"6b8ccd5c\" data-element_type=\"widget\" data-e-type=\"widget\" data-widget_type=\"apus_element_features_box.default\">\n\t\t\t\t<div class=\"elementor-widget-container\">\n\t\t\t\t\t            <div class=\"widget-features-box  style2\">\n                                    <div class=\"slick-carousel\" data-items=\"3\" data-smallmedium=\"2\" data-extrasmall=\"1\" data-pagination=\"false\" data-nav=\"true\">\n                                                    <div class=\"item\">\n                                <div class=\"item-inner\">\n                                    <div class=\"top-inner\">\n                                                                                <div class=\"features-box-image icon\"><i class=\"fa fa-database\"><\/i><\/div><\/div><div class=\"features-box-content\"><h3 class=\"title\">Action 1 - Donn\u00e9es<\/h3><div class=\"description\">ALT-EDIC tirera parti de l\u2019espace des donn\u00e9es linguistiques et f\u00e9d\u00e9rera les ressources linguistiques et multimodales existantes de l\u2019UE et des \u00c9tats membres dans toutes les langues europ\u00e9ennes, nationales et r\u00e9gionales, y compris par la cr\u00e9ation de donn\u00e9es strat\u00e9giques, par exemple pour les langues comptant peu de locuteurs (moins de 10 millions de locuteurs) dans lesquelles il existe des limites inh\u00e9rentes \u00e0 la formation aux grands mod\u00e8les de langue (LLM).<\/div><\/div>\n                                <\/div>\n                            <\/div>\n                                                    <div class=\"item\">\n                                <div class=\"item-inner\">\n                                    <div class=\"top-inner\">\n                                                                                <div class=\"features-box-image icon\"><i class=\"fa fa-caret-right\"><\/i><\/div><\/div><div class=\"features-box-content\"><h3 class=\"title\">Action 2 ? Mod\u00e8les existants<\/h3><div class=\"description\">ALT-EDIC cr\u00e9era un r\u00e9f\u00e9rentiel de mod\u00e8les de langage en source ouverte existants \u00e0 r\u00e9utiliser par les acteurs industriels et d\u00e9veloppera des m\u00e9thodes sp\u00e9cifiques de r\u00e9glage fin, en particulier pour les PME, et fournira des m\u00e9thodologies d'\u00e9valuation, de certification et de normalisation, en mettant particuli\u00e8rement l'accent sur les discriminations et les biais potentiels introduits par les mod\u00e8les de traitement du langage naturel (NLP).<\/div><\/div>\n                                <\/div>\n                            <\/div>\n                                                    <div class=\"item\">\n                                <div class=\"item-inner\">\n                                    <div class=\"top-inner\">\n                                                                                <div class=\"features-box-image icon\"><i class=\"ti-fullscreen\"><\/i><\/div><\/div><div class=\"features-box-content\"><h3 class=\"title\">Action 3 ? D\u00e9veloppement de mod\u00e8les<\/h3><div class=\"description\">ALT-EDIC agira comme un fonds d'amor\u00e7age commun, rassemblant des ressources publiques et priv\u00e9es pour lancer et d\u00e9velopper de nouveaux projets de grands mod\u00e8les de langue et de mod\u00e8les de base dot\u00e9s de capacit\u00e9s multimodales, notamment en donnant acc\u00e8s au calcul \u00e0 haute performance europ\u00e9en n\u00e9cessaire.<\/div><\/div>\n                                <\/div>\n                            <\/div>\n                                                    <div class=\"item\">\n                                <div class=\"item-inner\">\n                                    <div class=\"top-inner\">\n                                                                                <div class=\"features-box-image icon\"><i class=\"ti-layout-list-thumb-alt\"><\/i><\/div><\/div><div class=\"features-box-content\"><h3 class=\"title\">Action 4 ? \u00c9valuation, certification et normalisation<\/h3><div class=\"description\">ALT-EDIC contribuera \u00e0 l'\u00e9laboration de m\u00e9thodologies d'\u00e9valuation, en mettant particuli\u00e8rement l'accent sur les discriminations et biais potentiels introduits par les mod\u00e8les de langue, ainsi qu'\u00e0 fournir un soutien sp\u00e9cifique aux institutions pour investir dans les technologies des langues.<\/div><\/div>\n                                <\/div>\n                            <\/div>\n                                                    <div class=\"item\">\n                                <div class=\"item-inner\">\n                                    <div class=\"top-inner\">\n                                                                                <div class=\"features-box-image icon\"><i class=\"fa fa-link\"><\/i><\/div><\/div><div class=\"features-box-content\"><h3 class=\"title\">Action 5 - \u00c9cosyst\u00e8me<\/h3><div class=\"description\">ALT-EDIC agira comme un point de conseil pour les administrations publiques ainsi que pour atteindre le public \u00e0 travers un programme culturel bas\u00e9 sur l'IA pour les langues et permettant aux utilisateurs finaux, qui sont \u00e9galement des producteurs de donn\u00e9es, de relever les d\u00e9fis de l'IA et des technologies des langues dans un contexte multilingue et de contribuer \u00e0 l'information du citoyen europ\u00e9en.<\/div><\/div>\n                                <\/div>\n                            <\/div>\n                                            <\/div>\n                            <\/div>\n            \t\t\t\t<\/div>\n\t\t\t\t<\/div>\n\t\t\t\t\t<\/div>\n\t\t<\/div>\n\t\t\t\t\t<\/div>\n\t\t<\/section>\n\t\t\t\t<\/div>","protected":false},"excerpt":{"rendered":"<p>A propos de l'ALT-EDIC L'Alliance for Language Technologies (ALT-EDIC) est un consortium europ\u00e9en d'infrastructures num\u00e9riques qui soutient le d\u00e9veloppement des technologies langagi\u00e8res. Il promeut l'excellence dans les technologies linguistiques et contribue \u00e0 la pr\u00e9servation de la diversit\u00e9 linguistique et de la richesse culturelle de l'Europe. Il a \u00e9t\u00e9 propos\u00e9 par dix \u00c9tats membres en d\u00e9cembre 2023 et officiellement cr\u00e9\u00e9 par une Commission [\u2026]<\/p>","protected":false},"author":1,"featured_media":0,"parent":0,"menu_order":0,"comment_status":"closed","ping_status":"closed","template":"","meta":{"footnotes":""},"class_list":["post-8735","page","type-page","status-publish","hentry"],"aioseo_notices":[],"_links":{"self":[{"href":"http:\/\/www.alt-edic.eu\/fr\/wp-json\/wp\/v2\/pages\/8735","targetHints":{"allow":["GET"]}}],"collection":[{"href":"http:\/\/www.alt-edic.eu\/fr\/wp-json\/wp\/v2\/pages"}],"about":[{"href":"http:\/\/www.alt-edic.eu\/fr\/wp-json\/wp\/v2\/types\/page"}],"author":[{"embeddable":true,"href":"http:\/\/www.alt-edic.eu\/fr\/wp-json\/wp\/v2\/users\/1"}],"replies":[{"embeddable":true,"href":"http:\/\/www.alt-edic.eu\/fr\/wp-json\/wp\/v2\/comments?post=8735"}],"version-history":[{"count":16,"href":"http:\/\/www.alt-edic.eu\/fr\/wp-json\/wp\/v2\/pages\/8735\/revisions"}],"predecessor-version":[{"id":11353,"href":"http:\/\/www.alt-edic.eu\/fr\/wp-json\/wp\/v2\/pages\/8735\/revisions\/11353"}],"wp:attachment":[{"href":"http:\/\/www.alt-edic.eu\/fr\/wp-json\/wp\/v2\/media?parent=8735"}],"curies":[{"name":"wp","href":"https:\/\/api.w.org\/{rel}","templated":true}]}}