{"id":10975,"date":"2025-11-03T18:02:10","date_gmt":"2025-11-03T17:02:10","guid":{"rendered":"https:\/\/www.alt-edic.eu\/?page_id=10975"},"modified":"2026-01-20T10:02:09","modified_gmt":"2026-01-20T09:02:09","slug":"llm-bridge","status":"publish","type":"page","link":"http:\/\/www.alt-edic.eu\/fi\/projects\/llm-bridge\/","title":{"rendered":"<p>LLM-BRIDGE<\/p>"},"content":{"rendered":"<div data-elementor-type=\"wp-page\" data-elementor-id=\"10975\" class=\"elementor elementor-10975\" data-elementor-post-type=\"page\">\n\t\t\t\t\t\t<section class=\"elementor-section elementor-top-section elementor-element elementor-element-1577bd88 elementor-section-stretched elementor-section-boxed elementor-section-height-default elementor-section-height-default\" data-id=\"1577bd88\" data-element_type=\"section\" data-e-type=\"section\" data-settings='{\"stretch_section\":\"section-stretched\",\"background_background\":\"gradient\"}'>\n\t\t\t\t\t\t<div class=\"elementor-container elementor-column-gap-extended\">\n\t\t\t\t\t<div class=\"elementor-column elementor-col-50 elementor-top-column elementor-element elementor-element-70dc39ba\" data-id=\"70dc39ba\" data-element_type=\"column\" data-e-type=\"column\">\n\t\t\t<div class=\"elementor-widget-wrap elementor-element-populated\">\n\t\t\t\t\t\t<div class=\"elementor-element elementor-element-51cabebb elementor-widget elementor-widget-heading\" data-id=\"51cabebb\" data-element_type=\"widget\" data-e-type=\"widget\" data-widget_type=\"heading.default\">\n\t\t\t\t<div class=\"elementor-widget-container\">\n\t\t\t\t\t<h1 class=\"elementor-heading-title elementor-size-default\">LLM-BRIDGE<\/h1>\t\t\t\t<\/div>\n\t\t\t\t<\/div>\n\t\t\t\t<div class=\"elementor-element elementor-element-1f4ee8af elementor-widget elementor-widget-text-editor\" data-id=\"1f4ee8af\" data-element_type=\"widget\" data-e-type=\"widget\" data-widget_type=\"text-editor.default\">\n\t\t\t\t<div class=\"elementor-widget-container\">\n\t\t\t\t\t\t\t\t\t<p><strong style=\"background-color: transparent; color: #ffffff;\">LLM Booster for Regional Innovation and Digital Growth in Europe -hanke&nbsp;<\/strong><strong style=\"background-color: transparent; color: #ffffff;\">&nbsp;(LLM-BRIDGE)&nbsp;<\/strong><strong style=\"background-color: transparent; color: #ffffff;\">tukee startup- ja scaleup-yrityksi\u00e4 suurten kielimallien (LLM) nopeasti kasvavalla alalla.<\/strong><\/p>\t\t\t\t\t\t\t\t<\/div>\n\t\t\t\t<\/div>\n\t\t\t\t\t<\/div>\n\t\t<\/div>\n\t\t\t\t<div class=\"elementor-column elementor-col-50 elementor-top-column elementor-element elementor-element-286565d9 elementor-hidden-tablet elementor-hidden-phone\" data-id=\"286565d9\" data-element_type=\"column\" data-e-type=\"column\">\n\t\t\t<div class=\"elementor-widget-wrap\">\n\t\t\t\t\t\t\t<\/div>\n\t\t<\/div>\n\t\t\t\t\t<\/div>\n\t\t<\/section>\n\t\t\t\t<section class=\"elementor-section elementor-top-section elementor-element elementor-element-2a82150a elementor-section-stretched elementor-section-boxed elementor-section-height-default elementor-section-height-default\" data-id=\"2a82150a\" data-element_type=\"section\" data-e-type=\"section\" data-settings='{\"stretch_section\":\"section-stretched\"}'>\n\t\t\t\t\t\t<div class=\"elementor-container elementor-column-gap-extended\">\n\t\t\t\t\t<div class=\"elementor-column elementor-col-50 elementor-top-column elementor-element elementor-element-4dc940b2 elementor-invisible\" data-id=\"4dc940b2\" data-element_type=\"column\" data-e-type=\"column\" data-settings='{\"animation\":\"slide-left\",\"animation_delay\":200}'>\n\t\t\t<div class=\"elementor-widget-wrap elementor-element-populated\">\n\t\t\t\t\t\t<div class=\"elementor-element elementor-element-2fa08fbe elementor-widget__width-initial elementor-widget elementor-widget-text-editor\" data-id=\"2fa08fbe\" data-element_type=\"widget\" data-e-type=\"widget\" data-widget_type=\"text-editor.default\">\n\t\t\t\t<div class=\"elementor-widget-container\">\n\t\t\t\t\t\t\t\t\t<p>The&nbsp;<span style=\"text-decoration: underline;\"><a href=\"https:\/\/www.llm-bridge.eu\/\">LLM-BRIDGE-hanke<\/a><\/span> tavoitteena on vahvistaa kansallisia GenAI-ekosysteemej\u00e4 antamalla startup-yrityksille, scaleup-yrityksille, yrityshautomoille ja sijoittajille tukea, jota tarvitaan LLM-pohjaisten tuotteiden rakentamiseen ja k\u00e4ytt\u00f6\u00f6nottoon.<\/p><p>Hanke kokoaa yhteen ALT-EDICin koordinoiman yhteisty\u00f6kumppanikonsortion kymmenest\u00e4 Euroopan maasta. Kumppanien taitoja startup-yritysten ja innovoinnin tukemisessa vahvistaa niiden tekninen asiantuntemus GenAI:ssa ja LLM:ss\u00e4. N\u00e4m\u00e4 ominaisuudet auttavat startup- ja scaleup-yrityksi\u00e4 integroimaan LLM: t vastuullisesti ja laajassa mittakaavassa. Konsortio toteuttaa yhdess\u00e4 kolme kohdennettua tukiohjelmaa, joissa keskityt\u00e4\u00e4n elinik\u00e4iseen oppimiseen:<\/p><p dir=\"ltr\" style=\"margin-top: 0pt; margin-bottom: 0pt; line-height: 1.38;\">&nbsp;<\/p>\t\t\t\t\t\t\t\t<\/div>\n\t\t\t\t<\/div>\n\t\t\t\t\t<\/div>\n\t\t<\/div>\n\t\t\t\t<div class=\"elementor-column elementor-col-50 elementor-top-column elementor-element elementor-element-169741bd elementor-hidden-tablet elementor-hidden-phone elementor-invisible\" data-id=\"169741bd\" data-element_type=\"column\" data-e-type=\"column\" data-settings='{\"animation\":\"slide-right\"}'>\n\t\t\t<div class=\"elementor-widget-wrap elementor-element-populated\">\n\t\t\t\t\t\t<div class=\"elementor-element elementor-element-47d0ea elementor-widget__width-initial elementor-widget elementor-widget-image\" data-id=\"47d0ea\" data-element_type=\"widget\" data-e-type=\"widget\" data-widget_type=\"image.default\">\n\t\t\t\t<div class=\"elementor-widget-container\">\n\t\t\t\t\t\t\t\t\t\t\t\t\t\t\t<img fetchpriority=\"high\" decoding=\"async\" width=\"800\" height=\"520\" src=\"https:\/\/www.alt-edic.eu\/wp-content\/uploads\/2026\/01\/Project-page-images-2-e1768899698813.png\" class=\"attachment-full size-full wp-image-11100\" alt=\"LLM-BRIDGE Projektin tiedot\" srcset=\"https:\/\/www.alt-edic.eu\/wp-content\/uploads\/2026\/01\/Project-page-images-2-e1768899698813.png 800w, https:\/\/www.alt-edic.eu\/wp-content\/uploads\/2026\/01\/Project-page-images-2-e1768899698813-300x195.png 300w, https:\/\/www.alt-edic.eu\/wp-content\/uploads\/2026\/01\/Project-page-images-2-e1768899698813-768x499.png 768w, https:\/\/www.alt-edic.eu\/wp-content\/uploads\/2026\/01\/Project-page-images-2-e1768899698813-18x12.png 18w\" sizes=\"(max-width: 800px) 100vw, 800px\">\t\t\t\t\t\t\t\t\t\t\t\t\t\t\t<\/div>\n\t\t\t\t<\/div>\n\t\t\t\t\t<\/div>\n\t\t<\/div>\n\t\t\t\t\t<\/div>\n\t\t<\/section>\n\t\t<div class=\"elementor-element elementor-element-8ed64da e-flex e-con-boxed e-con e-parent\" data-id=\"8ed64da\" data-element_type=\"container\" data-e-type=\"container\">\n\t\t\t\t\t<div class=\"e-con-inner\">\n\t\t\t\t<div class=\"elementor-element elementor-element-41c7d55 elementor-widget__width-initial elementor-widget elementor-widget-text-editor\" data-id=\"41c7d55\" data-element_type=\"widget\" data-e-type=\"widget\" data-widget_type=\"text-editor.default\">\n\t\t\t\t<div class=\"elementor-widget-container\">\n\t\t\t\t\t\t\t\t\t<p dir=\"ltr\" style=\"margin-top: 0pt; margin-bottom: 0pt; line-height: 1.38;\"><strong style=\"color: #202124; font-family: Lato, Arial, sans-serif; font-size: 26px;\">Kolme vaikuttavuusohjelmaa<\/strong><\/p><p dir=\"ltr\" style=\"margin-top: 0pt; margin-bottom: 0pt; line-height: 1.38;\"><strong style=\"color: #202124; font-family: Lato, Arial, sans-serif; font-size: 26px;\">&nbsp;<\/strong><\/p><p dir=\"ltr\" style=\"margin-top: 0pt; margin-bottom: 0pt; line-height: 1.38;\"><strong style=\"color: #202124; font-family: Lato, Arial, sans-serif; font-size: 19px;\">Yritt\u00e4jyyskasvatusohjelma<\/strong><\/p><p>J\u00e4sennelty koulutusohjelma esisiemen- ja siemenalan startup-yrityksille. Osallistujat saavat ty\u00f6pajoja ja henkil\u00f6kohtaista mentorointia eri aiheista, kuten yrityksen johtamisesta, teknologisesta ja s\u00e4\u00e4ntely-ymp\u00e4rist\u00f6st\u00e4, rahoituksen saatavuudesta ja kehitysstrategioista.<\/p><h4 style=\"font-family: Lato, Arial, sans-serif;\"><strong>Venture Incubation -ohjelma<\/strong><\/h4><p>Inkubointipalvelut, joiden tarkoituksena on nopeuttaa tuotteiden ja asiakkaiden validointia. Startup-yritykset saavat mahdollisuuksien mukaan k\u00e4ytt\u00f6\u00f6ns\u00e4 r\u00e4\u00e4t\u00e4l\u00f6ityj\u00e4 teknisi\u00e4 resursseja, kuten data-aineistoja ja tietojenk\u00e4sittely\u00e4, ohjeita s\u00e4\u00e4nn\u00f6sten noudattamisesta ja tukea asiakkaiden hankintaan. Valituille yrityshautomoille ja startup-yrityksille my\u00f6nnet\u00e4\u00e4n yli puoli miljoonaa euroa.<\/p><h4 style=\"font-family: Lato, Arial, sans-serif;\"><strong>Nopeutusohjelma<\/strong><\/h4><p>A-sarjan rahoitukseen t\u00e4ht\u00e4\u00e4v\u00e4 startup-yritysten kiihdytysohjelma. Ohjelma tarjoaa r\u00e4\u00e4t\u00e4l\u00f6ity\u00e4 tukea investointivalmiuteen, skaalaamiseen ja s\u00e4\u00e4nn\u00f6sten noudattamiseen. Ohjelma huipentuu kohdennettuun sijoittajien kohtaamiseen sijoittajien kanssa.<\/p><p>LLM-BRIDGE on Euroopan unionin rahoittama Digitaalinen Eurooppa -ohjelma, joka alkoi 1. syyskuuta 2025 ja kest\u00e4\u00e4 kolme vuotta. Lis\u00e4tietoja ohjelmien k\u00e4ynnist\u00e4misest\u00e4 on saatavilla vuonna 2026.<\/p><p>&nbsp;<\/p><p>Lis\u00e4tietoja LLM-BRIDGE-hankkeesta on osoitteessa <span style=\"text-decoration: underline;\"><a href=\"https:\/\/www.llm-bridge.eu\/\">hankkeen verkkosivusto<\/a><\/span>.<\/p>\t\t\t\t\t\t\t\t<\/div>\n\t\t\t\t<\/div>\n\t\t\t\t\t<\/div>\n\t\t\t\t<\/div>\n\t\t\t\t<\/div>","protected":false},"excerpt":{"rendered":"<p>LLM-BRIDGE LLM Booster for Regional Innovation and Digital Growth in Europe -hanke (LLM-BRIDGE) tukee startup- ja scaleup-yrityksi\u00e4 suurten kielimallien (LLM) nopeasti kasvavalla alalla. LLM-BRIDGE-hankkeen tavoitteena on vahvistaa kansallisia GenAI-ekosysteemej\u00e4 varustamalla startup-yritykset, scaleup-yritykset, yrityshautomot ja sijoittajat tuella, jota tarvitaan LLM-pohjaisten tuotteiden rakentamiseen ja k\u00e4ytt\u00f6\u00f6nottoon. Projekti kokoaa yhteen [\u2026]<\/p>","protected":false},"author":37,"featured_media":0,"parent":9229,"menu_order":0,"comment_status":"closed","ping_status":"closed","template":"","meta":{"footnotes":""},"class_list":["post-10975","page","type-page","status-publish","hentry"],"aioseo_notices":[],"_links":{"self":[{"href":"http:\/\/www.alt-edic.eu\/fi\/wp-json\/wp\/v2\/pages\/10975","targetHints":{"allow":["GET"]}}],"collection":[{"href":"http:\/\/www.alt-edic.eu\/fi\/wp-json\/wp\/v2\/pages"}],"about":[{"href":"http:\/\/www.alt-edic.eu\/fi\/wp-json\/wp\/v2\/types\/page"}],"author":[{"embeddable":true,"href":"http:\/\/www.alt-edic.eu\/fi\/wp-json\/wp\/v2\/users\/37"}],"replies":[{"embeddable":true,"href":"http:\/\/www.alt-edic.eu\/fi\/wp-json\/wp\/v2\/comments?post=10975"}],"version-history":[{"count":0,"href":"http:\/\/www.alt-edic.eu\/fi\/wp-json\/wp\/v2\/pages\/10975\/revisions"}],"up":[{"embeddable":true,"href":"http:\/\/www.alt-edic.eu\/fi\/wp-json\/wp\/v2\/pages\/9229"}],"wp:attachment":[{"href":"http:\/\/www.alt-edic.eu\/fi\/wp-json\/wp\/v2\/media?parent=10975"}],"curies":[{"name":"wp","href":"https:\/\/api.w.org\/{rel}","templated":true}]}}