{"id":10575,"date":"2025-02-04T07:44:01","date_gmt":"2025-02-04T06:44:01","guid":{"rendered":"https:\/\/alt-edic.eu\/?page_id=10575"},"modified":"2026-01-20T10:11:27","modified_gmt":"2026-01-20T09:11:27","slug":"openeurollm","status":"publish","type":"page","link":"http:\/\/www.alt-edic.eu\/fi\/projects\/openeurollm\/","title":{"rendered":"<p>OpenEuroLLM<\/p>"},"content":{"rendered":"<div data-elementor-type=\"wp-page\" data-elementor-id=\"10575\" class=\"elementor elementor-10575\" data-elementor-post-type=\"page\">\n\t\t\t\t\t\t<section class=\"elementor-section elementor-top-section elementor-element elementor-element-1577bd88 elementor-section-stretched elementor-section-boxed elementor-section-height-default elementor-section-height-default\" data-id=\"1577bd88\" data-element_type=\"section\" data-e-type=\"section\" data-settings='{\"stretch_section\":\"section-stretched\",\"background_background\":\"gradient\"}'>\n\t\t\t\t\t\t<div class=\"elementor-container elementor-column-gap-extended\">\n\t\t\t\t\t<div class=\"elementor-column elementor-col-50 elementor-top-column elementor-element elementor-element-70dc39ba\" data-id=\"70dc39ba\" data-element_type=\"column\" data-e-type=\"column\">\n\t\t\t<div class=\"elementor-widget-wrap elementor-element-populated\">\n\t\t\t\t\t\t<div class=\"elementor-element elementor-element-51cabebb elementor-widget elementor-widget-heading\" data-id=\"51cabebb\" data-element_type=\"widget\" data-e-type=\"widget\" data-widget_type=\"heading.default\">\n\t\t\t\t<div class=\"elementor-widget-container\">\n\t\t\t\t\t<h1 class=\"elementor-heading-title elementor-size-default\">OpenEuroLLM<\/h1>\t\t\t\t<\/div>\n\t\t\t\t<\/div>\n\t\t\t\t<div class=\"elementor-element elementor-element-1f4ee8af elementor-widget elementor-widget-text-editor\" data-id=\"1f4ee8af\" data-element_type=\"widget\" data-e-type=\"widget\" data-widget_type=\"text-editor.default\">\n\t\t\t\t<div class=\"elementor-widget-container\">\n\t\t\t\t\t\t\t\t\t<p><strong>OpenEuroLLM (Open European Family of Large Language Models) -hanke kokoaa Euroopan johtavat teko\u00e4lyyritykset ja tutkimuslaitokset kehitt\u00e4m\u00e4\u00e4n seuraavan sukupolven avoimen l\u00e4hdekoodin kielimalleja.<\/strong><\/p>\t\t\t\t\t\t\t\t<\/div>\n\t\t\t\t<\/div>\n\t\t\t\t\t<\/div>\n\t\t<\/div>\n\t\t\t\t<div class=\"elementor-column elementor-col-50 elementor-top-column elementor-element elementor-element-286565d9 elementor-hidden-tablet elementor-hidden-phone\" data-id=\"286565d9\" data-element_type=\"column\" data-e-type=\"column\">\n\t\t\t<div class=\"elementor-widget-wrap\">\n\t\t\t\t\t\t\t<\/div>\n\t\t<\/div>\n\t\t\t\t\t<\/div>\n\t\t<\/section>\n\t\t\t\t<section class=\"elementor-section elementor-top-section elementor-element elementor-element-2a82150a elementor-section-stretched elementor-section-boxed elementor-section-height-default elementor-section-height-default\" data-id=\"2a82150a\" data-element_type=\"section\" data-e-type=\"section\" data-settings='{\"stretch_section\":\"section-stretched\"}'>\n\t\t\t\t\t\t<div class=\"elementor-container elementor-column-gap-extended\">\n\t\t\t\t\t<div class=\"elementor-column elementor-col-50 elementor-top-column elementor-element elementor-element-4dc940b2 elementor-invisible\" data-id=\"4dc940b2\" data-element_type=\"column\" data-e-type=\"column\" data-settings='{\"animation\":\"slide-left\",\"animation_delay\":200}'>\n\t\t\t<div class=\"elementor-widget-wrap elementor-element-populated\">\n\t\t\t\t\t\t<div class=\"elementor-element elementor-element-2fa08fbe elementor-widget elementor-widget-text-editor\" data-id=\"2fa08fbe\" data-element_type=\"widget\" data-e-type=\"widget\" data-widget_type=\"text-editor.default\">\n\t\t\t\t<div class=\"elementor-widget-container\">\n\t\t\t\t\t\t\t\t\t<p>OpenEuroLLM-hankkeessa rakennetaan tehokkaiden, monikielisten ja laajojen kieliperustamallien perhe kaupallisille, teollisille ja julkisille palveluille. Avoimet ja vaatimustenmukaiset avoimen l\u00e4hdekoodin mallit demokratisoivat p\u00e4\u00e4sy\u00e4 korkealaatuisiin teko\u00e4lyteknologioihin ja vahvistavat eurooppalaisten yritysten kyky\u00e4 kilpailla globaaleilla markkinoilla ja julkisten organisaatioiden kyky\u00e4 tuottaa vaikuttavia julkisia palveluja. Hankekonsortioon kuuluu 20 johtavaa eurooppalaista tutkimuslaitosta ja EuroHPC-keskusta, joita koordinoi Kaarlen yliopisto (T\u0161ekki) ja joita johtaa AMD Silo AI (Suomi). ALT-EDIC tuo hankkeeseen kykyns\u00e4 kielellisen tiedon luomiseen ja hallintaan, kieliteknologian arviointiin ja yhteis\u00f6n rakentamiseen.<\/p>\t\t\t\t\t\t\t\t<\/div>\n\t\t\t\t<\/div>\n\t\t\t\t\t<\/div>\n\t\t<\/div>\n\t\t\t\t<div class=\"elementor-column elementor-col-50 elementor-top-column elementor-element elementor-element-169741bd elementor-hidden-tablet elementor-hidden-phone elementor-invisible\" data-id=\"169741bd\" data-element_type=\"column\" data-e-type=\"column\" data-settings='{\"animation\":\"slide-right\"}'>\n\t\t\t<div class=\"elementor-widget-wrap elementor-element-populated\">\n\t\t\t\t\t\t<div class=\"elementor-element elementor-element-47d0ea elementor-widget elementor-widget-image\" data-id=\"47d0ea\" data-element_type=\"widget\" data-e-type=\"widget\" data-widget_type=\"image.default\">\n\t\t\t\t<div class=\"elementor-widget-container\">\n\t\t\t\t\t\t\t\t\t\t\t\t\t\t\t<img fetchpriority=\"high\" decoding=\"async\" width=\"800\" height=\"537\" src=\"https:\/\/www.alt-edic.eu\/wp-content\/uploads\/2026\/01\/Project-page-images-3-e1768900277855.png\" class=\"attachment-full size-full wp-image-11112\" alt=\"\" srcset=\"https:\/\/www.alt-edic.eu\/wp-content\/uploads\/2026\/01\/Project-page-images-3-e1768900277855.png 800w, https:\/\/www.alt-edic.eu\/wp-content\/uploads\/2026\/01\/Project-page-images-3-e1768900277855-300x201.png 300w, https:\/\/www.alt-edic.eu\/wp-content\/uploads\/2026\/01\/Project-page-images-3-e1768900277855-768x516.png 768w, https:\/\/www.alt-edic.eu\/wp-content\/uploads\/2026\/01\/Project-page-images-3-e1768900277855-18x12.png 18w\" sizes=\"(max-width: 800px) 100vw, 800px\">\t\t\t\t\t\t\t\t\t\t\t\t\t\t\t<\/div>\n\t\t\t\t<\/div>\n\t\t\t\t\t<\/div>\n\t\t<\/div>\n\t\t\t\t\t<\/div>\n\t\t<\/section>\n\t\t<div class=\"elementor-element elementor-element-8ed64da e-flex e-con-boxed e-con e-parent\" data-id=\"8ed64da\" data-element_type=\"container\" data-e-type=\"container\">\n\t\t\t\t\t<div class=\"e-con-inner\">\n\t\t\t\t<div class=\"elementor-element elementor-element-41c7d55 elementor-widget__width-initial elementor-widget elementor-widget-text-editor\" data-id=\"41c7d55\" data-element_type=\"widget\" data-e-type=\"widget\" data-widget_type=\"text-editor.default\">\n\t\t\t\t<div class=\"elementor-widget-container\">\n\t\t\t\t\t\t\t\t\t<p>OpenEuroLLM-hanke on linjassa Euroopan kilpailukyvyn ja digitaalisen suvereniteetin parantamisen v\u00e4ltt\u00e4m\u00e4tt\u00f6myyden kanssa. Hanke on erinomainen esimerkki teknologiainfrastruktuurin tyypist\u00e4, jota tarvitaan eurooppalaisten teko\u00e4lytuotteiden kehitt\u00e4misen ja parantamisen kynnysarvojen alentamiseen. Se osoittaa l\u00e4pin\u00e4kyvyyden, avoimuuden ja yhteis\u00f6n osallistumisen vahvuuden, jotka ovat laajalti tunnustettuja arvoja koko eurooppalaisessa teknologiaekosysteemiss\u00e4. Mallit kehitet\u00e4\u00e4n Euroopan vankassa s\u00e4\u00e4ntelykehyksess\u00e4, jolla varmistetaan yhdenmukaisuus eurooppalaisten arvojen kanssa ja s\u00e4ilytet\u00e4\u00e4n samalla teknologinen huippuosaaminen.<\/p><p>OpenEuroLLM tekee yhteisty\u00f6t\u00e4 avoimen l\u00e4hdekoodin ja avoimen tieteen yhteis\u00f6jen, kuten LAIONin, open-sci: n ja OpenML: n, sek\u00e4 muiden alan asiantuntijoiden kanssa, jotka on koottu hankkeen avoimen strategisen kumppanuuden lautakuntaan, ja varmistaa, ett\u00e4 mallit, ohjelmistot, tiedot ja arviointi ovat t\u00e4ysin avoimia ja ett\u00e4 niit\u00e4 voidaan hienos\u00e4\u00e4t\u00e4\u00e4 ja ohjeistaa erityisiin teollisuuden ja julkisen sektorin tarpeisiin. N\u00e4ill\u00e4 monikielisill\u00e4 malleilla s\u00e4ilytet\u00e4\u00e4n sek\u00e4 kielellinen ett\u00e4 kulttuurinen monimuotoisuus, mink\u00e4 ansiosta eurooppalaiset yritykset voivat kehitt\u00e4\u00e4 korkealaatuisia tuotteita ja palveluja teko\u00e4lyn aikakaudella.<\/p><p>Hanke, jolle on my\u00f6nnetty STEP-tunnus (Strategic Technologies for Europe Platform), hy\u00f6dynt\u00e4\u00e4 aiemmista eurooppalaisista hankkeista saatua tukea sek\u00e4 kumppaneiden kokemuksia ja niiden tuloksia, mukaan lukien aiemmin kehitetyt korkealaatuisten tietojen laajat tietovarastot ja LLM-pilottihankkeet. Euroopan komissio rahoittaa sit\u00e4 Digitaalinen Eurooppa -ohjelmasta, ja se on alkanut 1. helmikuuta 2025. Sen kesto on kolme vuotta.<\/p><p>Lis\u00e4tietoja on saatavilla <a href=\"https:\/\/www.mff.cuni.cz\/en\/public\/news\/charles-university-as-the-main-coordinator-of-the-openeurollm-project\"><span style=\"text-decoration: underline;\">t\u00e4ss\u00e4<\/span><\/a>.<\/p>\t\t\t\t\t\t\t\t<\/div>\n\t\t\t\t<\/div>\n\t\t\t\t\t<\/div>\n\t\t\t\t<\/div>\n\t\t\t\t<\/div>","protected":false},"excerpt":{"rendered":"<p>OpenEuroLLM OpenEuroLLM (Open European Family of Large Language Models) -projekti kokoaa Euroopan johtavat teko\u00e4lyyritykset ja tutkimuslaitokset kehitt\u00e4m\u00e4\u00e4n seuraavan sukupolven avoimen l\u00e4hdekoodin kielimalleja. OpenEuroLLM-hankkeessa rakennetaan suorituskykyisten, monikielisten ja laajakielisten perusmallien perhe kaupallisia, teollisia ja julkisia palveluja varten. L\u00e4pin\u00e4kyv\u00e4t ja yhteensopivat avoimen l\u00e4hdekoodin mallit demokratisoivat p\u00e4\u00e4syn [\u2026]<\/p>","protected":false},"author":1,"featured_media":0,"parent":9229,"menu_order":0,"comment_status":"closed","ping_status":"closed","template":"","meta":{"footnotes":""},"class_list":["post-10575","page","type-page","status-publish","hentry"],"aioseo_notices":[],"_links":{"self":[{"href":"http:\/\/www.alt-edic.eu\/fi\/wp-json\/wp\/v2\/pages\/10575","targetHints":{"allow":["GET"]}}],"collection":[{"href":"http:\/\/www.alt-edic.eu\/fi\/wp-json\/wp\/v2\/pages"}],"about":[{"href":"http:\/\/www.alt-edic.eu\/fi\/wp-json\/wp\/v2\/types\/page"}],"author":[{"embeddable":true,"href":"http:\/\/www.alt-edic.eu\/fi\/wp-json\/wp\/v2\/users\/1"}],"replies":[{"embeddable":true,"href":"http:\/\/www.alt-edic.eu\/fi\/wp-json\/wp\/v2\/comments?post=10575"}],"version-history":[{"count":0,"href":"http:\/\/www.alt-edic.eu\/fi\/wp-json\/wp\/v2\/pages\/10575\/revisions"}],"up":[{"embeddable":true,"href":"http:\/\/www.alt-edic.eu\/fi\/wp-json\/wp\/v2\/pages\/9229"}],"wp:attachment":[{"href":"http:\/\/www.alt-edic.eu\/fi\/wp-json\/wp\/v2\/media?parent=10575"}],"curies":[{"name":"wp","href":"https:\/\/api.w.org\/{rel}","templated":true}]}}