{"id":10575,"date":"2025-02-04T07:44:01","date_gmt":"2025-02-04T06:44:01","guid":{"rendered":"https:\/\/alt-edic.eu\/?page_id=10575"},"modified":"2026-01-20T10:11:27","modified_gmt":"2026-01-20T09:11:27","slug":"openeurollm","status":"publish","type":"page","link":"http:\/\/www.alt-edic.eu\/et\/projects\/openeurollm\/","title":{"rendered":"<p>OpenEuroLLM<\/p>"},"content":{"rendered":"<div data-elementor-type=\"wp-page\" data-elementor-id=\"10575\" class=\"elementor elementor-10575\" data-elementor-post-type=\"page\">\n\t\t\t\t\t\t<section class=\"elementor-section elementor-top-section elementor-element elementor-element-1577bd88 elementor-section-stretched elementor-section-boxed elementor-section-height-default elementor-section-height-default\" data-id=\"1577bd88\" data-element_type=\"section\" data-e-type=\"section\" data-settings='{\"stretch_section\":\"section-stretched\",\"background_background\":\"gradient\"}'>\n\t\t\t\t\t\t<div class=\"elementor-container elementor-column-gap-extended\">\n\t\t\t\t\t<div class=\"elementor-column elementor-col-50 elementor-top-column elementor-element elementor-element-70dc39ba\" data-id=\"70dc39ba\" data-element_type=\"column\" data-e-type=\"column\">\n\t\t\t<div class=\"elementor-widget-wrap elementor-element-populated\">\n\t\t\t\t\t\t<div class=\"elementor-element elementor-element-51cabebb elementor-widget elementor-widget-heading\" data-id=\"51cabebb\" data-element_type=\"widget\" data-e-type=\"widget\" data-widget_type=\"heading.default\">\n\t\t\t\t<div class=\"elementor-widget-container\">\n\t\t\t\t\t<h1 class=\"elementor-heading-title elementor-size-default\">OpenEuroLLM<\/h1>\t\t\t\t<\/div>\n\t\t\t\t<\/div>\n\t\t\t\t<div class=\"elementor-element elementor-element-1f4ee8af elementor-widget elementor-widget-text-editor\" data-id=\"1f4ee8af\" data-element_type=\"widget\" data-e-type=\"widget\" data-widget_type=\"text-editor.default\">\n\t\t\t\t<div class=\"elementor-widget-container\">\n\t\t\t\t\t\t\t\t\t<p><strong>Projekt OpenEuroLLM (Open European Family of Large Language Models) koondab Euroopa juhtivaid tehisintellektiettev\u00f5tteid ja teadusasutusi, et t\u00f6\u00f6tada v\u00e4lja j\u00e4rgmise p\u00f5lvkonna avatud l\u00e4htekoodiga keelemudeleid.<\/strong><\/p>\t\t\t\t\t\t\t\t<\/div>\n\t\t\t\t<\/div>\n\t\t\t\t\t<\/div>\n\t\t<\/div>\n\t\t\t\t<div class=\"elementor-column elementor-col-50 elementor-top-column elementor-element elementor-element-286565d9 elementor-hidden-tablet elementor-hidden-phone\" data-id=\"286565d9\" data-element_type=\"column\" data-e-type=\"column\">\n\t\t\t<div class=\"elementor-widget-wrap\">\n\t\t\t\t\t\t\t<\/div>\n\t\t<\/div>\n\t\t\t\t\t<\/div>\n\t\t<\/section>\n\t\t\t\t<section class=\"elementor-section elementor-top-section elementor-element elementor-element-2a82150a elementor-section-stretched elementor-section-boxed elementor-section-height-default elementor-section-height-default\" data-id=\"2a82150a\" data-element_type=\"section\" data-e-type=\"section\" data-settings='{\"stretch_section\":\"section-stretched\"}'>\n\t\t\t\t\t\t<div class=\"elementor-container elementor-column-gap-extended\">\n\t\t\t\t\t<div class=\"elementor-column elementor-col-50 elementor-top-column elementor-element elementor-element-4dc940b2 elementor-invisible\" data-id=\"4dc940b2\" data-element_type=\"column\" data-e-type=\"column\" data-settings='{\"animation\":\"slide-left\",\"animation_delay\":200}'>\n\t\t\t<div class=\"elementor-widget-wrap elementor-element-populated\">\n\t\t\t\t\t\t<div class=\"elementor-element elementor-element-2fa08fbe elementor-widget elementor-widget-text-editor\" data-id=\"2fa08fbe\" data-element_type=\"widget\" data-e-type=\"widget\" data-widget_type=\"text-editor.default\">\n\t\t\t\t<div class=\"elementor-widget-container\">\n\t\t\t\t\t\t\t\t\t<p>OpenEuroLLM projektiga luuakse \u00e4ri-, t\u00f6\u00f6stus- ja avalike teenuste jaoks suure j\u00f5udlusega, mitmekeelsete ja suurte keeleliste alusmudelite perekond. L\u00e4bipaistvad ja n\u00f5uetele vastavad avatud l\u00e4htekoodiga mudelid demokratiseerivad juurdep\u00e4\u00e4su kvaliteetsetele tehisintellektitehnoloogiatele ning tugevdavad Euroopa ettev\u00f5tete suutlikkust konkureerida \u00fclemaailmsel turul ja avaliku sektori organisatsioonide suutlikkust pakkuda m\u00f5jusaid avalikke teenuseid. Projekti konsortsium \u00fchendab 20 juhtivat Euroopa teadusasutust ja EuroHPC keskust, mida koordineerib Charlesi \u00fclikool (T\u0161ehhi) ja juhib \u00fchiselt AMD Silo AI (Soome). ALT-EDIC toob projekti oma v\u00f5ime keeleliste andmete loomiseks ja haldamiseks, keeletehnoloogia hindamiseks ja kogukonna loomiseks.<\/p>\t\t\t\t\t\t\t\t<\/div>\n\t\t\t\t<\/div>\n\t\t\t\t\t<\/div>\n\t\t<\/div>\n\t\t\t\t<div class=\"elementor-column elementor-col-50 elementor-top-column elementor-element elementor-element-169741bd elementor-hidden-tablet elementor-hidden-phone elementor-invisible\" data-id=\"169741bd\" data-element_type=\"column\" data-e-type=\"column\" data-settings='{\"animation\":\"slide-right\"}'>\n\t\t\t<div class=\"elementor-widget-wrap elementor-element-populated\">\n\t\t\t\t\t\t<div class=\"elementor-element elementor-element-47d0ea elementor-widget elementor-widget-image\" data-id=\"47d0ea\" data-element_type=\"widget\" data-e-type=\"widget\" data-widget_type=\"image.default\">\n\t\t\t\t<div class=\"elementor-widget-container\">\n\t\t\t\t\t\t\t\t\t\t\t\t\t\t\t<img fetchpriority=\"high\" decoding=\"async\" width=\"800\" height=\"537\" src=\"https:\/\/www.alt-edic.eu\/wp-content\/uploads\/2026\/01\/Project-page-images-3-e1768900277855.png\" class=\"attachment-full size-full wp-image-11112\" alt=\"\" srcset=\"https:\/\/www.alt-edic.eu\/wp-content\/uploads\/2026\/01\/Project-page-images-3-e1768900277855.png 800w, https:\/\/www.alt-edic.eu\/wp-content\/uploads\/2026\/01\/Project-page-images-3-e1768900277855-300x201.png 300w, https:\/\/www.alt-edic.eu\/wp-content\/uploads\/2026\/01\/Project-page-images-3-e1768900277855-768x516.png 768w, https:\/\/www.alt-edic.eu\/wp-content\/uploads\/2026\/01\/Project-page-images-3-e1768900277855-18x12.png 18w\" sizes=\"(max-width: 800px) 100vw, 800px\">\t\t\t\t\t\t\t\t\t\t\t\t\t\t\t<\/div>\n\t\t\t\t<\/div>\n\t\t\t\t\t<\/div>\n\t\t<\/div>\n\t\t\t\t\t<\/div>\n\t\t<\/section>\n\t\t<div class=\"elementor-element elementor-element-8ed64da e-flex e-con-boxed e-con e-parent\" data-id=\"8ed64da\" data-element_type=\"container\" data-e-type=\"container\">\n\t\t\t\t\t<div class=\"e-con-inner\">\n\t\t\t\t<div class=\"elementor-element elementor-element-41c7d55 elementor-widget__width-initial elementor-widget elementor-widget-text-editor\" data-id=\"41c7d55\" data-element_type=\"widget\" data-e-type=\"widget\" data-widget_type=\"text-editor.default\">\n\t\t\t\t<div class=\"elementor-widget-container\">\n\t\t\t\t\t\t\t\t\t<p>Projekt OpenEuroLLM on koosk\u00f5las vajadusega parandada Euroopa konkurentsiv\u00f5imet ja digitaalset suver\u00e4\u00e4nsust. Projekt on hea n\u00e4ide tehnoloogiataristu t\u00fc\u00fcbist, mida on vaja Euroopa tehisintellekti tootearenduse ja t\u00e4iustamise k\u00fcnniste alandamiseks, n\u00e4idates l\u00e4bipaistvuse, avatuse ja kogukonna kaasamise tugevust, mis on Euroopa tehnoloogia \u00f6kos\u00fcsteemis laialdaselt tunnustatud v\u00e4\u00e4rtused. Mudelid t\u00f6\u00f6tatakse v\u00e4lja Euroopa tugevas \u00f5igusraamistikus, tagades koosk\u00f5la Euroopa v\u00e4\u00e4rtustega, s\u00e4ilitades samal ajal tehnoloogilise tipptaseme.<\/p><p>Koost\u00f6\u00f6s avatud l\u00e4htekoodiga ja avatud teadusringkondadega, nagu LAION, open-sci ja OpenML, ning projekti avatud strateegilise partnerluse n\u00f5ukokku kogunenud valdkonna t\u00e4iendavate ekspertidega tagab OpenEuroLLM, et mudelid, tarkvara, andmed ja hindamine on t\u00e4ielikult avatud ning neid saab kohandada ja juhendada vastavalt konkreetsetele t\u00f6\u00f6stuse ja avaliku sektori vajadustele. Need mitmekeelsed mudelid s\u00e4ilitavad nii keelelise kui ka kultuurilise mitmekesisuse, v\u00f5imaldades Euroopa ettev\u00f5tetel t\u00f6\u00f6tada tehisintellekti ajastul v\u00e4lja kvaliteetseid tooteid ja teenuseid.<\/p><p>Projekt, millele on antud Euroopa strateegilise tehnoloogia platvormi (STEP) m\u00e4rgis, v\u00f5imendab varasemate Euroopa projektide toetust ning partnerite kogemusi ja tulemusi, sealhulgas varem v\u00e4lja t\u00f6\u00f6tatud suuri kvaliteetsete andmete hoidlaid ja katselisi elukestva \u00f5ppe programme. Seda rahastab Euroopa Komisjon programmi \u201eDigitaalne Euroopa\u201c raames ja see algas 1. veebruaril 2025 kolmeks aastaks.<\/p><p>T\u00e4iendav teave on k\u00e4ttesaadav <a href=\"https:\/\/www.mff.cuni.cz\/en\/public\/news\/charles-university-as-the-main-coordinator-of-the-openeurollm-project\"><span style=\"text-decoration: underline;\">siin<\/span><\/a>.<\/p>\t\t\t\t\t\t\t\t<\/div>\n\t\t\t\t<\/div>\n\t\t\t\t\t<\/div>\n\t\t\t\t<\/div>\n\t\t\t\t<\/div>","protected":false},"excerpt":{"rendered":"<p>OpenEuroLLM OpenEuroLLM (Open European Family of Large Language Models) projekt koondab Euroopa juhtivaid tehisintellekti ettev\u00f5tteid ja teadusasutusi, et arendada j\u00e4rgmise p\u00f5lvkonna avatud l\u00e4htekoodiga keelemudeleid. OpenEuroLLMi projektiga luuakse \u00e4ri-, t\u00f6\u00f6stus- ja avalike teenuste jaoks k\u00f5rgj\u00f5udlusega, mitmekeelsete ja suurte keelte alusmudelite perekond. L\u00e4bipaistvad ja n\u00f5uetele vastavad avatud l\u00e4htekoodiga mudelid demokratiseerivad juurdep\u00e4\u00e4su [\u2026-le]<\/p>","protected":false},"author":1,"featured_media":0,"parent":9229,"menu_order":0,"comment_status":"closed","ping_status":"closed","template":"","meta":{"footnotes":""},"class_list":["post-10575","page","type-page","status-publish","hentry"],"aioseo_notices":[],"_links":{"self":[{"href":"http:\/\/www.alt-edic.eu\/et\/wp-json\/wp\/v2\/pages\/10575","targetHints":{"allow":["GET"]}}],"collection":[{"href":"http:\/\/www.alt-edic.eu\/et\/wp-json\/wp\/v2\/pages"}],"about":[{"href":"http:\/\/www.alt-edic.eu\/et\/wp-json\/wp\/v2\/types\/page"}],"author":[{"embeddable":true,"href":"http:\/\/www.alt-edic.eu\/et\/wp-json\/wp\/v2\/users\/1"}],"replies":[{"embeddable":true,"href":"http:\/\/www.alt-edic.eu\/et\/wp-json\/wp\/v2\/comments?post=10575"}],"version-history":[{"count":0,"href":"http:\/\/www.alt-edic.eu\/et\/wp-json\/wp\/v2\/pages\/10575\/revisions"}],"up":[{"embeddable":true,"href":"http:\/\/www.alt-edic.eu\/et\/wp-json\/wp\/v2\/pages\/9229"}],"wp:attachment":[{"href":"http:\/\/www.alt-edic.eu\/et\/wp-json\/wp\/v2\/media?parent=10575"}],"curies":[{"name":"wp","href":"https:\/\/api.w.org\/{rel}","templated":true}]}}