{"id":10281,"date":"2024-12-04T21:15:45","date_gmt":"2024-12-04T21:15:45","guid":{"rendered":"https:\/\/alt-edic.eu\/?page_id=10281"},"modified":"2026-01-29T01:39:58","modified_gmt":"2026-01-29T00:39:58","slug":"llms4eu","status":"publish","type":"page","link":"http:\/\/www.alt-edic.eu\/et\/projects\/llms4eu\/","title":{"rendered":"<p>LLMs4EU<\/p>"},"content":{"rendered":"<div data-elementor-type=\"wp-page\" data-elementor-id=\"10281\" class=\"elementor elementor-10281\" data-elementor-post-type=\"page\">\n\t\t\t\t\t\t<section class=\"elementor-section elementor-top-section elementor-element elementor-element-1577bd88 elementor-section-stretched elementor-section-boxed elementor-section-height-default elementor-section-height-default\" data-id=\"1577bd88\" data-element_type=\"section\" data-e-type=\"section\" data-settings='{\"stretch_section\":\"section-stretched\",\"background_background\":\"gradient\"}'>\n\t\t\t\t\t\t<div class=\"elementor-container elementor-column-gap-extended\">\n\t\t\t\t\t<div class=\"elementor-column elementor-col-50 elementor-top-column elementor-element elementor-element-70dc39ba\" data-id=\"70dc39ba\" data-element_type=\"column\" data-e-type=\"column\">\n\t\t\t<div class=\"elementor-widget-wrap elementor-element-populated\">\n\t\t\t\t\t\t<div class=\"elementor-element elementor-element-51cabebb elementor-widget elementor-widget-heading\" data-id=\"51cabebb\" data-element_type=\"widget\" data-e-type=\"widget\" data-widget_type=\"heading.default\">\n\t\t\t\t<div class=\"elementor-widget-container\">\n\t\t\t\t\t<h1 class=\"elementor-heading-title elementor-size-default\">LLMs4EU<\/h1>\t\t\t\t<\/div>\n\t\t\t\t<\/div>\n\t\t\t\t<div class=\"elementor-element elementor-element-1f4ee8af elementor-widget elementor-widget-text-editor\" data-id=\"1f4ee8af\" data-element_type=\"widget\" data-e-type=\"widget\" data-widget_type=\"text-editor.default\">\n\t\t\t\t<div class=\"elementor-widget-container\">\n\t\t\t\t\t\t\t\t\t<p>\u00dching <strong>LLMs4EU (Euroopa Liidu suured keelemudelid)<\/strong> Projekti koordineerib ALT-EDIC ja sellega toetatakse paljusid Euroopa elukestva \u00f5ppe \u00f6kos\u00fcsteemi partnereid. See v\u00f5imaldab neil koguda keeleandmeid piisava kvaliteedi ja kvantiteediga, et luua suured keele alusmudelid ning konkreetsetele keeltele, valdkondadele v\u00f5i t\u00f6\u00f6stusharudele kohandatud mudelid, ning pakkuda sihtotstarbelist tuge ja teenuseid, mis v\u00f5imaldavad teistel olemasolevaid mudeleid viimistleda.<\/p>\t\t\t\t\t\t\t\t<\/div>\n\t\t\t\t<\/div>\n\t\t\t\t\t<\/div>\n\t\t<\/div>\n\t\t\t\t<div class=\"elementor-column elementor-col-50 elementor-top-column elementor-element elementor-element-286565d9 elementor-hidden-tablet elementor-hidden-phone\" data-id=\"286565d9\" data-element_type=\"column\" data-e-type=\"column\">\n\t\t\t<div class=\"elementor-widget-wrap\">\n\t\t\t\t\t\t\t<\/div>\n\t\t<\/div>\n\t\t\t\t\t<\/div>\n\t\t<\/section>\n\t\t\t\t<section class=\"elementor-section elementor-top-section elementor-element elementor-element-2a82150a elementor-section-stretched elementor-section-boxed elementor-section-height-default elementor-section-height-default\" data-id=\"2a82150a\" data-element_type=\"section\" data-e-type=\"section\" data-settings='{\"stretch_section\":\"section-stretched\"}'>\n\t\t\t\t\t\t<div class=\"elementor-container elementor-column-gap-extended\">\n\t\t\t\t\t<div class=\"elementor-column elementor-col-50 elementor-top-column elementor-element elementor-element-4dc940b2 elementor-invisible\" data-id=\"4dc940b2\" data-element_type=\"column\" data-e-type=\"column\" data-settings='{\"animation\":\"slide-left\",\"animation_delay\":200}'>\n\t\t\t<div class=\"elementor-widget-wrap elementor-element-populated\">\n\t\t\t\t\t\t<div class=\"elementor-element elementor-element-2fa08fbe elementor-widget elementor-widget-text-editor\" data-id=\"2fa08fbe\" data-element_type=\"widget\" data-e-type=\"widget\" data-widget_type=\"text-editor.default\">\n\t\t\t\t<div class=\"elementor-widget-container\">\n\t\t\t\t\t\t\t\t\t<p>Projekti LLMs4EU eesm\u00e4rk on s\u00e4ilitada Euroopa keeleline ja kultuuriline mitmekesisus digiajastul majandus- ja akadeemiliste osalejate koost\u00f6\u00f6 kaudu. On oht, et m\u00f5ned Euroopa keeled j\u00e4etakse generatiivse tehisintellekti arendamisest k\u00f5rvale, kuna puuduvad vahendid keelemudelite treenimiseks. Lisaks on projekti eesm\u00e4rk tuua kokku m\u00f5ned Euroopa juhtivad osalejad generatiivse tehisintellekti valdkonnas, et tagada Euroopa ettev\u00f5tjatele ja eelk\u00f5ige VKEdele juurdep\u00e4\u00e4s vahenditele ja ressurssidele, et saada konkurentsiv\u00f5imeliseks keeletehnoloogia ja eelk\u00f5ige suurte keelemudelite valdkonnas. Projekt keskendub viiele rakendusvaldkonnale: energeetika, telekommunikatsioon, turism, avalikud teenused ja teadus.<\/p>\t\t\t\t\t\t\t\t<\/div>\n\t\t\t\t<\/div>\n\t\t\t\t\t<\/div>\n\t\t<\/div>\n\t\t\t\t<div class=\"elementor-column elementor-col-50 elementor-top-column elementor-element elementor-element-169741bd elementor-hidden-tablet elementor-hidden-phone elementor-invisible\" data-id=\"169741bd\" data-element_type=\"column\" data-e-type=\"column\" data-settings='{\"animation\":\"slide-right\"}'>\n\t\t\t<div class=\"elementor-widget-wrap elementor-element-populated\">\n\t\t\t\t\t\t<div class=\"elementor-element elementor-element-47d0ea elementor-widget elementor-widget-image\" data-id=\"47d0ea\" data-element_type=\"widget\" data-e-type=\"widget\" data-widget_type=\"image.default\">\n\t\t\t\t<div class=\"elementor-widget-container\">\n\t\t\t\t\t\t\t\t\t\t\t\t\t\t\t<img fetchpriority=\"high\" decoding=\"async\" width=\"800\" height=\"495\" src=\"https:\/\/www.alt-edic.eu\/wp-content\/uploads\/2026\/01\/LLMs4EU-e1768900210939.png\" class=\"attachment-full size-full wp-image-11108\" alt=\"\" srcset=\"https:\/\/www.alt-edic.eu\/wp-content\/uploads\/2026\/01\/LLMs4EU-e1768900210939.png 800w, https:\/\/www.alt-edic.eu\/wp-content\/uploads\/2026\/01\/LLMs4EU-e1768900210939-300x186.png 300w, https:\/\/www.alt-edic.eu\/wp-content\/uploads\/2026\/01\/LLMs4EU-e1768900210939-768x475.png 768w, https:\/\/www.alt-edic.eu\/wp-content\/uploads\/2026\/01\/LLMs4EU-e1768900210939-18x12.png 18w\" sizes=\"(max-width: 800px) 100vw, 800px\">\t\t\t\t\t\t\t\t\t\t\t\t\t\t\t<\/div>\n\t\t\t\t<\/div>\n\t\t\t\t\t<\/div>\n\t\t<\/div>\n\t\t\t\t\t<\/div>\n\t\t<\/section>\n\t\t<div class=\"elementor-element elementor-element-8ed64da e-flex e-con-boxed e-con e-parent\" data-id=\"8ed64da\" data-element_type=\"container\" data-e-type=\"container\">\n\t\t\t\t\t<div class=\"e-con-inner\">\n\t\t\t\t<div class=\"elementor-element elementor-element-41c7d55 elementor-widget__width-initial elementor-widget elementor-widget-text-editor\" data-id=\"41c7d55\" data-element_type=\"widget\" data-e-type=\"widget\" data-widget_type=\"text-editor.default\">\n\t\t\t\t<div class=\"elementor-widget-container\">\n\t\t\t\t\t\t\t\t\t<p>Eesm\u00e4rk on teha elukestva \u00f5ppe programmid ja k\u00f5ik nende kasutamiseks vajalikud vahendid k\u00f5igis ELi keeltes avatud viisil k\u00e4ttesaadavaks, kasutades \u00e4ra olemasolevaid Euroopa programme ja p\u00e4devusi. Vahendid, mis tehakse k\u00e4ttesaadavaks Euroopa ettev\u00f5tetele, h\u00f5lmavad k\u00f5iki etappe alates LLMide koolitamisest kuni nende vastavuse tagamiseni Euroopa \u00f5igusaktidele (tehisintellekti k\u00e4sitlev \u00f5igusakt, isikuandmete kaitse \u00fcldm\u00e4\u00e4rus jne).<\/p><p>ALT-EDICi \u00fcmber loodud konsortsium h\u00f5lmab 20 riigis tegutsevaid organisatsioone, mis tagab hea geograafilise ja keelelise katvuse. Projekti raames t\u00f6\u00f6tatakse v\u00e4lja erinevad asjakohased kasutusjuhtumid, et n\u00e4idata Euroopa osalejate suutlikkust teha koost\u00f6\u00f6d kohandatud vahendite loomiseks eri majandussektorite jaoks, ning tagatakse k\u00f5igi ELi keelte kaetus projekti jaoks vajalike andmekogumite loomise ja hankimise kaudu.<\/p><p>Projektiga pakutakse, sealhulgas kolmandatele isikutele antava rahalise toetuse kaudu, sihtotstarbelist toetust ja teenuseid, eelk\u00f5ige VKEdele, et h\u00f5lbustada olemasolevate mudelite viimistlemist.<\/p><p>Projekti rahastatakse digitaalse Euroopa programmist. See algas 2025. aasta m\u00e4rtsis ja kestis kolm aastat.<\/p><p>Lisateabe saamiseks k\u00fclastage <a href=\"https:\/\/www.llms4eu.eu\">LLMs4EU projekti veebisait.<\/a><\/p>\t\t\t\t\t\t\t\t<\/div>\n\t\t\t\t<\/div>\n\t\t\t\t\t<\/div>\n\t\t\t\t<\/div>\n\t\t\t\t<\/div>","protected":false},"excerpt":{"rendered":"<p>LLMs4EU Projekti LLMs4EU (Large Language Models for the European Union) koordineerib ALT-EDIC ja see toetab paljusid Euroopa LLM \u00f6kos\u00fcsteemi partnereid. See v\u00f5imaldab neil koguda keeleandmeid piisava kvaliteedi ja kvantiteediga, et luua suuri keele alusmudeleid ja mudeleid, mis on kohandatud konkreetsetele [...]<\/p>","protected":false},"author":1,"featured_media":0,"parent":9229,"menu_order":0,"comment_status":"closed","ping_status":"closed","template":"","meta":{"footnotes":""},"class_list":["post-10281","page","type-page","status-publish","hentry"],"aioseo_notices":[],"_links":{"self":[{"href":"http:\/\/www.alt-edic.eu\/et\/wp-json\/wp\/v2\/pages\/10281","targetHints":{"allow":["GET"]}}],"collection":[{"href":"http:\/\/www.alt-edic.eu\/et\/wp-json\/wp\/v2\/pages"}],"about":[{"href":"http:\/\/www.alt-edic.eu\/et\/wp-json\/wp\/v2\/types\/page"}],"author":[{"embeddable":true,"href":"http:\/\/www.alt-edic.eu\/et\/wp-json\/wp\/v2\/users\/1"}],"replies":[{"embeddable":true,"href":"http:\/\/www.alt-edic.eu\/et\/wp-json\/wp\/v2\/comments?post=10281"}],"version-history":[{"count":0,"href":"http:\/\/www.alt-edic.eu\/et\/wp-json\/wp\/v2\/pages\/10281\/revisions"}],"up":[{"embeddable":true,"href":"http:\/\/www.alt-edic.eu\/et\/wp-json\/wp\/v2\/pages\/9229"}],"wp:attachment":[{"href":"http:\/\/www.alt-edic.eu\/et\/wp-json\/wp\/v2\/media?parent=10281"}],"curies":[{"name":"wp","href":"https:\/\/api.w.org\/{rel}","templated":true}]}}