{"id":8760,"date":"2024-08-19T14:45:10","date_gmt":"2024-08-19T14:45:10","guid":{"rendered":"https:\/\/alt-edic.eu\/?page_id=8760"},"modified":"2024-12-13T10:43:51","modified_gmt":"2024-12-13T09:43:51","slug":"what-is-an-edic","status":"publish","type":"page","link":"http:\/\/www.alt-edic.eu\/es\/what-is-an-edic\/","title":{"rendered":"<p>\u00bfQu\u00e9 es un EDIC?<\/p>"},"content":{"rendered":"<div data-elementor-type=\"wp-page\" data-elementor-id=\"8760\" class=\"elementor elementor-8760\" data-elementor-post-type=\"page\">\n\t\t\t\t\t\t<section class=\"elementor-section elementor-top-section elementor-element elementor-element-6ce15b86 elementor-section-stretched elementor-section-boxed elementor-section-height-default elementor-section-height-default\" data-id=\"6ce15b86\" data-element_type=\"section\" data-e-type=\"section\" data-settings='{\"stretch_section\":\"section-stretched\",\"background_background\":\"gradient\"}'>\n\t\t\t\t\t\t<div class=\"elementor-container elementor-column-gap-extended\">\n\t\t\t\t\t<div class=\"elementor-column elementor-col-50 elementor-top-column elementor-element elementor-element-2b0ff17f\" data-id=\"2b0ff17f\" data-element_type=\"column\" data-e-type=\"column\">\n\t\t\t<div class=\"elementor-widget-wrap elementor-element-populated\">\n\t\t\t\t\t\t<div class=\"elementor-element elementor-element-7dfb564d elementor-widget elementor-widget-heading\" data-id=\"7dfb564d\" data-element_type=\"widget\" data-e-type=\"widget\" data-widget_type=\"heading.default\">\n\t\t\t\t<div class=\"elementor-widget-container\">\n\t\t\t\t\t<h1 class=\"elementor-heading-title elementor-size-default\">\u00bfQu\u00e9 es un EDIC?<\/h1>\t\t\t\t<\/div>\n\t\t\t\t<\/div>\n\t\t\t\t<div class=\"elementor-element elementor-element-49ebb3c5 elementor-widget elementor-widget-text-editor\" data-id=\"49ebb3c5\" data-element_type=\"widget\" data-e-type=\"widget\" data-widget_type=\"text-editor.default\">\n\t\t\t\t<div class=\"elementor-widget-container\">\n\t\t\t\t\t\t\t\t\t<div class=\"elementor-element elementor-element-e277c6 elementor-widget__width-initial elementor-widget elementor-widget-text-editor\" data-id=\"e277c6\" data-element_type=\"widget\" data-widget_type=\"text-editor.default\"><div class=\"elementor-widget-container\"><p>Un Consorcio Europeo de Infraestructuras Digitales (EDIC) es un tipo de estructura jur\u00eddica creada en el marco del programa estrat\u00e9gico de la D\u00e9cada Digital para 2030 con el fin de permitir a los Estados miembros de la UE poner en com\u00fan recursos de manera eficiente para aplicar una infraestructura digital conjunta.<\/p><\/div><\/div>\t\t\t\t\t\t\t\t<\/div>\n\t\t\t\t<\/div>\n\t\t\t\t\t<\/div>\n\t\t<\/div>\n\t\t\t\t<div class=\"elementor-column elementor-col-50 elementor-top-column elementor-element elementor-element-610ca725 elementor-hidden-tablet elementor-hidden-phone\" data-id=\"610ca725\" data-element_type=\"column\" data-e-type=\"column\">\n\t\t\t<div class=\"elementor-widget-wrap\">\n\t\t\t\t\t\t\t<\/div>\n\t\t<\/div>\n\t\t\t\t\t<\/div>\n\t\t<\/section>\n\t\t\t\t<section class=\"elementor-section elementor-top-section elementor-element elementor-element-1b631d26 elementor-section-stretched elementor-section-boxed elementor-section-height-default elementor-section-height-default\" data-id=\"1b631d26\" data-element_type=\"section\" data-e-type=\"section\" data-settings='{\"stretch_section\":\"section-stretched\"}'>\n\t\t\t\t\t\t<div class=\"elementor-container elementor-column-gap-extended\">\n\t\t\t\t\t<div class=\"elementor-column elementor-col-50 elementor-top-column elementor-element elementor-element-51bbcc16 elementor-invisible\" data-id=\"51bbcc16\" data-element_type=\"column\" data-e-type=\"column\" data-settings='{\"animation\":\"slide-left\",\"animation_delay\":200}'>\n\t\t\t<div class=\"elementor-widget-wrap elementor-element-populated\">\n\t\t\t\t\t\t<div class=\"elementor-element elementor-element-5669fbcf elementor-widget elementor-widget-text-editor\" data-id=\"5669fbcf\" data-element_type=\"widget\" data-e-type=\"widget\" data-widget_type=\"text-editor.default\">\n\t\t\t\t<div class=\"elementor-widget-container\">\n\t\t\t\t\t\t\t\t\t<p><span style=\"text-decoration: underline;\"><a href=\"https:\/\/digital-strategy.ec.europa.eu\/en\/policies\/edic\">Consorcios Europeos de Infraestructuras Digitales (EDIC)<\/a><\/span> se introdujeron en virtud del <span style=\"text-decoration: underline;\"><a href=\"https:\/\/eur-lex.europa.eu\/eli\/dec\/2022\/2481\/oj\">Decisi\u00f3n (UE) 2022\/2481 del Parlamento Europeo y del Consejo, de 14 de diciembre de 2022<\/a><\/span> por la que se establece el <span style=\"text-decoration: underline;\"><a href=\"https:\/\/digital-strategy.ec.europa.eu\/en\/library\/digital-decade-policy-programme-2030\">Programa estrat\u00e9gico de la D\u00e9cada Digital para 2030<\/a><\/span>.<\/p><p>El principal objetivo de los EDIC es proporcionar un marco jur\u00eddico para invertir en proyectos plurinacionales que, dada su magnitud, no pueden ser establecidos eficazmente por un solo Estado miembro. Por lo tanto, los EDIC facilitan la coordinaci\u00f3n de la financiaci\u00f3n y permiten el establecimiento r\u00e1pido y la ejecuci\u00f3n flexible de proyectos plurinacionales para crear incentivos para los Estados miembros, garantizando al mismo tiempo normas comunes e interoperabilidad.<\/p><p>Adem\u00e1s, los EDIC contribuyen a:<\/p>\t\t\t\t\t\t\t\t<\/div>\n\t\t\t\t<\/div>\n\t\t\t\t<div class=\"elementor-element elementor-element-77c7f869 elementor-widget elementor-widget-text-editor\" data-id=\"77c7f869\" data-element_type=\"widget\" data-e-type=\"widget\" data-widget_type=\"text-editor.default\">\n\t\t\t\t<div class=\"elementor-widget-container\">\n\t\t\t\t\t\t\t\t\t<ul><li>reforzar la excelencia tecnol\u00f3gica, el liderazgo, la innovaci\u00f3n y la competitividad de Europa en tecnolog\u00edas cr\u00edticas;<\/li><li>abordar y resolver las dependencias estrat\u00e9gicas de la Uni\u00f3n a lo largo de las cadenas de suministro digitales;<\/li><li>aumentar la disponibilidad y promover el uso de soluciones digitales seguras;<\/li><li>fomentar una transformaci\u00f3n digital inclusiva y sostenible de la econom\u00eda y la sociedad;<\/li><li>promover las capacidades digitales para los ciudadanos, fomentando una participaci\u00f3n equilibrada de g\u00e9nero en la educaci\u00f3n y las oportunidades profesionales.<\/li><\/ul>\t\t\t\t\t\t\t\t<\/div>\n\t\t\t\t<\/div>\n\t\t\t\t<div class=\"elementor-element elementor-element-ee8d3e2 elementor-widget elementor-widget-text-editor\" data-id=\"ee8d3e2\" data-element_type=\"widget\" data-e-type=\"widget\" data-widget_type=\"text-editor.default\">\n\t\t\t\t<div class=\"elementor-widget-container\">\n\t\t\t\t\t\t\t\t\t<p>Puede obtenerse m\u00e1s informaci\u00f3n sobre los EDIC <a href=\"https:\/\/digital-strategy.ec.europa.eu\/en\/policies\/edic\">aqu\u00ed<\/a>.<\/p><p>El ALT-EDIC es un EDIC dedicado a las tecnolog\u00edas del lenguaje. Permite aunar los recursos necesarios para desarrollar modelos ling\u00fc\u00edsticos de gran tama\u00f1o de una manera m\u00e1s eficiente de lo que cualquier pa\u00eds miembro podr\u00eda hacer por s\u00ed solo.<\/p>\t\t\t\t\t\t\t\t<\/div>\n\t\t\t\t<\/div>\n\t\t\t\t\t<\/div>\n\t\t<\/div>\n\t\t\t\t<div class=\"elementor-column elementor-col-50 elementor-top-column elementor-element elementor-element-df98f7c elementor-invisible\" data-id=\"df98f7c\" data-element_type=\"column\" data-e-type=\"column\" data-settings='{\"animation\":\"slide-left\",\"animation_delay\":200}'>\n\t\t\t<div class=\"elementor-widget-wrap elementor-element-populated\">\n\t\t\t\t\t\t<div class=\"elementor-element elementor-element-5ed9a92 elementor-widget elementor-widget-image\" data-id=\"5ed9a92\" data-element_type=\"widget\" data-e-type=\"widget\" data-widget_type=\"image.default\">\n\t\t\t\t<div class=\"elementor-widget-container\">\n\t\t\t\t\t\t\t\t\t\t\t\t\t\t\t<img fetchpriority=\"high\" decoding=\"async\" width=\"660\" height=\"371\" src=\"https:\/\/www.alt-edic.eu\/wp-content\/uploads\/2024\/10\/what-is-an-edic-1024x576.jpg\" class=\"attachment-large size-large wp-image-9172\" alt=\"Bandera europea con Edic\" srcset=\"https:\/\/www.alt-edic.eu\/wp-content\/uploads\/2024\/10\/what-is-an-edic-1024x576.jpg 1024w, https:\/\/www.alt-edic.eu\/wp-content\/uploads\/2024\/10\/what-is-an-edic-300x169.jpg 300w, https:\/\/www.alt-edic.eu\/wp-content\/uploads\/2024\/10\/what-is-an-edic-768x432.jpg 768w, https:\/\/www.alt-edic.eu\/wp-content\/uploads\/2024\/10\/what-is-an-edic-1536x864.jpg 1536w, https:\/\/www.alt-edic.eu\/wp-content\/uploads\/2024\/10\/what-is-an-edic-18x10.jpg 18w, https:\/\/www.alt-edic.eu\/wp-content\/uploads\/2024\/10\/what-is-an-edic.jpg 1920w\" sizes=\"(max-width: 660px) 100vw, 660px\">\t\t\t\t\t\t\t\t\t\t\t\t\t\t\t<\/div>\n\t\t\t\t<\/div>\n\t\t\t\t\t<\/div>\n\t\t<\/div>\n\t\t\t\t\t<\/div>\n\t\t<\/section>\n\t\t\t\t<\/div>","protected":false},"excerpt":{"rendered":"<p>\u00bfQu\u00e9 es un EDIC? Un Consorcio Europeo de Infraestructuras Digitales (EDIC) es un tipo de estructura jur\u00eddica creada en el marco del programa estrat\u00e9gico de la D\u00e9cada Digital para 2030 con el fin de permitir a los Estados miembros de la UE poner en com\u00fan recursos de manera eficiente para aplicar una infraestructura digital conjunta. Los Consorcios de Infraestructuras Digitales Europeas (EDIC) se introdujeron en virtud de la Decisi\u00f3n (UE) 2022\/2481 del [\u2026]<\/p>","protected":false},"author":1,"featured_media":0,"parent":0,"menu_order":0,"comment_status":"closed","ping_status":"closed","template":"","meta":{"footnotes":""},"class_list":["post-8760","page","type-page","status-publish","hentry"],"aioseo_notices":[],"_links":{"self":[{"href":"http:\/\/www.alt-edic.eu\/es\/wp-json\/wp\/v2\/pages\/8760","targetHints":{"allow":["GET"]}}],"collection":[{"href":"http:\/\/www.alt-edic.eu\/es\/wp-json\/wp\/v2\/pages"}],"about":[{"href":"http:\/\/www.alt-edic.eu\/es\/wp-json\/wp\/v2\/types\/page"}],"author":[{"embeddable":true,"href":"http:\/\/www.alt-edic.eu\/es\/wp-json\/wp\/v2\/users\/1"}],"replies":[{"embeddable":true,"href":"http:\/\/www.alt-edic.eu\/es\/wp-json\/wp\/v2\/comments?post=8760"}],"version-history":[{"count":0,"href":"http:\/\/www.alt-edic.eu\/es\/wp-json\/wp\/v2\/pages\/8760\/revisions"}],"wp:attachment":[{"href":"http:\/\/www.alt-edic.eu\/es\/wp-json\/wp\/v2\/media?parent=8760"}],"curies":[{"name":"wp","href":"https:\/\/api.w.org\/{rel}","templated":true}]}}