{"id":3,"date":"2024-08-18T14:41:06","date_gmt":"2024-08-18T14:41:06","guid":{"rendered":"https:\/\/alt-edic.eu\/?page_id=3"},"modified":"2024-12-13T10:53:32","modified_gmt":"2024-12-13T09:53:32","slug":"privacy-policy","status":"publish","type":"page","link":"http:\/\/www.alt-edic.eu\/es\/privacy-policy\/","title":{"rendered":"<p>Pol\u00edtica de privacidad<\/p>"},"content":{"rendered":"<p><p>Cualquier tratamiento de datos personales del sitio web alt-edic.eu se lleva a cabo de conformidad con la normativa (UE) 2016\/679 del Parlamento Europeo y del Consejo de 27 de abril de 2016 (conocida como RGPD) y la Ley francesa n.o 78-17 de 6 de enero de 1978 relativa a las tecnolog\u00edas de la informaci\u00f3n, los archivos y las libertades.<\/p><h2 class=\"wp-block-heading\">Gesti\u00f3n de cookies<\/h2><p>Cuando usted visita el <strong>alt-edic.eu <\/strong>En este sitio web, se pueden colocar cookies en su computadora, tel\u00e9fono celular o tableta. Cuando accede al sitio, se muestra un banner para indicar la presencia de cookies, que le da la opci\u00f3n de aceptarlas, rechazarlas o administrar sus preferencias cookie por cookie.<\/p><p>Se utilizan dos tipos de cookies:<\/p><ul class=\"wp-block-list\">\n<li>Cookies necesarias para el correcto funcionamiento del sitio, que no almacenan ning\u00fan dato personal y por lo tanto, de acuerdo con las recomendaciones de la CNIL, no requieren consentimiento previo. Estas cookies se activan directamente, incluso sin ninguna acci\u00f3n positiva por parte del usuario.<\/li>\n\n\n\n<li>Cookies de medici\u00f3n de audiencia recopiladas con la herramienta de an\u00e1lisis de tr\u00e1fico Matomo (versi\u00f3n de c\u00f3digo abierto disponible en <a href=\"https:\/\/fr.matomo.org\/\">https:\/\/fr.matomo.org\/<\/a>): Estas cookies almacenan datos personales (direcci\u00f3n IP, ubicaci\u00f3n). Estos datos se almacenan en el servidor OVH (servidor ubicado en Francia por un host franc\u00e9s) y se conservan durante un per\u00edodo de 6 meses. Estas cookies solo se utilizan para medir estad\u00edsticas an\u00f3nimas sobre el tr\u00e1fico y el uso del sitio, con fines de monitoreo y mejora del servicio. No se utilizan para rastrear los h\u00e1bitos de navegaci\u00f3n del usuario en otros sitios. La recogida de estas cookies est\u00e1 sujeta a la aceptaci\u00f3n por parte del usuario del banner que aparece cuando se abre el sitio.<\/li>\n<\/ul><p>El sitio tambi\u00e9n ofrece funcionalidades para compartir en la red social LinkedIn. A este respecto, tenga en cuenta que es probable que el uso de las funciones ofrecidas por esta red social genere cookies administradas y depositadas por el sitio de LinkedIn. Estas cookies solo se pueden depositar cuando se utilizan funcionalidades de LinkedIn, en particular, en el contexto de <strong>alt-edic.eu<\/strong>, al compartir en LinkedIn. Le invitamos a leer la pol\u00edtica de gesti\u00f3n de cookies de LinkedIn. La vida \u00fatil de estas cookies no supera los 13 meses.<\/p><p>Puede rechazar el uso de cookies que no est\u00e1n exentas de consentimiento, o deshabilitar su almacenamiento en su computadora:<\/p><ul class=\"wp-block-list\">\n<li>Cuando utiliza el sitio por primera vez, haciendo clic en el banner de administraci\u00f3n de cookies, que le permite aceptar o rechazar todas las cookies, o administrar sus preferencias.<\/li>\n\n\n\n<li>En cualquier momento haciendo clic en el bot\u00f3n \u00abcookies\u00bb en la parte inferior de la p\u00e1gina.<\/li>\n\n\n\n<li>En cualquier momento utilizando la configuraci\u00f3n de su navegador: utilizando la funci\u00f3n espec\u00edfica \u00abno rastrear\u00bb de su navegador.<\/li>\n<\/ul><h2 class=\"wp-block-heading\">Ejercer sus derechos<\/h2><p>Tiene derecho a acceder, rectificar, oponerse y eliminar sus datos personales en cualquier momento.<\/p><p>Para cualquier informaci\u00f3n o para ejercer sus derechos (derecho de acceso, rectificaci\u00f3n o eliminaci\u00f3n, derecho a limitar el procesamiento, derecho a la portabilidad de datos y derecho a oponerse) en relaci\u00f3n con el procesamiento de datos personales por parte de ALT-EDIC y sus diversos departamentos, puede ponerse en contacto con nuestro Delegado de Protecci\u00f3n de Datos (DPO) en la siguiente direcci\u00f3n: dpdalt-edic.eu.<\/p><p>Tambi\u00e9n puede ponerse en contacto con el Delegado de Protecci\u00f3n de Datos (DPO) por correo postal en la siguiente direcci\u00f3n:<br>ALT-EDIC<br>A la atenci\u00f3n del delegado de protecci\u00f3n de datos (RPD)<br>1 lugar Aristide Briand<br>02600 Villers-Cotter\u00eats<br>Francia<\/p><p>Tambi\u00e9n tiene derecho a presentar una reclamaci\u00f3n ante la autoridad de control competente (<a href=\"https:\/\/www.cnil.fr\/fr\" title=\"\">CNIL<\/a>) si considera que ALT-EDIC no ha respetado sus derechos. Obtenga m\u00e1s informaci\u00f3n sobre sus derechos: <a href=\"https:\/\/www.cnil.fr\/fr\/reglement-europeen-protection-donnees\/chapitre3\" title=\"\">CNIL \u2013 Droits de la personne<\/a> (en franc\u00e9s)<\/p><h2 class=\"wp-block-heading\">Marca comercial<\/h2><p>La marca comercial del Alt-Edic as\u00ed como su logotipo son marcas comerciales protegidas por un derecho de propiedad industrial.<\/p><p>Por lo tanto, cualquier reproducci\u00f3n total o parcial de esta marca y su logotipo sin la autorizaci\u00f3n expresa de los titulares de los derechos est\u00e1 estrictamente prohibida y constituye un delito de falsificaci\u00f3n en el sentido del C\u00f3digo de la Propiedad Intelectual.<\/p><h2 class=\"wp-block-heading\">Contenido e im\u00e1genes textuales<\/h2><p>Todos los contenidos e im\u00e1genes textuales ofrecidos en el sitio web de Alt-Edic son propiedad de Alt-Edic.<br>Por lo tanto, cualquier reproducci\u00f3n total o parcial de estos textos e im\u00e1genes sin la autorizaci\u00f3n expresa de sus titulares de derechos est\u00e1 estrictamente prohibida y constituye un delito de falsificaci\u00f3n en el sentido del C\u00f3digo de Propiedad Intelectual.<\/p><h2 class=\"wp-block-heading\">Hiperv\u00ednculos<\/h2><ul class=\"wp-block-list\">\n<li>1. Enlaces salientes de Alt-Edic<\/li>\n<\/ul><p>Alt-Edic proporciona hiperv\u00ednculos profundos que apuntan a sitios de terceros. Estos enlaces o referencias no constituyen una aprobaci\u00f3n o validaci\u00f3n de su contenido. El Alt-Edic no ser\u00e1 en ning\u00fan caso responsable del contenido de dichos sitios web, y no ser\u00e1 responsable de ning\u00fan da\u00f1o o perjuicio derivado de los mismos.<\/p><p>Los hiperv\u00ednculos profundos a otros sitios se ofrecen a los Usuarios \u00fanicamente por conveniencia y no dan lugar a ninguna obligaci\u00f3n de ning\u00fan tipo a expensas de Alt-Edic, que no tiene medios de monitoreo y vigilancia de los sitios a los que se hace referencia o sus evoluciones y actualizaciones. Los usuarios deben consultar los avisos legales y las condiciones generales de uso de los sitios de las instituciones asociadas.<\/p><ul class=\"wp-block-list\">\n<li>2. Enlaces al Alt-Edic<\/li>\n<\/ul><p>La creaci\u00f3n de enlaces de hipertexto hacia una p\u00e1gina de Alt-Edic es gratuita siempre que no afecte a los intereses materiales o morales de Alt-Edic y no cree confusi\u00f3n sobre la fuente de los Servicios y \/ o Contenidos.<\/p><h2 class=\"wp-block-heading\">Responsabilidad y erratas<\/h2><p>La informaci\u00f3n mostrada en el sitio web de Alt-Edic es solo con fines informativos. Se puede modificar en cualquier momento y sin previo aviso.<\/p><p>El Alt-Edic no se hace responsable de los da\u00f1os directos o indirectos, predecibles o impredecibles, tales como la p\u00e9rdida de ganancias o beneficios, p\u00e9rdida de datos, p\u00e9rdida de equipos y costos de reparaci\u00f3n, recuperaci\u00f3n o reproducci\u00f3n resultantes del uso y \/ o la imposibilidad de utilizar los servicios y contenidos del sitio.<\/p><p>A pesar del cuidado y las verificaciones del equipo a cargo del Alt-Edic, pueden persistir errores, errores u omisiones no intencionales. Si desea enviarnos sus comentarios o quejas, puede ponerse en contacto con nosotros en la siguiente direcci\u00f3n:<br>ALT-EDIC<br>1 lugar Aristide Briand<br>02600 Villers-Cotter\u00eats<br>Francia<\/p><p><\/p><\/p>","protected":false},"excerpt":{"rendered":"<p>Cualquier tratamiento de datos personales del sitio web alt-edic.eu se lleva a cabo de conformidad con la normativa (UE) 2016\/679 del Parlamento Europeo y del Consejo de 27 de abril de 2016 (conocida como RGPD) y la Ley francesa n.o 78-17 de 6 de enero de 1978 relativa a las tecnolog\u00edas de la informaci\u00f3n, los archivos y las libertades. Gesti\u00f3n de cookies Cuando [...]<\/p>","protected":false},"author":1,"featured_media":0,"parent":0,"menu_order":0,"comment_status":"closed","ping_status":"closed","template":"","meta":{"footnotes":""},"class_list":["post-3","page","type-page","status-publish","hentry"],"aioseo_notices":[],"_links":{"self":[{"href":"http:\/\/www.alt-edic.eu\/es\/wp-json\/wp\/v2\/pages\/3","targetHints":{"allow":["GET"]}}],"collection":[{"href":"http:\/\/www.alt-edic.eu\/es\/wp-json\/wp\/v2\/pages"}],"about":[{"href":"http:\/\/www.alt-edic.eu\/es\/wp-json\/wp\/v2\/types\/page"}],"author":[{"embeddable":true,"href":"http:\/\/www.alt-edic.eu\/es\/wp-json\/wp\/v2\/users\/1"}],"replies":[{"embeddable":true,"href":"http:\/\/www.alt-edic.eu\/es\/wp-json\/wp\/v2\/comments?post=3"}],"version-history":[{"count":0,"href":"http:\/\/www.alt-edic.eu\/es\/wp-json\/wp\/v2\/pages\/3\/revisions"}],"wp:attachment":[{"href":"http:\/\/www.alt-edic.eu\/es\/wp-json\/wp\/v2\/media?parent=3"}],"curies":[{"name":"wp","href":"https:\/\/api.w.org\/{rel}","templated":true}]}}