{"id":3,"date":"2024-08-18T14:41:06","date_gmt":"2024-08-18T14:41:06","guid":{"rendered":"https:\/\/alt-edic.eu\/?page_id=3"},"modified":"2024-12-13T10:53:32","modified_gmt":"2024-12-13T09:53:32","slug":"privacy-policy","status":"publish","type":"page","link":"http:\/\/www.alt-edic.eu\/de\/privacy-policy\/","title":{"rendered":"<p>Datenschutzerkl\u00e4rung<\/p>"},"content":{"rendered":"<p><p>Jede Verarbeitung personenbezogener Daten von der Website alt-edic.eu erfolgt in \u00dcbereinstimmung mit den Verordnungen (EU) 2016\/679 des Europ\u00e4ischen Parlaments und des Rates vom 27. April 2016 (bekannt als RGPD) und dem franz\u00f6sischen Gesetz Nr. 78-17 vom 6. Januar 1978 \u00fcber Informationstechnologie, Dateien und Freiheiten.<\/p><h2 class=\"wp-block-heading\">Verwaltung von Cookies<\/h2><p>Wenn Sie die <strong>alt-edic.eu <\/strong>Cookies k\u00f6nnen auf Ihrem Computer, Handy oder Tablet platziert werden. Wenn Sie auf die Website zugreifen, wird ein Banner angezeigt, das das Vorhandensein von Cookies anzeigt und Ihnen die M\u00f6glichkeit gibt, diese zu akzeptieren, abzulehnen oder Ihre Pr\u00e4ferenzen per Cookie zu verwalten.<\/p><p>Es werden zwei Arten von Cookies verwendet:<\/p><ul class=\"wp-block-list\">\n<li>Cookies, die f\u00fcr den ordnungsgem\u00e4\u00dfen Betrieb der Website erforderlich sind, die keine personenbezogenen Daten speichern und daher gem\u00e4\u00df den CNIL-Empfehlungen keine vorherige Zustimmung erfordern. Diese Cookies werden direkt aktiviert, auch ohne positive Wirkung seitens des Nutzers.<\/li>\n\n\n\n<li>Cookies zur Publikumsmessung, die mit dem Matomo-Verkehrsanalysetool gesammelt werden (offene Codeversion verf\u00fcgbar unter <a href=\"https:\/\/fr.matomo.org\/\">https:\/\/fr.matomo.org\/<\/a>): Diese Cookies speichern personenbezogene Daten (IP-Adresse, Standort). Diese Daten werden auf dem OVH-Server (Server in Frankreich von einem franz\u00f6sischen Host) gespeichert und f\u00fcr einen Zeitraum von 6 Monaten aufbewahrt. Diese Cookies werden nur verwendet, um anonyme Statistiken \u00fcber den Website-Traffic und die Nutzung zu messen, zu \u00dcberwachungs- und Serviceverbesserungszwecken. Sie werden nicht verwendet, um die Surfgewohnheiten des Nutzers auf anderen Websites zu verfolgen. Die Erfassung dieser Cookies setzt voraus, dass der Benutzer das Banner akzeptiert, das beim \u00d6ffnen der Website erscheint.<\/li>\n<\/ul><p>Die Website bietet auch Sharing-Funktionen auf dem sozialen Netzwerk LinkedIn. Bitte beachten Sie in diesem Zusammenhang, dass die Nutzung der von diesem sozialen Netzwerk angebotenen Funktionen wahrscheinlich Cookies erzeugt, die von der LinkedIn-Website verwaltet und abgelegt werden. Diese Cookies d\u00fcrfen nur bei der Nutzung von LinkedIn-Funktionalit\u00e4ten abgelegt werden, insbesondere im Rahmen von <strong>alt-edic.eu<\/strong>, wenn Sie auf LinkedIn teilen. Wir laden Sie ein, die Cookie-Management-Richtlinie von LinkedIn zu lesen. Die Lebensdauer dieser Cookies betr\u00e4gt nicht mehr als 13 Monate.<\/p><p>Sie k\u00f6nnen die Verwendung von Cookies ablehnen, die nicht von der Zustimmung ausgenommen sind, oder deren Speicherung auf Ihrem Computer deaktivieren:<\/p><ul class=\"wp-block-list\">\n<li>Wenn Sie die Website zum ersten Mal nutzen, klicken Sie auf das Cookie-Management-Banner, mit dem Sie alle Cookies akzeptieren oder ablehnen oder Ihre Pr\u00e4ferenzen verwalten k\u00f6nnen.<\/li>\n\n\n\n<li>Klicken Sie jederzeit auf die Schaltfl\u00e4che \u201eCookies\u201c am unteren Rand der Seite.<\/li>\n\n\n\n<li>Zu jeder Zeit \u00fcber Ihre Browser-Einstellungen: \u00fcber die spezielle \u201eDo Not Track\u201c-Funktion Ihres Browsers.<\/li>\n<\/ul><h2 class=\"wp-block-heading\">Aus\u00fcbung Ihrer Rechte<\/h2><p>Sie haben jederzeit das Recht auf Auskunft, Berichtigung, Widerspruch und L\u00f6schung Ihrer personenbezogenen Daten.<\/p><p>F\u00fcr Informationen oder zur Aus\u00fcbung Ihrer Rechte (Recht auf Auskunft, Berichtigung oder L\u00f6schung, Recht auf Einschr\u00e4nkung der Verarbeitung, Recht auf Daten\u00fcbertragbarkeit und Widerspruchsrecht) in Bezug auf die Verarbeitung personenbezogener Daten durch ALT-EDIC und seine verschiedenen Abteilungen k\u00f6nnen Sie sich an unseren Datenschutzbeauftragten (DSB) unter folgender Adresse wenden: dpdalt-edic.eu.<\/p><p>Sie k\u00f6nnen sich auch per Post an den Datenschutzbeauftragten (DSB) unter folgender Adresse wenden:<br>ALT-EDIC<br>Zu H\u00e4nden des Datenschutzbeauftragten (DSB)<br>1 Ort Aristide Briand<br>02600 Villers-Cotter\u00eats<br>Frankreich<\/p><p>Sie haben auch das Recht, eine Beschwerde bei der zust\u00e4ndigen Aufsichtsbeh\u00f6rde einzureichen (<a href=\"https:\/\/www.cnil.fr\/fr\" title=\"\">CNIL<\/a>) wenn Sie der Ansicht sind, dass ALT-EDIC Ihre Rechte nicht respektiert hat. Erfahren Sie mehr \u00fcber Ihre Rechte: <a href=\"https:\/\/www.cnil.fr\/fr\/reglement-europeen-protection-donnees\/chapitre3\" title=\"\">CNIL \u2013 Droits de la personne<\/a> (auf Franz\u00f6sisch)<\/p><h2 class=\"wp-block-heading\">Markenzeichen<\/h2><p>Die Marke der Alt-Edic sowie ihr Logo sind markenrechtlich gesch\u00fctzt.<\/p><p>Jede vollst\u00e4ndige oder teilweise Vervielf\u00e4ltigung dieser Marke und ihres Logos ohne ausdr\u00fcckliche Genehmigung der Rechteinhaber ist daher strengstens untersagt und stellt eine F\u00e4lschungsdelikt im Sinne des Gesetzes \u00fcber geistiges Eigentum dar.<\/p><h2 class=\"wp-block-heading\">Text und Bilder<\/h2><p>Alle auf der Website von Alt-Edic angebotenen Texte und Bilder sind Eigentum von Alt-Edic.<br>Jede vollst\u00e4ndige oder teilweise Vervielf\u00e4ltigung dieser Texte und Bilder ohne ausdr\u00fcckliche Genehmigung ihrer Rechteinhaber ist daher strengstens untersagt und stellt eine F\u00e4lschungshandlung im Sinne des Gesetzes \u00fcber geistiges Eigentum dar.<\/p><h2 class=\"wp-block-heading\">Hyperlinks<\/h2><ul class=\"wp-block-list\">\n<li>1. Ausgehende Links von Alt-Edic<\/li>\n<\/ul><p>Alt-Edic bietet tiefe Hyperlinks, die auf Websites von Drittanbietern verweisen. Diese Links oder Verweise stellen keine Billigung oder Validierung ihrer Inhalte dar. Das Alt-Edic haftet in keinem Fall f\u00fcr den Inhalt solcher Websites und haftet nicht f\u00fcr Sch\u00e4den oder Sch\u00e4den, die sich daraus ergeben.<\/p><p>Tiefe Hyperlinks zu anderen Websites werden den Nutzern ausschlie\u00dflich zur Bequemlichkeit angeboten und begr\u00fcnden keinerlei Verpflichtung auf Kosten von Alt-Edic, das keine Mittel zur \u00dcberwachung und \u00dcberwachung der so referenzierten Websites oder ihrer Entwicklungen und Aktualisierungen hat. Die Nutzer m\u00fcssen sich auf die rechtlichen Hinweise und allgemeinen Nutzungsbedingungen der Websites der Partnerinstitutionen beziehen.<\/p><ul class=\"wp-block-list\">\n<li>2. Links zum Alt-Edic<\/li>\n<\/ul><p>Die Erstellung von Hypertext-Links zu einer Seite von Alt-Edic ist kostenlos, sofern sie die materiellen oder moralischen Interessen von Alt-Edic nicht beeintr\u00e4chtigt und keine Verwirrung \u00fcber die Quelle der Dienste und \/ oder Inhalte schafft.<\/p><h2 class=\"wp-block-heading\">Haftung und Erratum<\/h2><p>Die auf der Alt-Edic-Website angezeigten Informationen dienen nur zu Informationszwecken. Sie kann jederzeit und ohne Vorank\u00fcndigung ge\u00e4ndert werden.<\/p><p>Alt-Edic haftet nicht f\u00fcr direkte oder indirekte, vorhersehbare oder unvorhersehbare Sch\u00e4den, wie entgangene Einnahmen oder Gewinne, Datenverlust, Ger\u00e4teverlust und Reparaturkosten, Wiederherstellung oder Vervielf\u00e4ltigung, die sich aus der Nutzung und\/oder Unm\u00f6glichkeit der Nutzung der Dienste und Inhalte der Website ergeben.<\/p><p>Trotz der Sorgfalt und \u00dcberpr\u00fcfungen des Alt-Edic-Teams k\u00f6nnen Fehler, Bugs oder unbeabsichtigte Auslassungen bestehen bleiben. Wenn Sie uns Ihre Kommentare oder Beschwerden zukommen lassen m\u00f6chten, k\u00f6nnen Sie uns unter folgender Adresse kontaktieren:<br>ALT-EDIC<br>1 Ort Aristide Briand<br>02600 Villers-Cotter\u00eats<br>Frankreich<\/p><p><\/p><\/p>","protected":false},"excerpt":{"rendered":"<p>Jede Verarbeitung personenbezogener Daten von der Website alt-edic.eu erfolgt in \u00dcbereinstimmung mit den Verordnungen (EU) 2016\/679 des Europ\u00e4ischen Parlaments und des Rates vom 27. April 2016 (bekannt als RGPD) und dem franz\u00f6sischen Gesetz Nr. 78-17 vom 6. Januar 1978 \u00fcber Informationstechnologie, Dateien und Freiheiten. Cookie-Management Wenn Sie [...]<\/p>","protected":false},"author":1,"featured_media":0,"parent":0,"menu_order":0,"comment_status":"closed","ping_status":"closed","template":"","meta":{"footnotes":""},"class_list":["post-3","page","type-page","status-publish","hentry"],"aioseo_notices":[],"_links":{"self":[{"href":"http:\/\/www.alt-edic.eu\/de\/wp-json\/wp\/v2\/pages\/3","targetHints":{"allow":["GET"]}}],"collection":[{"href":"http:\/\/www.alt-edic.eu\/de\/wp-json\/wp\/v2\/pages"}],"about":[{"href":"http:\/\/www.alt-edic.eu\/de\/wp-json\/wp\/v2\/types\/page"}],"author":[{"embeddable":true,"href":"http:\/\/www.alt-edic.eu\/de\/wp-json\/wp\/v2\/users\/1"}],"replies":[{"embeddable":true,"href":"http:\/\/www.alt-edic.eu\/de\/wp-json\/wp\/v2\/comments?post=3"}],"version-history":[{"count":0,"href":"http:\/\/www.alt-edic.eu\/de\/wp-json\/wp\/v2\/pages\/3\/revisions"}],"wp:attachment":[{"href":"http:\/\/www.alt-edic.eu\/de\/wp-json\/wp\/v2\/media?parent=3"}],"curies":[{"name":"wp","href":"https:\/\/api.w.org\/{rel}","templated":true}]}}