{"id":8933,"date":"2024-10-02T20:59:20","date_gmt":"2024-10-02T20:59:20","guid":{"rendered":"https:\/\/alt-edic.eu\/?page_id=8933"},"modified":"2024-12-04T21:29:36","modified_gmt":"2024-12-04T21:29:36","slug":"accessibility","status":"publish","type":"page","link":"http:\/\/www.alt-edic.eu\/da\/accessibility\/","title":{"rendered":"<p>Tilg\u00e6ngelighed<\/p>"},"content":{"rendered":"<div data-elementor-type=\"wp-page\" data-elementor-id=\"8933\" class=\"elementor elementor-8933\" data-elementor-post-type=\"page\">\n\t\t\t\t\t\t<section class=\"elementor-section elementor-top-section elementor-element elementor-element-1ad265a8 elementor-section-stretched elementor-section-boxed elementor-section-height-default elementor-section-height-default\" data-id=\"1ad265a8\" data-element_type=\"section\" data-e-type=\"section\" data-settings='{\"stretch_section\":\"section-stretched\",\"background_background\":\"gradient\"}'>\n\t\t\t\t\t\t<div class=\"elementor-container elementor-column-gap-extended\">\n\t\t\t\t\t<div class=\"elementor-column elementor-col-50 elementor-top-column elementor-element elementor-element-6150afc3\" data-id=\"6150afc3\" data-element_type=\"column\" data-e-type=\"column\">\n\t\t\t<div class=\"elementor-widget-wrap elementor-element-populated\">\n\t\t\t\t\t\t<div class=\"elementor-element elementor-element-4318ea5e elementor-widget elementor-widget-heading\" data-id=\"4318ea5e\" data-element_type=\"widget\" data-e-type=\"widget\" data-widget_type=\"heading.default\">\n\t\t\t\t<div class=\"elementor-widget-container\">\n\t\t\t\t\t<h1 class=\"elementor-heading-title elementor-size-default\">Erkl\u00e6ring om tilg\u00e6ngelighed<\/h1>\t\t\t\t<\/div>\n\t\t\t\t<\/div>\n\t\t\t\t<div class=\"elementor-element elementor-element-6825d15e elementor-widget elementor-widget-text-editor\" data-id=\"6825d15e\" data-element_type=\"widget\" data-e-type=\"widget\" data-widget_type=\"text-editor.default\">\n\t\t\t\t<div class=\"elementor-widget-container\">\n\t\t\t\t\t\t\t\t\t<p>ALT-EDIC forpligter sig til at g\u00f8re sit websted tilg\u00e6ngeligt i overensstemmelse med artikel 47 i lov nr. 2005-102 af 11. februar 2005.<\/p>\t\t\t\t\t\t\t\t<\/div>\n\t\t\t\t<\/div>\n\t\t\t\t\t<\/div>\n\t\t<\/div>\n\t\t\t\t<div class=\"elementor-column elementor-col-50 elementor-top-column elementor-element elementor-element-745957b9 elementor-hidden-tablet elementor-hidden-phone\" data-id=\"745957b9\" data-element_type=\"column\" data-e-type=\"column\">\n\t\t\t<div class=\"elementor-widget-wrap\">\n\t\t\t\t\t\t\t<\/div>\n\t\t<\/div>\n\t\t\t\t\t<\/div>\n\t\t<\/section>\n\t\t\t\t<section class=\"elementor-section elementor-top-section elementor-element elementor-element-283d2e88 elementor-section-stretched elementor-section-boxed elementor-section-height-default elementor-section-height-default\" data-id=\"283d2e88\" data-element_type=\"section\" data-e-type=\"section\" data-settings='{\"stretch_section\":\"section-stretched\"}'>\n\t\t\t\t\t\t<div class=\"elementor-container elementor-column-gap-extended\">\n\t\t\t\t\t<div class=\"elementor-column elementor-col-100 elementor-top-column elementor-element elementor-element-421f4ab elementor-invisible\" data-id=\"421f4ab\" data-element_type=\"column\" data-e-type=\"column\" data-settings='{\"animation\":\"slide-left\",\"animation_delay\":200}'>\n\t\t\t<div class=\"elementor-widget-wrap elementor-element-populated\">\n\t\t\t\t\t\t<div class=\"elementor-element elementor-element-c7e5855 elementor-widget elementor-widget-text-editor\" data-id=\"c7e5855\" data-element_type=\"widget\" data-e-type=\"widget\" data-widget_type=\"text-editor.default\">\n\t\t\t\t<div class=\"elementor-widget-container\">\n\t\t\t\t\t\t\t\t\t<p>Denne tilg\u00e6ngelighedserkl\u00e6ring g\u00e6lder for \u00e0 https:\/\/alt-edic.eu\/.<\/p>\n<h2>Bestemmelser om overholdelse<\/h2>\n<p><span class=\"Y2IQFc\" lang=\"en\">Der er endnu ikke foretaget nogen revision.<\/span><\/p>\n<p>https:\/\/alt-edic.eu\/ er ikke i overensstemmelse med registret til forbedring af tilg\u00e6ngeligheden (<em>RGAA<\/em>), version 4.1.2.<\/p>\n<p><span class=\"Y2IQFc\" lang=\"en\">En juridisk-kritisk revision er godt planlagt, og status for overholdelse vil snart blive opdateret.<\/span><\/p>\n<ul>\n<\/ul>\n<h2>Feedback og kontakt<\/h2>\n<p>Hvis du ikke kan f\u00e5 adgang til et indhold eller en tjeneste, kan du kontakte den person, der er ansvarlig for at blive dirigeret til et tilg\u00e6ngeligt alternativ eller f\u00e5 indholdet i en anden form.<\/p>\n<ul>\n<li>Send en besked til contact@alt-edic.eu<\/li>\n<\/ul>\n<h2>Appelmuligheder<\/h2>\n<p>Denne procedure b\u00f8r anvendes i f\u00f8lgende tilf\u00e6lde. Du har underrettet webstedsadministratoren om et tilg\u00e6ngelighedsproblem, der forhindrer dig i at f\u00e5 adgang til indhold eller tjenester p\u00e5 portalen, og du har ikke modtaget et tilfredsstillende svar.<\/p>\n<ul>\n<li>Skriv en besked til rettighedsfork\u00e6mperen (https:\/\/www.defenseurdesdroits.fr\/nous-contacter-355)<\/li>\n<li>Kontakt din lokale rettighedsfork\u00e6mper (https:\/\/www.defenseurdesdroits.fr\/carte-des-delegues)<\/li>\n<li>Send et brev med posten (gratis, brug ikke frim\u00e6rker): <br>D\u00e9fenseur des droits <br>Libre r\u00e9ponse <br>71120 75342 <br>Paris CEDEX 07<\/li>\n<\/ul>\t\t\t\t\t\t\t\t<\/div>\n\t\t\t\t<\/div>\n\t\t\t\t\t<\/div>\n\t\t<\/div>\n\t\t\t\t\t<\/div>\n\t\t<\/section>\n\t\t\t\t<\/div>","protected":false},"excerpt":{"rendered":"<p>ALT-EDIC forpligter sig til at g\u00f8re sit websted tilg\u00e6ngeligt i overensstemmelse med artikel 47 i lov nr. 2005-102 af 11. februar 2005. Denne tilg\u00e6ngelighedserkl\u00e6ring g\u00e6lder for \u00e0 https:\/\/alt-edic.eu\/. Der er endnu ikke foretaget nogen revision. https:\/\/alt-edic.eu\/ er ikke i overensstemmelse med General Accessibility Improvement Repository (RGAA), version 4.1.2. En juridisk-kritisk revision er [\u2026]<\/p>","protected":false},"author":1,"featured_media":0,"parent":0,"menu_order":0,"comment_status":"closed","ping_status":"closed","template":"","meta":{"footnotes":""},"class_list":["post-8933","page","type-page","status-publish","hentry"],"aioseo_notices":[],"_links":{"self":[{"href":"http:\/\/www.alt-edic.eu\/da\/wp-json\/wp\/v2\/pages\/8933","targetHints":{"allow":["GET"]}}],"collection":[{"href":"http:\/\/www.alt-edic.eu\/da\/wp-json\/wp\/v2\/pages"}],"about":[{"href":"http:\/\/www.alt-edic.eu\/da\/wp-json\/wp\/v2\/types\/page"}],"author":[{"embeddable":true,"href":"http:\/\/www.alt-edic.eu\/da\/wp-json\/wp\/v2\/users\/1"}],"replies":[{"embeddable":true,"href":"http:\/\/www.alt-edic.eu\/da\/wp-json\/wp\/v2\/comments?post=8933"}],"version-history":[{"count":0,"href":"http:\/\/www.alt-edic.eu\/da\/wp-json\/wp\/v2\/pages\/8933\/revisions"}],"wp:attachment":[{"href":"http:\/\/www.alt-edic.eu\/da\/wp-json\/wp\/v2\/media?parent=8933"}],"curies":[{"name":"wp","href":"https:\/\/api.w.org\/{rel}","templated":true}]}}