{"id":3,"date":"2024-08-18T14:41:06","date_gmt":"2024-08-18T14:41:06","guid":{"rendered":"https:\/\/alt-edic.eu\/?page_id=3"},"modified":"2024-12-13T10:53:32","modified_gmt":"2024-12-13T09:53:32","slug":"privacy-policy","status":"publish","type":"page","link":"http:\/\/www.alt-edic.eu\/da\/privacy-policy\/","title":{"rendered":"<p>Fortrolighedspolitik<\/p>"},"content":{"rendered":"<p><p>Enhver behandling af personoplysninger fra webstedet alt-edic.eu udf\u00f8res i overensstemmelse med Europa-Parlamentets og R\u00e5dets forordning (EU) 2016\/679 af 27. april 2016 (kendt som RGPD) og fransk lov nr. 78-17 af 6. januar 1978 om informationsteknologi, filer og friheder.<\/p><h2 class=\"wp-block-heading\">H\u00e5ndtering af cookies<\/h2><p>N\u00e5r du bes\u00f8ger <strong>alt-edic.eu <\/strong>Cookies kan blive placeret p\u00e5 din computer, mobiltelefon eller tablet. N\u00e5r du f\u00e5r adgang til webstedet, vises et banner for at angive tilstedev\u00e6relsen af cookies, hvilket giver dig mulighed for at acceptere dem, afvise dem eller administrere dine pr\u00e6ferencer cookie ved cookie.<\/p><p>Der anvendes to typer cookies:<\/p><ul class=\"wp-block-list\">\n<li>Cookies, der er n\u00f8dvendige for, at webstedet kan fungere korrekt, og som ikke lagrer personoplysninger og derfor i overensstemmelse med CNIL's anbefalinger ikke kr\u00e6ver forudg\u00e5ende samtykke. Disse cookies aktiveres direkte, selv uden nogen positiv handling fra brugerens side.<\/li>\n\n\n\n<li>Publikumsm\u00e5lingscookies indsamlet med Matomos trafikanalysev\u00e6rkt\u00f8j (\u00e5ben kodeversion tilg\u00e6ngelig p\u00e5 <a href=\"https:\/\/fr.matomo.org\/\">https:\/\/fr.matomo.org\/<\/a>): Disse cookies gemmer personoplysninger (IP-adresse, placering). Disse data gemmes p\u00e5 OVH-serveren (server placeret i Frankrig af en fransk v\u00e6rt) og opbevares i en periode p\u00e5 6 m\u00e5neder. Disse cookies bruges kun til at m\u00e5le anonyme statistikker om trafik og brug af webstedet med henblik p\u00e5 overv\u00e5gning og serviceforbedring. De anvendes ikke til at spore brugerens browsingvaner p\u00e5 andre websteder. Indsamlingen af disse cookies er betinget af brugerens accept af det banner, der vises, n\u00e5r webstedet \u00e5bnes.<\/li>\n<\/ul><p>Webstedet tilbyder ogs\u00e5 delingsfunktioner p\u00e5 LinkedIns sociale netv\u00e6rk. Bem\u00e6rk i den forbindelse, at brugen af de funktioner, der tilbydes af dette sociale netv\u00e6rk, sandsynligvis vil generere cookies, der administreres og deponeres af LinkedIn-webstedet. Disse cookies kan kun gemmes, n\u00e5r du bruger LinkedIn-funktioner, is\u00e6r i forbindelse med <strong>alt-edic.eu<\/strong>, n\u00e5r du deler p\u00e5 LinkedIn. Vi opfordrer dig til at l\u00e6se LinkedIns politik for h\u00e5ndtering af cookies. Levetiden for disse cookies overstiger ikke 13 m\u00e5neder.<\/p><p>Du kan afvise brugen af cookies, der ikke er undtaget fra samtykke, eller deaktivere deres lagring p\u00e5 din computer:<\/p><ul class=\"wp-block-list\">\n<li>N\u00e5r du f\u00f8rst bruger webstedet, ved at klikke p\u00e5 cookie management banner, som giver dig mulighed for at acceptere eller afvise alle cookies, eller til at administrere dine pr\u00e6ferencer.<\/li>\n\n\n\n<li>N\u00e5r som helst ved at klikke p\u00e5 knappen \"cookies\" nederst p\u00e5 siden.<\/li>\n\n\n\n<li>Til enhver tid ved hj\u00e6lp af dine browserindstillinger: ved at bruge din browsers s\u00e6rlige \"spor ikke\"-funktion.<\/li>\n<\/ul><h2 class=\"wp-block-heading\">Ud\u00f8velse af dine rettigheder<\/h2><p>Du har til enhver tid ret til at f\u00e5 adgang til, rette, mods\u00e6tte dig og slette dine personoplysninger.<\/p><p>For alle oplysninger eller for at ud\u00f8ve dine rettigheder (ret til adgang, berigtigelse eller sletning, ret til at begr\u00e6nse behandling, ret til dataportabilitet og ret til indsigelse) vedr\u00f8rende behandling af personoplysninger af ALT-EDIC og dets forskellige afdelinger, kan du kontakte vores databeskyttelsesr\u00e5dgiver (DPO) p\u00e5 f\u00f8lgende adresse: dpdalt-edic.eu er hostet af One.com<\/p><p>Du kan ogs\u00e5 kontakte databeskyttelsesr\u00e5dgiveren pr. post p\u00e5 f\u00f8lgende adresse:<br>ALT-EDIC<br>Til den databeskyttelsesansvarlige (DPO)<br>1 plads Aristide Briand<br>02600 Villers-Cotter\u00eats<br>Frankrig<\/p><p>Du har ogs\u00e5 ret til at indgive en klage til den kompetente tilsynsmyndighed (<a href=\"https:\/\/www.cnil.fr\/fr\" title=\"\">CNIL<\/a>) ), hvis du mener, at ALT-EDIC ikke har respekteret dine rettigheder. L\u00e6s mere om dine rettigheder: <a href=\"https:\/\/www.cnil.fr\/fr\/reglement-europeen-protection-donnees\/chapitre3\" title=\"\">CNIL \u2013 Droits de la personne<\/a> (p\u00e5 fransk)<\/p><h2 class=\"wp-block-heading\">Varem\u00e6rke<\/h2><p>Varem\u00e6rket Alt-Edic og dets logo er varem\u00e6rker, der er beskyttet af en industriel ejendomsret.<\/p><p>Enhver hel eller delvis gengivelse af dette varem\u00e6rke og dets logo uden rettighedshavernes udtrykkelige tilladelse er derfor strengt forbudt og udg\u00f8r en forfalskning i henhold til loven om intellektuel ejendomsret.<\/p><h2 class=\"wp-block-heading\">Tekstindhold og billeder<\/h2><p>Alt tekstindhold og billeder, der tilbydes p\u00e5 Alt-Edics hjemmeside, tilh\u00f8rer Alt-Edic.<br>Enhver hel eller delvis reproduktion af disse tekster og billeder uden udtrykkelig tilladelse fra deres rettighedshavere er derfor strengt forbudt og udg\u00f8r en forfalskning lovovertr\u00e6delse i henhold til loven om intellektuel ejendomsret.<\/p><h2 class=\"wp-block-heading\">Hyperlinks<\/h2><ul class=\"wp-block-list\">\n<li>1. Udg\u00e5ende links fra Alt-Edic<\/li>\n<\/ul><p>Alt-Edic giver dybe hyperlinks, der peger p\u00e5 tredjepartswebsteder. Disse links eller referencer udg\u00f8r ikke en godkendelse eller validering af deres indhold. Alt-Edic er under ingen omst\u00e6ndigheder ansvarlig for indholdet af s\u00e5danne websteder og er ikke ansvarlig for eventuelle skader eller skader som f\u00f8lge heraf.<\/p><p>Dybe hyperlinks til andre websteder tilbydes brugerne udelukkende for nemheds skyld og giver ikke anledning til nogen forpligtelse af nogen art p\u00e5 bekostning af Alt-Edic, som ikke har nogen mulighed for at overv\u00e5ge og overv\u00e5ge de websteder, der henvises til, eller deres udvikling og opdateringer. Brugerne skal henvise til de juridiske meddelelser og generelle betingelser for brug af partnerinstitutionernes websteder.<\/p><ul class=\"wp-block-list\">\n<li>2. Links til Alt-Edic<\/li>\n<\/ul><p>Oprettelsen af hypertekstlinks til en side p\u00e5 Alt-Edic er gratis, forudsat at det ikke p\u00e5virker Alt-Edics materielle eller moralske interesser og ikke skaber forvirring om kilden til Tjenesterne og\/eller Indholdet.<\/p><h2 class=\"wp-block-heading\">Ansvar og erratum<\/h2><p>De oplysninger, der vises p\u00e5 Alt-Edic-webstedet, er kun til orientering. Det kan \u00e6ndres til enhver tid og uden varsel.<\/p><p>Alt-Edic kan ikke holdes ansvarlig for direkte eller indirekte, forudsigelige eller uforudsigelige skader, s\u00e5som tab af indtjening eller fortjeneste, tab af data, tab af udstyr og reparationsomkostninger, genopretning eller reproduktion som f\u00f8lge af brugen og \/ eller manglende evne til at bruge webstedets tjenester og indhold.<\/p><p>P\u00e5 trods af omhu og kontrol af det team, der er ansvarligt for Alt-Edic, kan fejl, fejl eller utilsigtede udeladelser forblive. Hvis du \u00f8nsker at sende os dine kommentarer eller klager, kan du kontakte os p\u00e5 f\u00f8lgende adresse:<br>ALT-EDIC<br>1 plads Aristide Briand<br>02600 Villers-Cotter\u00eats<br>Frankrig<\/p><p><\/p><\/p>","protected":false},"excerpt":{"rendered":"<p>Enhver behandling af personoplysninger fra webstedet alt-edic.eu udf\u00f8res i overensstemmelse med Europa-Parlamentets og R\u00e5dets forordning (EU) 2016\/679 af 27. april 2016 (kendt som RGPD) og fransk lov nr. 78-17 af 6. januar 1978 om informationsteknologi, filer og friheder. Cookie-styring N\u00e5r du [...]<\/p>","protected":false},"author":1,"featured_media":0,"parent":0,"menu_order":0,"comment_status":"closed","ping_status":"closed","template":"","meta":{"footnotes":""},"class_list":["post-3","page","type-page","status-publish","hentry"],"aioseo_notices":[],"_links":{"self":[{"href":"http:\/\/www.alt-edic.eu\/da\/wp-json\/wp\/v2\/pages\/3","targetHints":{"allow":["GET"]}}],"collection":[{"href":"http:\/\/www.alt-edic.eu\/da\/wp-json\/wp\/v2\/pages"}],"about":[{"href":"http:\/\/www.alt-edic.eu\/da\/wp-json\/wp\/v2\/types\/page"}],"author":[{"embeddable":true,"href":"http:\/\/www.alt-edic.eu\/da\/wp-json\/wp\/v2\/users\/1"}],"replies":[{"embeddable":true,"href":"http:\/\/www.alt-edic.eu\/da\/wp-json\/wp\/v2\/comments?post=3"}],"version-history":[{"count":0,"href":"http:\/\/www.alt-edic.eu\/da\/wp-json\/wp\/v2\/pages\/3\/revisions"}],"wp:attachment":[{"href":"http:\/\/www.alt-edic.eu\/da\/wp-json\/wp\/v2\/media?parent=3"}],"curies":[{"name":"wp","href":"https:\/\/api.w.org\/{rel}","templated":true}]}}