{"id":9229,"date":"2024-10-20T18:08:40","date_gmt":"2024-10-20T18:08:40","guid":{"rendered":"https:\/\/alt-edic.eu\/?page_id=9229"},"modified":"2025-11-04T14:53:55","modified_gmt":"2025-11-04T13:53:55","slug":"projects","status":"publish","type":"page","link":"http:\/\/www.alt-edic.eu\/cs\/projects\/","title":{"rendered":"<p>Projekty<\/p>"},"content":{"rendered":"<div data-elementor-type=\"wp-page\" data-elementor-id=\"9229\" class=\"elementor elementor-9229\" data-elementor-post-type=\"page\">\n\t\t\t\t\t\t<section class=\"elementor-section elementor-top-section elementor-element elementor-element-3e569e9b elementor-section-stretched elementor-section-boxed elementor-section-height-default elementor-section-height-default\" data-id=\"3e569e9b\" data-element_type=\"section\" data-e-type=\"section\" data-settings='{\"stretch_section\":\"section-stretched\",\"background_background\":\"gradient\"}'>\n\t\t\t\t\t\t<div class=\"elementor-container elementor-column-gap-extended\">\n\t\t\t\t\t<div class=\"elementor-column elementor-col-50 elementor-top-column elementor-element elementor-element-1c89ccf1\" data-id=\"1c89ccf1\" data-element_type=\"column\" data-e-type=\"column\">\n\t\t\t<div class=\"elementor-widget-wrap elementor-element-populated\">\n\t\t\t\t\t\t<div class=\"elementor-element elementor-element-63f2f65d elementor-widget elementor-widget-heading\" data-id=\"63f2f65d\" data-element_type=\"widget\" data-e-type=\"widget\" data-widget_type=\"heading.default\">\n\t\t\t\t<div class=\"elementor-widget-container\">\n\t\t\t\t\t<h1 class=\"elementor-heading-title elementor-size-default\">Projekty<\/h1>\t\t\t\t<\/div>\n\t\t\t\t<\/div>\n\t\t\t\t<div class=\"elementor-element elementor-element-4105c311 elementor-widget elementor-widget-text-editor\" data-id=\"4105c311\" data-element_type=\"widget\" data-e-type=\"widget\" data-widget_type=\"text-editor.default\">\n\t\t\t\t<div class=\"elementor-widget-container\">\n\t\t\t\t\t\t\t\t\t<p>Konsorcium ALT-EDIC se \u00fa\u010dastn\u00ed n\u00ed\u017ee uveden\u00fdch projekt\u016f.&nbsp;<\/p>\t\t\t\t\t\t\t\t<\/div>\n\t\t\t\t<\/div>\n\t\t\t\t\t<\/div>\n\t\t<\/div>\n\t\t\t\t<div class=\"elementor-column elementor-col-50 elementor-top-column elementor-element elementor-element-8651c0c elementor-hidden-tablet elementor-hidden-phone\" data-id=\"8651c0c\" data-element_type=\"column\" data-e-type=\"column\">\n\t\t\t<div class=\"elementor-widget-wrap\">\n\t\t\t\t\t\t\t<\/div>\n\t\t<\/div>\n\t\t\t\t\t<\/div>\n\t\t<\/section>\n\t\t\t\t<section class=\"elementor-section elementor-top-section elementor-element elementor-element-b31d09d elementor-section-stretched elementor-section-boxed elementor-section-height-default elementor-section-height-default\" data-id=\"b31d09d\" data-element_type=\"section\" data-e-type=\"section\" data-settings='{\"stretch_section\":\"section-stretched\"}'>\n\t\t\t\t\t\t<div class=\"elementor-container elementor-column-gap-extended\">\n\t\t\t\t\t<div class=\"elementor-column elementor-col-100 elementor-top-column elementor-element elementor-element-55970a63 elementor-invisible\" data-id=\"55970a63\" data-element_type=\"column\" data-e-type=\"column\" data-settings='{\"background_background\":\"classic\",\"animation\":\"slide-right\"}'>\n\t\t\t<div class=\"elementor-widget-wrap elementor-element-populated\">\n\t\t\t\t\t\t<section class=\"elementor-section elementor-inner-section elementor-element elementor-element-39acb91e elementor-section-boxed elementor-section-height-default elementor-section-height-default\" data-id=\"39acb91e\" data-element_type=\"section\" data-e-type=\"section\">\n\t\t\t\t\t\t<div class=\"elementor-container elementor-column-gap-no\">\n\t\t\t\t\t<div class=\"elementor-column elementor-col-100 elementor-inner-column elementor-element elementor-element-ab286cb\" data-id=\"ab286cb\" data-element_type=\"column\" data-e-type=\"column\">\n\t\t\t<div class=\"elementor-widget-wrap elementor-element-populated\">\n\t\t\t\t\t\t<div class=\"elementor-element elementor-element-1a71ed55 elementor-widget elementor-widget-heading\" data-id=\"1a71ed55\" data-element_type=\"widget\" data-e-type=\"widget\" data-widget_type=\"heading.default\">\n\t\t\t\t<div class=\"elementor-widget-container\">\n\t\t\t\t\t<h2 class=\"elementor-heading-title elementor-size-default\">ALT-EDIC4EU<\/h2>\t\t\t\t<\/div>\n\t\t\t\t<\/div>\n\t\t\t\t<div class=\"elementor-element elementor-element-590b846 elementor-widget elementor-widget-text-editor\" data-id=\"590b846\" data-element_type=\"widget\" data-e-type=\"widget\" data-widget_type=\"text-editor.default\">\n\t\t\t\t<div class=\"elementor-widget-container\">\n\t\t\t\t\t\t\t\t\t<p>Projekt ALT-EDIC4EU je koordinov\u00e1n konsorciem ALT-EDIC a v\u011bnuje se rozvoji jeho glob\u00e1ln\u00ed infrastruktury, konsolidaci evropsk\u00e9ho st\u0159ediska pro hodnocen\u00ed jazykov\u00fdch technologi\u00ed, dynamick\u00e9mu mapov\u00e1n\u00ed evropsk\u00fdch jazykov\u00fdch technologi\u00ed a velk\u00fdch jazykov\u00fdch model\u016f a organizaci \u0161kolen\u00ed, workshop\u016f a akc\u00ed.<\/p>\t\t\t\t\t\t\t\t<\/div>\n\t\t\t\t<\/div>\n\t\t\t\t<div class=\"elementor-element elementor-element-bc1b2b3 elementor-widget elementor-widget-button\" data-id=\"bc1b2b3\" data-element_type=\"widget\" data-e-type=\"widget\" data-widget_type=\"button.default\">\n\t\t\t\t<div class=\"elementor-widget-container\">\n\t\t\t\t\t\t\t\t\t<div class=\"elementor-button-wrapper\">\n\t\t\t\t\t<a class=\"elementor-button elementor-button-link elementor-size-md\" href=\"http:\/\/www.alt-edic.eu\/cs\/projects\/alt-edic4eu\/\">\n\t\t\t\t\t\t<span class=\"elementor-button-content-wrapper\">\n\t\t\t\t\t\t<span class=\"elementor-button-icon\">\n\t\t\t\t<svg xmlns=\"http:\/\/www.w3.org\/2000\/svg\" width=\"20\" height=\"20\" viewbox=\"0 0 20 20\" fill=\"none\" style=\"fill: transparent;\"><path d=\"M15.8335 2.9165L4.16683 14.5832\" stroke=\"currentColor\" stroke-width=\"1.5\" stroke-miterlimit=\"10\" stroke-linecap=\"round\" stroke-linejoin=\"round\"><\/path><path d=\"M15.8335 11.4748V2.9165H7.27516\" stroke=\"currentColor\" stroke-width=\"1.5\" stroke-miterlimit=\"10\" stroke-linecap=\"round\" stroke-linejoin=\"round\"><\/path><\/svg>\t\t\t<\/span>\n\t\t\t\t\t\t\t\t\t<span class=\"elementor-button-text\">Klikn\u011bte pro v\u00edce podrobnost\u00ed<\/span>\n\t\t\t\t\t<\/span>\n\t\t\t\t\t<\/a>\n\t\t\t\t<\/div>\n\t\t\t\t\t\t\t\t<\/div>\n\t\t\t\t<\/div>\n\t\t\t\t\t<\/div>\n\t\t<\/div>\n\t\t\t\t\t<\/div>\n\t\t<\/section>\n\t\t\t\t\t<\/div>\n\t\t<\/div>\n\t\t\t\t\t<\/div>\n\t\t<\/section>\n\t\t\t\t<section class=\"elementor-section elementor-top-section elementor-element elementor-element-48482cf elementor-section-stretched elementor-section-boxed elementor-section-height-default elementor-section-height-default\" data-id=\"48482cf\" data-element_type=\"section\" data-e-type=\"section\" data-settings='{\"stretch_section\":\"section-stretched\"}'>\n\t\t\t\t\t\t<div class=\"elementor-container elementor-column-gap-extended\">\n\t\t\t\t\t<div class=\"elementor-column elementor-col-100 elementor-top-column elementor-element elementor-element-2541448 elementor-invisible\" data-id=\"2541448\" data-element_type=\"column\" data-e-type=\"column\" data-settings='{\"background_background\":\"classic\",\"animation\":\"slide-right\"}'>\n\t\t\t<div class=\"elementor-widget-wrap elementor-element-populated\">\n\t\t\t\t\t\t<section class=\"elementor-section elementor-inner-section elementor-element elementor-element-fb792b2 elementor-section-boxed elementor-section-height-default elementor-section-height-default\" data-id=\"fb792b2\" data-element_type=\"section\" data-e-type=\"section\">\n\t\t\t\t\t\t<div class=\"elementor-container elementor-column-gap-no\">\n\t\t\t\t\t<div class=\"elementor-column elementor-col-100 elementor-inner-column elementor-element elementor-element-3a80e1c\" data-id=\"3a80e1c\" data-element_type=\"column\" data-e-type=\"column\">\n\t\t\t<div class=\"elementor-widget-wrap elementor-element-populated\">\n\t\t\t\t\t\t<div class=\"elementor-element elementor-element-60d0a74 elementor-widget elementor-widget-heading\" data-id=\"60d0a74\" data-element_type=\"widget\" data-e-type=\"widget\" data-widget_type=\"heading.default\">\n\t\t\t\t<div class=\"elementor-widget-container\">\n\t\t\t\t\t<h2 class=\"elementor-heading-title elementor-size-default\">LLM-BRIDGE<\/h2>\t\t\t\t<\/div>\n\t\t\t\t<\/div>\n\t\t\t\t<div class=\"elementor-element elementor-element-9eb7fd8 elementor-widget elementor-widget-text-editor\" data-id=\"9eb7fd8\" data-element_type=\"widget\" data-e-type=\"widget\" data-widget_type=\"text-editor.default\">\n\t\t\t\t<div class=\"elementor-widget-container\">\n\t\t\t\t\t\t\t\t\t<p>ALT-EDIC koordinuje konsorcium partner\u016f ve v\u00edce ne\u017e deseti zem\u00edch pro projekt LLM-BRIDGE, kter\u00fd se zam\u011b\u0159uje na pos\u00edlen\u00ed n\u00e1rodn\u00edch ekosyst\u00e9m\u016f GenAI t\u00edm, \u017ee vybav\u00ed startupy, rozv\u00edjej\u00edc\u00ed se podniky, inkub\u00e1tory a investory podporou pot\u0159ebnou k vytv\u00e1\u0159en\u00ed a zav\u00e1d\u011bn\u00ed produkt\u016f zalo\u017een\u00fdch na LLM.\u00a0Projekt byl zah\u00e1jen v z\u00e1\u0159\u00ed 2025 na dobu t\u0159\u00ed let.&nbsp;<\/p>\t\t\t\t\t\t\t\t<\/div>\n\t\t\t\t<\/div>\n\t\t\t\t<div class=\"elementor-element elementor-element-8ec3b6e elementor-widget elementor-widget-button\" data-id=\"8ec3b6e\" data-element_type=\"widget\" data-e-type=\"widget\" data-widget_type=\"button.default\">\n\t\t\t\t<div class=\"elementor-widget-container\">\n\t\t\t\t\t\t\t\t\t<div class=\"elementor-button-wrapper\">\n\t\t\t\t\t<a class=\"elementor-button elementor-button-link elementor-size-md\" href=\"http:\/\/www.alt-edic.eu\/cs\/projects\/llm-bridge\/\">\n\t\t\t\t\t\t<span class=\"elementor-button-content-wrapper\">\n\t\t\t\t\t\t<span class=\"elementor-button-icon\">\n\t\t\t\t<svg xmlns=\"http:\/\/www.w3.org\/2000\/svg\" width=\"20\" height=\"20\" viewbox=\"0 0 20 20\" fill=\"none\" style=\"fill: transparent;\"><path d=\"M15.8335 2.9165L4.16683 14.5832\" stroke=\"currentColor\" stroke-width=\"1.5\" stroke-miterlimit=\"10\" stroke-linecap=\"round\" stroke-linejoin=\"round\"><\/path><path d=\"M15.8335 11.4748V2.9165H7.27516\" stroke=\"currentColor\" stroke-width=\"1.5\" stroke-miterlimit=\"10\" stroke-linecap=\"round\" stroke-linejoin=\"round\"><\/path><\/svg>\t\t\t<\/span>\n\t\t\t\t\t\t\t\t\t<span class=\"elementor-button-text\">Klikn\u011bte pro v\u00edce podrobnost\u00ed<\/span>\n\t\t\t\t\t<\/span>\n\t\t\t\t\t<\/a>\n\t\t\t\t<\/div>\n\t\t\t\t\t\t\t\t<\/div>\n\t\t\t\t<\/div>\n\t\t\t\t\t<\/div>\n\t\t<\/div>\n\t\t\t\t\t<\/div>\n\t\t<\/section>\n\t\t\t\t\t<\/div>\n\t\t<\/div>\n\t\t\t\t\t<\/div>\n\t\t<\/section>\n\t\t\t\t<section class=\"elementor-section elementor-top-section elementor-element elementor-element-9689f91 elementor-section-stretched elementor-section-boxed elementor-section-height-default elementor-section-height-default\" data-id=\"9689f91\" data-element_type=\"section\" data-e-type=\"section\" data-settings='{\"stretch_section\":\"section-stretched\"}'>\n\t\t\t\t\t\t<div class=\"elementor-container elementor-column-gap-extended\">\n\t\t\t\t\t<div class=\"elementor-column elementor-col-100 elementor-top-column elementor-element elementor-element-5c9186f elementor-invisible\" data-id=\"5c9186f\" data-element_type=\"column\" data-e-type=\"column\" data-settings='{\"background_background\":\"classic\",\"animation\":\"slide-right\"}'>\n\t\t\t<div class=\"elementor-widget-wrap elementor-element-populated\">\n\t\t\t\t\t\t<section class=\"elementor-section elementor-inner-section elementor-element elementor-element-a30d4ed elementor-section-boxed elementor-section-height-default elementor-section-height-default\" data-id=\"a30d4ed\" data-element_type=\"section\" data-e-type=\"section\">\n\t\t\t\t\t\t<div class=\"elementor-container elementor-column-gap-no\">\n\t\t\t\t\t<div class=\"elementor-column elementor-col-100 elementor-inner-column elementor-element elementor-element-04c04ff\" data-id=\"04c04ff\" data-element_type=\"column\" data-e-type=\"column\">\n\t\t\t<div class=\"elementor-widget-wrap elementor-element-populated\">\n\t\t\t\t\t\t<div class=\"elementor-element elementor-element-568847e elementor-widget elementor-widget-heading\" data-id=\"568847e\" data-element_type=\"widget\" data-e-type=\"widget\" data-widget_type=\"heading.default\">\n\t\t\t\t<div class=\"elementor-widget-container\">\n\t\t\t\t\t<h2 class=\"elementor-heading-title elementor-size-default\">LLMs4EU<\/h2>\t\t\t\t<\/div>\n\t\t\t\t<\/div>\n\t\t\t\t<div class=\"elementor-element elementor-element-808e8da elementor-widget elementor-widget-text-editor\" data-id=\"808e8da\" data-element_type=\"widget\" data-e-type=\"widget\" data-widget_type=\"text-editor.default\">\n\t\t\t\t<div class=\"elementor-widget-container\">\n\t\t\t\t\t\t\t\t\t<p>ALT-EDIC koordinuje konsorcium partner\u016f ve v\u00edce ne\u017e dvaceti zem\u00edch pro projekt LLMs4EU, jeho\u017e c\u00edlem je pomoci ekosyst\u00e9mu p\u0159i shroma\u017e\u010fov\u00e1n\u00ed jazykov\u00fdch \u00fadaj\u016f v dostate\u010dn\u00e9 kvalit\u011b a mno\u017estv\u00ed, aby bylo mo\u017en\u00e9 vybudovat modely velk\u00fdch jazykov\u00fdch z\u00e1klad\u016f. Projekt byl zah\u00e1jen v b\u0159eznu 2025 na dobu t\u0159\u00ed let.&nbsp;<\/p>\t\t\t\t\t\t\t\t<\/div>\n\t\t\t\t<\/div>\n\t\t\t\t<div class=\"elementor-element elementor-element-e02e106 elementor-widget elementor-widget-button\" data-id=\"e02e106\" data-element_type=\"widget\" data-e-type=\"widget\" data-widget_type=\"button.default\">\n\t\t\t\t<div class=\"elementor-widget-container\">\n\t\t\t\t\t\t\t\t\t<div class=\"elementor-button-wrapper\">\n\t\t\t\t\t<a class=\"elementor-button elementor-button-link elementor-size-md\" href=\"http:\/\/www.alt-edic.eu\/cs\/projects\/llms4eu\/\">\n\t\t\t\t\t\t<span class=\"elementor-button-content-wrapper\">\n\t\t\t\t\t\t<span class=\"elementor-button-icon\">\n\t\t\t\t<svg xmlns=\"http:\/\/www.w3.org\/2000\/svg\" width=\"20\" height=\"20\" viewbox=\"0 0 20 20\" fill=\"none\" style=\"fill: transparent;\"><path d=\"M15.8335 2.9165L4.16683 14.5832\" stroke=\"currentColor\" stroke-width=\"1.5\" stroke-miterlimit=\"10\" stroke-linecap=\"round\" stroke-linejoin=\"round\"><\/path><path d=\"M15.8335 11.4748V2.9165H7.27516\" stroke=\"currentColor\" stroke-width=\"1.5\" stroke-miterlimit=\"10\" stroke-linecap=\"round\" stroke-linejoin=\"round\"><\/path><\/svg>\t\t\t<\/span>\n\t\t\t\t\t\t\t\t\t<span class=\"elementor-button-text\">Klikn\u011bte pro v\u00edce podrobnost\u00ed<\/span>\n\t\t\t\t\t<\/span>\n\t\t\t\t\t<\/a>\n\t\t\t\t<\/div>\n\t\t\t\t\t\t\t\t<\/div>\n\t\t\t\t<\/div>\n\t\t\t\t\t<\/div>\n\t\t<\/div>\n\t\t\t\t\t<\/div>\n\t\t<\/section>\n\t\t\t\t\t<\/div>\n\t\t<\/div>\n\t\t\t\t\t<\/div>\n\t\t<\/section>\n\t\t\t\t<section class=\"elementor-section elementor-top-section elementor-element elementor-element-53be981 elementor-section-stretched elementor-section-boxed elementor-section-height-default elementor-section-height-default\" data-id=\"53be981\" data-element_type=\"section\" data-e-type=\"section\" data-settings='{\"stretch_section\":\"section-stretched\"}'>\n\t\t\t\t\t\t<div class=\"elementor-container elementor-column-gap-extended\">\n\t\t\t\t\t<div class=\"elementor-column elementor-col-100 elementor-top-column elementor-element elementor-element-13cb57a elementor-invisible\" data-id=\"13cb57a\" data-element_type=\"column\" data-e-type=\"column\" data-settings='{\"background_background\":\"classic\",\"animation\":\"slide-right\"}'>\n\t\t\t<div class=\"elementor-widget-wrap elementor-element-populated\">\n\t\t\t\t\t\t<section class=\"elementor-section elementor-inner-section elementor-element elementor-element-e689f94 elementor-section-boxed elementor-section-height-default elementor-section-height-default\" data-id=\"e689f94\" data-element_type=\"section\" data-e-type=\"section\">\n\t\t\t\t\t\t<div class=\"elementor-container elementor-column-gap-no\">\n\t\t\t\t\t<div class=\"elementor-column elementor-col-100 elementor-inner-column elementor-element elementor-element-99fbf4d\" data-id=\"99fbf4d\" data-element_type=\"column\" data-e-type=\"column\">\n\t\t\t<div class=\"elementor-widget-wrap elementor-element-populated\">\n\t\t\t\t\t\t<div class=\"elementor-element elementor-element-7b00780 elementor-widget elementor-widget-heading\" data-id=\"7b00780\" data-element_type=\"widget\" data-e-type=\"widget\" data-widget_type=\"heading.default\">\n\t\t\t\t<div class=\"elementor-widget-container\">\n\t\t\t\t\t<h2 class=\"elementor-heading-title elementor-size-default\">OpenEuroLLM<\/h2>\t\t\t\t<\/div>\n\t\t\t\t<\/div>\n\t\t\t\t<div class=\"elementor-element elementor-element-b83874b elementor-widget elementor-widget-text-editor\" data-id=\"b83874b\" data-element_type=\"widget\" data-e-type=\"widget\" data-widget_type=\"text-editor.default\">\n\t\t\t\t<div class=\"elementor-widget-container\">\n\t\t\t\t\t\t\t\t\t<p>ALT-EDIC je sou\u010d\u00e1st\u00ed konsorcia 20 partner\u016f, kter\u00e9 sdru\u017euje p\u0159edn\u00ed evropsk\u00e9 v\u00fdzkumn\u00e9 instituce a centra EuroHPC a v\u011bnuje se budov\u00e1n\u00ed rodiny vysoce v\u00fdkonn\u00fdch, mnohojazy\u010dn\u00fdch, velk\u00fdch jazykov\u00fdch z\u00e1kladn\u00edch model\u016f pro komer\u010dn\u00ed, pr\u016fmyslov\u00e9 a ve\u0159ejn\u00e9 slu\u017eby. Tento projekt byl zah\u00e1jen 1. \u00fanora 2025 na dobu t\u0159\u00ed let.<\/p><div class=\"elementor-column elementor-col-50 elementor-top-column elementor-element elementor-element-286565d9 elementor-hidden-tablet elementor-hidden-phone\" data-id=\"286565d9\" data-element_type=\"column\">&nbsp;<\/div>\t\t\t\t\t\t\t\t<\/div>\n\t\t\t\t<\/div>\n\t\t\t\t<div class=\"elementor-element elementor-element-66bd234 elementor-widget elementor-widget-button\" data-id=\"66bd234\" data-element_type=\"widget\" data-e-type=\"widget\" data-widget_type=\"button.default\">\n\t\t\t\t<div class=\"elementor-widget-container\">\n\t\t\t\t\t\t\t\t\t<div class=\"elementor-button-wrapper\">\n\t\t\t\t\t<a class=\"elementor-button elementor-button-link elementor-size-md\" href=\"http:\/\/www.alt-edic.eu\/cs\/projects\/openeurollm\/\">\n\t\t\t\t\t\t<span class=\"elementor-button-content-wrapper\">\n\t\t\t\t\t\t<span class=\"elementor-button-icon\">\n\t\t\t\t<svg xmlns=\"http:\/\/www.w3.org\/2000\/svg\" width=\"20\" height=\"20\" viewbox=\"0 0 20 20\" fill=\"none\" style=\"fill: transparent;\"><path d=\"M15.8335 2.9165L4.16683 14.5832\" stroke=\"currentColor\" stroke-width=\"1.5\" stroke-miterlimit=\"10\" stroke-linecap=\"round\" stroke-linejoin=\"round\"><\/path><path d=\"M15.8335 11.4748V2.9165H7.27516\" stroke=\"currentColor\" stroke-width=\"1.5\" stroke-miterlimit=\"10\" stroke-linecap=\"round\" stroke-linejoin=\"round\"><\/path><\/svg>\t\t\t<\/span>\n\t\t\t\t\t\t\t\t\t<span class=\"elementor-button-text\">Klikn\u011bte pro v\u00edce podrobnost\u00ed<\/span>\n\t\t\t\t\t<\/span>\n\t\t\t\t\t<\/a>\n\t\t\t\t<\/div>\n\t\t\t\t\t\t\t\t<\/div>\n\t\t\t\t<\/div>\n\t\t\t\t\t<\/div>\n\t\t<\/div>\n\t\t\t\t\t<\/div>\n\t\t<\/section>\n\t\t\t\t\t<\/div>\n\t\t<\/div>\n\t\t\t\t\t<\/div>\n\t\t<\/section>\n\t\t\t\t<section class=\"elementor-section elementor-top-section elementor-element elementor-element-c589508 elementor-section-stretched elementor-section-boxed elementor-section-height-default elementor-section-height-default\" data-id=\"c589508\" data-element_type=\"section\" data-e-type=\"section\" data-settings='{\"stretch_section\":\"section-stretched\"}'>\n\t\t\t\t\t\t<div class=\"elementor-container elementor-column-gap-no\">\n\t\t\t\t\t<div class=\"elementor-column elementor-col-100 elementor-top-column elementor-element elementor-element-779a457\" data-id=\"779a457\" data-element_type=\"column\" data-e-type=\"column\">\n\t\t\t<div class=\"elementor-widget-wrap\">\n\t\t\t\t\t\t\t<\/div>\n\t\t<\/div>\n\t\t\t\t\t<\/div>\n\t\t<\/section>\n\t\t\t\t<\/div>","protected":false},"excerpt":{"rendered":"<p>Projekty Konsorcium ALT-EDIC se \u00fa\u010dastn\u00ed n\u00ed\u017ee uveden\u00fdch projekt\u016f.\u00a0 ALT-EDIC4EU Projekt ALT-EDIC4EU je koordinov\u00e1n konsorciem ALT-EDIC a je zam\u011b\u0159en na rozvoj jeho glob\u00e1ln\u00ed infrastruktury, konsolidaci evropsk\u00e9ho centra pro hodnocen\u00ed jazykov\u00fdch technologi\u00ed, dynamick\u00e9 mapov\u00e1n\u00ed evropsk\u00fdch jazykov\u00fdch technologi\u00ed a velk\u00fdch jazykov\u00fdch model\u016f a organizaci odborn\u00e9 p\u0159\u00edpravy [\u2026]<\/p>","protected":false},"author":1,"featured_media":0,"parent":0,"menu_order":0,"comment_status":"closed","ping_status":"closed","template":"","meta":{"footnotes":""},"class_list":["post-9229","page","type-page","status-publish","hentry"],"aioseo_notices":[],"_links":{"self":[{"href":"http:\/\/www.alt-edic.eu\/cs\/wp-json\/wp\/v2\/pages\/9229","targetHints":{"allow":["GET"]}}],"collection":[{"href":"http:\/\/www.alt-edic.eu\/cs\/wp-json\/wp\/v2\/pages"}],"about":[{"href":"http:\/\/www.alt-edic.eu\/cs\/wp-json\/wp\/v2\/types\/page"}],"author":[{"embeddable":true,"href":"http:\/\/www.alt-edic.eu\/cs\/wp-json\/wp\/v2\/users\/1"}],"replies":[{"embeddable":true,"href":"http:\/\/www.alt-edic.eu\/cs\/wp-json\/wp\/v2\/comments?post=9229"}],"version-history":[{"count":0,"href":"http:\/\/www.alt-edic.eu\/cs\/wp-json\/wp\/v2\/pages\/9229\/revisions"}],"wp:attachment":[{"href":"http:\/\/www.alt-edic.eu\/cs\/wp-json\/wp\/v2\/media?parent=9229"}],"curies":[{"name":"wp","href":"https:\/\/api.w.org\/{rel}","templated":true}]}}