{"id":10975,"date":"2025-11-03T18:02:10","date_gmt":"2025-11-03T17:02:10","guid":{"rendered":"https:\/\/www.alt-edic.eu\/?page_id=10975"},"modified":"2026-01-20T10:02:09","modified_gmt":"2026-01-20T09:02:09","slug":"llm-bridge","status":"publish","type":"page","link":"http:\/\/www.alt-edic.eu\/cs\/projects\/llm-bridge\/","title":{"rendered":"<p>LLM-BRIDGE<\/p>"},"content":{"rendered":"<div data-elementor-type=\"wp-page\" data-elementor-id=\"10975\" class=\"elementor elementor-10975\" data-elementor-post-type=\"page\">\n\t\t\t\t\t\t<section class=\"elementor-section elementor-top-section elementor-element elementor-element-1577bd88 elementor-section-stretched elementor-section-boxed elementor-section-height-default elementor-section-height-default\" data-id=\"1577bd88\" data-element_type=\"section\" data-e-type=\"section\" data-settings='{\"stretch_section\":\"section-stretched\",\"background_background\":\"gradient\"}'>\n\t\t\t\t\t\t<div class=\"elementor-container elementor-column-gap-extended\">\n\t\t\t\t\t<div class=\"elementor-column elementor-col-50 elementor-top-column elementor-element elementor-element-70dc39ba\" data-id=\"70dc39ba\" data-element_type=\"column\" data-e-type=\"column\">\n\t\t\t<div class=\"elementor-widget-wrap elementor-element-populated\">\n\t\t\t\t\t\t<div class=\"elementor-element elementor-element-51cabebb elementor-widget elementor-widget-heading\" data-id=\"51cabebb\" data-element_type=\"widget\" data-e-type=\"widget\" data-widget_type=\"heading.default\">\n\t\t\t\t<div class=\"elementor-widget-container\">\n\t\t\t\t\t<h1 class=\"elementor-heading-title elementor-size-default\">LLM-BRIDGE<\/h1>\t\t\t\t<\/div>\n\t\t\t\t<\/div>\n\t\t\t\t<div class=\"elementor-element elementor-element-1f4ee8af elementor-widget elementor-widget-text-editor\" data-id=\"1f4ee8af\" data-element_type=\"widget\" data-e-type=\"widget\" data-widget_type=\"text-editor.default\">\n\t\t\t\t<div class=\"elementor-widget-container\">\n\t\t\t\t\t\t\t\t\t<p><strong style=\"background-color: transparent; color: #ffffff;\">Projekt LLM Booster pro region\u00e1ln\u00ed inovace a digit\u00e1ln\u00ed r\u016fst v Evrop\u011b&nbsp;<\/strong><strong style=\"background-color: transparent; color: #ffffff;\">&nbsp;(LLM-BRIDGE)&nbsp;<\/strong><strong style=\"background-color: transparent; color: #ffffff;\">podporuje startupy a scaleupy v rychle rostouc\u00ed dom\u00e9n\u011b velk\u00fdch jazykov\u00fdch model\u016f (LLM).<\/strong><\/p>\t\t\t\t\t\t\t\t<\/div>\n\t\t\t\t<\/div>\n\t\t\t\t\t<\/div>\n\t\t<\/div>\n\t\t\t\t<div class=\"elementor-column elementor-col-50 elementor-top-column elementor-element elementor-element-286565d9 elementor-hidden-tablet elementor-hidden-phone\" data-id=\"286565d9\" data-element_type=\"column\" data-e-type=\"column\">\n\t\t\t<div class=\"elementor-widget-wrap\">\n\t\t\t\t\t\t\t<\/div>\n\t\t<\/div>\n\t\t\t\t\t<\/div>\n\t\t<\/section>\n\t\t\t\t<section class=\"elementor-section elementor-top-section elementor-element elementor-element-2a82150a elementor-section-stretched elementor-section-boxed elementor-section-height-default elementor-section-height-default\" data-id=\"2a82150a\" data-element_type=\"section\" data-e-type=\"section\" data-settings='{\"stretch_section\":\"section-stretched\"}'>\n\t\t\t\t\t\t<div class=\"elementor-container elementor-column-gap-extended\">\n\t\t\t\t\t<div class=\"elementor-column elementor-col-50 elementor-top-column elementor-element elementor-element-4dc940b2 elementor-invisible\" data-id=\"4dc940b2\" data-element_type=\"column\" data-e-type=\"column\" data-settings='{\"animation\":\"slide-left\",\"animation_delay\":200}'>\n\t\t\t<div class=\"elementor-widget-wrap elementor-element-populated\">\n\t\t\t\t\t\t<div class=\"elementor-element elementor-element-2fa08fbe elementor-widget__width-initial elementor-widget elementor-widget-text-editor\" data-id=\"2fa08fbe\" data-element_type=\"widget\" data-e-type=\"widget\" data-widget_type=\"text-editor.default\">\n\t\t\t\t<div class=\"elementor-widget-container\">\n\t\t\t\t\t\t\t\t\t<p>The&nbsp;<span style=\"text-decoration: underline;\"><a href=\"https:\/\/www.llm-bridge.eu\/\">Projekt LLM-BRIDGE<\/a><\/span> m\u00e1 za c\u00edl pos\u00edlit vnitrost\u00e1tn\u00ed ekosyst\u00e9my GenAI t\u00edm, \u017ee startup\u016fm, rozv\u00edjej\u00edc\u00edm se podnik\u016fm, inkub\u00e1tor\u016fm a investor\u016fm poskytne podporu pot\u0159ebnou k vytv\u00e1\u0159en\u00ed a zav\u00e1d\u011bn\u00ed produkt\u016f zalo\u017een\u00fdch na LLM.<\/p><p>Projekt sdru\u017euje konsorcium partner\u016f z deseti evropsk\u00fdch zem\u00ed, kter\u00e9 koordinuje konsorcium ALT-EDIC. Dovednosti partner\u016f v oblasti podpory za\u010d\u00ednaj\u00edc\u00edch podnik\u016f a inovac\u00ed jsou pos\u00edleny jejich technick\u00fdmi odborn\u00fdmi znalostmi v oblasti GenAI a LLM. Tyto schopnosti pomohou startup\u016fm a scaleup\u016fm integrovat LLM zodpov\u011bdn\u011b a ve velk\u00e9m m\u011b\u0159\u00edtku. Konsorcium spole\u010dn\u011b poskytne t\u0159i specializovan\u00e9 podp\u016frn\u00e9 programy zam\u011b\u0159en\u00e9 na LLM:<\/p><p dir=\"ltr\" style=\"margin-top: 0pt; margin-bottom: 0pt; line-height: 1.38;\">&nbsp;<\/p>\t\t\t\t\t\t\t\t<\/div>\n\t\t\t\t<\/div>\n\t\t\t\t\t<\/div>\n\t\t<\/div>\n\t\t\t\t<div class=\"elementor-column elementor-col-50 elementor-top-column elementor-element elementor-element-169741bd elementor-hidden-tablet elementor-hidden-phone elementor-invisible\" data-id=\"169741bd\" data-element_type=\"column\" data-e-type=\"column\" data-settings='{\"animation\":\"slide-right\"}'>\n\t\t\t<div class=\"elementor-widget-wrap elementor-element-populated\">\n\t\t\t\t\t\t<div class=\"elementor-element elementor-element-47d0ea elementor-widget__width-initial elementor-widget elementor-widget-image\" data-id=\"47d0ea\" data-element_type=\"widget\" data-e-type=\"widget\" data-widget_type=\"image.default\">\n\t\t\t\t<div class=\"elementor-widget-container\">\n\t\t\t\t\t\t\t\t\t\t\t\t\t\t\t<img fetchpriority=\"high\" decoding=\"async\" width=\"800\" height=\"520\" src=\"https:\/\/www.alt-edic.eu\/wp-content\/uploads\/2026\/01\/Project-page-images-2-e1768899698813.png\" class=\"attachment-full size-full wp-image-11100\" alt=\"Informace o projektu LLM-BRIDGE\" srcset=\"https:\/\/www.alt-edic.eu\/wp-content\/uploads\/2026\/01\/Project-page-images-2-e1768899698813.png 800w, https:\/\/www.alt-edic.eu\/wp-content\/uploads\/2026\/01\/Project-page-images-2-e1768899698813-300x195.png 300w, https:\/\/www.alt-edic.eu\/wp-content\/uploads\/2026\/01\/Project-page-images-2-e1768899698813-768x499.png 768w, https:\/\/www.alt-edic.eu\/wp-content\/uploads\/2026\/01\/Project-page-images-2-e1768899698813-18x12.png 18w\" sizes=\"(max-width: 800px) 100vw, 800px\">\t\t\t\t\t\t\t\t\t\t\t\t\t\t\t<\/div>\n\t\t\t\t<\/div>\n\t\t\t\t\t<\/div>\n\t\t<\/div>\n\t\t\t\t\t<\/div>\n\t\t<\/section>\n\t\t<div class=\"elementor-element elementor-element-8ed64da e-flex e-con-boxed e-con e-parent\" data-id=\"8ed64da\" data-element_type=\"container\" data-e-type=\"container\">\n\t\t\t\t\t<div class=\"e-con-inner\">\n\t\t\t\t<div class=\"elementor-element elementor-element-41c7d55 elementor-widget__width-initial elementor-widget elementor-widget-text-editor\" data-id=\"41c7d55\" data-element_type=\"widget\" data-e-type=\"widget\" data-widget_type=\"text-editor.default\">\n\t\t\t\t<div class=\"elementor-widget-container\">\n\t\t\t\t\t\t\t\t\t<p dir=\"ltr\" style=\"margin-top: 0pt; margin-bottom: 0pt; line-height: 1.38;\"><strong style=\"color: #202124; font-family: Lato, Arial, sans-serif; font-size: 26px;\">T\u0159i programy pro dopad<\/strong><\/p><p dir=\"ltr\" style=\"margin-top: 0pt; margin-bottom: 0pt; line-height: 1.38;\"><strong style=\"color: #202124; font-family: Lato, Arial, sans-serif; font-size: 26px;\">&nbsp;<\/strong><\/p><p dir=\"ltr\" style=\"margin-top: 0pt; margin-bottom: 0pt; line-height: 1.38;\"><strong style=\"color: #202124; font-family: Lato, Arial, sans-serif; font-size: 19px;\">Program podnikatelsk\u00e9ho vzd\u011bl\u00e1v\u00e1n\u00ed<\/strong><\/p><p>Strukturovan\u00fd vzd\u011bl\u00e1vac\u00ed program pro za\u010d\u00ednaj\u00edc\u00ed a za\u010d\u00ednaj\u00edc\u00ed podniky. \u00da\u010dastn\u00edci obdr\u017e\u00ed workshopy a individu\u00e1ln\u00ed mentoring na r\u016fzn\u00e1 t\u00e9mata, jako je \u0159\u00edzen\u00ed podniku, technologick\u00e9 a regula\u010dn\u00ed prost\u0159ed\u00ed, p\u0159\u00edstup k financov\u00e1n\u00ed a rozvojov\u00e9 strategie.<\/p><h4 style=\"font-family: Lato, Arial, sans-serif;\"><strong>Inkuba\u010dn\u00ed program pro podniky<\/strong><\/h4><p>Inkuba\u010dn\u00ed slu\u017eby ur\u010den\u00e9 k urychlen\u00ed ov\u011b\u0159ov\u00e1n\u00ed produkt\u016f a z\u00e1kazn\u00edk\u016f. Tam, kde je to mo\u017en\u00e9, z\u00edskaj\u00ed startupy p\u0159\u00edstup k p\u0159izp\u016fsoben\u00fdm technick\u00fdm zdroj\u016fm, jako jsou datov\u00e9 soubory a v\u00fdpo\u010detn\u00ed technika, pokyny k dodr\u017eov\u00e1n\u00ed pr\u00e1vn\u00edch p\u0159edpis\u016f a podpora p\u0159i z\u00edsk\u00e1v\u00e1n\u00ed z\u00e1kazn\u00edk\u016f. V\u00edce ne\u017e p\u016fl milionu EUR bude p\u0159id\u011bleno vybran\u00fdm inkub\u00e1tor\u016fm a za\u010d\u00ednaj\u00edc\u00edm podnik\u016fm.<\/p><h4 style=\"font-family: Lato, Arial, sans-serif;\"><strong>Program akcelerace<\/strong><\/h4><p>Akcelera\u010dn\u00ed program pro za\u010d\u00ednaj\u00edc\u00ed podniky zam\u011b\u0159en\u00fd na financov\u00e1n\u00ed s\u00e9rie A. Program poskytne individualizovanou podporu v oblasti investi\u010dn\u00ed p\u0159ipravenosti, \u0161k\u00e1lov\u00e1n\u00ed a dodr\u017eov\u00e1n\u00ed pr\u00e1vn\u00edch p\u0159edpis\u016f. Program vyvrchol\u00ed c\u00edlen\u00fdm propojov\u00e1n\u00edm investor\u016f s investory.<\/p><p>LLM-BRIDGE je financov\u00e1n Evropskou uni\u00ed v r\u00e1mci programu Digit\u00e1ln\u00ed Evropa a byl zah\u00e1jen dne 1. z\u00e1\u0159\u00ed 2025 na dobu t\u0159\u00ed let. Dal\u0161\u00ed informace o zah\u00e1jen\u00ed program\u016f budou k dispozici v roce 2026.<\/p><p>&nbsp;<\/p><p>Pro v\u00edce informac\u00ed o projektu LLM-BRIDGE nav\u0161tivte <span style=\"text-decoration: underline;\"><a href=\"https:\/\/www.llm-bridge.eu\/\">webov\u00e9 str\u00e1nky projektu<\/a><\/span>.<\/p>\t\t\t\t\t\t\t\t<\/div>\n\t\t\t\t<\/div>\n\t\t\t\t\t<\/div>\n\t\t\t\t<\/div>\n\t\t\t\t<\/div>","protected":false},"excerpt":{"rendered":"<p>LLM-BRIDGE Projekt LLM Booster for Regional Innovation and Digital Growth in Europe (LLM-BRIDGE) podporuje startupy a scaleupy v rychle rostouc\u00ed oblasti velk\u00fdch jazykov\u00fdch model\u016f (LLM). C\u00edlem projektu LLM-BRIDGE je pos\u00edlit n\u00e1rodn\u00ed ekosyst\u00e9my GenAI t\u00edm, \u017ee vybav\u00ed startupy, rozv\u00edjej\u00edc\u00ed se podniky, inkub\u00e1tory a investory podporou pot\u0159ebnou k vytv\u00e1\u0159en\u00ed a zav\u00e1d\u011bn\u00ed produkt\u016f zalo\u017een\u00fdch na LLM. Projekt spojuje [\u2026]<\/p>","protected":false},"author":37,"featured_media":0,"parent":9229,"menu_order":0,"comment_status":"closed","ping_status":"closed","template":"","meta":{"footnotes":""},"class_list":["post-10975","page","type-page","status-publish","hentry"],"aioseo_notices":[],"_links":{"self":[{"href":"http:\/\/www.alt-edic.eu\/cs\/wp-json\/wp\/v2\/pages\/10975","targetHints":{"allow":["GET"]}}],"collection":[{"href":"http:\/\/www.alt-edic.eu\/cs\/wp-json\/wp\/v2\/pages"}],"about":[{"href":"http:\/\/www.alt-edic.eu\/cs\/wp-json\/wp\/v2\/types\/page"}],"author":[{"embeddable":true,"href":"http:\/\/www.alt-edic.eu\/cs\/wp-json\/wp\/v2\/users\/37"}],"replies":[{"embeddable":true,"href":"http:\/\/www.alt-edic.eu\/cs\/wp-json\/wp\/v2\/comments?post=10975"}],"version-history":[{"count":0,"href":"http:\/\/www.alt-edic.eu\/cs\/wp-json\/wp\/v2\/pages\/10975\/revisions"}],"up":[{"embeddable":true,"href":"http:\/\/www.alt-edic.eu\/cs\/wp-json\/wp\/v2\/pages\/9229"}],"wp:attachment":[{"href":"http:\/\/www.alt-edic.eu\/cs\/wp-json\/wp\/v2\/media?parent=10975"}],"curies":[{"name":"wp","href":"https:\/\/api.w.org\/{rel}","templated":true}]}}