{"id":10281,"date":"2024-12-04T21:15:45","date_gmt":"2024-12-04T21:15:45","guid":{"rendered":"https:\/\/alt-edic.eu\/?page_id=10281"},"modified":"2026-01-29T01:39:58","modified_gmt":"2026-01-29T00:39:58","slug":"llms4eu","status":"publish","type":"page","link":"http:\/\/www.alt-edic.eu\/cs\/projects\/llms4eu\/","title":{"rendered":"<p>LLMs4EU<\/p>"},"content":{"rendered":"<div data-elementor-type=\"wp-page\" data-elementor-id=\"10281\" class=\"elementor elementor-10281\" data-elementor-post-type=\"page\">\n\t\t\t\t\t\t<section class=\"elementor-section elementor-top-section elementor-element elementor-element-1577bd88 elementor-section-stretched elementor-section-boxed elementor-section-height-default elementor-section-height-default\" data-id=\"1577bd88\" data-element_type=\"section\" data-e-type=\"section\" data-settings='{\"stretch_section\":\"section-stretched\",\"background_background\":\"gradient\"}'>\n\t\t\t\t\t\t<div class=\"elementor-container elementor-column-gap-extended\">\n\t\t\t\t\t<div class=\"elementor-column elementor-col-50 elementor-top-column elementor-element elementor-element-70dc39ba\" data-id=\"70dc39ba\" data-element_type=\"column\" data-e-type=\"column\">\n\t\t\t<div class=\"elementor-widget-wrap elementor-element-populated\">\n\t\t\t\t\t\t<div class=\"elementor-element elementor-element-51cabebb elementor-widget elementor-widget-heading\" data-id=\"51cabebb\" data-element_type=\"widget\" data-e-type=\"widget\" data-widget_type=\"heading.default\">\n\t\t\t\t<div class=\"elementor-widget-container\">\n\t\t\t\t\t<h1 class=\"elementor-heading-title elementor-size-default\">LLMs4EU<\/h1>\t\t\t\t<\/div>\n\t\t\t\t<\/div>\n\t\t\t\t<div class=\"elementor-element elementor-element-1f4ee8af elementor-widget elementor-widget-text-editor\" data-id=\"1f4ee8af\" data-element_type=\"widget\" data-e-type=\"widget\" data-widget_type=\"text-editor.default\">\n\t\t\t\t<div class=\"elementor-widget-container\">\n\t\t\t\t\t\t\t\t\t<p>The <strong>LLMs4EU (Velk\u00e9 jazykov\u00e9 modely pro Evropskou unii)<\/strong> projekt je koordinov\u00e1n konsorciem ALT-EDIC a bude podporovat velk\u00fd po\u010det partner\u016f evropsk\u00e9ho ekosyst\u00e9mu LLM. Umo\u017en\u00ed jim shroma\u017e\u010fovat jazykov\u00e9 \u00fadaje v dostate\u010dn\u00e9 kvalit\u011b a kvantit\u011b, aby mohly vytv\u00e1\u0159et rozs\u00e1hl\u00e9 modely jazykov\u00fdch z\u00e1klad\u016f, jako\u017e i modely p\u0159izp\u016fsoben\u00e9 konkr\u00e9tn\u00edm jazyk\u016fm, oblastem nebo odv\u011btv\u00edm, a poskytovat specializovanou podporu a slu\u017eby, kter\u00e9 ostatn\u00edm umo\u017en\u00ed doladit dostupn\u00e9 modely.<\/p>\t\t\t\t\t\t\t\t<\/div>\n\t\t\t\t<\/div>\n\t\t\t\t\t<\/div>\n\t\t<\/div>\n\t\t\t\t<div class=\"elementor-column elementor-col-50 elementor-top-column elementor-element elementor-element-286565d9 elementor-hidden-tablet elementor-hidden-phone\" data-id=\"286565d9\" data-element_type=\"column\" data-e-type=\"column\">\n\t\t\t<div class=\"elementor-widget-wrap\">\n\t\t\t\t\t\t\t<\/div>\n\t\t<\/div>\n\t\t\t\t\t<\/div>\n\t\t<\/section>\n\t\t\t\t<section class=\"elementor-section elementor-top-section elementor-element elementor-element-2a82150a elementor-section-stretched elementor-section-boxed elementor-section-height-default elementor-section-height-default\" data-id=\"2a82150a\" data-element_type=\"section\" data-e-type=\"section\" data-settings='{\"stretch_section\":\"section-stretched\"}'>\n\t\t\t\t\t\t<div class=\"elementor-container elementor-column-gap-extended\">\n\t\t\t\t\t<div class=\"elementor-column elementor-col-50 elementor-top-column elementor-element elementor-element-4dc940b2 elementor-invisible\" data-id=\"4dc940b2\" data-element_type=\"column\" data-e-type=\"column\" data-settings='{\"animation\":\"slide-left\",\"animation_delay\":200}'>\n\t\t\t<div class=\"elementor-widget-wrap elementor-element-populated\">\n\t\t\t\t\t\t<div class=\"elementor-element elementor-element-2fa08fbe elementor-widget elementor-widget-text-editor\" data-id=\"2fa08fbe\" data-element_type=\"widget\" data-e-type=\"widget\" data-widget_type=\"text-editor.default\">\n\t\t\t\t<div class=\"elementor-widget-container\">\n\t\t\t\t\t\t\t\t\t<p>C\u00edlem projektu LLMs4EU je zachovat evropskou jazykovou a kulturn\u00ed rozmanitost v digit\u00e1ln\u00edm v\u011bku prost\u0159ednictv\u00edm spolupr\u00e1ce mezi hospod\u00e1\u0159sk\u00fdmi a akademick\u00fdmi subjekty. Hroz\u00ed, \u017ee n\u011bkter\u00e9 evropsk\u00e9 jazyky budou ponech\u00e1ny stranou generativn\u00edho v\u00fdvoje um\u011bl\u00e9 inteligence kv\u016fli nedostatku zdroj\u016f na \u0161kolen\u00ed jazykov\u00fdch model\u016f. Krom\u011b toho m\u00e1 projekt spojit n\u011bkter\u00e9 z p\u0159edn\u00edch evropsk\u00fdch akt\u00e9r\u016f v oblasti generativn\u00ed um\u011bl\u00e9 inteligence s c\u00edlem zajistit, aby evropsk\u00e9 spole\u010dnosti, a zejm\u00e9na mal\u00e9 a st\u0159edn\u00ed podniky, m\u011bly p\u0159\u00edstup k n\u00e1stroj\u016fm a zdroj\u016fm, kter\u00e9 jim umo\u017en\u00ed st\u00e1t se konkurenceschopn\u00fdmi, pokud jde o jazykov\u00e9 technologie, a zejm\u00e9na velk\u00e9 jazykov\u00e9 modely. Projekt se zam\u011b\u0159uje na p\u011bt aplika\u010dn\u00edch oblast\u00ed: energetika, telekomunikace, cestovn\u00ed ruch, ve\u0159ejn\u00e9 slu\u017eby a v\u011bda.<\/p>\t\t\t\t\t\t\t\t<\/div>\n\t\t\t\t<\/div>\n\t\t\t\t\t<\/div>\n\t\t<\/div>\n\t\t\t\t<div class=\"elementor-column elementor-col-50 elementor-top-column elementor-element elementor-element-169741bd elementor-hidden-tablet elementor-hidden-phone elementor-invisible\" data-id=\"169741bd\" data-element_type=\"column\" data-e-type=\"column\" data-settings='{\"animation\":\"slide-right\"}'>\n\t\t\t<div class=\"elementor-widget-wrap elementor-element-populated\">\n\t\t\t\t\t\t<div class=\"elementor-element elementor-element-47d0ea elementor-widget elementor-widget-image\" data-id=\"47d0ea\" data-element_type=\"widget\" data-e-type=\"widget\" data-widget_type=\"image.default\">\n\t\t\t\t<div class=\"elementor-widget-container\">\n\t\t\t\t\t\t\t\t\t\t\t\t\t\t\t<img fetchpriority=\"high\" decoding=\"async\" width=\"800\" height=\"495\" src=\"https:\/\/www.alt-edic.eu\/wp-content\/uploads\/2026\/01\/LLMs4EU-e1768900210939.png\" class=\"attachment-full size-full wp-image-11108\" alt=\"\" srcset=\"https:\/\/www.alt-edic.eu\/wp-content\/uploads\/2026\/01\/LLMs4EU-e1768900210939.png 800w, https:\/\/www.alt-edic.eu\/wp-content\/uploads\/2026\/01\/LLMs4EU-e1768900210939-300x186.png 300w, https:\/\/www.alt-edic.eu\/wp-content\/uploads\/2026\/01\/LLMs4EU-e1768900210939-768x475.png 768w, https:\/\/www.alt-edic.eu\/wp-content\/uploads\/2026\/01\/LLMs4EU-e1768900210939-18x12.png 18w\" sizes=\"(max-width: 800px) 100vw, 800px\">\t\t\t\t\t\t\t\t\t\t\t\t\t\t\t<\/div>\n\t\t\t\t<\/div>\n\t\t\t\t\t<\/div>\n\t\t<\/div>\n\t\t\t\t\t<\/div>\n\t\t<\/section>\n\t\t<div class=\"elementor-element elementor-element-8ed64da e-flex e-con-boxed e-con e-parent\" data-id=\"8ed64da\" data-element_type=\"container\" data-e-type=\"container\">\n\t\t\t\t\t<div class=\"e-con-inner\">\n\t\t\t\t<div class=\"elementor-element elementor-element-41c7d55 elementor-widget__width-initial elementor-widget elementor-widget-text-editor\" data-id=\"41c7d55\" data-element_type=\"widget\" data-e-type=\"widget\" data-widget_type=\"text-editor.default\">\n\t\t\t\t<div class=\"elementor-widget-container\">\n\t\t\t\t\t\t\t\t\t<p>C\u00edlem je zp\u0159\u00edstupnit LLM a v\u0161echny n\u00e1stroje nezbytn\u00e9 pro jejich vyu\u017e\u00edv\u00e1n\u00ed ve v\u0161ech jazyc\u00edch EU otev\u0159en\u00fdm zp\u016fsobem s vyu\u017eit\u00edm st\u00e1vaj\u00edc\u00edch evropsk\u00fdch program\u016f a kompetenc\u00ed. N\u00e1stroje, kter\u00e9 budou zp\u0159\u00edstupn\u011bny evropsk\u00fdm spole\u010dnostem, pokryj\u00ed v\u0161echny kroky od \u0161kolen\u00ed LLM a\u017e po zaji\u0161t\u011bn\u00ed jejich souladu s evropsk\u00fdmi pr\u00e1vn\u00edmi p\u0159edpisy (akt o um\u011bl\u00e9 inteligenci, obecn\u00e9 na\u0159\u00edzen\u00ed o ochran\u011b osobn\u00edch \u00fadaj\u016f atd.).<\/p><p>Konsorcium vytvo\u0159en\u00e9 v r\u00e1mci konsorcia ALT-EDIC zahrnuje organizace p\u016fsob\u00edc\u00ed ve 20 zem\u00edch, co\u017e zaji\u0161\u0165uje dobr\u00e9 zem\u011bpisn\u00e9 a jazykov\u00e9 pokryt\u00ed. Projekt vytvo\u0159\u00ed r\u016fzn\u00e9 relevantn\u00ed p\u0159\u00edpady pou\u017eit\u00ed, aby prok\u00e1zal schopnost evropsk\u00fdch akt\u00e9r\u016f spolupracovat na vytvo\u0159en\u00ed p\u0159izp\u016fsoben\u00fdch n\u00e1stroj\u016f pro r\u016fzn\u00e1 hospod\u00e1\u0159sk\u00e1 odv\u011btv\u00ed, a pokryt\u00ed v\u0161ech jazyk\u016f EU bude zaji\u0161t\u011bno vytvo\u0159en\u00edm a z\u00edsk\u00e1n\u00edm nezbytn\u00fdch datov\u00fdch soubor\u016f v r\u00e1mci projektu.<\/p><p>Projekt poskytne, mimo jin\u00e9 prost\u0159ednictv\u00edm finan\u010dn\u00ed podpory t\u0159et\u00edm stran\u00e1m, specializovanou podporu a slu\u017eby, zejm\u00e9na pro mal\u00e9 a st\u0159edn\u00ed podniky, s c\u00edlem usnadnit dolad\u011bn\u00ed dostupn\u00fdch model\u016f.<\/p><p>Projekt je financov\u00e1n z programu Digit\u00e1ln\u00ed Evropa. Zah\u00e1jena byla v b\u0159eznu 2025 na dobu t\u0159\u00ed let.<\/p><p>Pro v\u00edce informac\u00ed nav\u0161tivte <a href=\"https:\/\/www.llms4eu.eu\">Internetov\u00e9 str\u00e1nky projektu LLMs4EU.<\/a><\/p>\t\t\t\t\t\t\t\t<\/div>\n\t\t\t\t<\/div>\n\t\t\t\t\t<\/div>\n\t\t\t\t<\/div>\n\t\t\t\t<\/div>","protected":false},"excerpt":{"rendered":"<p>Projekt LLMs4EU (Large Language Models for the European Union) je koordinov\u00e1n konsorciem ALT-EDIC a bude podporovat velk\u00fd po\u010det partner\u016f evropsk\u00e9ho ekosyst\u00e9mu LLM. Umo\u017en\u00ed jim shrom\u00e1\u017edit jazykov\u00e1 data v dostate\u010dn\u00e9 kvalit\u011b a kvantit\u011b pro vytvo\u0159en\u00ed rozs\u00e1hl\u00fdch model\u016f jazykov\u00fdch z\u00e1klad\u016f, jako\u017e i model\u016f p\u0159izp\u016fsoben\u00fdch konkr\u00e9tn\u00edm [...]<\/p>","protected":false},"author":1,"featured_media":0,"parent":9229,"menu_order":0,"comment_status":"closed","ping_status":"closed","template":"","meta":{"footnotes":""},"class_list":["post-10281","page","type-page","status-publish","hentry"],"aioseo_notices":[],"_links":{"self":[{"href":"http:\/\/www.alt-edic.eu\/cs\/wp-json\/wp\/v2\/pages\/10281","targetHints":{"allow":["GET"]}}],"collection":[{"href":"http:\/\/www.alt-edic.eu\/cs\/wp-json\/wp\/v2\/pages"}],"about":[{"href":"http:\/\/www.alt-edic.eu\/cs\/wp-json\/wp\/v2\/types\/page"}],"author":[{"embeddable":true,"href":"http:\/\/www.alt-edic.eu\/cs\/wp-json\/wp\/v2\/users\/1"}],"replies":[{"embeddable":true,"href":"http:\/\/www.alt-edic.eu\/cs\/wp-json\/wp\/v2\/comments?post=10281"}],"version-history":[{"count":0,"href":"http:\/\/www.alt-edic.eu\/cs\/wp-json\/wp\/v2\/pages\/10281\/revisions"}],"up":[{"embeddable":true,"href":"http:\/\/www.alt-edic.eu\/cs\/wp-json\/wp\/v2\/pages\/9229"}],"wp:attachment":[{"href":"http:\/\/www.alt-edic.eu\/cs\/wp-json\/wp\/v2\/media?parent=10281"}],"curies":[{"name":"wp","href":"https:\/\/api.w.org\/{rel}","templated":true}]}}